{"id":1012,"date":"2019-11-24T18:11:04","date_gmt":"2019-11-24T17:11:04","guid":{"rendered":"https:\/\/www.almetalbahn-online.de\/?page_id=1012"},"modified":"2021-01-24T13:35:09","modified_gmt":"2021-01-24T12:35:09","slug":"t3-schunter-dl16-2-28","status":"publish","type":"page","link":"https:\/\/www.almetalbahn-online.de\/?page_id=1012","title":{"rendered":"Bahnsteigkarren"},"content":{"rendered":"\n<p>[vc_row][vc_column][vc_column_text  css=&#8220;.vc_custom_1575206934194{margin: 10px !important;}&#8220; ]<\/p>\n\n\n\n<div class=\"is-layout-flex wp-container-3 wp-block-columns\">\n<div class=\"is-layout-flow wp-block-column\" style=\"flex-basis:66.66%\">\n<figure class=\"wp-block-image size-large\"><img decoding=\"async\" loading=\"lazy\" width=\"1024\" height=\"576\" src=\"https:\/\/www.almetalbahn-online.de\/wp-content\/uploads\/2019\/11\/image004-1024x576.jpg\" alt=\"\" class=\"wp-image-1013\" srcset=\"https:\/\/www.almetalbahn-online.de\/wp-content\/uploads\/2019\/11\/image004-1024x576.jpg 1024w, https:\/\/www.almetalbahn-online.de\/wp-content\/uploads\/2019\/11\/image004-300x169.jpg 300w, https:\/\/www.almetalbahn-online.de\/wp-content\/uploads\/2019\/11\/image004-768x432.jpg 768w, https:\/\/www.almetalbahn-online.de\/wp-content\/uploads\/2019\/11\/image004-1536x864.jpg 1536w, https:\/\/www.almetalbahn-online.de\/wp-content\/uploads\/2019\/11\/image004-600x338.jpg 600w, https:\/\/www.almetalbahn-online.de\/wp-content\/uploads\/2019\/11\/image004.jpg 1920w\" sizes=\"(max-width: 1024px) 100vw, 1024px\" \/><figcaption>Unser Elektrokarren beim Fr\u00fchlinsfest 2017. Hinter ihm der in 2019 <a href=\"https:\/\/www.almetalbahn-online.de\/?page_id=2672\">aufgearbeitete Anh\u00e4nger<\/a> und das 2021 <a href=\"https:\/\/www.almetalbahn-online.de\/?page_id=3312\">aufgearbeitete &#8222;Dreirad&#8220;<\/a><\/figcaption><\/figure>\n<\/div>\n\n\n\n<div class=\"is-layout-flow wp-block-column\" style=\"flex-basis:33.33%\">\n<p><strong>Technische Daten<\/strong><br><!--StartFragment--><\/p>\n<p>Typ: Ek 1002<br>Hersteller: Maschinenfabrik Esslingen<br>Baujahr: 1951<br>Fabrik-Nr.: 9495<br>Motortyp: FG 14\/10<br>Motornr.: 2230 ME<br>Leistung: 2 kW<br>Spannung: 75 V<br>Batterie: Hagen P2SL<br>Typ: 2PZS120L<br>Nenn.Sp.: 80 Volt<br>Kapazit\u00e4t: 120 Ah<br>Zellenzahl: 40<br>zul. H\u00f6chstgeschw.: 20 km\/h<\/p>\n\n\n\n<p><!--EndFragment--><\/p>\n<\/div>\n<\/div>\n\n\n<p><strong>Lebenslauf unseres Bahnsteigkarrens <\/strong><\/p>\n<p>Auf kleineren Dorfbahnh\u00f6fen reichte es meist aus, angeliefertes Gep\u00e4ck mit der Hand oder allenfalls auf einem handgezogenen Gep\u00e4ckkarren zu bef\u00f6rdern.<br \/>\nAuf mittleren und insbesondere gr\u00f6\u00dferen Bahnh\u00f6fen jedoch waren die zu \u00fcberbr\u00fcckenden Transportentfernungen und Gep\u00e4ckmengen zu gro\u00df. Deshalb beschaffte man bereits zu Reichsbahnzeiten batteriebetriebene selbstfahrende Gep\u00e4ckkarren.<br \/>\nDie Kapazit\u00e4t der geladenen Akkumulatoren reichte meist f\u00fcr eine Arbeitsschicht aus, nach deren Ende die Fahrzeuge einfach an die Ladung geh\u00e4ngt wurden und am n\u00e4chsten Tag wieder voll einsatzf\u00e4hig waren. Diese sehr fortschrittliche Technologie wurde nicht nur bei der Bahn, sondern \u00fcberall, wo in einem begrenzten Umfeld viel Gep\u00e4ck transportiert werden mu\u00dfte, \u00fcbernommen.<br \/>\nSo kam es zu Eins\u00e4tzen bei der Post und sp\u00e4ter auch auf Flugh\u00e4fen. Selbstverst\u00e4ndlich wurde die Technik dieser kleinen Fahrzeuge bis zum heutigen Tage immer weiterentwickelt, so sind sie heute kinderleicht wie ein Auto zu steuern &#8211; mit dem Unterschied, dass sie um ein vielfaches wendiger sind. Unser Gep\u00e4ckkarren geh\u00f6rt jedoch der fr\u00fchen Generation an, als das Fahren und insbesondere das Lenken noch nicht so einfach vonstatten gingen: Gefahren wurde im Stehen, nachdem die Fu\u00dfbodenplatte, die sich in &#8222;Ruhestellung&#8220; des Fahrzeugs in etwa 45\u00b0 Schr\u00e4gstellung befand, nach dem Aufsteigen in die Waagerechte gebracht wurde. Auf der linken Seite befand sich das Schaltwerk mit einem Langsam- und zwei Schnellgangstufen, sowie der M\u00f6glichkeit der Fahrrichtungseinstellung. Gebremst wurde durch ein Fu\u00dfpedal. Die Lenkung jedoch erfolgte nicht wie gewohnt \u00fcber ein Lenkrad, sondern \u00fcber einen rechts des Fahrers befindlichen Lenkhebel, der durch herunterdr\u00fccken, bzw. heraufziehen die Lenkung ansteuerte. Kein ungef\u00e4hrliches Fahren, wenn man dar\u00fcber hinaus bedenkt, dass der Fahrer bei all dem noch unangeschnallt auf seinem Posten stand. Es gab jedoch bald an allen Einsatzorten genug Fahrer, die ihre Karren &#8222;im Schlaf&#8220; beherrschten, schwere Unf\u00e4lle sind auch nicht bekannt.<br \/>\nWenn unser Karren auch baugleich mit den Fahrzeugen auf den Bahnh\u00f6fen ist, stand er jedoch nie im Dienste der Bahn. Er wurde f\u00fcr eine Privatfirma, die &#8222;Wabco&#8220; in Gronau, gebaut und geliefert.<br \/>\nDort war er im werksinternen Verkehr eingesetzt. Doch auch Fahrten auf \u00f6ffentlichen Stra\u00dfen waren an der Tagesordnung. Hierf\u00fcr erhielt er eine KFZ-Zulassung.<br \/>\nEntdeckt wurde das interessante Fahrzeug schon vor einigen Jahren durch den damaligen ersten Vorsitzenden des Vereins. Doch es war noch nicht m\u00f6glich, es zu entbehren. Die Firma &#8222;Wabco&#8220; sagte jedoch zu, sich zu melden, sobald es ausrangiert w\u00fcrde. Im Jahr 2000 war es dann soweit: Obwohl erst 1999 ein komplett neuer Batteriesatz beschafft worden war, kam bald das Ende. Ein Schaden am Schaltwerk war die offizielle Begr\u00fcndung. Der Karren wurde der AHE gespendet und auf einem Autoanh\u00e4nger nach Almstedt gebracht. Nach eingehender Untersuchung stellte sich jedoch heraus, dass die Wicklung des Elektromotors aufgebrannt war, also ein technischer Totalschaden. Dennoch lie\u00dfen sich einige Aktive trotz dieser R\u00fcckschl\u00e4ge nicht beirren und nahmen Kontakt mit der Firma &#8222;Still&#8220; auf, um Ersatzteile zu beschaffen. Tats\u00e4chlich gelang es, den kompletten Motor fast neu bauen zu lassen, und das zum Nulltarif, da die ausf\u00fchrende Firma ihre Leistung dem Verein spendete! Parallel erfolgte die optische Aufarbeitung des Karrens.<br \/>\nAus dem ehemals grasgr\u00fcnen Fahrzeug wurde nach der Neulackierung ein nachtblaues, passend zu einem vorher aufgearbeiteten Gep\u00e4ckanh\u00e4nger.<br \/>\nSeit der Wiederinbetriebnahme hat sich der Elektrokarren schon sehr n\u00fctzlich gemacht und den Verein auch offiziell auf mehreren Veranstaltungen, wie der 850-Jahrfeier von Almstedt werbewirksam im Festumzug repr\u00e4sentiert.<br \/>\nAbgesehen davon hat die AHE den Vorteile, dass sie nicht nur Fahrzeuge, sondern auch das historische Ambiente m\u00f6glichst getreu darstellten kann.<br \/>\nDa Elektrokarren dieser Form \u00fcber Jahrzehnte das Bild der Bahnh\u00f6fe pr\u00e4gten, geh\u00f6rt ein solches Exemplar daher in jedem Fall der Zukunft bewahrt.<\/p>\n\n\n\n<p>[\/vc_column_text][\/vc_column][\/vc_row]<\/p>\n","protected":false},"excerpt":{"rendered":"<p>[vc_row][vc_column][vc_column_text css=&#8220;.vc_custom_1575206934194{margin: 10px !important;}&#8220; ] Technische Daten Typ: Ek 1002Hersteller: Maschinenfabrik EsslingenBaujahr: 1951Fabrik-Nr.: 9495Motortyp: FG 14\/10Motornr.: 2230 MELeistung: 2 kWSpannung: 75 VBatterie: Hagen P2SLTyp: 2PZS120LNenn.Sp.: 80 VoltKapazit\u00e4t: 120 AhZellenzahl: 40zul. [&hellip;]<\/p>\n","protected":false},"author":3,"featured_media":0,"parent":494,"menu_order":0,"comment_status":"closed","ping_status":"closed","template":"","meta":{"_links_to":"","_links_to_target":""},"yoast_head":"<!-- This site is optimized with the Yoast SEO plugin v21.0 - https:\/\/yoast.com\/wordpress\/plugins\/seo\/ -->\n<title>Bahnsteigkarren - Arbeitsgemeinschaft Historische Eisenbahn e.V.<\/title>\n<meta name=\"robots\" content=\"index, follow, max-snippet:-1, max-image-preview:large, max-video-preview:-1\" \/>\n<link rel=\"canonical\" href=\"https:\/\/www.almetalbahn-online.de\/?page_id=1012\" \/>\n<meta property=\"og:locale\" content=\"de_DE\" \/>\n<meta property=\"og:type\" content=\"article\" \/>\n<meta property=\"og:title\" content=\"Bahnsteigkarren - Arbeitsgemeinschaft Historische Eisenbahn e.V.\" \/>\n<meta property=\"og:description\" content=\"[vc_row][vc_column][vc_column_text css=&#8220;.vc_custom_1575206934194{margin: 10px !important;}&#8220; ] Technische Daten Typ: Ek 1002Hersteller: Maschinenfabrik EsslingenBaujahr: 1951Fabrik-Nr.: 9495Motortyp: FG 14\/10Motornr.: 2230 MELeistung: 2 kWSpannung: 75 VBatterie: Hagen P2SLTyp: 2PZS120LNenn.Sp.: 80 VoltKapazit\u00e4t: 120 AhZellenzahl: 40zul. [&hellip;]\" \/>\n<meta property=\"og:url\" content=\"https:\/\/www.almetalbahn-online.de\/?page_id=1012\" \/>\n<meta property=\"og:site_name\" content=\"Arbeitsgemeinschaft Historische Eisenbahn e.V.\" \/>\n<meta property=\"article:publisher\" content=\"https:\/\/www.facebook.com\/Almetalbahn\/\" \/>\n<meta property=\"article:modified_time\" content=\"2021-01-24T12:35:09+00:00\" \/>\n<meta property=\"og:image\" content=\"https:\/\/www.almetalbahn-online.de\/wp-content\/uploads\/2019\/11\/image004-1024x576.jpg\" \/>\n<meta name=\"twitter:card\" content=\"summary_large_image\" \/>\n<meta name=\"twitter:label1\" content=\"Gesch\u00e4tzte Lesezeit\" \/>\n\t<meta name=\"twitter:data1\" content=\"3\u00a0Minuten\" \/>\n<script type=\"application\/ld+json\" class=\"yoast-schema-graph\">{\"@context\":\"https:\/\/schema.org\",\"@graph\":[{\"@type\":\"WebPage\",\"@id\":\"https:\/\/www.almetalbahn-online.de\/?page_id=1012\",\"url\":\"https:\/\/www.almetalbahn-online.de\/?page_id=1012\",\"name\":\"Bahnsteigkarren - Arbeitsgemeinschaft Historische Eisenbahn e.V.\",\"isPartOf\":{\"@id\":\"https:\/\/www.almetalbahn-online.de\/#website\"},\"datePublished\":\"2019-11-24T17:11:04+00:00\",\"dateModified\":\"2021-01-24T12:35:09+00:00\",\"breadcrumb\":{\"@id\":\"https:\/\/www.almetalbahn-online.de\/?page_id=1012#breadcrumb\"},\"inLanguage\":\"de\",\"potentialAction\":[{\"@type\":\"ReadAction\",\"target\":[\"https:\/\/www.almetalbahn-online.de\/?page_id=1012\"]}]},{\"@type\":\"BreadcrumbList\",\"@id\":\"https:\/\/www.almetalbahn-online.de\/?page_id=1012#breadcrumb\",\"itemListElement\":[{\"@type\":\"ListItem\",\"position\":1,\"name\":\"Startseite\",\"item\":\"https:\/\/www.almetalbahn-online.de\/\"},{\"@type\":\"ListItem\",\"position\":2,\"name\":\"Fahrzeugsammlung\",\"item\":\"https:\/\/www.almetalbahn-online.de\/?page_id=206\"},{\"@type\":\"ListItem\",\"position\":3,\"name\":\"Dienstfahrzeuge\",\"item\":\"https:\/\/www.almetalbahn-online.de\/?page_id=494\"},{\"@type\":\"ListItem\",\"position\":4,\"name\":\"Bahnsteigkarren\"}]},{\"@type\":\"WebSite\",\"@id\":\"https:\/\/www.almetalbahn-online.de\/#website\",\"url\":\"https:\/\/www.almetalbahn-online.de\/\",\"name\":\"Arbeitsgemeinschaft Historische Eisenbahn e.V.\",\"description\":\"Almetalbahn\",\"publisher\":{\"@id\":\"https:\/\/www.almetalbahn-online.de\/#organization\"},\"potentialAction\":[{\"@type\":\"SearchAction\",\"target\":{\"@type\":\"EntryPoint\",\"urlTemplate\":\"https:\/\/www.almetalbahn-online.de\/?s={search_term_string}\"},\"query-input\":\"required name=search_term_string\"}],\"inLanguage\":\"de\"},{\"@type\":\"Organization\",\"@id\":\"https:\/\/www.almetalbahn-online.de\/#organization\",\"name\":\"Arbeitsgemeinschaft Historische Eisenbahn e.V.\",\"url\":\"https:\/\/www.almetalbahn-online.de\/\",\"logo\":{\"@type\":\"ImageObject\",\"inLanguage\":\"de\",\"@id\":\"https:\/\/www.almetalbahn-online.de\/#\/schema\/logo\/image\/\",\"url\":\"https:\/\/www.almetalbahn-online.de\/wp-content\/uploads\/2019\/12\/T3_Zeichnung-e1573062427353.png\",\"contentUrl\":\"https:\/\/www.almetalbahn-online.de\/wp-content\/uploads\/2019\/12\/T3_Zeichnung-e1573062427353.png\",\"width\":200,\"height\":97,\"caption\":\"Arbeitsgemeinschaft Historische Eisenbahn e.V.\"},\"image\":{\"@id\":\"https:\/\/www.almetalbahn-online.de\/#\/schema\/logo\/image\/\"},\"sameAs\":[\"https:\/\/www.facebook.com\/Almetalbahn\/\",\"https:\/\/www.instagram.com\/almetalbahn\/\"]}]}<\/script>\n<!-- \/ Yoast SEO plugin. -->","yoast_head_json":{"title":"Bahnsteigkarren - Arbeitsgemeinschaft Historische Eisenbahn e.V.","robots":{"index":"index","follow":"follow","max-snippet":"max-snippet:-1","max-image-preview":"max-image-preview:large","max-video-preview":"max-video-preview:-1"},"canonical":"https:\/\/www.almetalbahn-online.de\/?page_id=1012","og_locale":"de_DE","og_type":"article","og_title":"Bahnsteigkarren - Arbeitsgemeinschaft Historische Eisenbahn e.V.","og_description":"[vc_row][vc_column][vc_column_text css=&#8220;.vc_custom_1575206934194{margin: 10px !important;}&#8220; ] Technische Daten Typ: Ek 1002Hersteller: Maschinenfabrik EsslingenBaujahr: 1951Fabrik-Nr.: 9495Motortyp: FG 14\/10Motornr.: 2230 MELeistung: 2 kWSpannung: 75 VBatterie: Hagen P2SLTyp: 2PZS120LNenn.Sp.: 80 VoltKapazit\u00e4t: 120 AhZellenzahl: 40zul. [&hellip;]","og_url":"https:\/\/www.almetalbahn-online.de\/?page_id=1012","og_site_name":"Arbeitsgemeinschaft Historische Eisenbahn e.V.","article_publisher":"https:\/\/www.facebook.com\/Almetalbahn\/","article_modified_time":"2021-01-24T12:35:09+00:00","og_image":[{"url":"https:\/\/www.almetalbahn-online.de\/wp-content\/uploads\/2019\/11\/image004-1024x576.jpg"}],"twitter_card":"summary_large_image","twitter_misc":{"Gesch\u00e4tzte Lesezeit":"3\u00a0Minuten"},"schema":{"@context":"https:\/\/schema.org","@graph":[{"@type":"WebPage","@id":"https:\/\/www.almetalbahn-online.de\/?page_id=1012","url":"https:\/\/www.almetalbahn-online.de\/?page_id=1012","name":"Bahnsteigkarren - Arbeitsgemeinschaft Historische Eisenbahn e.V.","isPartOf":{"@id":"https:\/\/www.almetalbahn-online.de\/#website"},"datePublished":"2019-11-24T17:11:04+00:00","dateModified":"2021-01-24T12:35:09+00:00","breadcrumb":{"@id":"https:\/\/www.almetalbahn-online.de\/?page_id=1012#breadcrumb"},"inLanguage":"de","potentialAction":[{"@type":"ReadAction","target":["https:\/\/www.almetalbahn-online.de\/?page_id=1012"]}]},{"@type":"BreadcrumbList","@id":"https:\/\/www.almetalbahn-online.de\/?page_id=1012#breadcrumb","itemListElement":[{"@type":"ListItem","position":1,"name":"Startseite","item":"https:\/\/www.almetalbahn-online.de\/"},{"@type":"ListItem","position":2,"name":"Fahrzeugsammlung","item":"https:\/\/www.almetalbahn-online.de\/?page_id=206"},{"@type":"ListItem","position":3,"name":"Dienstfahrzeuge","item":"https:\/\/www.almetalbahn-online.de\/?page_id=494"},{"@type":"ListItem","position":4,"name":"Bahnsteigkarren"}]},{"@type":"WebSite","@id":"https:\/\/www.almetalbahn-online.de\/#website","url":"https:\/\/www.almetalbahn-online.de\/","name":"Arbeitsgemeinschaft Historische Eisenbahn e.V.","description":"Almetalbahn","publisher":{"@id":"https:\/\/www.almetalbahn-online.de\/#organization"},"potentialAction":[{"@type":"SearchAction","target":{"@type":"EntryPoint","urlTemplate":"https:\/\/www.almetalbahn-online.de\/?s={search_term_string}"},"query-input":"required name=search_term_string"}],"inLanguage":"de"},{"@type":"Organization","@id":"https:\/\/www.almetalbahn-online.de\/#organization","name":"Arbeitsgemeinschaft Historische Eisenbahn e.V.","url":"https:\/\/www.almetalbahn-online.de\/","logo":{"@type":"ImageObject","inLanguage":"de","@id":"https:\/\/www.almetalbahn-online.de\/#\/schema\/logo\/image\/","url":"https:\/\/www.almetalbahn-online.de\/wp-content\/uploads\/2019\/12\/T3_Zeichnung-e1573062427353.png","contentUrl":"https:\/\/www.almetalbahn-online.de\/wp-content\/uploads\/2019\/12\/T3_Zeichnung-e1573062427353.png","width":200,"height":97,"caption":"Arbeitsgemeinschaft Historische Eisenbahn e.V."},"image":{"@id":"https:\/\/www.almetalbahn-online.de\/#\/schema\/logo\/image\/"},"sameAs":["https:\/\/www.facebook.com\/Almetalbahn\/","https:\/\/www.instagram.com\/almetalbahn\/"]}]}},"_links":{"self":[{"href":"https:\/\/www.almetalbahn-online.de\/index.php?rest_route=\/wp\/v2\/pages\/1012"}],"collection":[{"href":"https:\/\/www.almetalbahn-online.de\/index.php?rest_route=\/wp\/v2\/pages"}],"about":[{"href":"https:\/\/www.almetalbahn-online.de\/index.php?rest_route=\/wp\/v2\/types\/page"}],"author":[{"embeddable":true,"href":"https:\/\/www.almetalbahn-online.de\/index.php?rest_route=\/wp\/v2\/users\/3"}],"replies":[{"embeddable":true,"href":"https:\/\/www.almetalbahn-online.de\/index.php?rest_route=%2Fwp%2Fv2%2Fcomments&post=1012"}],"version-history":[{"count":5,"href":"https:\/\/www.almetalbahn-online.de\/index.php?rest_route=\/wp\/v2\/pages\/1012\/revisions"}],"predecessor-version":[{"id":3344,"href":"https:\/\/www.almetalbahn-online.de\/index.php?rest_route=\/wp\/v2\/pages\/1012\/revisions\/3344"}],"up":[{"embeddable":true,"href":"https:\/\/www.almetalbahn-online.de\/index.php?rest_route=\/wp\/v2\/pages\/494"}],"wp:attachment":[{"href":"https:\/\/www.almetalbahn-online.de\/index.php?rest_route=%2Fwp%2Fv2%2Fmedia&parent=1012"}],"curies":[{"name":"wp","href":"https:\/\/api.w.org\/{rel}","templated":true}]}}