{"id":203,"date":"2015-12-16T09:38:17","date_gmt":"2015-12-16T09:38:17","guid":{"rendered":"http:\/\/themewisdom.com\/demo\/wpm\/museum\/?page_id=203"},"modified":"2025-07-22T21:04:35","modified_gmt":"2025-07-22T19:04:35","slug":"history","status":"publish","type":"page","link":"https:\/\/www.almetalbahn-online.de\/?page_id=203","title":{"rendered":"Der Verein"},"content":{"rendered":"\n<p> [vc_row][vc_column][vc_custom_heading text=&#8220;Die Vergangenheit in der Gegenwart f\u00fcr die Zukunft bewahren&#8220;   font_container=&#8220;tag:h1|font_size:30|text_align:center|color:%23dd8f1a&#8220;   use_theme_fonts=&#8220;yes&#8220;][\/vc_column][\/vc_row]   <\/p>\n\n\n<p>[vc_row][vc_column][vc_column_text css=&#8220;.vc_custom_1575206934194{margin: 10px !important;}&#8220;]<\/p>\n<p>Die \u00dcberschrift beschreibt genau den Antrieb und den Anspruch der Arbeitsgemeinschaft Historische Eisenbahn e.V., die 1972 aus einer Sektion des Eisenbahnkurier hervorging. Rund um den ehemaligen Nebenbahnknoten Bodenburg wurden Sonderfahrten durchgef\u00fchrt, die dank der eigenen Infrastruktur trotz des Dampflokverbotes durchgef\u00fchrt werden konnten. Parallel wurde der kleine Landbahnhof Almstedt-Segeste ab Anfang der 1980er Jahre in eine authentische kleine Lokstation mit Lokomotivschuppen und Abstellgleisen weiterentwickelt. Hier haben viele Exponate mit regionalem Bezug ein Zuhause gefunden und werden vom Verein nach Kr\u00e4ften erhalten. Herzst\u00fcck der Sammlung ist die denkmalgesch\u00fctzte 1901 bei Hanomag in Hannover gebaute Dampflok T3 &#8222;Schunter&#8220;.<\/p>\n<p>Aber auch das Areal fasziniert: seit Mitte der 2010er Jahre wird der Museumsbahnhof aufgrund seines Flair auch f\u00fcr kleinere Veranstaltungen ohne eisenbahnhistorischen Bezug genutzt. Die Almetalbahner unterst\u00fctzen hierbei immer wieder gerne!<\/p>\n<p>So intensiviert der Verein auch die Zusammenarbeit mit anderen lokalen Vereinen, um den Tourismus im Landkreis Hildesheim zu f\u00f6rdern. Als eine der Fr\u00fcchte dieser Arbeit wurde die Zahl der Mitglieder vom Jahr 2018 an binnen zwei Jahren um 50 % gesteigert und liegt nun bei \u00fcber 50 Personen.<\/p>\n<p>Etwa 15 Mitglieder finden sich regelm\u00e4\u00dfig samstags ab ca. 10 Uhr auf dem Museumsbahnhof ein, um den diversen T\u00e4tigkeiten nachzugehen, die eine Museumsbahn bereith\u00e4lt. Die Aufgaben sind unglaublich vielf\u00e4ltig. Lesen Sie, weswegen unsere <a href=\"https:\/\/www.almetalbahn-online.de\/?page_id=523\">Mitglieder aktiv<\/a> sind und weswegen sie sich auch \u00fcber neue Mitglieder freuen!<\/p>\n<p>Wenn Sie wissen m\u00f6chten welche Institutionen oder Unternehmen uns unterst\u00fctzen, finden Sie hier unsere <a href=\"https:\/\/www.almetalbahn-online.de\/?page_id=14\">Unterst\u00fctzer und Partner<\/a>. Diesen danken wir ausdr\u00fccklich, da die Umsetzung mancher Projekte ohne sie nicht m\u00f6glich gewesen w\u00e4re. [\/vc_column_text]<\/p>\n<p>[vc_column_text css=&#8220;.vc_custom_1575206934194{margin: 10px !important;}&#8220;]\t\t<section class=\"sec-100px testimonial\">\r\n\r\n\t\t\t<div class=\"container\">\r\n\r\n\t\t\t\t<div class=\"qou\"> <i class=\"fa fa-quote-right\"><\/i> <\/div>\r\n\t\t\r\n\t\t\t\t<div class=\"testi\">\r\n\t\t\t\t\t<p><em>Es ist unm\u00f6glich, eine Dampfmaschine zu betrachten, ohne Staunen und Bewunderung f\u00fcr die Erfindungsgabe des Menschen zu empfinden. Aber dieses Gef\u00fchl steigert sich zur Ehrfurcht, wenn man einer Lokomotive ansichtig wird - solch ungeheure Gewalten in so kleinem Raum beschlossen! Ich kann mich nie der Vorstellung erwehren, da\u00df sie eigene Impulse hat - da\u00df sie nicht nur ein bewegliches Ding, sondern auch ein lebendiges Wesen ist.<\/em><\/p>\n<p>Frederick Marryatt, engl. Offizier und Schriftsteller Anfang des 19. Jahrhunderts<\/p>\n\t\t\t\t<\/div>\r\n\r\n\t\t\t<\/div>\r\n\r\n\t\t<\/section>\n\t\t<section class=\"sec-100px testimonial\">\r\n\r\n\t\t\t<div class=\"container\">\r\n\r\n\t\t\t\t<div class=\"qou\"> <i class=\"fa fa-quote-right\"><\/i> <\/div>\r\n\t\t\r\n\t\t\t\t<div class=\"testi\">\r\n\t\t\t\t\t<p><em>Ich h\u00f6re nachts die Lokomotiven pfeifen, sehns\u00fcchtig schreit die Ferne, und ich drehe mich im Bett herum und denke: 'Reisen...'<\/em><\/p>\n<p>Kurt Tucholsky, dt. Schriftsteller im ersten Drittel des 20. Jahrhunderts<\/p>\n\t\t\t\t<\/div>\r\n\r\n\t\t\t<\/div>\r\n\r\n\t\t<\/section>\r\n\t\t","protected":false},"excerpt":{"rendered":"<p>[vc_row][vc_column][vc_custom_heading text=&#8220;Die Vergangenheit in der Gegenwart f\u00fcr die Zukunft bewahren&#8220; font_container=&#8220;tag:h1|font_size:30|text_align:center|color:%23dd8f1a&#8220; use_theme_fonts=&#8220;yes&#8220;][\/vc_column][\/vc_row] [vc_row][vc_column][vc_column_text css=&#8220;.vc_custom_1575206934194{margin: 10px !important;}&#8220;] Die \u00dcberschrift beschreibt genau den Antrieb und den Anspruch der Arbeitsgemeinschaft Historische Eisenbahn e.V., [&hellip;]<\/p>\n","protected":false},"author":1,"featured_media":0,"parent":0,"menu_order":0,"comment_status":"closed","ping_status":"closed","template":"","meta":{"_links_to":"","_links_to_target":""},"yoast_head":"<!-- This site is optimized with the Yoast SEO plugin v21.0 - https:\/\/yoast.com\/wordpress\/plugins\/seo\/ -->\n<title>Der Verein - Arbeitsgemeinschaft Historische Eisenbahn e.V.<\/title>\n<meta name=\"robots\" content=\"index, follow, max-snippet:-1, max-image-preview:large, max-video-preview:-1\" \/>\n<link rel=\"canonical\" href=\"https:\/\/www.almetalbahn-online.de\/?page_id=203\" \/>\n<meta property=\"og:locale\" content=\"de_DE\" \/>\n<meta property=\"og:type\" content=\"article\" \/>\n<meta property=\"og:title\" content=\"Der Verein - Arbeitsgemeinschaft Historische Eisenbahn e.V.\" \/>\n<meta property=\"og:description\" content=\"[vc_row][vc_column][vc_custom_heading text=&#8220;Die Vergangenheit in der Gegenwart f\u00fcr die Zukunft bewahren&#8220; font_container=&#8220;tag:h1|font_size:30|text_align:center|color:%23dd8f1a&#8220; use_theme_fonts=&#8220;yes&#8220;][\/vc_column][\/vc_row] [vc_row][vc_column][vc_column_text css=&#8220;.vc_custom_1575206934194{margin: 10px !important;}&#8220;] Die \u00dcberschrift beschreibt genau den Antrieb und den Anspruch der Arbeitsgemeinschaft Historische Eisenbahn e.V., [&hellip;]\" \/>\n<meta property=\"og:url\" content=\"https:\/\/www.almetalbahn-online.de\/?page_id=203\" \/>\n<meta property=\"og:site_name\" content=\"Arbeitsgemeinschaft Historische Eisenbahn e.V.\" \/>\n<meta property=\"article:publisher\" content=\"https:\/\/www.facebook.com\/Almetalbahn\/\" \/>\n<meta property=\"article:modified_time\" content=\"2025-07-22T19:04:35+00:00\" \/>\n<meta name=\"twitter:card\" content=\"summary_large_image\" \/>\n<meta name=\"twitter:label1\" content=\"Gesch\u00e4tzte Lesezeit\" \/>\n\t<meta name=\"twitter:data1\" content=\"3\u00a0Minuten\" \/>\n<script type=\"application\/ld+json\" class=\"yoast-schema-graph\">{\"@context\":\"https:\/\/schema.org\",\"@graph\":[{\"@type\":\"WebPage\",\"@id\":\"https:\/\/www.almetalbahn-online.de\/?page_id=203\",\"url\":\"https:\/\/www.almetalbahn-online.de\/?page_id=203\",\"name\":\"Der Verein - Arbeitsgemeinschaft Historische Eisenbahn e.V.\",\"isPartOf\":{\"@id\":\"https:\/\/www.almetalbahn-online.de\/#website\"},\"datePublished\":\"2015-12-16T09:38:17+00:00\",\"dateModified\":\"2025-07-22T19:04:35+00:00\",\"breadcrumb\":{\"@id\":\"https:\/\/www.almetalbahn-online.de\/?page_id=203#breadcrumb\"},\"inLanguage\":\"de\",\"potentialAction\":[{\"@type\":\"ReadAction\",\"target\":[\"https:\/\/www.almetalbahn-online.de\/?page_id=203\"]}]},{\"@type\":\"BreadcrumbList\",\"@id\":\"https:\/\/www.almetalbahn-online.de\/?page_id=203#breadcrumb\",\"itemListElement\":[{\"@type\":\"ListItem\",\"position\":1,\"name\":\"Startseite\",\"item\":\"https:\/\/www.almetalbahn-online.de\/\"},{\"@type\":\"ListItem\",\"position\":2,\"name\":\"Der Verein\"}]},{\"@type\":\"WebSite\",\"@id\":\"https:\/\/www.almetalbahn-online.de\/#website\",\"url\":\"https:\/\/www.almetalbahn-online.de\/\",\"name\":\"Arbeitsgemeinschaft Historische Eisenbahn e.V.\",\"description\":\"Almetalbahn\",\"publisher\":{\"@id\":\"https:\/\/www.almetalbahn-online.de\/#organization\"},\"potentialAction\":[{\"@type\":\"SearchAction\",\"target\":{\"@type\":\"EntryPoint\",\"urlTemplate\":\"https:\/\/www.almetalbahn-online.de\/?s={search_term_string}\"},\"query-input\":\"required name=search_term_string\"}],\"inLanguage\":\"de\"},{\"@type\":\"Organization\",\"@id\":\"https:\/\/www.almetalbahn-online.de\/#organization\",\"name\":\"Arbeitsgemeinschaft Historische Eisenbahn e.V.\",\"url\":\"https:\/\/www.almetalbahn-online.de\/\",\"logo\":{\"@type\":\"ImageObject\",\"inLanguage\":\"de\",\"@id\":\"https:\/\/www.almetalbahn-online.de\/#\/schema\/logo\/image\/\",\"url\":\"https:\/\/www.almetalbahn-online.de\/wp-content\/uploads\/2019\/12\/T3_Zeichnung-e1573062427353.png\",\"contentUrl\":\"https:\/\/www.almetalbahn-online.de\/wp-content\/uploads\/2019\/12\/T3_Zeichnung-e1573062427353.png\",\"width\":200,\"height\":97,\"caption\":\"Arbeitsgemeinschaft Historische Eisenbahn e.V.\"},\"image\":{\"@id\":\"https:\/\/www.almetalbahn-online.de\/#\/schema\/logo\/image\/\"},\"sameAs\":[\"https:\/\/www.facebook.com\/Almetalbahn\/\",\"https:\/\/www.instagram.com\/almetalbahn\/\"]}]}<\/script>\n<!-- \/ Yoast SEO plugin. -->","yoast_head_json":{"title":"Der Verein - Arbeitsgemeinschaft Historische Eisenbahn e.V.","robots":{"index":"index","follow":"follow","max-snippet":"max-snippet:-1","max-image-preview":"max-image-preview:large","max-video-preview":"max-video-preview:-1"},"canonical":"https:\/\/www.almetalbahn-online.de\/?page_id=203","og_locale":"de_DE","og_type":"article","og_title":"Der Verein - Arbeitsgemeinschaft Historische Eisenbahn e.V.","og_description":"[vc_row][vc_column][vc_custom_heading text=&#8220;Die Vergangenheit in der Gegenwart f\u00fcr die Zukunft bewahren&#8220; font_container=&#8220;tag:h1|font_size:30|text_align:center|color:%23dd8f1a&#8220; use_theme_fonts=&#8220;yes&#8220;][\/vc_column][\/vc_row] [vc_row][vc_column][vc_column_text css=&#8220;.vc_custom_1575206934194{margin: 10px !important;}&#8220;] Die \u00dcberschrift beschreibt genau den Antrieb und den Anspruch der Arbeitsgemeinschaft Historische Eisenbahn e.V., [&hellip;]","og_url":"https:\/\/www.almetalbahn-online.de\/?page_id=203","og_site_name":"Arbeitsgemeinschaft Historische Eisenbahn e.V.","article_publisher":"https:\/\/www.facebook.com\/Almetalbahn\/","article_modified_time":"2025-07-22T19:04:35+00:00","twitter_card":"summary_large_image","twitter_misc":{"Gesch\u00e4tzte Lesezeit":"3\u00a0Minuten"},"schema":{"@context":"https:\/\/schema.org","@graph":[{"@type":"WebPage","@id":"https:\/\/www.almetalbahn-online.de\/?page_id=203","url":"https:\/\/www.almetalbahn-online.de\/?page_id=203","name":"Der Verein - Arbeitsgemeinschaft Historische Eisenbahn e.V.","isPartOf":{"@id":"https:\/\/www.almetalbahn-online.de\/#website"},"datePublished":"2015-12-16T09:38:17+00:00","dateModified":"2025-07-22T19:04:35+00:00","breadcrumb":{"@id":"https:\/\/www.almetalbahn-online.de\/?page_id=203#breadcrumb"},"inLanguage":"de","potentialAction":[{"@type":"ReadAction","target":["https:\/\/www.almetalbahn-online.de\/?page_id=203"]}]},{"@type":"BreadcrumbList","@id":"https:\/\/www.almetalbahn-online.de\/?page_id=203#breadcrumb","itemListElement":[{"@type":"ListItem","position":1,"name":"Startseite","item":"https:\/\/www.almetalbahn-online.de\/"},{"@type":"ListItem","position":2,"name":"Der Verein"}]},{"@type":"WebSite","@id":"https:\/\/www.almetalbahn-online.de\/#website","url":"https:\/\/www.almetalbahn-online.de\/","name":"Arbeitsgemeinschaft Historische Eisenbahn e.V.","description":"Almetalbahn","publisher":{"@id":"https:\/\/www.almetalbahn-online.de\/#organization"},"potentialAction":[{"@type":"SearchAction","target":{"@type":"EntryPoint","urlTemplate":"https:\/\/www.almetalbahn-online.de\/?s={search_term_string}"},"query-input":"required name=search_term_string"}],"inLanguage":"de"},{"@type":"Organization","@id":"https:\/\/www.almetalbahn-online.de\/#organization","name":"Arbeitsgemeinschaft Historische Eisenbahn e.V.","url":"https:\/\/www.almetalbahn-online.de\/","logo":{"@type":"ImageObject","inLanguage":"de","@id":"https:\/\/www.almetalbahn-online.de\/#\/schema\/logo\/image\/","url":"https:\/\/www.almetalbahn-online.de\/wp-content\/uploads\/2019\/12\/T3_Zeichnung-e1573062427353.png","contentUrl":"https:\/\/www.almetalbahn-online.de\/wp-content\/uploads\/2019\/12\/T3_Zeichnung-e1573062427353.png","width":200,"height":97,"caption":"Arbeitsgemeinschaft Historische Eisenbahn e.V."},"image":{"@id":"https:\/\/www.almetalbahn-online.de\/#\/schema\/logo\/image\/"},"sameAs":["https:\/\/www.facebook.com\/Almetalbahn\/","https:\/\/www.instagram.com\/almetalbahn\/"]}]}},"_links":{"self":[{"href":"https:\/\/www.almetalbahn-online.de\/index.php?rest_route=\/wp\/v2\/pages\/203"}],"collection":[{"href":"https:\/\/www.almetalbahn-online.de\/index.php?rest_route=\/wp\/v2\/pages"}],"about":[{"href":"https:\/\/www.almetalbahn-online.de\/index.php?rest_route=\/wp\/v2\/types\/page"}],"author":[{"embeddable":true,"href":"https:\/\/www.almetalbahn-online.de\/index.php?rest_route=\/wp\/v2\/users\/1"}],"replies":[{"embeddable":true,"href":"https:\/\/www.almetalbahn-online.de\/index.php?rest_route=%2Fwp%2Fv2%2Fcomments&post=203"}],"version-history":[{"count":45,"href":"https:\/\/www.almetalbahn-online.de\/index.php?rest_route=\/wp\/v2\/pages\/203\/revisions"}],"predecessor-version":[{"id":5261,"href":"https:\/\/www.almetalbahn-online.de\/index.php?rest_route=\/wp\/v2\/pages\/203\/revisions\/5261"}],"wp:attachment":[{"href":"https:\/\/www.almetalbahn-online.de\/index.php?rest_route=%2Fwp%2Fv2%2Fmedia&parent=203"}],"curies":[{"name":"wp","href":"https:\/\/api.w.org\/{rel}","templated":true}]}}