{"id":2432,"date":"2019-12-30T23:26:35","date_gmt":"2019-12-30T22:26:35","guid":{"rendered":"https:\/\/www.almetalbahn-online.de\/?page_id=2432"},"modified":"2021-01-24T14:14:44","modified_gmt":"2021-01-24T13:14:44","slug":"fahrzeugaufarbeitungen","status":"publish","type":"page","link":"https:\/\/www.almetalbahn-online.de\/?page_id=2432","title":{"rendered":"Fahrzeugbeschaffung und -aufarbeitung"},"content":{"rendered":"\n<p>[vc_row][vc_column][vc_column_text css=&#8220;.vc_custom_1575206934194{margin: 10px !important;}&#8220;]<\/p>\n\n\n\n<p>Sie fragen sich, wie unsere Fahrzeuge zur &#8222;Almetalbahn&#8220; gekommen sind? Sie fragen sich, wie eine Restauration abl\u00e4uft? Dann sind Sie hier genau richtig, denn auf dieser Seite stellen wir dies an interessanten Beispielen dar. Inhalte werden nach und nach erg\u00e4nzt, sodass es sich immer wieder mal lohnt, an dieser Stelle zu st\u00f6bern. <\/p>\n\n\n\n<p><strong>1970er Jahre<\/strong><br><a href=\"https:\/\/www.almetalbahn-online.de\/?page_id=3337\">Kauf und Aufarbeitung des ersten Vereinsfahrzeuges<\/a><strong><br><\/strong><a href=\"https:\/\/www.almetalbahn-online.de\/?page_id=1016\">\u00dcberf\u00fchrung der T3-Schunter<\/a><\/p>\n\n\n\n<p><strong>1980er Jahre<br><\/strong>erster Gro\u00dfdiesel f\u00fcr die Almetalbahn: V20 022<br><a href=\"https:\/\/www.almetalbahn-online.de\/?page_id=2935\">1982 &#8211; Endspurt unserer K\u00f6 I vor Saisonbeginn<\/a><\/p>\n\n\n\n<p><strong>1990er Jahre<\/strong><br><a href=\"https:\/\/www.almetalbahn-online.de\/?page_id=2449\">Aufarbeitung VL3 &#8222;Wirus&#8220; von 1997 bis 2001<\/a><br>Beschaffung K\u00f6 II<\/p>\n\n\n\n<p><strong>2000er Jahre<\/strong><br><a href=\"https:\/\/www.almetalbahn-online.de\/?page_id=2444\">Aufarbeitung GW50 &#8222;PwPosti&#8220;<\/a><br><a href=\"https:\/\/www.almetalbahn-online.de\/?page_id=2621\">Befundung GW55 &#8222;Hannover&#8220; incl. Abbruch des Wagens in den 2010er Jahren<\/a><br><a href=\"https:\/\/www.almetalbahn-online.de\/?page_id=3170\">\u00dcberf\u00fchrung GW63 (Omm 43 ) aus Braunschweig<\/a><br><a href=\"https:\/\/www.almetalbahn-online.de\/?page_id=3158\">\u00dcberf\u00fchrung DF60 aus Borgholz zur\u00fcck nach Almstedt-Segeste<\/a><br>Aufarbeitung Traglastenwagen<br>Aufarbeitung K\u00f6 II<br><a href=\"https:\/\/www.almetalbahn-online.de\/?page_id=1522\">Langkesselreparatur<\/a> an unserer T3 Schunter<\/p>\n\n\n\n<p><strong>2010er Jahre<\/strong><br>Aufarbeitung K\u00f6f II<br>Aufarbeitung und Bremsrevision SKL<br><a href=\"https:\/\/www.almetalbahn-online.de\/?page_id=2672\">Aufarbeitung Bahnsteigkarren<\/a><\/p>\n\n\n\n<p><strong>2020er Jahre<\/strong><br><a href=\"https:\/\/www.almetalbahn-online.de\/?page_id=3312\">Aufarbeitung eines Anh\u00e4ngers f\u00fcr den Bahnsteigkarren<\/a><\/p>\n\n\n\n<p>[\/vc_column_text][\/vc_column][\/vc_row]   <\/p>\n","protected":false},"excerpt":{"rendered":"<p>[vc_row][vc_column][vc_column_text css=&#8220;.vc_custom_1575206934194{margin: 10px !important;}&#8220;] Sie fragen sich, wie unsere Fahrzeuge zur &#8222;Almetalbahn&#8220; gekommen sind? Sie fragen sich, wie eine Restauration abl\u00e4uft? Dann sind Sie hier genau richtig, denn auf dieser [&hellip;]<\/p>\n","protected":false},"author":3,"featured_media":0,"parent":486,"menu_order":0,"comment_status":"closed","ping_status":"closed","template":"","meta":{"_links_to":"","_links_to_target":""},"yoast_head":"<!-- This site is optimized with the Yoast SEO plugin v21.0 - https:\/\/yoast.com\/wordpress\/plugins\/seo\/ -->\n<title>Fahrzeugbeschaffung und -aufarbeitung - Arbeitsgemeinschaft Historische Eisenbahn e.V.<\/title>\n<meta name=\"robots\" content=\"index, follow, max-snippet:-1, max-image-preview:large, max-video-preview:-1\" \/>\n<link rel=\"canonical\" href=\"https:\/\/www.almetalbahn-online.de\/?page_id=2432\" \/>\n<meta property=\"og:locale\" content=\"de_DE\" \/>\n<meta property=\"og:type\" content=\"article\" \/>\n<meta property=\"og:title\" content=\"Fahrzeugbeschaffung und -aufarbeitung - Arbeitsgemeinschaft Historische Eisenbahn e.V.\" \/>\n<meta property=\"og:description\" content=\"[vc_row][vc_column][vc_column_text css=&#8220;.vc_custom_1575206934194{margin: 10px !important;}&#8220;] Sie fragen sich, wie unsere Fahrzeuge zur &#8222;Almetalbahn&#8220; gekommen sind? Sie fragen sich, wie eine Restauration abl\u00e4uft? Dann sind Sie hier genau richtig, denn auf dieser [&hellip;]\" \/>\n<meta property=\"og:url\" content=\"https:\/\/www.almetalbahn-online.de\/?page_id=2432\" \/>\n<meta property=\"og:site_name\" content=\"Arbeitsgemeinschaft Historische Eisenbahn e.V.\" \/>\n<meta property=\"article:publisher\" content=\"https:\/\/www.facebook.com\/Almetalbahn\/\" \/>\n<meta property=\"article:modified_time\" content=\"2021-01-24T13:14:44+00:00\" \/>\n<meta name=\"twitter:card\" content=\"summary_large_image\" \/>\n<meta name=\"twitter:label1\" content=\"Gesch\u00e4tzte Lesezeit\" \/>\n\t<meta name=\"twitter:data1\" content=\"1\u00a0Minute\" \/>\n<script type=\"application\/ld+json\" class=\"yoast-schema-graph\">{\"@context\":\"https:\/\/schema.org\",\"@graph\":[{\"@type\":\"WebPage\",\"@id\":\"https:\/\/www.almetalbahn-online.de\/?page_id=2432\",\"url\":\"https:\/\/www.almetalbahn-online.de\/?page_id=2432\",\"name\":\"Fahrzeugbeschaffung und -aufarbeitung - Arbeitsgemeinschaft Historische Eisenbahn e.V.\",\"isPartOf\":{\"@id\":\"https:\/\/www.almetalbahn-online.de\/#website\"},\"datePublished\":\"2019-12-30T22:26:35+00:00\",\"dateModified\":\"2021-01-24T13:14:44+00:00\",\"breadcrumb\":{\"@id\":\"https:\/\/www.almetalbahn-online.de\/?page_id=2432#breadcrumb\"},\"inLanguage\":\"de\",\"potentialAction\":[{\"@type\":\"ReadAction\",\"target\":[\"https:\/\/www.almetalbahn-online.de\/?page_id=2432\"]}]},{\"@type\":\"BreadcrumbList\",\"@id\":\"https:\/\/www.almetalbahn-online.de\/?page_id=2432#breadcrumb\",\"itemListElement\":[{\"@type\":\"ListItem\",\"position\":1,\"name\":\"Startseite\",\"item\":\"https:\/\/www.almetalbahn-online.de\/\"},{\"@type\":\"ListItem\",\"position\":2,\"name\":\"Projekte\",\"item\":\"https:\/\/www.almetalbahn-online.de\/?page_id=453\"},{\"@type\":\"ListItem\",\"position\":3,\"name\":\"Was geschah bisher?\",\"item\":\"https:\/\/www.almetalbahn-online.de\/?page_id=486\"},{\"@type\":\"ListItem\",\"position\":4,\"name\":\"Fahrzeugbeschaffung und -aufarbeitung\"}]},{\"@type\":\"WebSite\",\"@id\":\"https:\/\/www.almetalbahn-online.de\/#website\",\"url\":\"https:\/\/www.almetalbahn-online.de\/\",\"name\":\"Arbeitsgemeinschaft Historische Eisenbahn e.V.\",\"description\":\"Almetalbahn\",\"publisher\":{\"@id\":\"https:\/\/www.almetalbahn-online.de\/#organization\"},\"potentialAction\":[{\"@type\":\"SearchAction\",\"target\":{\"@type\":\"EntryPoint\",\"urlTemplate\":\"https:\/\/www.almetalbahn-online.de\/?s={search_term_string}\"},\"query-input\":\"required name=search_term_string\"}],\"inLanguage\":\"de\"},{\"@type\":\"Organization\",\"@id\":\"https:\/\/www.almetalbahn-online.de\/#organization\",\"name\":\"Arbeitsgemeinschaft Historische Eisenbahn e.V.\",\"url\":\"https:\/\/www.almetalbahn-online.de\/\",\"logo\":{\"@type\":\"ImageObject\",\"inLanguage\":\"de\",\"@id\":\"https:\/\/www.almetalbahn-online.de\/#\/schema\/logo\/image\/\",\"url\":\"https:\/\/www.almetalbahn-online.de\/wp-content\/uploads\/2019\/12\/T3_Zeichnung-e1573062427353.png\",\"contentUrl\":\"https:\/\/www.almetalbahn-online.de\/wp-content\/uploads\/2019\/12\/T3_Zeichnung-e1573062427353.png\",\"width\":200,\"height\":97,\"caption\":\"Arbeitsgemeinschaft Historische Eisenbahn e.V.\"},\"image\":{\"@id\":\"https:\/\/www.almetalbahn-online.de\/#\/schema\/logo\/image\/\"},\"sameAs\":[\"https:\/\/www.facebook.com\/Almetalbahn\/\",\"https:\/\/www.instagram.com\/almetalbahn\/\"]}]}<\/script>\n<!-- \/ Yoast SEO plugin. -->","yoast_head_json":{"title":"Fahrzeugbeschaffung und -aufarbeitung - Arbeitsgemeinschaft Historische Eisenbahn e.V.","robots":{"index":"index","follow":"follow","max-snippet":"max-snippet:-1","max-image-preview":"max-image-preview:large","max-video-preview":"max-video-preview:-1"},"canonical":"https:\/\/www.almetalbahn-online.de\/?page_id=2432","og_locale":"de_DE","og_type":"article","og_title":"Fahrzeugbeschaffung und -aufarbeitung - Arbeitsgemeinschaft Historische Eisenbahn e.V.","og_description":"[vc_row][vc_column][vc_column_text css=&#8220;.vc_custom_1575206934194{margin: 10px !important;}&#8220;] Sie fragen sich, wie unsere Fahrzeuge zur &#8222;Almetalbahn&#8220; gekommen sind? Sie fragen sich, wie eine Restauration abl\u00e4uft? Dann sind Sie hier genau richtig, denn auf dieser [&hellip;]","og_url":"https:\/\/www.almetalbahn-online.de\/?page_id=2432","og_site_name":"Arbeitsgemeinschaft Historische Eisenbahn e.V.","article_publisher":"https:\/\/www.facebook.com\/Almetalbahn\/","article_modified_time":"2021-01-24T13:14:44+00:00","twitter_card":"summary_large_image","twitter_misc":{"Gesch\u00e4tzte Lesezeit":"1\u00a0Minute"},"schema":{"@context":"https:\/\/schema.org","@graph":[{"@type":"WebPage","@id":"https:\/\/www.almetalbahn-online.de\/?page_id=2432","url":"https:\/\/www.almetalbahn-online.de\/?page_id=2432","name":"Fahrzeugbeschaffung und -aufarbeitung - Arbeitsgemeinschaft Historische Eisenbahn e.V.","isPartOf":{"@id":"https:\/\/www.almetalbahn-online.de\/#website"},"datePublished":"2019-12-30T22:26:35+00:00","dateModified":"2021-01-24T13:14:44+00:00","breadcrumb":{"@id":"https:\/\/www.almetalbahn-online.de\/?page_id=2432#breadcrumb"},"inLanguage":"de","potentialAction":[{"@type":"ReadAction","target":["https:\/\/www.almetalbahn-online.de\/?page_id=2432"]}]},{"@type":"BreadcrumbList","@id":"https:\/\/www.almetalbahn-online.de\/?page_id=2432#breadcrumb","itemListElement":[{"@type":"ListItem","position":1,"name":"Startseite","item":"https:\/\/www.almetalbahn-online.de\/"},{"@type":"ListItem","position":2,"name":"Projekte","item":"https:\/\/www.almetalbahn-online.de\/?page_id=453"},{"@type":"ListItem","position":3,"name":"Was geschah bisher?","item":"https:\/\/www.almetalbahn-online.de\/?page_id=486"},{"@type":"ListItem","position":4,"name":"Fahrzeugbeschaffung und -aufarbeitung"}]},{"@type":"WebSite","@id":"https:\/\/www.almetalbahn-online.de\/#website","url":"https:\/\/www.almetalbahn-online.de\/","name":"Arbeitsgemeinschaft Historische Eisenbahn e.V.","description":"Almetalbahn","publisher":{"@id":"https:\/\/www.almetalbahn-online.de\/#organization"},"potentialAction":[{"@type":"SearchAction","target":{"@type":"EntryPoint","urlTemplate":"https:\/\/www.almetalbahn-online.de\/?s={search_term_string}"},"query-input":"required name=search_term_string"}],"inLanguage":"de"},{"@type":"Organization","@id":"https:\/\/www.almetalbahn-online.de\/#organization","name":"Arbeitsgemeinschaft Historische Eisenbahn e.V.","url":"https:\/\/www.almetalbahn-online.de\/","logo":{"@type":"ImageObject","inLanguage":"de","@id":"https:\/\/www.almetalbahn-online.de\/#\/schema\/logo\/image\/","url":"https:\/\/www.almetalbahn-online.de\/wp-content\/uploads\/2019\/12\/T3_Zeichnung-e1573062427353.png","contentUrl":"https:\/\/www.almetalbahn-online.de\/wp-content\/uploads\/2019\/12\/T3_Zeichnung-e1573062427353.png","width":200,"height":97,"caption":"Arbeitsgemeinschaft Historische Eisenbahn e.V."},"image":{"@id":"https:\/\/www.almetalbahn-online.de\/#\/schema\/logo\/image\/"},"sameAs":["https:\/\/www.facebook.com\/Almetalbahn\/","https:\/\/www.instagram.com\/almetalbahn\/"]}]}},"_links":{"self":[{"href":"https:\/\/www.almetalbahn-online.de\/index.php?rest_route=\/wp\/v2\/pages\/2432"}],"collection":[{"href":"https:\/\/www.almetalbahn-online.de\/index.php?rest_route=\/wp\/v2\/pages"}],"about":[{"href":"https:\/\/www.almetalbahn-online.de\/index.php?rest_route=\/wp\/v2\/types\/page"}],"author":[{"embeddable":true,"href":"https:\/\/www.almetalbahn-online.de\/index.php?rest_route=\/wp\/v2\/users\/3"}],"replies":[{"embeddable":true,"href":"https:\/\/www.almetalbahn-online.de\/index.php?rest_route=%2Fwp%2Fv2%2Fcomments&post=2432"}],"version-history":[{"count":28,"href":"https:\/\/www.almetalbahn-online.de\/index.php?rest_route=\/wp\/v2\/pages\/2432\/revisions"}],"predecessor-version":[{"id":3357,"href":"https:\/\/www.almetalbahn-online.de\/index.php?rest_route=\/wp\/v2\/pages\/2432\/revisions\/3357"}],"up":[{"embeddable":true,"href":"https:\/\/www.almetalbahn-online.de\/index.php?rest_route=\/wp\/v2\/pages\/486"}],"wp:attachment":[{"href":"https:\/\/www.almetalbahn-online.de\/index.php?rest_route=%2Fwp%2Fv2%2Fmedia&parent=2432"}],"curies":[{"name":"wp","href":"https:\/\/api.w.org\/{rel}","templated":true}]}}