{"id":2621,"date":"2020-02-09T18:41:30","date_gmt":"2020-02-09T17:41:30","guid":{"rendered":"https:\/\/www.almetalbahn-online.de\/?page_id=2621"},"modified":"2021-03-01T15:21:34","modified_gmt":"2021-03-01T14:21:34","slug":"befundung-und-abbruch-gw55-hannover","status":"publish","type":"page","link":"https:\/\/www.almetalbahn-online.de\/?page_id=2621","title":{"rendered":"Befundung und Abbruch GW55 &#8222;Hannover&#8220;"},"content":{"rendered":"\n<p> [vc_row][vc_column][vc_column_text css=&#8220;.vc_custom_1575206934194{margin: 10px !important;}&#8220;] <\/p>\n\n\n\n<p>Im Bestand der Arbeitsgemeinschaft Historische Eisenbahn e.V. befinden sich neben den Lokomotiven und Personenwagen auch 9 G\u00fcterwagen. Diese stehen leider nicht ganz so stark im Fokus, wie die im Betrieb ben\u00f6tigten Fahrzeuge. Dennoch sind sie nicht vergessen. Immer wieder gibt es \u00dcberlegungen und Anstrengungen zur Verwendung, Nutzung und somit dem langfristigen Erhalt. So war es auch beim <a href=\"https:\/\/www.almetalbahn-online.de\/?page_id=780\">GW55<\/a>.<\/p>\n\n\n\n<p>Der G\u00fcterwagen GW55 konnte in den siebziger Jahren gemeinsam mit anderen Fahrzeugen von den Verkehrsbetrieben Peine &#8211; Salzgitter erworben werden. Schon damals befand sich das Fahrzeug in schlechtem Zustand. Aufgrund anderer als vordringlicher eingestufter Projekte unterblieb jahrelang eine Aufarbeitung, da die G\u00fcterwagen in erster Linie als Lagerraum genutzt wurden. Da jedoch s\u00e4mtliche G\u00fcterwagen nach und nach grundlegend aufgearbeitet werden sollen, beschloss man, mit dem substanziell schlechtesten Fahrzeug zu beginnen. Diese Eigenschaften erf\u00fcllte GW55 zur Gen\u00fcge: schwerg\u00e4ngige, verzogene T\u00fcren, Durchrostungen an den Winkelprofilen, abg\u00e4ngiges, morsches Holz im Bereich der Wand- und Bodenbeplankung, sowie zum Teil gebrochene Dachspriegel sind dabei nur die wesentlichsten M\u00e4ngel, die es zu beseitigen gilt. Daher wurde im Sommer 2008 damit begonnen, den Wagen leer zu r\u00e4umen und danach die Seitenbeplankung zu entfernen.<\/p>\n\n\n\n<div class=\"is-layout-flex wp-container-3 wp-block-columns\">\n<div class=\"is-layout-flow wp-block-column\">\n<figure class=\"wp-block-image size-large\"><img decoding=\"async\" loading=\"lazy\" width=\"496\" height=\"377\" src=\"https:\/\/www.almetalbahn-online.de\/wp-content\/uploads\/2020\/02\/20161229_140413.jpg\" alt=\"\" class=\"wp-image-2650\" srcset=\"https:\/\/www.almetalbahn-online.de\/wp-content\/uploads\/2020\/02\/20161229_140413.jpg 496w, https:\/\/www.almetalbahn-online.de\/wp-content\/uploads\/2020\/02\/20161229_140413-300x228.jpg 300w\" sizes=\"(max-width: 496px) 100vw, 496px\" \/><figcaption> <a href=\"http:\/\/www.almetalbahn-online.de\/seite64.htm#Anker1seite64\">GW 55<\/a> vor dem Beginn der Sanierungsarbeiten noch als Lagerraum im Museumsbahnhof Almstedt, C. Dieckow <\/figcaption><\/figure>\n<\/div>\n\n\n\n<div class=\"is-layout-flow wp-block-column\">\n<figure class=\"wp-block-image size-large\"><img decoding=\"async\" loading=\"lazy\" width=\"496\" height=\"377\" src=\"https:\/\/www.almetalbahn-online.de\/wp-content\/uploads\/2020\/02\/gu04.jpg\" alt=\"\" class=\"wp-image-2651\" srcset=\"https:\/\/www.almetalbahn-online.de\/wp-content\/uploads\/2020\/02\/gu04.jpg 496w, https:\/\/www.almetalbahn-online.de\/wp-content\/uploads\/2020\/02\/gu04-300x228.jpg 300w\" sizes=\"(max-width: 496px) 100vw, 496px\" \/><figcaption> Detail der L\u00fcftungsluke: Die Beschriftung war vor Jahren durch ein  damaliges Vereinsmitglied aufgetragen worden, nun wird jedoch kein  Neuanstrich mehr helfen&#8230;, C. Dieckow<\/figcaption><\/figure>\n<\/div>\n<\/div>\n\n\n\n<div class=\"is-layout-flex wp-container-6 wp-block-columns\">\n<div class=\"is-layout-flow wp-block-column\">\n<figure class=\"wp-block-image size-large\"><img decoding=\"async\" loading=\"lazy\" width=\"496\" height=\"377\" src=\"https:\/\/www.almetalbahn-online.de\/wp-content\/uploads\/2020\/02\/gu15.jpg\" alt=\"\" class=\"wp-image-2652\" srcset=\"https:\/\/www.almetalbahn-online.de\/wp-content\/uploads\/2020\/02\/gu15.jpg 496w, https:\/\/www.almetalbahn-online.de\/wp-content\/uploads\/2020\/02\/gu15-300x228.jpg 300w\" sizes=\"(max-width: 496px) 100vw, 496px\" \/><figcaption> An der Schiebet\u00fcr zeigte sich exemplarisch der sehr schlechte Zustand  der Beplankung. Gro\u00dfe L\u00f6cher waren in den letzten Jahrzehnten durch die  Museumsbahner mit Blechtafeln geflickt worden. Die T\u00fcr l\u00e4uft schon nicht  mehr in der F\u00fchrungsschiene, C. Dieckow<\/figcaption><\/figure>\n<\/div>\n\n\n\n<div class=\"is-layout-flow wp-block-column\">\n<figure class=\"wp-block-image size-large\"><img decoding=\"async\" loading=\"lazy\" width=\"496\" height=\"377\" src=\"https:\/\/www.almetalbahn-online.de\/wp-content\/uploads\/2020\/02\/gu02.jpg\" alt=\"\" class=\"wp-image-2653\" srcset=\"https:\/\/www.almetalbahn-online.de\/wp-content\/uploads\/2020\/02\/gu02.jpg 496w, https:\/\/www.almetalbahn-online.de\/wp-content\/uploads\/2020\/02\/gu02-300x228.jpg 300w\" sizes=\"(max-width: 496px) 100vw, 496px\" \/><figcaption> Die erste Wand war gefallen. \u00dcbrigens (fast) ohne Gegenwehr, da die  ehemals im Wagen vorhandenen Regale nun auch keine Stabilit\u00e4t mehr geben  konnten. Wenigstens war es von nun an durch die erfolgte  Zwangsbel\u00fcftung wesentlich angenehmer, in dem Wagen zu arbeiten., C. Dieckow<\/figcaption><\/figure>\n<\/div>\n<\/div>\n\n\n\n<div class=\"is-layout-flex wp-container-9 wp-block-columns\">\n<div class=\"is-layout-flow wp-block-column\">\n<figure class=\"wp-block-image size-large\"><img decoding=\"async\" loading=\"lazy\" width=\"377\" height=\"496\" src=\"https:\/\/www.almetalbahn-online.de\/wp-content\/uploads\/2020\/02\/gu09.jpg\" alt=\"\" class=\"wp-image-2654\" srcset=\"https:\/\/www.almetalbahn-online.de\/wp-content\/uploads\/2020\/02\/gu09.jpg 377w, https:\/\/www.almetalbahn-online.de\/wp-content\/uploads\/2020\/02\/gu09-228x300.jpg 228w\" sizes=\"(max-width: 377px) 100vw, 377px\" \/><figcaption> Vorbereitend auf diese Aufarbeitungs-aktion war bereits 2006 eine  gr\u00f6\u00dferer Menge Bretter erworben worden, die nun in der Vereinstischlerei  abgel\u00e4ngt, auf Breite geschnitten, auf die richtige Str\u00e4ke gehobelt und  mit Nut- und Feder versehen wurde, C. Dieckow<\/figcaption><\/figure>\n<\/div>\n\n\n\n<div class=\"is-layout-flow wp-block-column\">\n<figure class=\"wp-block-image size-large\"><img decoding=\"async\" loading=\"lazy\" width=\"377\" height=\"496\" src=\"https:\/\/www.almetalbahn-online.de\/wp-content\/uploads\/2020\/02\/gu06.jpg\" alt=\"\" class=\"wp-image-2655\" srcset=\"https:\/\/www.almetalbahn-online.de\/wp-content\/uploads\/2020\/02\/gu06.jpg 377w, https:\/\/www.almetalbahn-online.de\/wp-content\/uploads\/2020\/02\/gu06-228x300.jpg 228w\" sizes=\"(max-width: 377px) 100vw, 377px\" \/><figcaption> Abschlie\u00dfend wurden alle Bretter noch \u00fcbergeschliffen, C. Dieckow <\/figcaption><\/figure>\n<\/div>\n<\/div>\n\n\n\n<div class=\"is-layout-flex wp-container-12 wp-block-columns\">\n<div class=\"is-layout-flow wp-block-column\">\n<figure class=\"wp-block-image size-large\"><img decoding=\"async\" loading=\"lazy\" width=\"496\" height=\"377\" src=\"https:\/\/www.almetalbahn-online.de\/wp-content\/uploads\/2020\/02\/gu05.jpg\" alt=\"\" class=\"wp-image-2656\" srcset=\"https:\/\/www.almetalbahn-online.de\/wp-content\/uploads\/2020\/02\/gu05.jpg 496w, https:\/\/www.almetalbahn-online.de\/wp-content\/uploads\/2020\/02\/gu05-300x228.jpg 300w\" sizes=\"(max-width: 496px) 100vw, 496px\" \/><figcaption> Und hier landeten die \u00dcberreste der alten Beplankung. Wie bef\u00fcrchtet konnten keine Bestandsbretter wiederverwendet werden, C. Dieckow<\/figcaption><\/figure>\n<\/div>\n\n\n\n<div class=\"is-layout-flow wp-block-column\">\n<figure class=\"wp-block-image size-large\"><img decoding=\"async\" loading=\"lazy\" width=\"496\" height=\"377\" src=\"https:\/\/www.almetalbahn-online.de\/wp-content\/uploads\/2020\/02\/gu13.jpg\" alt=\"\" class=\"wp-image-2657\" srcset=\"https:\/\/www.almetalbahn-online.de\/wp-content\/uploads\/2020\/02\/gu13.jpg 496w, https:\/\/www.almetalbahn-online.de\/wp-content\/uploads\/2020\/02\/gu13-300x228.jpg 300w\" sizes=\"(max-width: 496px) 100vw, 496px\" \/><figcaption> Der Blick in den entkernten Wagenkasten offenbarte, dass auch im Bereich  der Dachspriegel erhebliche Arbeit auf die Aktiven wartet. Es werden  insgesamt 7 Spriegel ersetzt werden m\u00fcssen, um dem Dach die notwendige  Stabilit\u00e4t wiederzugeben., C. Dieckow<\/figcaption><\/figure>\n<\/div>\n<\/div>\n\n\n\n<div class=\"is-layout-flex wp-container-15 wp-block-columns\">\n<div class=\"is-layout-flow wp-block-column\">\n<figure class=\"wp-block-image size-large\"><img decoding=\"async\" loading=\"lazy\" width=\"496\" height=\"377\" src=\"https:\/\/www.almetalbahn-online.de\/wp-content\/uploads\/2020\/02\/gu14.jpg\" alt=\"\" class=\"wp-image-2658\" srcset=\"https:\/\/www.almetalbahn-online.de\/wp-content\/uploads\/2020\/02\/gu14.jpg 496w, https:\/\/www.almetalbahn-online.de\/wp-content\/uploads\/2020\/02\/gu14-300x228.jpg 300w\" sizes=\"(max-width: 496px) 100vw, 496px\" \/><figcaption> Zwei Arbeitstage sp\u00e4ter war der Wagen weitgehend freigelegt. Die  Begutachtung der Sch\u00e4den an den Winkelprofilen konnte beginnen. Hierbei  zeigte sich, dass doch so Einiges zu ersetzen sein w\u00fcrde, bevor man sich  an das Aufschrauben der neuen Beplankung machen kann&#8230; , C. Dieckow<\/figcaption><\/figure>\n<\/div>\n\n\n\n<div class=\"is-layout-flow wp-block-column\">\n<figure class=\"wp-block-image size-large\"><img decoding=\"async\" loading=\"lazy\" width=\"496\" height=\"377\" src=\"https:\/\/www.almetalbahn-online.de\/wp-content\/uploads\/2020\/02\/gu03.jpg\" alt=\"\" class=\"wp-image-2659\" srcset=\"https:\/\/www.almetalbahn-online.de\/wp-content\/uploads\/2020\/02\/gu03.jpg 496w, https:\/\/www.almetalbahn-online.de\/wp-content\/uploads\/2020\/02\/gu03-300x228.jpg 300w\" sizes=\"(max-width: 496px) 100vw, 496px\" \/><figcaption> W\u00e4hrend andere das weitere Vorankommen der Deutschen Fu\u00dfball-Nationalmannschaft bis zum EM-Finale bejubelten, wurde unser entkleideter GW55zun\u00e4chst vor den Lokschuppen geschoben, um dort die letzten Holzreste, sowie noch festsitzende Klammerschrauben, etc. zu entfernen, C. Dieckow<\/figcaption><\/figure>\n<\/div>\n<\/div>\n\n\n\n<div class=\"wp-block-image\"><figure class=\"aligncenter size-full\"><img decoding=\"async\" loading=\"lazy\" width=\"496\" height=\"377\" src=\"https:\/\/www.almetalbahn-online.de\/wp-content\/uploads\/2020\/02\/gu01-1.jpg\" alt=\"\" class=\"wp-image-2661\" srcset=\"https:\/\/www.almetalbahn-online.de\/wp-content\/uploads\/2020\/02\/gu01-1.jpg 496w, https:\/\/www.almetalbahn-online.de\/wp-content\/uploads\/2020\/02\/gu01-1-300x228.jpg 300w\" sizes=\"(max-width: 496px) 100vw, 496px\" \/><figcaption> <br> Blick auf das teilweise freigelegte Fahrwerk. Ein \u00e4hnliches Bild war man schon vom ebenfalls zu der Zeit in Aufarbeitung befindlichen <a href=\"https:\/\/www.almetalbahn-online.de\/?page_id=2444\">GW50<\/a> gewohnt, C. Dieckow<\/figcaption><\/figure><\/div>\n\n\n\n<p>Die weitere Aufarbeitung musste aufgrund abzuarbeitender Auflagen der Landeseisenbahnaufsicht zun\u00e4chst unterbrochen werden. Es war jedoch vorgesehen, im Winterhalbjahr 2008\/2009 die notwendigen Schlosserarbeiten so weit voranzutreiben, um dann im Fr\u00fchjahr 2009 mit der Montage der Beplankung beginnen zu k\u00f6nnen. In einem zweiten Schritt sollte dann die Dachsanierung durchgef\u00fchrt werden. Nach Abschluss der Aufarbeitung sollte GW55 die Ausr\u00fcstungsgegenst\u00e4nde f\u00fcr die Veranstaltungstage aufnehmen, so dass der G\u00fcterboden zum Ausstellungsraum umgenutzt werden kann. Der ehemals als Austellungswagen genutzte <a href=\"https:\/\/www.almetalbahn-online.de\/?page_id=853\">PW39<\/a> sollte dann zum Aufenthaltswagen f\u00fcr die Vereinsmitglieder umgebaut werden. <\/p>\n\n\n\n<p>Leider konnte es nicht zu einer Wiederaufnahme der Arbeiten am GW55 kommen. Die Substanz des Rahmens war schon sehr stark angegriffen, so dass der Arbeitsaufwand in ungeahnte Gr\u00f6\u00dfen gewachsen w\u00e4re. Auch weitere wichtige Arbeiten an anderen Fahrzeugen und der Infrastruktur kamen dazwischen. Man entschied sich daher dazu, die Arbeiten zun\u00e4chst ruhen zu lassen. 2017 wurde dann in Anbetracht der nicht vorhandenen Zeit f\u00fcr die umfangreichen Sanierungsarbeiten am GW55 beschlossen, diesen komplett abzubrechen. Der Rahmen und alle Fahrwerksteile wurden jedoch erhalten und eingelagert. Stattdessen wurde die Aufarbeitung des <a href=\"https:\/\/www.almetalbahn-online.de\/?page_id=788\">GW62 Posen<\/a> forciert und soweit abgeschlossen, dass nun dieser Wagen als Lager dient.<\/p>\n\n\n\n<p>Dieser Abschnitt wird im Laufe der Zeit mit Bildern zum Abbruch erg\u00e4nzt.<\/p>\n\n\n\n<p>Die Geschichte des GW55 &#8222;Hannover&#8220; ist \u00fcbrigens noch nicht vollst\u00e4ndig zuende erz\u00e4hlt. So sollen Teile seines Rahmens als Kohlebansen weiterhin erhalten bleiben und damit eine neue Funktion bekommen.<\/p>\n\n\n\n<p>  [\/vc_column_text][\/vc_column][\/vc_row]  <\/p>\n","protected":false},"excerpt":{"rendered":"<p>[vc_row][vc_column][vc_column_text css=&#8220;.vc_custom_1575206934194{margin: 10px !important;}&#8220;] Im Bestand der Arbeitsgemeinschaft Historische Eisenbahn e.V. befinden sich neben den Lokomotiven und Personenwagen auch 9 G\u00fcterwagen. Diese stehen leider nicht ganz so stark im Fokus, [&hellip;]<\/p>\n","protected":false},"author":3,"featured_media":0,"parent":2432,"menu_order":0,"comment_status":"closed","ping_status":"closed","template":"","meta":{"_links_to":"","_links_to_target":""},"yoast_head":"<!-- This site is optimized with the Yoast SEO plugin v21.0 - https:\/\/yoast.com\/wordpress\/plugins\/seo\/ -->\n<title>Befundung und Abbruch GW55 &quot;Hannover&quot; - Arbeitsgemeinschaft Historische Eisenbahn e.V.<\/title>\n<meta name=\"robots\" content=\"index, follow, max-snippet:-1, max-image-preview:large, max-video-preview:-1\" \/>\n<link rel=\"canonical\" href=\"https:\/\/www.almetalbahn-online.de\/?page_id=2621\" \/>\n<meta property=\"og:locale\" content=\"de_DE\" \/>\n<meta property=\"og:type\" content=\"article\" \/>\n<meta property=\"og:title\" content=\"Befundung und Abbruch GW55 &quot;Hannover&quot; - Arbeitsgemeinschaft Historische Eisenbahn e.V.\" \/>\n<meta property=\"og:description\" content=\"[vc_row][vc_column][vc_column_text css=&#8220;.vc_custom_1575206934194{margin: 10px !important;}&#8220;] Im Bestand der Arbeitsgemeinschaft Historische Eisenbahn e.V. befinden sich neben den Lokomotiven und Personenwagen auch 9 G\u00fcterwagen. Diese stehen leider nicht ganz so stark im Fokus, [&hellip;]\" \/>\n<meta property=\"og:url\" content=\"https:\/\/www.almetalbahn-online.de\/?page_id=2621\" \/>\n<meta property=\"og:site_name\" content=\"Arbeitsgemeinschaft Historische Eisenbahn e.V.\" \/>\n<meta property=\"article:publisher\" content=\"https:\/\/www.facebook.com\/Almetalbahn\/\" \/>\n<meta property=\"article:modified_time\" content=\"2021-03-01T14:21:34+00:00\" \/>\n<meta property=\"og:image\" content=\"https:\/\/www.almetalbahn-online.de\/wp-content\/uploads\/2020\/02\/20161229_140413.jpg\" \/>\n<meta name=\"twitter:card\" content=\"summary_large_image\" \/>\n<meta name=\"twitter:label1\" content=\"Gesch\u00e4tzte Lesezeit\" \/>\n\t<meta name=\"twitter:data1\" content=\"6\u00a0Minuten\" \/>\n<script type=\"application\/ld+json\" class=\"yoast-schema-graph\">{\"@context\":\"https:\/\/schema.org\",\"@graph\":[{\"@type\":\"WebPage\",\"@id\":\"https:\/\/www.almetalbahn-online.de\/?page_id=2621\",\"url\":\"https:\/\/www.almetalbahn-online.de\/?page_id=2621\",\"name\":\"Befundung und Abbruch GW55 \\\"Hannover\\\" - Arbeitsgemeinschaft Historische Eisenbahn e.V.\",\"isPartOf\":{\"@id\":\"https:\/\/www.almetalbahn-online.de\/#website\"},\"datePublished\":\"2020-02-09T17:41:30+00:00\",\"dateModified\":\"2021-03-01T14:21:34+00:00\",\"breadcrumb\":{\"@id\":\"https:\/\/www.almetalbahn-online.de\/?page_id=2621#breadcrumb\"},\"inLanguage\":\"de\",\"potentialAction\":[{\"@type\":\"ReadAction\",\"target\":[\"https:\/\/www.almetalbahn-online.de\/?page_id=2621\"]}]},{\"@type\":\"BreadcrumbList\",\"@id\":\"https:\/\/www.almetalbahn-online.de\/?page_id=2621#breadcrumb\",\"itemListElement\":[{\"@type\":\"ListItem\",\"position\":1,\"name\":\"Startseite\",\"item\":\"https:\/\/www.almetalbahn-online.de\/\"},{\"@type\":\"ListItem\",\"position\":2,\"name\":\"Projekte\",\"item\":\"https:\/\/www.almetalbahn-online.de\/?page_id=453\"},{\"@type\":\"ListItem\",\"position\":3,\"name\":\"Was geschah bisher?\",\"item\":\"https:\/\/www.almetalbahn-online.de\/?page_id=486\"},{\"@type\":\"ListItem\",\"position\":4,\"name\":\"Fahrzeugbeschaffung und -aufarbeitung\",\"item\":\"https:\/\/www.almetalbahn-online.de\/?page_id=2432\"},{\"@type\":\"ListItem\",\"position\":5,\"name\":\"Befundung und Abbruch GW55 &#8220;Hannover&#8221;\"}]},{\"@type\":\"WebSite\",\"@id\":\"https:\/\/www.almetalbahn-online.de\/#website\",\"url\":\"https:\/\/www.almetalbahn-online.de\/\",\"name\":\"Arbeitsgemeinschaft Historische Eisenbahn e.V.\",\"description\":\"Almetalbahn\",\"publisher\":{\"@id\":\"https:\/\/www.almetalbahn-online.de\/#organization\"},\"potentialAction\":[{\"@type\":\"SearchAction\",\"target\":{\"@type\":\"EntryPoint\",\"urlTemplate\":\"https:\/\/www.almetalbahn-online.de\/?s={search_term_string}\"},\"query-input\":\"required name=search_term_string\"}],\"inLanguage\":\"de\"},{\"@type\":\"Organization\",\"@id\":\"https:\/\/www.almetalbahn-online.de\/#organization\",\"name\":\"Arbeitsgemeinschaft Historische Eisenbahn e.V.\",\"url\":\"https:\/\/www.almetalbahn-online.de\/\",\"logo\":{\"@type\":\"ImageObject\",\"inLanguage\":\"de\",\"@id\":\"https:\/\/www.almetalbahn-online.de\/#\/schema\/logo\/image\/\",\"url\":\"https:\/\/www.almetalbahn-online.de\/wp-content\/uploads\/2019\/12\/T3_Zeichnung-e1573062427353.png\",\"contentUrl\":\"https:\/\/www.almetalbahn-online.de\/wp-content\/uploads\/2019\/12\/T3_Zeichnung-e1573062427353.png\",\"width\":200,\"height\":97,\"caption\":\"Arbeitsgemeinschaft Historische Eisenbahn e.V.\"},\"image\":{\"@id\":\"https:\/\/www.almetalbahn-online.de\/#\/schema\/logo\/image\/\"},\"sameAs\":[\"https:\/\/www.facebook.com\/Almetalbahn\/\",\"https:\/\/www.instagram.com\/almetalbahn\/\"]}]}<\/script>\n<!-- \/ Yoast SEO plugin. -->","yoast_head_json":{"title":"Befundung und Abbruch GW55 \"Hannover\" - Arbeitsgemeinschaft Historische Eisenbahn e.V.","robots":{"index":"index","follow":"follow","max-snippet":"max-snippet:-1","max-image-preview":"max-image-preview:large","max-video-preview":"max-video-preview:-1"},"canonical":"https:\/\/www.almetalbahn-online.de\/?page_id=2621","og_locale":"de_DE","og_type":"article","og_title":"Befundung und Abbruch GW55 \"Hannover\" - Arbeitsgemeinschaft Historische Eisenbahn e.V.","og_description":"[vc_row][vc_column][vc_column_text css=&#8220;.vc_custom_1575206934194{margin: 10px !important;}&#8220;] Im Bestand der Arbeitsgemeinschaft Historische Eisenbahn e.V. befinden sich neben den Lokomotiven und Personenwagen auch 9 G\u00fcterwagen. Diese stehen leider nicht ganz so stark im Fokus, [&hellip;]","og_url":"https:\/\/www.almetalbahn-online.de\/?page_id=2621","og_site_name":"Arbeitsgemeinschaft Historische Eisenbahn e.V.","article_publisher":"https:\/\/www.facebook.com\/Almetalbahn\/","article_modified_time":"2021-03-01T14:21:34+00:00","og_image":[{"url":"https:\/\/www.almetalbahn-online.de\/wp-content\/uploads\/2020\/02\/20161229_140413.jpg"}],"twitter_card":"summary_large_image","twitter_misc":{"Gesch\u00e4tzte Lesezeit":"6\u00a0Minuten"},"schema":{"@context":"https:\/\/schema.org","@graph":[{"@type":"WebPage","@id":"https:\/\/www.almetalbahn-online.de\/?page_id=2621","url":"https:\/\/www.almetalbahn-online.de\/?page_id=2621","name":"Befundung und Abbruch GW55 \"Hannover\" - Arbeitsgemeinschaft Historische Eisenbahn e.V.","isPartOf":{"@id":"https:\/\/www.almetalbahn-online.de\/#website"},"datePublished":"2020-02-09T17:41:30+00:00","dateModified":"2021-03-01T14:21:34+00:00","breadcrumb":{"@id":"https:\/\/www.almetalbahn-online.de\/?page_id=2621#breadcrumb"},"inLanguage":"de","potentialAction":[{"@type":"ReadAction","target":["https:\/\/www.almetalbahn-online.de\/?page_id=2621"]}]},{"@type":"BreadcrumbList","@id":"https:\/\/www.almetalbahn-online.de\/?page_id=2621#breadcrumb","itemListElement":[{"@type":"ListItem","position":1,"name":"Startseite","item":"https:\/\/www.almetalbahn-online.de\/"},{"@type":"ListItem","position":2,"name":"Projekte","item":"https:\/\/www.almetalbahn-online.de\/?page_id=453"},{"@type":"ListItem","position":3,"name":"Was geschah bisher?","item":"https:\/\/www.almetalbahn-online.de\/?page_id=486"},{"@type":"ListItem","position":4,"name":"Fahrzeugbeschaffung und -aufarbeitung","item":"https:\/\/www.almetalbahn-online.de\/?page_id=2432"},{"@type":"ListItem","position":5,"name":"Befundung und Abbruch GW55 &#8220;Hannover&#8221;"}]},{"@type":"WebSite","@id":"https:\/\/www.almetalbahn-online.de\/#website","url":"https:\/\/www.almetalbahn-online.de\/","name":"Arbeitsgemeinschaft Historische Eisenbahn e.V.","description":"Almetalbahn","publisher":{"@id":"https:\/\/www.almetalbahn-online.de\/#organization"},"potentialAction":[{"@type":"SearchAction","target":{"@type":"EntryPoint","urlTemplate":"https:\/\/www.almetalbahn-online.de\/?s={search_term_string}"},"query-input":"required name=search_term_string"}],"inLanguage":"de"},{"@type":"Organization","@id":"https:\/\/www.almetalbahn-online.de\/#organization","name":"Arbeitsgemeinschaft Historische Eisenbahn e.V.","url":"https:\/\/www.almetalbahn-online.de\/","logo":{"@type":"ImageObject","inLanguage":"de","@id":"https:\/\/www.almetalbahn-online.de\/#\/schema\/logo\/image\/","url":"https:\/\/www.almetalbahn-online.de\/wp-content\/uploads\/2019\/12\/T3_Zeichnung-e1573062427353.png","contentUrl":"https:\/\/www.almetalbahn-online.de\/wp-content\/uploads\/2019\/12\/T3_Zeichnung-e1573062427353.png","width":200,"height":97,"caption":"Arbeitsgemeinschaft Historische Eisenbahn e.V."},"image":{"@id":"https:\/\/www.almetalbahn-online.de\/#\/schema\/logo\/image\/"},"sameAs":["https:\/\/www.facebook.com\/Almetalbahn\/","https:\/\/www.instagram.com\/almetalbahn\/"]}]}},"_links":{"self":[{"href":"https:\/\/www.almetalbahn-online.de\/index.php?rest_route=\/wp\/v2\/pages\/2621"}],"collection":[{"href":"https:\/\/www.almetalbahn-online.de\/index.php?rest_route=\/wp\/v2\/pages"}],"about":[{"href":"https:\/\/www.almetalbahn-online.de\/index.php?rest_route=\/wp\/v2\/types\/page"}],"author":[{"embeddable":true,"href":"https:\/\/www.almetalbahn-online.de\/index.php?rest_route=\/wp\/v2\/users\/3"}],"replies":[{"embeddable":true,"href":"https:\/\/www.almetalbahn-online.de\/index.php?rest_route=%2Fwp%2Fv2%2Fcomments&post=2621"}],"version-history":[{"count":5,"href":"https:\/\/www.almetalbahn-online.de\/index.php?rest_route=\/wp\/v2\/pages\/2621\/revisions"}],"predecessor-version":[{"id":3398,"href":"https:\/\/www.almetalbahn-online.de\/index.php?rest_route=\/wp\/v2\/pages\/2621\/revisions\/3398"}],"up":[{"embeddable":true,"href":"https:\/\/www.almetalbahn-online.de\/index.php?rest_route=\/wp\/v2\/pages\/2432"}],"wp:attachment":[{"href":"https:\/\/www.almetalbahn-online.de\/index.php?rest_route=%2Fwp%2Fv2%2Fmedia&parent=2621"}],"curies":[{"name":"wp","href":"https:\/\/api.w.org\/{rel}","templated":true}]}}