{"id":2781,"date":"2020-03-11T20:52:20","date_gmt":"2020-03-11T19:52:20","guid":{"rendered":"https:\/\/www.almetalbahn-online.de\/?page_id=2781"},"modified":"2020-05-03T20:42:11","modified_gmt":"2020-05-03T18:42:11","slug":"die-zeit-vor-der-vereinsgruendung","status":"publish","type":"page","link":"https:\/\/www.almetalbahn-online.de\/?page_id=2781","title":{"rendered":"Die Zeit vor der Vereinsgr\u00fcndung"},"content":{"rendered":"\n<p> [vc_row][vc_column][vc_custom_heading text=&#8220;Erwachsenwerden in Kriegszeiten &#8211; ein abendlicher Erfahrungsbericht&#8220; font_container=&#8220;tag:h1|font_size:30|text_align:center|color:%23dd8f1a&#8220; use_theme_fonts=&#8220;yes&#8220;][\/vc_column][\/vc_row] <\/p>\n\n\n\n<p>[vc_row][vc_column][vc_column_text css=&#8220;.vc_custom_1575206934194{margin: 10px !important;}&#8220; ]<\/p>\n\n\n\n<p>M\u00f6llensen, in den fr\u00fchen 2000er Jahren. Der Ort liegt im Verlauf der ehemaligen Fortsetzung unserer &#8222;Almetalbahn&#8220; in Richtung Elze (Han) und war zuletzt Wohnort von Gerd. Gerd war in Almstedt aufgewachsen und dort viele, viele Jahre als Lehrer t\u00e4tig bevor es ihn in den Ort an der Despe verschlug. Doch pr\u00e4gende Jahre verbrachte er als junger Erwachsener ganz woanders\u2026.<\/p>\n\n\n\n<p>Ein lauschiger Sommerabend. Gerd sa\u00df vor seinem Haus in M\u00f6llensen und ein sp\u00e4teres Vereinsmitglied, wohl kaum 14 Jahre alt, kam gerade vom Bolzplatz zur\u00fcck. Die beiden kamen wie schon so oft ins Gespr\u00e4ch, Gerd hatte schlie\u00dflich nicht nur eine Modelleisenbahn, sondern interessierte sich auch f\u00fcr seine Mitmenschen und lie\u00df sie gern von seinem Erfahrungsschatz profitieren. Mittlerweile weit \u00fcber 70 Jahre alt war Gerd ein Mensch, der den zweiten Weltkrieg als Soldat miterlebt hatte. Er verlor wenige Worte \u00fcber den Krieg an sich. Er war ein altruistischer und humanistischer Mensch, sodass ihn Krieg anwiderte. Dennoch, so erz\u00e4hlte er, konnte er zun\u00e4chst nicht Lehrer werden, sondern musste nach Afrika an die Front, fernab des geliebten S\u00fcdhanges des Hildesheimer Waldes. Als er in Afrika in Gefangenschaft geriet, sei er froh gewesen: Etwa zwei Jahre seiner Jugend waren es, die er in der Gluthitze Afrikas verloren habe, in Angst um sich, seine Kameraden, seine Familie in Almstedt, aber auch die Menschen, die ihm gegen\u00fcberstanden. Ja &#8211; er verlor wahrlich nicht viele Worte \u00fcber die Zeit im Krieg und kein einziges war heroisch. Vielmehr berichtete er lebendig \u00fcber die Zeit in der Gefangenschaft. Mit Ende des zweiten Weltkrieges kam er nach Frankreich auf einen Bauernhof. Er lernte dort ein wenig Franz\u00f6sisch. Und er lernte die Vorz\u00fcge des friedlichen Miteinanders kennen. Er hatte Gl\u00fcck, denn obwohl er ein &#8222;Prisonni\u00e8re de guerre&#8220; (Kriegsgefangener) war, hatte er doch relativ viele Freiheiten auf dem Geh\u00f6ft. Die Arbeit und der Austausch auf dem Hof machten ihm Spa\u00df und lie\u00df ihn fast vergessen, dass erneut ein langer Zeitraum verstrich.<\/p>\n\n\n\n<p>Eines Tages kam die Entlassung aus der Kriegsgefangenschaft. Gerd war wieder ein freier Mann und konnte nach Almstedt zur\u00fcckkehren. Es war die Bahn, die ihn in Richtung Nordosten brachte. Die letzte Etappe f\u00fchrte ihn \u00fcber Hildesheim nach Bodenburg. Gerd h\u00e4tte einen guten Anschluss an den n\u00e4chsten Zug nach Almstedt &#8211; Segeste gehabt. Aber ihn bewegten viele Gedanken&#8230; wie w\u00e4re das Wiedersehen mit der Familie, insbesondere seiner Mutter\u2026? Die Sonne schien auf ihn nieder. Gerd entschloss sich, die letzten 4 km zu Fu\u00df zu gehen. Es war so viel Zeit vergangen, da kam es nun auf die paar Momente nicht drauf an\u2026 und es war ein lauschiger Tag.<\/p>\n\n\n\n<p>  [vc_row][vc_column][vc_custom_heading text=&#8220;Der umgeleitete Zug, der nicht weiterfahren wollte&#8220;  font_container=&#8220;tag:h1|font_size:30|text_align:center|color:%23dd8f1a&#8220;  use_theme_fonts=&#8220;yes&#8220;][\/vc_column][\/vc_row]  <\/p>\n\n\n\n<p> [vc_row][vc_column][vc_column_text css=&#8220;.vc_custom_1575206934194{margin: 10px !important;}&#8220; ] <\/p>\n\n\n\n<p>Es gibt immer wieder Erz\u00e4hlungen, die sich weder mit Sicherheit belegen, noch genau terminieren lassen. Fakt ist, dass die Strecke zwischen Bodenburg &#8211; und Elze (Han) viele Jahre fast durchg\u00e4ngig aus dem leichten Oberbau &#8222;preu\u00dfisch Form 6&#8220; bestanden hat. Dabei handelt es sich um relativ leichte Schienen, die nicht f\u00fcr gro\u00dfe Lasten ausgelegt sind. Des Weiteren waren insbesondere Teile der Strecke zwischen km 5 05 und Eitzum nicht in Schotter, sondern lediglich in Kies gebettet. Kiesbettung ist weniger als Schotter in der Lage, gro\u00dfe Kr\u00e4fte aufzunehmen. Das hei\u00dft, dass sich die Lage der Gleise schneller ver\u00e4ndert, wenn es zu \u00dcberbelastungen kommt. Ausgelegt war die Strecke auf Achslasten bis 15 Tonnen. Das war die \u00fcbliche Achslast typischer in Hildesheim beheimateter Nebenbahntenderlokomotiven wie der Baureihe 64, 86 oder der Schlepptenderdampflokomotive Baureihe 50.<\/p>\n\n\n\n<p>Im Rahmen von Umleitungen soll es auch dazu gekommen sein, dass Z\u00fcge mit Lokomotiven mit h\u00f6heren Achslasten diese Strecke befahren haben. Einmal soll sich ein Lokomotivf\u00fchrer auf einer &#8222;44&#8220;, das ist faktisch die schwerste deutsche Dampflokomotive (20 to Achslast!), geweigert haben, die Strecke hinter Almstedt &#8211; Segeste weiter zu befahren. Es ist nicht bekannt, ob die Fahrt dann abgebrochen oder &#8211; wohl unter Protest &#8211; fortgesetzt worden ist.<\/p>\n\n\n\n<p>Deutliche Abzehrungen der Schienen im Bereich zwischen Bodenburg und Breinum zeigen allerdings, dass die Schienen seit ihrer Montage im Jahr 1927 durchaus starken Belastungen ausgesetzt gewesen sein k\u00f6nnen.<\/p>\n\n\n\n<p>F\u00fcr einen langfristigen Betrieb ersetzt die AHE alle Betriebsgleise durch die gr\u00f6\u00dfere Form S49, die auch Achslasten von 20 Tonnen im Betrieb sicher aufnehmen kann, auch wenn faktisch alle Fahrzeuge der AHE eine maximal zul\u00e4ssige Achslast kleiner oder gleich 15 Tonnen haben. <\/p>\n\n\n\n<p>[\/vc_column_text][\/vc_column][\/vc_row]<\/p>\n","protected":false},"excerpt":{"rendered":"<p>[vc_row][vc_column][vc_custom_heading text=&#8220;Erwachsenwerden in Kriegszeiten &#8211; ein abendlicher Erfahrungsbericht&#8220; font_container=&#8220;tag:h1|font_size:30|text_align:center|color:%23dd8f1a&#8220; use_theme_fonts=&#8220;yes&#8220;][\/vc_column][\/vc_row] [vc_row][vc_column][vc_column_text css=&#8220;.vc_custom_1575206934194{margin: 10px !important;}&#8220; ] M\u00f6llensen, in den fr\u00fchen 2000er Jahren. Der Ort liegt im Verlauf der ehemaligen Fortsetzung unserer [&hellip;]<\/p>\n","protected":false},"author":3,"featured_media":0,"parent":486,"menu_order":0,"comment_status":"closed","ping_status":"closed","template":"","meta":{"_links_to":"","_links_to_target":""},"yoast_head":"<!-- This site is optimized with the Yoast SEO plugin v21.0 - https:\/\/yoast.com\/wordpress\/plugins\/seo\/ -->\n<title>Die Zeit vor der Vereinsgr\u00fcndung - Arbeitsgemeinschaft Historische Eisenbahn e.V.<\/title>\n<meta name=\"robots\" content=\"index, follow, max-snippet:-1, max-image-preview:large, max-video-preview:-1\" \/>\n<link rel=\"canonical\" href=\"https:\/\/www.almetalbahn-online.de\/?page_id=2781\" \/>\n<meta property=\"og:locale\" content=\"de_DE\" \/>\n<meta property=\"og:type\" content=\"article\" \/>\n<meta property=\"og:title\" content=\"Die Zeit vor der Vereinsgr\u00fcndung - Arbeitsgemeinschaft Historische Eisenbahn e.V.\" \/>\n<meta property=\"og:description\" content=\"[vc_row][vc_column][vc_custom_heading text=&#8220;Erwachsenwerden in Kriegszeiten &#8211; ein abendlicher Erfahrungsbericht&#8220; font_container=&#8220;tag:h1|font_size:30|text_align:center|color:%23dd8f1a&#8220; use_theme_fonts=&#8220;yes&#8220;][\/vc_column][\/vc_row] [vc_row][vc_column][vc_column_text css=&#8220;.vc_custom_1575206934194{margin: 10px !important;}&#8220; ] M\u00f6llensen, in den fr\u00fchen 2000er Jahren. Der Ort liegt im Verlauf der ehemaligen Fortsetzung unserer [&hellip;]\" \/>\n<meta property=\"og:url\" content=\"https:\/\/www.almetalbahn-online.de\/?page_id=2781\" \/>\n<meta property=\"og:site_name\" content=\"Arbeitsgemeinschaft Historische Eisenbahn e.V.\" \/>\n<meta property=\"article:publisher\" content=\"https:\/\/www.facebook.com\/Almetalbahn\/\" \/>\n<meta property=\"article:modified_time\" content=\"2020-05-03T18:42:11+00:00\" \/>\n<meta name=\"twitter:card\" content=\"summary_large_image\" \/>\n<meta name=\"twitter:label1\" content=\"Gesch\u00e4tzte Lesezeit\" \/>\n\t<meta name=\"twitter:data1\" content=\"4\u00a0Minuten\" \/>\n<script type=\"application\/ld+json\" class=\"yoast-schema-graph\">{\"@context\":\"https:\/\/schema.org\",\"@graph\":[{\"@type\":\"WebPage\",\"@id\":\"https:\/\/www.almetalbahn-online.de\/?page_id=2781\",\"url\":\"https:\/\/www.almetalbahn-online.de\/?page_id=2781\",\"name\":\"Die Zeit vor der Vereinsgr\u00fcndung - Arbeitsgemeinschaft Historische Eisenbahn e.V.\",\"isPartOf\":{\"@id\":\"https:\/\/www.almetalbahn-online.de\/#website\"},\"datePublished\":\"2020-03-11T19:52:20+00:00\",\"dateModified\":\"2020-05-03T18:42:11+00:00\",\"breadcrumb\":{\"@id\":\"https:\/\/www.almetalbahn-online.de\/?page_id=2781#breadcrumb\"},\"inLanguage\":\"de\",\"potentialAction\":[{\"@type\":\"ReadAction\",\"target\":[\"https:\/\/www.almetalbahn-online.de\/?page_id=2781\"]}]},{\"@type\":\"BreadcrumbList\",\"@id\":\"https:\/\/www.almetalbahn-online.de\/?page_id=2781#breadcrumb\",\"itemListElement\":[{\"@type\":\"ListItem\",\"position\":1,\"name\":\"Startseite\",\"item\":\"https:\/\/www.almetalbahn-online.de\/\"},{\"@type\":\"ListItem\",\"position\":2,\"name\":\"Projekte\",\"item\":\"https:\/\/www.almetalbahn-online.de\/?page_id=453\"},{\"@type\":\"ListItem\",\"position\":3,\"name\":\"Was geschah bisher?\",\"item\":\"https:\/\/www.almetalbahn-online.de\/?page_id=486\"},{\"@type\":\"ListItem\",\"position\":4,\"name\":\"Die Zeit vor der Vereinsgr\u00fcndung\"}]},{\"@type\":\"WebSite\",\"@id\":\"https:\/\/www.almetalbahn-online.de\/#website\",\"url\":\"https:\/\/www.almetalbahn-online.de\/\",\"name\":\"Arbeitsgemeinschaft Historische Eisenbahn e.V.\",\"description\":\"Almetalbahn\",\"publisher\":{\"@id\":\"https:\/\/www.almetalbahn-online.de\/#organization\"},\"potentialAction\":[{\"@type\":\"SearchAction\",\"target\":{\"@type\":\"EntryPoint\",\"urlTemplate\":\"https:\/\/www.almetalbahn-online.de\/?s={search_term_string}\"},\"query-input\":\"required name=search_term_string\"}],\"inLanguage\":\"de\"},{\"@type\":\"Organization\",\"@id\":\"https:\/\/www.almetalbahn-online.de\/#organization\",\"name\":\"Arbeitsgemeinschaft Historische Eisenbahn e.V.\",\"url\":\"https:\/\/www.almetalbahn-online.de\/\",\"logo\":{\"@type\":\"ImageObject\",\"inLanguage\":\"de\",\"@id\":\"https:\/\/www.almetalbahn-online.de\/#\/schema\/logo\/image\/\",\"url\":\"https:\/\/www.almetalbahn-online.de\/wp-content\/uploads\/2019\/12\/T3_Zeichnung-e1573062427353.png\",\"contentUrl\":\"https:\/\/www.almetalbahn-online.de\/wp-content\/uploads\/2019\/12\/T3_Zeichnung-e1573062427353.png\",\"width\":200,\"height\":97,\"caption\":\"Arbeitsgemeinschaft Historische Eisenbahn e.V.\"},\"image\":{\"@id\":\"https:\/\/www.almetalbahn-online.de\/#\/schema\/logo\/image\/\"},\"sameAs\":[\"https:\/\/www.facebook.com\/Almetalbahn\/\",\"https:\/\/www.instagram.com\/almetalbahn\/\"]}]}<\/script>\n<!-- \/ Yoast SEO plugin. -->","yoast_head_json":{"title":"Die Zeit vor der Vereinsgr\u00fcndung - Arbeitsgemeinschaft Historische Eisenbahn e.V.","robots":{"index":"index","follow":"follow","max-snippet":"max-snippet:-1","max-image-preview":"max-image-preview:large","max-video-preview":"max-video-preview:-1"},"canonical":"https:\/\/www.almetalbahn-online.de\/?page_id=2781","og_locale":"de_DE","og_type":"article","og_title":"Die Zeit vor der Vereinsgr\u00fcndung - Arbeitsgemeinschaft Historische Eisenbahn e.V.","og_description":"[vc_row][vc_column][vc_custom_heading text=&#8220;Erwachsenwerden in Kriegszeiten &#8211; ein abendlicher Erfahrungsbericht&#8220; font_container=&#8220;tag:h1|font_size:30|text_align:center|color:%23dd8f1a&#8220; use_theme_fonts=&#8220;yes&#8220;][\/vc_column][\/vc_row] [vc_row][vc_column][vc_column_text css=&#8220;.vc_custom_1575206934194{margin: 10px !important;}&#8220; ] M\u00f6llensen, in den fr\u00fchen 2000er Jahren. Der Ort liegt im Verlauf der ehemaligen Fortsetzung unserer [&hellip;]","og_url":"https:\/\/www.almetalbahn-online.de\/?page_id=2781","og_site_name":"Arbeitsgemeinschaft Historische Eisenbahn e.V.","article_publisher":"https:\/\/www.facebook.com\/Almetalbahn\/","article_modified_time":"2020-05-03T18:42:11+00:00","twitter_card":"summary_large_image","twitter_misc":{"Gesch\u00e4tzte Lesezeit":"4\u00a0Minuten"},"schema":{"@context":"https:\/\/schema.org","@graph":[{"@type":"WebPage","@id":"https:\/\/www.almetalbahn-online.de\/?page_id=2781","url":"https:\/\/www.almetalbahn-online.de\/?page_id=2781","name":"Die Zeit vor der Vereinsgr\u00fcndung - Arbeitsgemeinschaft Historische Eisenbahn e.V.","isPartOf":{"@id":"https:\/\/www.almetalbahn-online.de\/#website"},"datePublished":"2020-03-11T19:52:20+00:00","dateModified":"2020-05-03T18:42:11+00:00","breadcrumb":{"@id":"https:\/\/www.almetalbahn-online.de\/?page_id=2781#breadcrumb"},"inLanguage":"de","potentialAction":[{"@type":"ReadAction","target":["https:\/\/www.almetalbahn-online.de\/?page_id=2781"]}]},{"@type":"BreadcrumbList","@id":"https:\/\/www.almetalbahn-online.de\/?page_id=2781#breadcrumb","itemListElement":[{"@type":"ListItem","position":1,"name":"Startseite","item":"https:\/\/www.almetalbahn-online.de\/"},{"@type":"ListItem","position":2,"name":"Projekte","item":"https:\/\/www.almetalbahn-online.de\/?page_id=453"},{"@type":"ListItem","position":3,"name":"Was geschah bisher?","item":"https:\/\/www.almetalbahn-online.de\/?page_id=486"},{"@type":"ListItem","position":4,"name":"Die Zeit vor der Vereinsgr\u00fcndung"}]},{"@type":"WebSite","@id":"https:\/\/www.almetalbahn-online.de\/#website","url":"https:\/\/www.almetalbahn-online.de\/","name":"Arbeitsgemeinschaft Historische Eisenbahn e.V.","description":"Almetalbahn","publisher":{"@id":"https:\/\/www.almetalbahn-online.de\/#organization"},"potentialAction":[{"@type":"SearchAction","target":{"@type":"EntryPoint","urlTemplate":"https:\/\/www.almetalbahn-online.de\/?s={search_term_string}"},"query-input":"required name=search_term_string"}],"inLanguage":"de"},{"@type":"Organization","@id":"https:\/\/www.almetalbahn-online.de\/#organization","name":"Arbeitsgemeinschaft Historische Eisenbahn e.V.","url":"https:\/\/www.almetalbahn-online.de\/","logo":{"@type":"ImageObject","inLanguage":"de","@id":"https:\/\/www.almetalbahn-online.de\/#\/schema\/logo\/image\/","url":"https:\/\/www.almetalbahn-online.de\/wp-content\/uploads\/2019\/12\/T3_Zeichnung-e1573062427353.png","contentUrl":"https:\/\/www.almetalbahn-online.de\/wp-content\/uploads\/2019\/12\/T3_Zeichnung-e1573062427353.png","width":200,"height":97,"caption":"Arbeitsgemeinschaft Historische Eisenbahn e.V."},"image":{"@id":"https:\/\/www.almetalbahn-online.de\/#\/schema\/logo\/image\/"},"sameAs":["https:\/\/www.facebook.com\/Almetalbahn\/","https:\/\/www.instagram.com\/almetalbahn\/"]}]}},"_links":{"self":[{"href":"https:\/\/www.almetalbahn-online.de\/index.php?rest_route=\/wp\/v2\/pages\/2781"}],"collection":[{"href":"https:\/\/www.almetalbahn-online.de\/index.php?rest_route=\/wp\/v2\/pages"}],"about":[{"href":"https:\/\/www.almetalbahn-online.de\/index.php?rest_route=\/wp\/v2\/types\/page"}],"author":[{"embeddable":true,"href":"https:\/\/www.almetalbahn-online.de\/index.php?rest_route=\/wp\/v2\/users\/3"}],"replies":[{"embeddable":true,"href":"https:\/\/www.almetalbahn-online.de\/index.php?rest_route=%2Fwp%2Fv2%2Fcomments&post=2781"}],"version-history":[{"count":19,"href":"https:\/\/www.almetalbahn-online.de\/index.php?rest_route=\/wp\/v2\/pages\/2781\/revisions"}],"predecessor-version":[{"id":2918,"href":"https:\/\/www.almetalbahn-online.de\/index.php?rest_route=\/wp\/v2\/pages\/2781\/revisions\/2918"}],"up":[{"embeddable":true,"href":"https:\/\/www.almetalbahn-online.de\/index.php?rest_route=\/wp\/v2\/pages\/486"}],"wp:attachment":[{"href":"https:\/\/www.almetalbahn-online.de\/index.php?rest_route=%2Fwp%2Fv2%2Fmedia&parent=2781"}],"curies":[{"name":"wp","href":"https:\/\/api.w.org\/{rel}","templated":true}]}}