{"id":3312,"date":"2021-01-24T12:58:59","date_gmt":"2021-01-24T11:58:59","guid":{"rendered":"https:\/\/www.almetalbahn-online.de\/?page_id=3312"},"modified":"2021-01-28T20:39:41","modified_gmt":"2021-01-28T19:39:41","slug":"aufarbeitung-eines-anhaengers-fuer-den-elektrischen-bahnsteigkarren","status":"publish","type":"page","link":"https:\/\/www.almetalbahn-online.de\/?page_id=3312","title":{"rendered":"Aufarbeitung eines Anh\u00e4ngers f\u00fcr den elektrischen Bahnsteigkarren"},"content":{"rendered":"\n<p> [vc_row][vc_column][vc_column_text css=&#8220;.vc_custom_1575206934194{margin: 10px !important;}&#8220;] <\/p>\n\n\n\n<p>Im Bestand der AHE befindet sich eine Vielzahl verschiedener Exponate aus dem Eisenbahnwesen, die keine Schienenfahrzeuge sind. Neben Geb\u00e4uden, Signal- und Kommunikationstechnik geh\u00f6ren auch Bahnsteigkarren dazu. Nachdem im Fr\u00fchjahr 2019 der <a href=\"https:\/\/www.almetalbahn-online.de\/?page_id=1012\">Elektrobahnsteigkarren <\/a>durch eine Instandsetzung des Batteriepaketes wieder einsatzf\u00e4hig war, fassten einige Mitglieder den Entschluss, <a href=\"https:\/\/www.almetalbahn-online.de\/?page_id=2672\">den zugeh\u00f6rigen Anh\u00e4nger zum Elektrobahnsteigkarren aufzuarbeiten<\/a>. <\/p>\n\n\n\n<p>Damit der elektrische Bahnsteigkarren unseres Vereins noch ansprechender pr\u00e4sentiert werden kann, haben sich zwei junge Vereinsmitglieder Anfang November dazu entschlossen, einen weiteren Anh\u00e4nger bis zum ersten Fahrtag im Mai 2021 komplett aufzuarbeiten. Dieser Entschluss wurde vor dem gro\u00dfen Corona-Lockdown gefasst, weswegen die Arbeiten seit Dezember 2020 ruhen. Das Zwischenergebnis soll hier aber dennoch pr\u00e4sentiert werden, denn es zeigt, dass das Engagement in einer Museumsbahn altersunabh\u00e4ngig ist und auch junge Menschen nicht nur bei der Betrachtung in Erstaunen, sondern auch beim Mitmachen in Begeisterung kommen k\u00f6nnen. Der folgende bebilderte Bericht stammt daher auch weitestgehend aus der Feder der ausf\u00fchrenden Jugendlichen.<\/p>\n\n\n\n<div class=\"is-layout-flex wp-container-3 wp-block-columns\">\n<div class=\"is-layout-flow wp-block-column\">\n<figure class=\"wp-block-image size-large\"><img decoding=\"async\" loading=\"lazy\" width=\"320\" height=\"240\" src=\"https:\/\/www.almetalbahn-online.de\/wp-content\/uploads\/2021\/01\/20201031_144906.jpg\" alt=\"\" class=\"wp-image-3314\" srcset=\"https:\/\/www.almetalbahn-online.de\/wp-content\/uploads\/2021\/01\/20201031_144906.jpg 320w, https:\/\/www.almetalbahn-online.de\/wp-content\/uploads\/2021\/01\/20201031_144906-300x225.jpg 300w\" sizes=\"(max-width: 320px) 100vw, 320px\" \/><figcaption>  Der Wagen unmittelbar nach dem Beginn der Aufarbeitung. Wesentlich besser war der Zustand allerdings auch vorher nicht, sodass es sozusagen das Bild &#8222;als alles begann&#8220; ist.  <\/figcaption><\/figure>\n<\/div>\n\n\n\n<div class=\"is-layout-flow wp-block-column\">\n<figure class=\"wp-block-image size-large\"><img decoding=\"async\" loading=\"lazy\" width=\"320\" height=\"240\" src=\"https:\/\/www.almetalbahn-online.de\/wp-content\/uploads\/2021\/01\/20201121_133331.jpg\" alt=\"\" class=\"wp-image-3315\" srcset=\"https:\/\/www.almetalbahn-online.de\/wp-content\/uploads\/2021\/01\/20201121_133331.jpg 320w, https:\/\/www.almetalbahn-online.de\/wp-content\/uploads\/2021\/01\/20201121_133331-300x225.jpg 300w\" sizes=\"(max-width: 320px) 100vw, 320px\" \/><figcaption>  Der erste Schritt war nun, die alten morschen Bretter zu entfernen. Dies stellte sich als kleine Herausforderung heraus, da die Bretter mit Stahlriemen und verrosteten Schrauben befestigt waren (siehe auch Bild links). <\/figcaption><\/figure>\n<\/div>\n<\/div>\n\n\n\n<div class=\"is-layout-flex wp-container-6 wp-block-columns\">\n<div class=\"is-layout-flow wp-block-column\">\n<figure class=\"wp-block-image size-large\"><img decoding=\"async\" loading=\"lazy\" width=\"240\" height=\"320\" src=\"https:\/\/www.almetalbahn-online.de\/wp-content\/uploads\/2021\/01\/IMG_0865-rotated.jpg\" alt=\"\" class=\"wp-image-3323\" srcset=\"https:\/\/www.almetalbahn-online.de\/wp-content\/uploads\/2021\/01\/IMG_0865-rotated.jpg 240w, https:\/\/www.almetalbahn-online.de\/wp-content\/uploads\/2021\/01\/IMG_0865-225x300.jpg 225w\" sizes=\"(max-width: 240px) 100vw, 240px\" \/><figcaption>Also mussten mit S\u00e4ge und Stemmeisen die Bretter herausgebrochen und zerkleinert werden. Manchmal musste auch ziemlich getrickst werden, um die Bretter aus den Verankerungen zu entfernen. Das hei\u00dft, es wurde auch schon mal mit Hammer und Keil um eine Schraube drumrum das Holz entfernt. Die Stahlriemen und Schrauben wurden abgeflext. <\/figcaption><\/figure>\n<\/div>\n\n\n\n<div class=\"is-layout-flow wp-block-column\">\n<figure class=\"wp-block-image size-large\"><img decoding=\"async\" loading=\"lazy\" width=\"320\" height=\"240\" src=\"https:\/\/www.almetalbahn-online.de\/wp-content\/uploads\/2021\/01\/IMG_0866.jpg\" alt=\"\" class=\"wp-image-3324\" srcset=\"https:\/\/www.almetalbahn-online.de\/wp-content\/uploads\/2021\/01\/IMG_0866.jpg 320w, https:\/\/www.almetalbahn-online.de\/wp-content\/uploads\/2021\/01\/IMG_0866-300x225.jpg 300w\" sizes=\"(max-width: 320px) 100vw, 320px\" \/><figcaption>  Bei dieser Arbeit kann man schon mal ins Schwitzen geraten. Hier brauchte man aber nur wenig R\u00fccksicht auf Verluste nehmen. Das Sch\u00f6ne daran ist: Fortschritte sind schnell zu sehen! Die letzten Bretter allerdings sollten m\u00f6glichst an einem St\u00fcck entfernt werden, da wir eine Vorlage f\u00fcr die neuen Bretter ben\u00f6tigen. Ebenfalls ein Riemen sollte ganz bleiben.<\/figcaption><\/figure>\n<\/div>\n<\/div>\n\n\n\n<p>Nachdem die letzten Bretter nun vorsichtig entfernt waren, wurden noch die letzten \u00fcbrig geblieben Schrauben entfernt sowie der letzte Stahlriemen. Der n\u00e4chste Schritt war es nun, den Wagen aus der Achse zu heben um selbige zu reinigen und neu zu lackieren.<\/p>\n\n\n\n<p>Der Wagen hat nur eine Achse, hinten, daher hat er auch den w\u00f6rtlich gemeinten Spitznamen \u201eDreirad\u201c. Au\u00dferdem sollten die Kugellager auf Besch\u00e4digungen und Verunreinigungen gepr\u00fcft und neu gefettet werden.<\/p>\n\n\n\n<div class=\"is-layout-flex wp-container-9 wp-block-columns\">\n<div class=\"is-layout-flow wp-block-column\">\n<figure class=\"wp-block-image size-large\"><img decoding=\"async\" loading=\"lazy\" width=\"320\" height=\"240\" src=\"https:\/\/www.almetalbahn-online.de\/wp-content\/uploads\/2021\/01\/IMG_0859.jpg\" alt=\"\" class=\"wp-image-3317\" srcset=\"https:\/\/www.almetalbahn-online.de\/wp-content\/uploads\/2021\/01\/IMG_0859.jpg 320w, https:\/\/www.almetalbahn-online.de\/wp-content\/uploads\/2021\/01\/IMG_0859-300x225.jpg 300w\" sizes=\"(max-width: 320px) 100vw, 320px\" \/><figcaption>So sah das Zwischenergebnis aus: Gestell, Achse und R\u00e4der sind voneinander getrennt. Das Gestell des Wagens wird in einer Fachfirma gesandstrahlt, wodurch uns viel Arbeit erspart wird und auch das Aufarbeitungsergebnis sicherlich stark von profitieren wird &#8211; im Sinne der Langlebigkeit ein lohnendes Vorgehen.<\/figcaption><\/figure>\n<\/div>\n\n\n\n<div class=\"is-layout-flow wp-block-column\">\n<figure class=\"wp-block-image size-large\"><img decoding=\"async\" loading=\"lazy\" width=\"640\" height=\"480\" src=\"https:\/\/www.almetalbahn-online.de\/wp-content\/uploads\/2021\/01\/IMG_0860-2.jpg\" alt=\"\" class=\"wp-image-3319\" srcset=\"https:\/\/www.almetalbahn-online.de\/wp-content\/uploads\/2021\/01\/IMG_0860-2.jpg 640w, https:\/\/www.almetalbahn-online.de\/wp-content\/uploads\/2021\/01\/IMG_0860-2-300x225.jpg 300w, https:\/\/www.almetalbahn-online.de\/wp-content\/uploads\/2021\/01\/IMG_0860-2-600x450.jpg 600w\" sizes=\"(max-width: 640px) 100vw, 640px\" \/><figcaption>  Die Achse und die R\u00e4der werden bei uns nun neu aufgearbeitet und lackiert. Zun\u00e4chst einmal befunden. Sehr interessant f\u00fcr uns! Die Achse wurde nun auseinander genommen und die einzelnen Teile gereinigt.<\/figcaption><\/figure>\n<\/div>\n<\/div>\n\n\n\n<div class=\"is-layout-flex wp-container-12 wp-block-columns\">\n<div class=\"is-layout-flow wp-block-column\">\n<figure class=\"wp-block-image size-large is-resized\"><img decoding=\"async\" loading=\"lazy\" src=\"https:\/\/www.almetalbahn-online.de\/wp-content\/uploads\/2021\/01\/IMG_0861.jpg\" alt=\"\" class=\"wp-image-3320\" width=\"359\" height=\"152\" srcset=\"https:\/\/www.almetalbahn-online.de\/wp-content\/uploads\/2021\/01\/IMG_0861.jpg 640w, https:\/\/www.almetalbahn-online.de\/wp-content\/uploads\/2021\/01\/IMG_0861-300x127.jpg 300w, https:\/\/www.almetalbahn-online.de\/wp-content\/uploads\/2021\/01\/IMG_0861-600x254.jpg 600w\" sizes=\"(max-width: 359px) 100vw, 359px\" \/><figcaption>Nachdem die Achse nun in ihre Bestandteile zerlegt worden war, mussten selbige nat\u00fcrlich auch gr\u00fcndlich gereinigt werden und der bestimmt 50 Jahre alte Lack abgeschliffen werden. Die Arbeit wurde gut aufgeteilt.<\/figcaption><\/figure>\n<\/div>\n\n\n\n<div class=\"is-layout-flow wp-block-column\">\n<figure class=\"wp-block-image size-large\"><img decoding=\"async\" loading=\"lazy\" width=\"640\" height=\"480\" src=\"https:\/\/www.almetalbahn-online.de\/wp-content\/uploads\/2021\/01\/IMG_0869.jpg\" alt=\"\" class=\"wp-image-3325\" srcset=\"https:\/\/www.almetalbahn-online.de\/wp-content\/uploads\/2021\/01\/IMG_0869.jpg 640w, https:\/\/www.almetalbahn-online.de\/wp-content\/uploads\/2021\/01\/IMG_0869-300x225.jpg 300w, https:\/\/www.almetalbahn-online.de\/wp-content\/uploads\/2021\/01\/IMG_0869-600x450.jpg 600w\" sizes=\"(max-width: 640px) 100vw, 640px\" \/><figcaption>  Der eine k\u00fcmmert sich um  die gro\u00dfen Sachen und der der andere macht die kleinen Sachen wieder h\u00fcbsch.<\/figcaption><\/figure>\n<\/div>\n<\/div>\n\n\n\n<div class=\"is-layout-flex wp-container-15 wp-block-columns\">\n<div class=\"is-layout-flow wp-block-column\">\n<figure class=\"wp-block-image size-large is-resized\"><img decoding=\"async\" loading=\"lazy\" src=\"https:\/\/www.almetalbahn-online.de\/wp-content\/uploads\/2021\/01\/IMG_0870-rotated.jpg\" alt=\"\" class=\"wp-image-3326\" width=\"240\" height=\"320\" srcset=\"https:\/\/www.almetalbahn-online.de\/wp-content\/uploads\/2021\/01\/IMG_0870-rotated.jpg 480w, https:\/\/www.almetalbahn-online.de\/wp-content\/uploads\/2021\/01\/IMG_0870-225x300.jpg 225w\" sizes=\"(max-width: 240px) 100vw, 240px\" \/><figcaption>Es war spannend und lehrreich &#8211; so soll man zum Beispiel nicht viel mit dem Pinsel posieren \ud83d\ude09<\/figcaption><\/figure>\n<\/div>\n\n\n\n<div class=\"is-layout-flow wp-block-column\">\n<figure class=\"wp-block-image size-large\"><img decoding=\"async\" loading=\"lazy\" width=\"640\" height=\"480\" src=\"https:\/\/www.almetalbahn-online.de\/wp-content\/uploads\/2021\/01\/IMG_0863.jpg\" alt=\"\" class=\"wp-image-3322\" srcset=\"https:\/\/www.almetalbahn-online.de\/wp-content\/uploads\/2021\/01\/IMG_0863.jpg 640w, https:\/\/www.almetalbahn-online.de\/wp-content\/uploads\/2021\/01\/IMG_0863-300x225.jpg 300w, https:\/\/www.almetalbahn-online.de\/wp-content\/uploads\/2021\/01\/IMG_0863-600x450.jpg 600w\" sizes=\"(max-width: 640px) 100vw, 640px\" \/><figcaption>  Die Achse nach dem Schliff und der ersten Schicht Farbe.<\/figcaption><\/figure>\n\n\n\n<p><\/p>\n<\/div>\n<\/div>\n\n\n\n<p>Auch wenn Momentan die Arbeiten coronabedingt ruhen, steht noch einiges an: <br>die R\u00e4der m\u00fcssen noch aufgearbeitet werden und auch die restlichen Kleinteile warten auf die Lackierung. Auch die Einf\u00fchrung in die Technik der Kugellager steht noch aus, denn die konnte aufgrund der Coronabestimmungen noch nicht stattfinden. Wenn das Gestell vom Sandstrahlen zur\u00fcck kommt, werden wir den Wagen wieder zusammenbauen und noch viel zur Holzbearbeitung lernen. Es bleibt spannend!<\/p>\n\n\n\n<p>Wir halten Sie auf dem Laufenden wie es mit der Aufarbeitung weiter geht!<\/p>\n\n\n\n<p>Merlin (Text) und Laurin (Bilder) im Januar 2021<\/p>\n\n\n\n<p>  [\/vc_column_text][\/vc_column][\/vc_row]  <\/p>\n","protected":false},"excerpt":{"rendered":"<p>[vc_row][vc_column][vc_column_text css=&#8220;.vc_custom_1575206934194{margin: 10px !important;}&#8220;] Im Bestand der AHE befindet sich eine Vielzahl verschiedener Exponate aus dem Eisenbahnwesen, die keine Schienenfahrzeuge sind. Neben Geb\u00e4uden, Signal- und Kommunikationstechnik geh\u00f6ren auch Bahnsteigkarren dazu. [&hellip;]<\/p>\n","protected":false},"author":3,"featured_media":0,"parent":2432,"menu_order":0,"comment_status":"closed","ping_status":"closed","template":"","meta":{"_links_to":"","_links_to_target":""},"yoast_head":"<!-- This site is optimized with the Yoast SEO plugin v21.0 - https:\/\/yoast.com\/wordpress\/plugins\/seo\/ -->\n<title>Aufarbeitung eines Anh\u00e4ngers f\u00fcr den elektrischen Bahnsteigkarren - Arbeitsgemeinschaft Historische Eisenbahn e.V.<\/title>\n<meta name=\"robots\" content=\"index, follow, max-snippet:-1, max-image-preview:large, max-video-preview:-1\" \/>\n<link rel=\"canonical\" href=\"https:\/\/www.almetalbahn-online.de\/?page_id=3312\" \/>\n<meta property=\"og:locale\" content=\"de_DE\" \/>\n<meta property=\"og:type\" content=\"article\" \/>\n<meta property=\"og:title\" content=\"Aufarbeitung eines Anh\u00e4ngers f\u00fcr den elektrischen Bahnsteigkarren - Arbeitsgemeinschaft Historische Eisenbahn e.V.\" \/>\n<meta property=\"og:description\" content=\"[vc_row][vc_column][vc_column_text css=&#8220;.vc_custom_1575206934194{margin: 10px !important;}&#8220;] Im Bestand der AHE befindet sich eine Vielzahl verschiedener Exponate aus dem Eisenbahnwesen, die keine Schienenfahrzeuge sind. Neben Geb\u00e4uden, Signal- und Kommunikationstechnik geh\u00f6ren auch Bahnsteigkarren dazu. [&hellip;]\" \/>\n<meta property=\"og:url\" content=\"https:\/\/www.almetalbahn-online.de\/?page_id=3312\" \/>\n<meta property=\"og:site_name\" content=\"Arbeitsgemeinschaft Historische Eisenbahn e.V.\" \/>\n<meta property=\"article:publisher\" content=\"https:\/\/www.facebook.com\/Almetalbahn\/\" \/>\n<meta property=\"article:modified_time\" content=\"2021-01-28T19:39:41+00:00\" \/>\n<meta property=\"og:image\" content=\"https:\/\/www.almetalbahn-online.de\/wp-content\/uploads\/2021\/01\/20201031_144906.jpg\" \/>\n<meta name=\"twitter:card\" content=\"summary_large_image\" \/>\n<meta name=\"twitter:label1\" content=\"Gesch\u00e4tzte Lesezeit\" \/>\n\t<meta name=\"twitter:data1\" content=\"5\u00a0Minuten\" \/>\n<script type=\"application\/ld+json\" class=\"yoast-schema-graph\">{\"@context\":\"https:\/\/schema.org\",\"@graph\":[{\"@type\":\"WebPage\",\"@id\":\"https:\/\/www.almetalbahn-online.de\/?page_id=3312\",\"url\":\"https:\/\/www.almetalbahn-online.de\/?page_id=3312\",\"name\":\"Aufarbeitung eines Anh\u00e4ngers f\u00fcr den elektrischen Bahnsteigkarren - Arbeitsgemeinschaft Historische Eisenbahn e.V.\",\"isPartOf\":{\"@id\":\"https:\/\/www.almetalbahn-online.de\/#website\"},\"datePublished\":\"2021-01-24T11:58:59+00:00\",\"dateModified\":\"2021-01-28T19:39:41+00:00\",\"breadcrumb\":{\"@id\":\"https:\/\/www.almetalbahn-online.de\/?page_id=3312#breadcrumb\"},\"inLanguage\":\"de\",\"potentialAction\":[{\"@type\":\"ReadAction\",\"target\":[\"https:\/\/www.almetalbahn-online.de\/?page_id=3312\"]}]},{\"@type\":\"BreadcrumbList\",\"@id\":\"https:\/\/www.almetalbahn-online.de\/?page_id=3312#breadcrumb\",\"itemListElement\":[{\"@type\":\"ListItem\",\"position\":1,\"name\":\"Startseite\",\"item\":\"https:\/\/www.almetalbahn-online.de\/\"},{\"@type\":\"ListItem\",\"position\":2,\"name\":\"Projekte\",\"item\":\"https:\/\/www.almetalbahn-online.de\/?page_id=453\"},{\"@type\":\"ListItem\",\"position\":3,\"name\":\"Was geschah bisher?\",\"item\":\"https:\/\/www.almetalbahn-online.de\/?page_id=486\"},{\"@type\":\"ListItem\",\"position\":4,\"name\":\"Fahrzeugbeschaffung und -aufarbeitung\",\"item\":\"https:\/\/www.almetalbahn-online.de\/?page_id=2432\"},{\"@type\":\"ListItem\",\"position\":5,\"name\":\"Aufarbeitung eines Anh\u00e4ngers f\u00fcr den elektrischen Bahnsteigkarren\"}]},{\"@type\":\"WebSite\",\"@id\":\"https:\/\/www.almetalbahn-online.de\/#website\",\"url\":\"https:\/\/www.almetalbahn-online.de\/\",\"name\":\"Arbeitsgemeinschaft Historische Eisenbahn e.V.\",\"description\":\"Almetalbahn\",\"publisher\":{\"@id\":\"https:\/\/www.almetalbahn-online.de\/#organization\"},\"potentialAction\":[{\"@type\":\"SearchAction\",\"target\":{\"@type\":\"EntryPoint\",\"urlTemplate\":\"https:\/\/www.almetalbahn-online.de\/?s={search_term_string}\"},\"query-input\":\"required name=search_term_string\"}],\"inLanguage\":\"de\"},{\"@type\":\"Organization\",\"@id\":\"https:\/\/www.almetalbahn-online.de\/#organization\",\"name\":\"Arbeitsgemeinschaft Historische Eisenbahn e.V.\",\"url\":\"https:\/\/www.almetalbahn-online.de\/\",\"logo\":{\"@type\":\"ImageObject\",\"inLanguage\":\"de\",\"@id\":\"https:\/\/www.almetalbahn-online.de\/#\/schema\/logo\/image\/\",\"url\":\"https:\/\/www.almetalbahn-online.de\/wp-content\/uploads\/2019\/12\/T3_Zeichnung-e1573062427353.png\",\"contentUrl\":\"https:\/\/www.almetalbahn-online.de\/wp-content\/uploads\/2019\/12\/T3_Zeichnung-e1573062427353.png\",\"width\":200,\"height\":97,\"caption\":\"Arbeitsgemeinschaft Historische Eisenbahn e.V.\"},\"image\":{\"@id\":\"https:\/\/www.almetalbahn-online.de\/#\/schema\/logo\/image\/\"},\"sameAs\":[\"https:\/\/www.facebook.com\/Almetalbahn\/\",\"https:\/\/www.instagram.com\/almetalbahn\/\"]}]}<\/script>\n<!-- \/ Yoast SEO plugin. -->","yoast_head_json":{"title":"Aufarbeitung eines Anh\u00e4ngers f\u00fcr den elektrischen Bahnsteigkarren - Arbeitsgemeinschaft Historische Eisenbahn e.V.","robots":{"index":"index","follow":"follow","max-snippet":"max-snippet:-1","max-image-preview":"max-image-preview:large","max-video-preview":"max-video-preview:-1"},"canonical":"https:\/\/www.almetalbahn-online.de\/?page_id=3312","og_locale":"de_DE","og_type":"article","og_title":"Aufarbeitung eines Anh\u00e4ngers f\u00fcr den elektrischen Bahnsteigkarren - Arbeitsgemeinschaft Historische Eisenbahn e.V.","og_description":"[vc_row][vc_column][vc_column_text css=&#8220;.vc_custom_1575206934194{margin: 10px !important;}&#8220;] Im Bestand der AHE befindet sich eine Vielzahl verschiedener Exponate aus dem Eisenbahnwesen, die keine Schienenfahrzeuge sind. Neben Geb\u00e4uden, Signal- und Kommunikationstechnik geh\u00f6ren auch Bahnsteigkarren dazu. [&hellip;]","og_url":"https:\/\/www.almetalbahn-online.de\/?page_id=3312","og_site_name":"Arbeitsgemeinschaft Historische Eisenbahn e.V.","article_publisher":"https:\/\/www.facebook.com\/Almetalbahn\/","article_modified_time":"2021-01-28T19:39:41+00:00","og_image":[{"url":"https:\/\/www.almetalbahn-online.de\/wp-content\/uploads\/2021\/01\/20201031_144906.jpg"}],"twitter_card":"summary_large_image","twitter_misc":{"Gesch\u00e4tzte Lesezeit":"5\u00a0Minuten"},"schema":{"@context":"https:\/\/schema.org","@graph":[{"@type":"WebPage","@id":"https:\/\/www.almetalbahn-online.de\/?page_id=3312","url":"https:\/\/www.almetalbahn-online.de\/?page_id=3312","name":"Aufarbeitung eines Anh\u00e4ngers f\u00fcr den elektrischen Bahnsteigkarren - Arbeitsgemeinschaft Historische Eisenbahn e.V.","isPartOf":{"@id":"https:\/\/www.almetalbahn-online.de\/#website"},"datePublished":"2021-01-24T11:58:59+00:00","dateModified":"2021-01-28T19:39:41+00:00","breadcrumb":{"@id":"https:\/\/www.almetalbahn-online.de\/?page_id=3312#breadcrumb"},"inLanguage":"de","potentialAction":[{"@type":"ReadAction","target":["https:\/\/www.almetalbahn-online.de\/?page_id=3312"]}]},{"@type":"BreadcrumbList","@id":"https:\/\/www.almetalbahn-online.de\/?page_id=3312#breadcrumb","itemListElement":[{"@type":"ListItem","position":1,"name":"Startseite","item":"https:\/\/www.almetalbahn-online.de\/"},{"@type":"ListItem","position":2,"name":"Projekte","item":"https:\/\/www.almetalbahn-online.de\/?page_id=453"},{"@type":"ListItem","position":3,"name":"Was geschah bisher?","item":"https:\/\/www.almetalbahn-online.de\/?page_id=486"},{"@type":"ListItem","position":4,"name":"Fahrzeugbeschaffung und -aufarbeitung","item":"https:\/\/www.almetalbahn-online.de\/?page_id=2432"},{"@type":"ListItem","position":5,"name":"Aufarbeitung eines Anh\u00e4ngers f\u00fcr den elektrischen Bahnsteigkarren"}]},{"@type":"WebSite","@id":"https:\/\/www.almetalbahn-online.de\/#website","url":"https:\/\/www.almetalbahn-online.de\/","name":"Arbeitsgemeinschaft Historische Eisenbahn e.V.","description":"Almetalbahn","publisher":{"@id":"https:\/\/www.almetalbahn-online.de\/#organization"},"potentialAction":[{"@type":"SearchAction","target":{"@type":"EntryPoint","urlTemplate":"https:\/\/www.almetalbahn-online.de\/?s={search_term_string}"},"query-input":"required name=search_term_string"}],"inLanguage":"de"},{"@type":"Organization","@id":"https:\/\/www.almetalbahn-online.de\/#organization","name":"Arbeitsgemeinschaft Historische Eisenbahn e.V.","url":"https:\/\/www.almetalbahn-online.de\/","logo":{"@type":"ImageObject","inLanguage":"de","@id":"https:\/\/www.almetalbahn-online.de\/#\/schema\/logo\/image\/","url":"https:\/\/www.almetalbahn-online.de\/wp-content\/uploads\/2019\/12\/T3_Zeichnung-e1573062427353.png","contentUrl":"https:\/\/www.almetalbahn-online.de\/wp-content\/uploads\/2019\/12\/T3_Zeichnung-e1573062427353.png","width":200,"height":97,"caption":"Arbeitsgemeinschaft Historische Eisenbahn e.V."},"image":{"@id":"https:\/\/www.almetalbahn-online.de\/#\/schema\/logo\/image\/"},"sameAs":["https:\/\/www.facebook.com\/Almetalbahn\/","https:\/\/www.instagram.com\/almetalbahn\/"]}]}},"_links":{"self":[{"href":"https:\/\/www.almetalbahn-online.de\/index.php?rest_route=\/wp\/v2\/pages\/3312"}],"collection":[{"href":"https:\/\/www.almetalbahn-online.de\/index.php?rest_route=\/wp\/v2\/pages"}],"about":[{"href":"https:\/\/www.almetalbahn-online.de\/index.php?rest_route=\/wp\/v2\/types\/page"}],"author":[{"embeddable":true,"href":"https:\/\/www.almetalbahn-online.de\/index.php?rest_route=\/wp\/v2\/users\/3"}],"replies":[{"embeddable":true,"href":"https:\/\/www.almetalbahn-online.de\/index.php?rest_route=%2Fwp%2Fv2%2Fcomments&post=3312"}],"version-history":[{"count":12,"href":"https:\/\/www.almetalbahn-online.de\/index.php?rest_route=\/wp\/v2\/pages\/3312\/revisions"}],"predecessor-version":[{"id":3360,"href":"https:\/\/www.almetalbahn-online.de\/index.php?rest_route=\/wp\/v2\/pages\/3312\/revisions\/3360"}],"up":[{"embeddable":true,"href":"https:\/\/www.almetalbahn-online.de\/index.php?rest_route=\/wp\/v2\/pages\/2432"}],"wp:attachment":[{"href":"https:\/\/www.almetalbahn-online.de\/index.php?rest_route=%2Fwp%2Fv2%2Fmedia&parent=3312"}],"curies":[{"name":"wp","href":"https:\/\/api.w.org\/{rel}","templated":true}]}}