{"id":3337,"date":"2021-01-24T14:13:25","date_gmt":"2021-01-24T13:13:25","guid":{"rendered":"https:\/\/www.almetalbahn-online.de\/?page_id=3337"},"modified":"2021-01-28T20:46:26","modified_gmt":"2021-01-28T19:46:26","slug":"kauf-und-erstmalige-aufarbeitung-pw30-traglastenwagen","status":"publish","type":"page","link":"https:\/\/www.almetalbahn-online.de\/?page_id=3337","title":{"rendered":"Kauf und erstmalige Aufarbeitung PW30 &#8222;Traglastenwagen&#8220;"},"content":{"rendered":"\n<p> [vc_row][vc_column][vc_column_text css=&#8220;.vc_custom_1575206934194{margin: 10px !important;}&#8220;] <\/p>\n\n\n\n<p>Im Bestand der AHE befindet sich eine Vielzahl verschiedener Eisenbahnwagen aus verschiedenen Bahnepochen mit oftmals aufregender und wechselvoller Vergangenheit. Doch alles begann mit einem ersten Schritt &#8211; oder in diesem Fall: mit einem ersten Fahrzeug und dieses war der hier behandelte Wagen. <\/p>\n\n\n\n<p>Die Anbahnung zum Kauf geschah bereits zu einer Zeit, als die &#8222;AHE&#8220; noch gar nicht existierte. Vielmehr waren die meisten Gr\u00fcndungsmitglieder der &#8222;AHE&#8220; in der Zeit vor der Vereinsgr\u00fcndung in einer Hildesheimer Sektion des Eisenbahn Kurier aktiv. Und in dieser Funktion wurden zun\u00e4chst auch die Gespr\u00e4che bez\u00fcglich des Wagens &#8222;429359 Hannover&#8220; mit der Deutschen Bundesbahn gef\u00fchrt. Da diese erfolgreich abgeschlossen werden konnten, kam dieser Wagen im Fr\u00fchjahr 1972 nach Bodenburg, da dort viele Fahrzeuge der Hildesheimer Eisenbahn Kurier Sektion standen. Nachdem es zur Aufl\u00f6sung dieser Sektion kam, kam es im Herbst zur Gr\u00fcndung der &#8222;Arbeitsgemeinschaft Historische Eisenbahn e.V.&#8220; und dieser Wagen wurde das erste Vereinsfahrzeug. Die folgenden Bilder hat uns dankenswerterweise Andreas Voss, Sohn des damaligen Vereinsmitgr\u00fcnders Werner Voss, zu Verf\u00fcgung gestellt. Sie zeigen die Leistung der damaligen Aktiven, die innerhalb von wenigen Monaten unter freiem Himmel (!) aus einem Bauzugfahrzeug einen einsatzbereiten Personenzugwagen schufen.<\/p>\n\n\n\n<p><strong>Im Fr\u00fchjahr 1972 <\/strong><\/p>\n\n\n\n<p>zeigte sich der Wagen in folgendem Zustand: zugeschwei\u00dfte Fenster, defekte Fensterscheiben, abg\u00e4ngige Lackierung, eine Dach\u00f6ffnung f\u00fcr ein Ofenrohr waren einige der Spuren, die das damals aus Bauzugdiensten in Hannover ausgeschiedene Fahrzeug trug&#8230; <\/p>\n\n\n\n<div class=\"is-layout-flex wp-container-3 wp-block-columns\">\n<div class=\"is-layout-flow wp-block-column\">\n<figure class=\"wp-block-image size-large\"><img decoding=\"async\" loading=\"lazy\" width=\"1024\" height=\"683\" src=\"https:\/\/www.almetalbahn-online.de\/wp-content\/uploads\/2021\/01\/001-AHE-19720xxx_2-1024x683.jpg\" alt=\"\" class=\"wp-image-3345\" srcset=\"https:\/\/www.almetalbahn-online.de\/wp-content\/uploads\/2021\/01\/001-AHE-19720xxx_2-1024x683.jpg 1024w, https:\/\/www.almetalbahn-online.de\/wp-content\/uploads\/2021\/01\/001-AHE-19720xxx_2-300x200.jpg 300w, https:\/\/www.almetalbahn-online.de\/wp-content\/uploads\/2021\/01\/001-AHE-19720xxx_2-768x512.jpg 768w, https:\/\/www.almetalbahn-online.de\/wp-content\/uploads\/2021\/01\/001-AHE-19720xxx_2-1536x1024.jpg 1536w, https:\/\/www.almetalbahn-online.de\/wp-content\/uploads\/2021\/01\/001-AHE-19720xxx_2-600x400.jpg 600w, https:\/\/www.almetalbahn-online.de\/wp-content\/uploads\/2021\/01\/001-AHE-19720xxx_2.jpg 1620w\" sizes=\"(max-width: 1024px) 100vw, 1024px\" \/><figcaption>Der Wagen wohl relativ unmittelbar nach Ankunft in Bodenburg, dahinter ein Wagen des Eisenbahn-Kurier<\/figcaption><\/figure>\n<\/div>\n\n\n\n<div class=\"is-layout-flow wp-block-column\">\n<figure class=\"wp-block-image size-large\"><img decoding=\"async\" loading=\"lazy\" width=\"1024\" height=\"683\" src=\"https:\/\/www.almetalbahn-online.de\/wp-content\/uploads\/2021\/01\/002-AHE-19720XXX_3-1024x683.jpg\" alt=\"\" class=\"wp-image-3346\" srcset=\"https:\/\/www.almetalbahn-online.de\/wp-content\/uploads\/2021\/01\/002-AHE-19720XXX_3-1024x683.jpg 1024w, https:\/\/www.almetalbahn-online.de\/wp-content\/uploads\/2021\/01\/002-AHE-19720XXX_3-300x200.jpg 300w, https:\/\/www.almetalbahn-online.de\/wp-content\/uploads\/2021\/01\/002-AHE-19720XXX_3-768x512.jpg 768w, https:\/\/www.almetalbahn-online.de\/wp-content\/uploads\/2021\/01\/002-AHE-19720XXX_3-1536x1024.jpg 1536w, https:\/\/www.almetalbahn-online.de\/wp-content\/uploads\/2021\/01\/002-AHE-19720XXX_3-600x400.jpg 600w, https:\/\/www.almetalbahn-online.de\/wp-content\/uploads\/2021\/01\/002-AHE-19720XXX_3.jpg 1620w\" sizes=\"(max-width: 1024px) 100vw, 1024px\" \/><figcaption>Blick auf die andere Fahrzeugseite. Im Hintergrund ist ein offener G\u00fcterwagen zu erkennen, der vermutlich dem R\u00fcbenverkehr diente<\/figcaption><\/figure>\n<\/div>\n<\/div>\n\n\n\n<p><strong>Anfang Mai 1972 <\/strong><\/p>\n\n\n\n<p>begannen nun die Arbeiten, bei denen sich Friedel Rodemann und Dieter Beelte, ebenfalls Gr\u00fcndungsmitglieder der AHE, besonders engagierten. <\/p>\n\n\n\n<div class=\"is-layout-flex wp-container-6 wp-block-columns\">\n<div class=\"is-layout-flow wp-block-column\">\n<figure class=\"wp-block-image size-large\"><img decoding=\"async\" loading=\"lazy\" width=\"683\" height=\"1024\" src=\"https:\/\/www.almetalbahn-online.de\/wp-content\/uploads\/2021\/01\/004-AHE-19720506_5-683x1024.jpg\" alt=\"\" class=\"wp-image-3348\" srcset=\"https:\/\/www.almetalbahn-online.de\/wp-content\/uploads\/2021\/01\/004-AHE-19720506_5-683x1024.jpg 683w, https:\/\/www.almetalbahn-online.de\/wp-content\/uploads\/2021\/01\/004-AHE-19720506_5-200x300.jpg 200w, https:\/\/www.almetalbahn-online.de\/wp-content\/uploads\/2021\/01\/004-AHE-19720506_5-600x900.jpg 600w, https:\/\/www.almetalbahn-online.de\/wp-content\/uploads\/2021\/01\/004-AHE-19720506_5.jpg 720w\" sizes=\"(max-width: 683px) 100vw, 683px\" \/><figcaption>Zun\u00e4chst stand die \u00d6ffnung der verschwei\u00dften Fenster\u00f6ffnungen an &#8211; erst Nummer eins<\/figcaption><\/figure>\n<\/div>\n\n\n\n<div class=\"is-layout-flow wp-block-column\">\n<figure class=\"wp-block-image size-large\"><img decoding=\"async\" loading=\"lazy\" width=\"683\" height=\"1024\" src=\"https:\/\/www.almetalbahn-online.de\/wp-content\/uploads\/2021\/01\/005-AHE-19720506_6-683x1024.jpg\" alt=\"\" class=\"wp-image-3349\" srcset=\"https:\/\/www.almetalbahn-online.de\/wp-content\/uploads\/2021\/01\/005-AHE-19720506_6-683x1024.jpg 683w, https:\/\/www.almetalbahn-online.de\/wp-content\/uploads\/2021\/01\/005-AHE-19720506_6-200x300.jpg 200w, https:\/\/www.almetalbahn-online.de\/wp-content\/uploads\/2021\/01\/005-AHE-19720506_6-600x900.jpg 600w, https:\/\/www.almetalbahn-online.de\/wp-content\/uploads\/2021\/01\/005-AHE-19720506_6.jpg 720w\" sizes=\"(max-width: 683px) 100vw, 683px\" \/><figcaption>und dann Nummer zwei<\/figcaption><\/figure>\n<\/div>\n<\/div>\n\n\n\n<div class=\"is-layout-flex wp-container-9 wp-block-columns\">\n<div class=\"is-layout-flow wp-block-column\">\n<figure class=\"wp-block-image size-large\"><img decoding=\"async\" loading=\"lazy\" width=\"683\" height=\"1024\" src=\"https:\/\/www.almetalbahn-online.de\/wp-content\/uploads\/2021\/01\/003-AHE-19720506_4-683x1024.jpg\" alt=\"\" class=\"wp-image-3347\" srcset=\"https:\/\/www.almetalbahn-online.de\/wp-content\/uploads\/2021\/01\/003-AHE-19720506_4-683x1024.jpg 683w, https:\/\/www.almetalbahn-online.de\/wp-content\/uploads\/2021\/01\/003-AHE-19720506_4-200x300.jpg 200w, https:\/\/www.almetalbahn-online.de\/wp-content\/uploads\/2021\/01\/003-AHE-19720506_4-600x900.jpg 600w, https:\/\/www.almetalbahn-online.de\/wp-content\/uploads\/2021\/01\/003-AHE-19720506_4.jpg 720w\" sizes=\"(max-width: 683px) 100vw, 683px\" \/><\/figure>\n<\/div>\n\n\n\n<div class=\"is-layout-flow wp-block-column\">\n<p>Auch fanden Arbeiten im Bereich der B\u00fchnen statt. Interessant ist, dass dieser Wagen, obwohl \u00e4u\u00dferlich einer &#8222;Donnerb\u00fcchse&#8220; \u00e4hnlich, einen Holzaufbau hat. Aus diesem Grund ist auch das Dach nicht in Stahlausf\u00fchrung, sondern mit Dachpappe eingedeckt. Anscheinend sind die Dachl\u00fcfter im Laufe des Betriebes bei der AHE mal demontiert worden, denn hier im Jahre 1972 hat der Wagen noch welche.<\/p>\n<\/div>\n<\/div>\n\n\n\n<p><strong>Ende Mai 1972 <\/strong><\/p>\n\n\n\n<p>waren die Arbeiten auf einer Seite schon recht weit fortgeschritten.<\/p>\n\n\n\n<div class=\"is-layout-flex wp-container-12 wp-block-columns\">\n<div class=\"is-layout-flow wp-block-column\">\n<figure class=\"wp-block-image size-large\"><img decoding=\"async\" loading=\"lazy\" width=\"1024\" height=\"683\" src=\"https:\/\/www.almetalbahn-online.de\/wp-content\/uploads\/2021\/01\/007-AHE-19720520_8-1024x683.jpg\" alt=\"\" class=\"wp-image-3351\" srcset=\"https:\/\/www.almetalbahn-online.de\/wp-content\/uploads\/2021\/01\/007-AHE-19720520_8-1024x683.jpg 1024w, https:\/\/www.almetalbahn-online.de\/wp-content\/uploads\/2021\/01\/007-AHE-19720520_8-300x200.jpg 300w, https:\/\/www.almetalbahn-online.de\/wp-content\/uploads\/2021\/01\/007-AHE-19720520_8-768x512.jpg 768w, https:\/\/www.almetalbahn-online.de\/wp-content\/uploads\/2021\/01\/007-AHE-19720520_8-1536x1024.jpg 1536w, https:\/\/www.almetalbahn-online.de\/wp-content\/uploads\/2021\/01\/007-AHE-19720520_8-600x400.jpg 600w, https:\/\/www.almetalbahn-online.de\/wp-content\/uploads\/2021\/01\/007-AHE-19720520_8.jpg 1620w\" sizes=\"(max-width: 1024px) 100vw, 1024px\" \/><figcaption>Geschliffen und anscheinend schon eine Lage Farbe im Bereich unterhalb der Fenster.<\/figcaption><\/figure>\n<\/div>\n\n\n\n<div class=\"is-layout-flow wp-block-column\">\n<figure class=\"wp-block-image size-large\"><img decoding=\"async\" loading=\"lazy\" width=\"1024\" height=\"683\" src=\"https:\/\/www.almetalbahn-online.de\/wp-content\/uploads\/2021\/01\/006-AHE-19720514_7-1024x683.jpg\" alt=\"\" class=\"wp-image-3350\" srcset=\"https:\/\/www.almetalbahn-online.de\/wp-content\/uploads\/2021\/01\/006-AHE-19720514_7-1024x683.jpg 1024w, https:\/\/www.almetalbahn-online.de\/wp-content\/uploads\/2021\/01\/006-AHE-19720514_7-300x200.jpg 300w, https:\/\/www.almetalbahn-online.de\/wp-content\/uploads\/2021\/01\/006-AHE-19720514_7-768x512.jpg 768w, https:\/\/www.almetalbahn-online.de\/wp-content\/uploads\/2021\/01\/006-AHE-19720514_7-1536x1024.jpg 1536w, https:\/\/www.almetalbahn-online.de\/wp-content\/uploads\/2021\/01\/006-AHE-19720514_7-600x400.jpg 600w, https:\/\/www.almetalbahn-online.de\/wp-content\/uploads\/2021\/01\/006-AHE-19720514_7.jpg 1620w\" sizes=\"(max-width: 1024px) 100vw, 1024px\" \/><figcaption>W\u00e4hrend es auf der anderen Seite noch keine deutlichen Fortschritte zu erkennen waren. Auch das ge\u00f6ffnete Fenster (rechts) wurde anscheinend noch mal provisorisch verschlossen.<\/figcaption><\/figure>\n<\/div>\n<\/div>\n\n\n\n<p><strong>Oktober 1972 <\/strong><\/p>\n\n\n\n<p>waren die Arbeiten dann auf beiden Seiten deutlich vorangeschritten. Man beachte, dass diese stets im Freien und ohne festen Strom- oder Wasseranschluss stattfanden!<\/p>\n\n\n\n<div class=\"is-layout-flex wp-container-15 wp-block-columns\">\n<div class=\"is-layout-flow wp-block-column\">\n<figure class=\"wp-block-image size-large\"><img decoding=\"async\" loading=\"lazy\" width=\"1024\" height=\"683\" src=\"https:\/\/www.almetalbahn-online.de\/wp-content\/uploads\/2021\/01\/008-AHE-19721008_9-1024x683.jpg\" alt=\"\" class=\"wp-image-3352\" srcset=\"https:\/\/www.almetalbahn-online.de\/wp-content\/uploads\/2021\/01\/008-AHE-19721008_9-1024x683.jpg 1024w, https:\/\/www.almetalbahn-online.de\/wp-content\/uploads\/2021\/01\/008-AHE-19721008_9-300x200.jpg 300w, https:\/\/www.almetalbahn-online.de\/wp-content\/uploads\/2021\/01\/008-AHE-19721008_9-768x512.jpg 768w, https:\/\/www.almetalbahn-online.de\/wp-content\/uploads\/2021\/01\/008-AHE-19721008_9-1536x1024.jpg 1536w, https:\/\/www.almetalbahn-online.de\/wp-content\/uploads\/2021\/01\/008-AHE-19721008_9-600x400.jpg 600w, https:\/\/www.almetalbahn-online.de\/wp-content\/uploads\/2021\/01\/008-AHE-19721008_9.jpg 1620w\" sizes=\"(max-width: 1024px) 100vw, 1024px\" \/><figcaption>Der Wagen bereits mit allen Fenstern und einmal lackiert im Bereich der in Bodenburg auch 2021 noch vorhandenen Kopf-Seitenrampe.<\/figcaption><\/figure>\n<\/div>\n\n\n\n<div class=\"is-layout-flow wp-block-column\">\n<figure class=\"wp-block-image size-large\"><img decoding=\"async\" loading=\"lazy\" width=\"683\" height=\"1024\" src=\"https:\/\/www.almetalbahn-online.de\/wp-content\/uploads\/2021\/01\/009-AHE-19721008_10-683x1024.jpg\" alt=\"\" class=\"wp-image-3353\" srcset=\"https:\/\/www.almetalbahn-online.de\/wp-content\/uploads\/2021\/01\/009-AHE-19721008_10-683x1024.jpg 683w, https:\/\/www.almetalbahn-online.de\/wp-content\/uploads\/2021\/01\/009-AHE-19721008_10-200x300.jpg 200w, https:\/\/www.almetalbahn-online.de\/wp-content\/uploads\/2021\/01\/009-AHE-19721008_10-600x900.jpg 600w, https:\/\/www.almetalbahn-online.de\/wp-content\/uploads\/2021\/01\/009-AHE-19721008_10.jpg 720w\" sizes=\"(max-width: 683px) 100vw, 683px\" \/><figcaption>Der Blick auf die andere Fahrzeugseite zeigt, dass auch an der Stirn schon Arbeiten stattgefunden haben. Die Gleisfeldleuchte steht unterdessen schon seit vielen Jahrzehnten nicht mehr.<\/figcaption><\/figure>\n<\/div>\n<\/div>\n\n\n\n<p><strong>04. Februar 1973 <\/strong><\/p>\n\n\n\n<p>Die AHE ist gegr\u00fcndet und hat ihren ersten Jahreswechsel hinter sich. Umso \u00fcberraschender ist das Ergebnis, das Werner Voss in den folgenden beiden Bilder f\u00fcr die Nachwelt bewahrt hat: Der Wagen ist nahezu vollst\u00e4ndig und mit vielen Details aufgearbeitet! Man beachte auch den damals regen Betrieb und die Fahrzeugvielfalt im Bahnhof Bodenburg!<\/p>\n\n\n\n<div class=\"is-layout-flex wp-container-18 wp-block-columns\">\n<div class=\"is-layout-flow wp-block-column\">\n<figure class=\"wp-block-image size-large\"><img decoding=\"async\" loading=\"lazy\" width=\"1024\" height=\"683\" src=\"https:\/\/www.almetalbahn-online.de\/wp-content\/uploads\/2021\/01\/010-AHE-19730204_11-1024x683.jpg\" alt=\"\" class=\"wp-image-3354\" srcset=\"https:\/\/www.almetalbahn-online.de\/wp-content\/uploads\/2021\/01\/010-AHE-19730204_11-1024x683.jpg 1024w, https:\/\/www.almetalbahn-online.de\/wp-content\/uploads\/2021\/01\/010-AHE-19730204_11-300x200.jpg 300w, https:\/\/www.almetalbahn-online.de\/wp-content\/uploads\/2021\/01\/010-AHE-19730204_11-768x512.jpg 768w, https:\/\/www.almetalbahn-online.de\/wp-content\/uploads\/2021\/01\/010-AHE-19730204_11-1536x1024.jpg 1536w, https:\/\/www.almetalbahn-online.de\/wp-content\/uploads\/2021\/01\/010-AHE-19730204_11-600x400.jpg 600w, https:\/\/www.almetalbahn-online.de\/wp-content\/uploads\/2021\/01\/010-AHE-19730204_11.jpg 1620w\" sizes=\"(max-width: 1024px) 100vw, 1024px\" \/><figcaption>Einzig die Bretter im Einstieg k\u00f6nnten noch unmittelbar und offensichtlich aus Zeiten im Bauzugdienst stammen, aber ansonsten ist die Wandlung des Wagen in weniger als einem Jahr erstaunlich. Im Hintergrund ein interessanter G\u00fcterwagenpark sowie der Schornstein der ehemaligen Zuckerfabrik \u00d6strum.<\/figcaption><\/figure>\n<\/div>\n\n\n\n<div class=\"is-layout-flow wp-block-column\">\n<figure class=\"wp-block-image size-large\"><img decoding=\"async\" loading=\"lazy\" width=\"1024\" height=\"683\" src=\"https:\/\/www.almetalbahn-online.de\/wp-content\/uploads\/2021\/01\/011-AHE-19730204_1-1024x683.jpg\" alt=\"\" class=\"wp-image-3355\" srcset=\"https:\/\/www.almetalbahn-online.de\/wp-content\/uploads\/2021\/01\/011-AHE-19730204_1-1024x683.jpg 1024w, https:\/\/www.almetalbahn-online.de\/wp-content\/uploads\/2021\/01\/011-AHE-19730204_1-300x200.jpg 300w, https:\/\/www.almetalbahn-online.de\/wp-content\/uploads\/2021\/01\/011-AHE-19730204_1-768x512.jpg 768w, https:\/\/www.almetalbahn-online.de\/wp-content\/uploads\/2021\/01\/011-AHE-19730204_1-1536x1024.jpg 1536w, https:\/\/www.almetalbahn-online.de\/wp-content\/uploads\/2021\/01\/011-AHE-19730204_1-600x400.jpg 600w, https:\/\/www.almetalbahn-online.de\/wp-content\/uploads\/2021\/01\/011-AHE-19730204_1.jpg 1620w\" sizes=\"(max-width: 1024px) 100vw, 1024px\" \/><figcaption>Die gleiche Fahrzeugseite aus einer Perspektive und auf einem anderen Gleis im Bahnhof Bodenburg. <\/figcaption><\/figure>\n<\/div>\n<\/div>\n\n\n\n<p>Dieses Fahrzeug, das heute im \u00fcblichen Sprachgebrauch als &#8222;Tragslastenwagen&#8220; bekannt ist, ist auch knapp 5 Jahrzehnte sp\u00e4te in der Gegenwart eine tragende S\u00e4ule im Betrieb der &#8222;Almetalbahn&#8220;. Aus diesem Grund verneigen wir uns vor der Leistung der Gr\u00fcndungsmitglieder!<\/p>\n\n\n\n<p>Gelangen Sie <a href=\"https:\/\/www.almetalbahn-online.de\/?page_id=856\">hier<\/a> zur Fahrzeugbeschreibung.<\/p>\n\n\n\n<p>  [\/vc_column_text][\/vc_column][\/vc_row]  <\/p>\n","protected":false},"excerpt":{"rendered":"<p>[vc_row][vc_column][vc_column_text css=&#8220;.vc_custom_1575206934194{margin: 10px !important;}&#8220;] Im Bestand der AHE befindet sich eine Vielzahl verschiedener Eisenbahnwagen aus verschiedenen Bahnepochen mit oftmals aufregender und wechselvoller Vergangenheit. Doch alles begann mit einem ersten Schritt [&hellip;]<\/p>\n","protected":false},"author":3,"featured_media":0,"parent":2432,"menu_order":0,"comment_status":"closed","ping_status":"closed","template":"","meta":{"_links_to":"","_links_to_target":""},"yoast_head":"<!-- This site is optimized with the Yoast SEO plugin v21.0 - https:\/\/yoast.com\/wordpress\/plugins\/seo\/ -->\n<title>Kauf und erstmalige Aufarbeitung PW30 &quot;Traglastenwagen&quot; - Arbeitsgemeinschaft Historische Eisenbahn e.V.<\/title>\n<meta name=\"robots\" content=\"index, follow, max-snippet:-1, max-image-preview:large, max-video-preview:-1\" \/>\n<link rel=\"canonical\" href=\"https:\/\/www.almetalbahn-online.de\/?page_id=3337\" \/>\n<meta property=\"og:locale\" content=\"de_DE\" \/>\n<meta property=\"og:type\" content=\"article\" \/>\n<meta property=\"og:title\" content=\"Kauf und erstmalige Aufarbeitung PW30 &quot;Traglastenwagen&quot; - Arbeitsgemeinschaft Historische Eisenbahn e.V.\" \/>\n<meta property=\"og:description\" content=\"[vc_row][vc_column][vc_column_text css=&#8220;.vc_custom_1575206934194{margin: 10px !important;}&#8220;] Im Bestand der AHE befindet sich eine Vielzahl verschiedener Eisenbahnwagen aus verschiedenen Bahnepochen mit oftmals aufregender und wechselvoller Vergangenheit. Doch alles begann mit einem ersten Schritt [&hellip;]\" \/>\n<meta property=\"og:url\" content=\"https:\/\/www.almetalbahn-online.de\/?page_id=3337\" \/>\n<meta property=\"og:site_name\" content=\"Arbeitsgemeinschaft Historische Eisenbahn e.V.\" \/>\n<meta property=\"article:publisher\" content=\"https:\/\/www.facebook.com\/Almetalbahn\/\" \/>\n<meta property=\"article:modified_time\" content=\"2021-01-28T19:46:26+00:00\" \/>\n<meta property=\"og:image\" content=\"https:\/\/www.almetalbahn-online.de\/wp-content\/uploads\/2021\/01\/001-AHE-19720xxx_2-1024x683.jpg\" \/>\n<meta name=\"twitter:card\" content=\"summary_large_image\" \/>\n<meta name=\"twitter:label1\" content=\"Gesch\u00e4tzte Lesezeit\" \/>\n\t<meta name=\"twitter:data1\" content=\"5\u00a0Minuten\" \/>\n<script type=\"application\/ld+json\" class=\"yoast-schema-graph\">{\"@context\":\"https:\/\/schema.org\",\"@graph\":[{\"@type\":\"WebPage\",\"@id\":\"https:\/\/www.almetalbahn-online.de\/?page_id=3337\",\"url\":\"https:\/\/www.almetalbahn-online.de\/?page_id=3337\",\"name\":\"Kauf und erstmalige Aufarbeitung PW30 \\\"Traglastenwagen\\\" - Arbeitsgemeinschaft Historische Eisenbahn e.V.\",\"isPartOf\":{\"@id\":\"https:\/\/www.almetalbahn-online.de\/#website\"},\"datePublished\":\"2021-01-24T13:13:25+00:00\",\"dateModified\":\"2021-01-28T19:46:26+00:00\",\"breadcrumb\":{\"@id\":\"https:\/\/www.almetalbahn-online.de\/?page_id=3337#breadcrumb\"},\"inLanguage\":\"de\",\"potentialAction\":[{\"@type\":\"ReadAction\",\"target\":[\"https:\/\/www.almetalbahn-online.de\/?page_id=3337\"]}]},{\"@type\":\"BreadcrumbList\",\"@id\":\"https:\/\/www.almetalbahn-online.de\/?page_id=3337#breadcrumb\",\"itemListElement\":[{\"@type\":\"ListItem\",\"position\":1,\"name\":\"Startseite\",\"item\":\"https:\/\/www.almetalbahn-online.de\/\"},{\"@type\":\"ListItem\",\"position\":2,\"name\":\"Projekte\",\"item\":\"https:\/\/www.almetalbahn-online.de\/?page_id=453\"},{\"@type\":\"ListItem\",\"position\":3,\"name\":\"Was geschah bisher?\",\"item\":\"https:\/\/www.almetalbahn-online.de\/?page_id=486\"},{\"@type\":\"ListItem\",\"position\":4,\"name\":\"Fahrzeugbeschaffung und -aufarbeitung\",\"item\":\"https:\/\/www.almetalbahn-online.de\/?page_id=2432\"},{\"@type\":\"ListItem\",\"position\":5,\"name\":\"Kauf und erstmalige Aufarbeitung PW30 &#8220;Traglastenwagen&#8221;\"}]},{\"@type\":\"WebSite\",\"@id\":\"https:\/\/www.almetalbahn-online.de\/#website\",\"url\":\"https:\/\/www.almetalbahn-online.de\/\",\"name\":\"Arbeitsgemeinschaft Historische Eisenbahn e.V.\",\"description\":\"Almetalbahn\",\"publisher\":{\"@id\":\"https:\/\/www.almetalbahn-online.de\/#organization\"},\"potentialAction\":[{\"@type\":\"SearchAction\",\"target\":{\"@type\":\"EntryPoint\",\"urlTemplate\":\"https:\/\/www.almetalbahn-online.de\/?s={search_term_string}\"},\"query-input\":\"required name=search_term_string\"}],\"inLanguage\":\"de\"},{\"@type\":\"Organization\",\"@id\":\"https:\/\/www.almetalbahn-online.de\/#organization\",\"name\":\"Arbeitsgemeinschaft Historische Eisenbahn e.V.\",\"url\":\"https:\/\/www.almetalbahn-online.de\/\",\"logo\":{\"@type\":\"ImageObject\",\"inLanguage\":\"de\",\"@id\":\"https:\/\/www.almetalbahn-online.de\/#\/schema\/logo\/image\/\",\"url\":\"https:\/\/www.almetalbahn-online.de\/wp-content\/uploads\/2019\/12\/T3_Zeichnung-e1573062427353.png\",\"contentUrl\":\"https:\/\/www.almetalbahn-online.de\/wp-content\/uploads\/2019\/12\/T3_Zeichnung-e1573062427353.png\",\"width\":200,\"height\":97,\"caption\":\"Arbeitsgemeinschaft Historische Eisenbahn e.V.\"},\"image\":{\"@id\":\"https:\/\/www.almetalbahn-online.de\/#\/schema\/logo\/image\/\"},\"sameAs\":[\"https:\/\/www.facebook.com\/Almetalbahn\/\",\"https:\/\/www.instagram.com\/almetalbahn\/\"]}]}<\/script>\n<!-- \/ Yoast SEO plugin. -->","yoast_head_json":{"title":"Kauf und erstmalige Aufarbeitung PW30 \"Traglastenwagen\" - Arbeitsgemeinschaft Historische Eisenbahn e.V.","robots":{"index":"index","follow":"follow","max-snippet":"max-snippet:-1","max-image-preview":"max-image-preview:large","max-video-preview":"max-video-preview:-1"},"canonical":"https:\/\/www.almetalbahn-online.de\/?page_id=3337","og_locale":"de_DE","og_type":"article","og_title":"Kauf und erstmalige Aufarbeitung PW30 \"Traglastenwagen\" - Arbeitsgemeinschaft Historische Eisenbahn e.V.","og_description":"[vc_row][vc_column][vc_column_text css=&#8220;.vc_custom_1575206934194{margin: 10px !important;}&#8220;] Im Bestand der AHE befindet sich eine Vielzahl verschiedener Eisenbahnwagen aus verschiedenen Bahnepochen mit oftmals aufregender und wechselvoller Vergangenheit. Doch alles begann mit einem ersten Schritt [&hellip;]","og_url":"https:\/\/www.almetalbahn-online.de\/?page_id=3337","og_site_name":"Arbeitsgemeinschaft Historische Eisenbahn e.V.","article_publisher":"https:\/\/www.facebook.com\/Almetalbahn\/","article_modified_time":"2021-01-28T19:46:26+00:00","og_image":[{"url":"https:\/\/www.almetalbahn-online.de\/wp-content\/uploads\/2021\/01\/001-AHE-19720xxx_2-1024x683.jpg"}],"twitter_card":"summary_large_image","twitter_misc":{"Gesch\u00e4tzte Lesezeit":"5\u00a0Minuten"},"schema":{"@context":"https:\/\/schema.org","@graph":[{"@type":"WebPage","@id":"https:\/\/www.almetalbahn-online.de\/?page_id=3337","url":"https:\/\/www.almetalbahn-online.de\/?page_id=3337","name":"Kauf und erstmalige Aufarbeitung PW30 \"Traglastenwagen\" - Arbeitsgemeinschaft Historische Eisenbahn e.V.","isPartOf":{"@id":"https:\/\/www.almetalbahn-online.de\/#website"},"datePublished":"2021-01-24T13:13:25+00:00","dateModified":"2021-01-28T19:46:26+00:00","breadcrumb":{"@id":"https:\/\/www.almetalbahn-online.de\/?page_id=3337#breadcrumb"},"inLanguage":"de","potentialAction":[{"@type":"ReadAction","target":["https:\/\/www.almetalbahn-online.de\/?page_id=3337"]}]},{"@type":"BreadcrumbList","@id":"https:\/\/www.almetalbahn-online.de\/?page_id=3337#breadcrumb","itemListElement":[{"@type":"ListItem","position":1,"name":"Startseite","item":"https:\/\/www.almetalbahn-online.de\/"},{"@type":"ListItem","position":2,"name":"Projekte","item":"https:\/\/www.almetalbahn-online.de\/?page_id=453"},{"@type":"ListItem","position":3,"name":"Was geschah bisher?","item":"https:\/\/www.almetalbahn-online.de\/?page_id=486"},{"@type":"ListItem","position":4,"name":"Fahrzeugbeschaffung und -aufarbeitung","item":"https:\/\/www.almetalbahn-online.de\/?page_id=2432"},{"@type":"ListItem","position":5,"name":"Kauf und erstmalige Aufarbeitung PW30 &#8220;Traglastenwagen&#8221;"}]},{"@type":"WebSite","@id":"https:\/\/www.almetalbahn-online.de\/#website","url":"https:\/\/www.almetalbahn-online.de\/","name":"Arbeitsgemeinschaft Historische Eisenbahn e.V.","description":"Almetalbahn","publisher":{"@id":"https:\/\/www.almetalbahn-online.de\/#organization"},"potentialAction":[{"@type":"SearchAction","target":{"@type":"EntryPoint","urlTemplate":"https:\/\/www.almetalbahn-online.de\/?s={search_term_string}"},"query-input":"required name=search_term_string"}],"inLanguage":"de"},{"@type":"Organization","@id":"https:\/\/www.almetalbahn-online.de\/#organization","name":"Arbeitsgemeinschaft Historische Eisenbahn e.V.","url":"https:\/\/www.almetalbahn-online.de\/","logo":{"@type":"ImageObject","inLanguage":"de","@id":"https:\/\/www.almetalbahn-online.de\/#\/schema\/logo\/image\/","url":"https:\/\/www.almetalbahn-online.de\/wp-content\/uploads\/2019\/12\/T3_Zeichnung-e1573062427353.png","contentUrl":"https:\/\/www.almetalbahn-online.de\/wp-content\/uploads\/2019\/12\/T3_Zeichnung-e1573062427353.png","width":200,"height":97,"caption":"Arbeitsgemeinschaft Historische Eisenbahn e.V."},"image":{"@id":"https:\/\/www.almetalbahn-online.de\/#\/schema\/logo\/image\/"},"sameAs":["https:\/\/www.facebook.com\/Almetalbahn\/","https:\/\/www.instagram.com\/almetalbahn\/"]}]}},"_links":{"self":[{"href":"https:\/\/www.almetalbahn-online.de\/index.php?rest_route=\/wp\/v2\/pages\/3337"}],"collection":[{"href":"https:\/\/www.almetalbahn-online.de\/index.php?rest_route=\/wp\/v2\/pages"}],"about":[{"href":"https:\/\/www.almetalbahn-online.de\/index.php?rest_route=\/wp\/v2\/types\/page"}],"author":[{"embeddable":true,"href":"https:\/\/www.almetalbahn-online.de\/index.php?rest_route=\/wp\/v2\/users\/3"}],"replies":[{"embeddable":true,"href":"https:\/\/www.almetalbahn-online.de\/index.php?rest_route=%2Fwp%2Fv2%2Fcomments&post=3337"}],"version-history":[{"count":6,"href":"https:\/\/www.almetalbahn-online.de\/index.php?rest_route=\/wp\/v2\/pages\/3337\/revisions"}],"predecessor-version":[{"id":3363,"href":"https:\/\/www.almetalbahn-online.de\/index.php?rest_route=\/wp\/v2\/pages\/3337\/revisions\/3363"}],"up":[{"embeddable":true,"href":"https:\/\/www.almetalbahn-online.de\/index.php?rest_route=\/wp\/v2\/pages\/2432"}],"wp:attachment":[{"href":"https:\/\/www.almetalbahn-online.de\/index.php?rest_route=%2Fwp%2Fv2%2Fmedia&parent=3337"}],"curies":[{"name":"wp","href":"https:\/\/api.w.org\/{rel}","templated":true}]}}