{"id":519,"date":"2019-07-29T15:20:25","date_gmt":"2019-07-29T13:20:25","guid":{"rendered":"https:\/\/www.almetalbahn-online.de\/?page_id=519"},"modified":"2020-12-03T13:33:48","modified_gmt":"2020-12-03T12:33:48","slug":"chronik","status":"publish","type":"page","link":"https:\/\/www.almetalbahn-online.de\/?page_id=519","title":{"rendered":"Chronik"},"content":{"rendered":"<p>[vc_row][vc_column][vc_custom_heading text=&#8220;Die Anf\u00e4nge in den 1970er Jahren&#8220; font_container=&#8220;tag:h1|font_size:30|text_align:center|color:%23dd8f1a&#8220; use_theme_fonts=&#8220;yes&#8220;]<\/p>\n<p>[vc_column_text css=&#8220;.vc_custom_1575206934194{margin: 10px !important;}&#8220;]<span style=\"color: #000000;\">Die Arbeitsgemeinschaft historische Eisenbahn e. V. wurde im Jahr 1972 von 7 Eisenbahnfreunden gegr\u00fcndet. Der Sitz des Vereins war zun\u00e4chst der Bahnhof Bodenburg, wo von der Bundesbahn ein Abstellgleis angemietet werden konnte. Au\u00dferdem konnten sp\u00e4ter Fahrzeuge vor dem ehemaligen Lokschuppen abgestellt werden, wo sie sich den Platz mit Kleinloks, Draisinen und Klv 51 der damaligen Bahnmeisterei teilten. Das erste vereinseigene Fahrzeug war der ehemalige 4.Klasse Wagen (<a style=\"color: #000000;\" href=\"http:\/\/www.almetalbahn-online.de\/seite55.htm\">AHE PW 30<\/a>).<br \/>\nIn den folgenden Jahren wurden seltene Eisenbahnfahrzeuge aus der gesamten Bundesrepublik zusammengesammelt. Auf den Abwrackgleisen in Blankenstein und \u00e4hnlichen Verschrottungsorten waren in den siebziger Jahren noch manche Sch\u00e4tze zu finden, oft sogar noch in relativ gutem Zustand. Mehr als einmal gelang es, ein Fahrzeug buchst\u00e4blich in letzter Sekunde vor der Verschrottung zu retten. Der Transport erfolgte zumeist auf dem &#8222;kleinen Dienstweg&#8220; per Bahn nach Bodenburg. Finanziert wurde das Ganze durch vereinsinterne Spendenaktionen. Das Vereinsziel war von Anfang an die Erhaltung alter Eisenbahnfahrzeuge und Einrichtungen. Nachdem zun\u00e4chst noch nicht klar war, wo die gesammelten Fahrzeuge auch eingesetzt werden k\u00f6nnten, erschloss sich 1976 die M\u00f6glichkeit, die &#8222;Hausstrecke&#8220; Bodenburg &#8211; Sibbesse von der DB zu \u00fcbernehmen.<br \/>\n<b><u>Damit war die AHE der erste<\/u><\/b> <b><u>Verein mit vereinseigener Strecke in der gesamten Bundesrepublik Deutschland.<\/u><\/b><br \/>\nNach dem Erwerb der Strecke wurde der Vereinsmittelpunkt in den Bahnhof Almstedt-Segeste verlegt. Mehr dazu im Artikel <a style=\"color: #000000;\" href=\"http:\/\/www.almetalbahn-online.de\/seite17.htm\" target=\"ahehomepage_f2\" rel=\"noopener noreferrer\">&#8222;Museumsbahnhof&#8220;<\/a>.<br \/>\nSeit 1976 wurden Fahrten mit dem vereinseigenen VT 95 samt VB 95 durchgef\u00fchrt. Im gleichen Jahr wurde die Dampflok T3 (<a style=\"color: #000000;\" href=\"http:\/\/www.almetalbahn-online.de\/seite25.htm\">AHE DL 16<\/a>) von der Zuckerfabrik Euskirchen nach Bodenburg \u00fcberf\u00fchrt. Mit ihr und 3 Personenwagen fanden ab 1978 die beliebten Museumsbahnfahrten im Almetal zwischen Bodenburg und Sibbesse statt.<br \/>\nIn den n\u00e4chsten Jahren wurde der Fahrzeugbestand kontinuierlich erweitert. S\u00e4mtliche bei der AHE vorhandene und vorhanden gewesene Fahrzeuge k\u00f6nnen unserer <a href=\"https:\/\/www.almetalbahn-online.de\/?page_id=206\">Fahrzeugliste<\/a> entnommen werden.<\/span>[\/vc_column_text][\/vc_column][\/vc_row]<\/p>\n<p>[vc_row][vc_column][vc_custom_heading text=&#8220;Die 1980er Jahre &#8211; Fahrten pr\u00e4gen das Vereinsleben&#8220; font_container=&#8220;tag:h1|font_size:30|text_align:center|color:%23dd8f1a&#8220; use_theme_fonts=&#8220;yes&#8220;]<\/p>\n<p>[vc_column_text css=&#8220;.vc_custom_1575206934194{margin: 10px !important;}&#8220;]<span style=\"color: #000000;\">1983 wurde der noch in DB &#8211; Eigentum befindliche Abschnitt zwischen Streckenkilometer 5,05 und Sibbesse zugunsten der kreuzenden Neubaustrecke verkauft und kurz darauf abgerissen. F\u00fcr die AHE ergab sich damit die <strong>Notwendigkeit eines Bahnhofsausbaus in Almstedt &#8211; Segeste<\/strong>, der ab 1984 erfolgte.<br \/>\nSeit 1985 fanden <strong>an Betriebstagen auch au\u00dferhalb der vereinseigenen Strecke Fahrten<\/strong> statt, so dass regelm\u00e4\u00dfig zus\u00e4tzlich bis zum n\u00e4chsten DB-Bahnhof Bad Salzdetfurth gefahren wurde. Hier konnte die AHE mit einem zu damaligen Zeiten einzigartigen 3-Zugbetrieb aufwarten: Zwischen Bad Salzdetfurth und Bodenburg mit der V20 (AHE VL 6) und zwei Personenwagen, in Bodenburg erfolgte der Umstieg in den dampfbespannten Personenzug und schlie\u00dflich in Almstedt der Umstieg in den VT 95, mit dem bis zum Streckenendpunkt bei km 5,05 gefahren wurde.<br \/>\nDer Verein unternahm mit seinen Fahrzeugen auch \u00f6fter Exkursionen, so Anfang der 1980er Jahre zwischen Herzberg (Harz) und Walkenried, 1984 zum hundertj\u00e4hrigen Jubil\u00e4um des Bahnhofs Hildesheim, zum 140 j\u00e4hrigen Jubil\u00e4um der Eisenbahndirektion Hannover oder 1985 zum Dampflokfest nach Wittingen. Sp\u00e4ter erfolgten noch Fahrten auf der Strecke Kreiensen-Kalefeld und Derneburg-Seesen.<\/span>[\/vc_column_text][\/vc_column][\/vc_row]<\/p>\n<p>[vc_row][vc_column][vc_custom_heading text=&#8220;Die 1990er Jahre &#8211; vorl\u00e4ufige Einstellung des Publikumsfahrbetriebs und Geburtsstunde der Bahnhofsfeste&#8220; font_container=&#8220;tag:h1|font_size:30|text_align:center|color:%23dd8f1a&#8220; use_theme_fonts=&#8220;yes&#8220;]<\/p>\n<p>[vc_column_text css=&#8220;.vc_custom_1575206934194{margin: 10px !important;}&#8220;]<span style=\"color: #000000;\">Anfang der neunziger Jahre waren allerdings die <strong>Publikumsfahrten auf der Almetalbahn bis auf weiteres beendet<\/strong>: Trotz permanent durchgef\u00fchrter Sanierungsarbeiten konnte den faulenden, meist noch aus den 1920er Jahren stammenden Schwellen nicht mehr Herr geworden werden. Der Personenverkehr Richtung Bodenburg musste bis auf Weiteres eingestellt werden.<br \/>\nDa eine z\u00fcgige Sanierung aus Kostengr\u00fcnden nicht abzusehen war, mu\u00dfte das bisherige <strong>Betriebskonzept<\/strong>, das prim\u00e4r auf einem Fahrbetrieb beruhte, <strong>erweitert <\/strong>werden. Dabei wurde der langfristige Schwerpunkt des Fahrbetriebes um Aktionen auf dem inzwischen fast fertig umgestalteten Bahnhof Almstedt &#8211; Segeste erg\u00e4nzt.<br \/>\nInnerhalb des Bahnhofs durften weiterhin Fahrten mit Personenbef\u00f6rderung stattfinden. Eigens hierf\u00fcr war mit dem Land Niedersachsen und der nieders\u00e4chsischen Landeseisenbahnaufsicht eine <strong>dauerhafte Betriebserlaubnis<\/strong> ausgearbeitet worden. Statt der bisherigen Betriebstage fanden ab 1994 dreimal im Jahr Tage der offenen T\u00fcr im Bahnhof Almstedt statt. Neben einem vielf\u00e4ltigen Rahmenprogramm wird den Besuchern dabei auch die M\u00f6glichkeit zur F\u00fchrerstandsmitfahrt geboten. <strong>Diese Bahnhofsfeste gleichen kleinen Zeitreisen und erfreuen sich daher gro\u00dfer Beliebtheit<\/strong> und bieten gegen\u00fcber einem konventionellen Fahrbetrieb den Vorteil, da\u00df den Besuchern im Bahnhofsbereich st\u00e4ndig etwas geboten wird und nicht nur in dem Moment, wenn gerade ein Zug einf\u00e4hrt. Auch f\u00fcr die Zukunft ist geplant, an dem Bahnhofsfestkonzept als eine tragende S\u00e4ule festzuhalten.<\/span>[\/vc_column_text][\/vc_column][\/vc_row]<\/p>\n<p>[vc_row][vc_column][vc_custom_heading text=&#8220;Die 2000er Jahre &#8211; Wiedererrichtung von Strecke und Reparatur des Langkessels&#8220; font_container=&#8220;tag:h1|font_size:30|text_align:center|color:%23dd8f1a&#8220; use_theme_fonts=&#8220;yes&#8220;]<\/p>\n<p>[vc_column_text css=&#8220;.vc_custom_1575206934194{margin: 10px !important;}&#8220;]<span style=\"color: #000000;\">Ab 2002 konnte das Konzept der Bahnhofsfeste wieder mit Fahrbetrieb auf dem frisch und in <strong>Eigenleistung sanierten Streckenabschnitt Richtung westlichem Endpunkt<\/strong> kombiniert werden. Des Weiteren war der Wunsch enstanden, die Gleisanlagen im Museumsbahnhof zu erweitern. Nachdem der Fokus erst auf der Ostseite des Bahnhofgel\u00e4ndes lag, erm\u00f6glichte der Ankauf eines Grundst\u00fccks vom benachbarten Landhandel auf der Westseite des Bahnhofes bessere M\u00f6glichkeiten zu notwendigen Erweiterung: dort sollen drei Abstellgleise, sowie eine Doppelweiche und eine Doppelkreuzungsweiche entstehen. Hierdurch w\u00fcrde einerseits eine interessante Gleisanlage geschaffen und andererseits der derzeitige Engpass f\u00fcr <strong>Abstellm\u00f6glichkeiten der Museumsfahrzeuge<\/strong> beseitigt werden. <\/span><\/p>\n<p><span style=\"color: #000000;\">Abgesehen davon lag in dieser Zeit der Schwerpunkt auf der detailgetreuen Wiederherrichtung einiger Vereinsfahrzeuge, um auch k\u00fcnftige Generationen an der Eisenbahnromantik der 50er Jahre des vergangenen Jahrhunderts teilhaben zu lassen.<br \/>\nMit der im Mai 2006 erfolgten <strong>Wiederinbetriebnahme der Dampflok T3 &#8222;Schunter&#8220;<\/strong>, die seit 1999 wegen eines Langkesselschadens au\u00dfer Betrieb war, konnte ein wichtiger Meilenstein erreicht werden. Sie bew\u00e4ltigte wieder zuverl\u00e4ssig den Personenzugverkehr zum Haltepunkt Segeste &#8211; Grillplatz und begeisterte auf F\u00fchrerstandsmitfahrten.<\/span>[\/vc_column_text][\/vc_column][\/vc_row]<\/p>\n<p>[vc_row][vc_column][vc_custom_heading text=&#8220;Die 2010er Jahre &#8211; Ausweitung der Bahnhofsfeste und konkretere Projektverfolgung&#8220; font_container=&#8220;tag:h1|font_size:30|text_align:center|color:%23dd8f1a&#8220; use_theme_fonts=&#8220;yes&#8220;]<\/p>\n<p>[vc_column_text css=&#8220;.vc_custom_1575206934194{margin: 10px !important;}&#8220;]<span style=\"color: #000000;\">Die in den 2000er Jahre projektierte <strong>Erweiterung der Gleisanlagen im Museumsbahnhof wurde ab 2014 konkret umgesetzt<\/strong>. Zun\u00e4chst wurde das Umfahrgleis, das noch aus leichten Schienenprofilen der &#8222;preu\u00df. Form 6&#8220; bestand gegen altbrauchbares Gleismaterial in der deutlich st\u00e4rkeren Form S49 getauscht. Damit abschlie\u00dfend wurde 2016 die <strong>Doppelweiche eingesetzt<\/strong> und der Anschluss zum Stammgleis wieder hergestellt. Nach der 2020 eingegangenen baubeh\u00f6rdlichen Genehmigung f\u00fcr die Errichtung der weiteren Gleisanlage wurde im Jahresverlauf mit dem Ausbau der Anlage begonnen. Mit einer Fertigstellung des Gesamtensembles wird im Jahr 2021 gerechnet. <\/span><\/p>\n<p><span style=\"color: #000000;\">Bis zum Fr\u00fchjahr 2016 stand Lok &#8222;Schunter&#8220; zuverl\u00e4ssig unter Dampf. Einige Rauchrohre k\u00fcndigten sich dann f\u00fcr den ca. alle 10 Jahre erforderlichen Wechsel an. Da im Jahr 2017 die Kesselfrist auslaufen w\u00fcrde und ohne intensivere <strong>Reparaturarbeiten am Stehkessel<\/strong> keine Fristverl\u00e4ngerung erfolgen w\u00fcrde, wurde aus wirtschaftlichen Gr\u00fcnden (ein Satz Rauchrohre kostet incl. Einbau etwa 20.000 EUR) auf den Tausch der Rohre verzichtet. Stattdessen wurde unsere <strong>Dampflok aus dem aktiven Einsatz genommen<\/strong>. Um die Kosten f\u00fcr die notwendige Stehkesselreparatur tragen zu k\u00f6nnen, wurde die <strong>Mittelakquise professionalisiert<\/strong>. Der Erfolg war, dass wir mit unserem Anliegen fast \u00fcberall auf offene Ohren trafen. Somit war die Finanzierung wesentlicher Punkte der Kesselreparatur nach einem f\u00fcr Museumsbahner \u00fcberschaubaren Zeitraum von gut 2 Jahren ab Au\u00dferbetriebsetzung gesichert. Nach Kl\u00e4rung der letzten denkmalrechtlichen Auflagen konnte dann <strong>im November 2019 der Auftrag an den Kesselbauer erteilt<\/strong> werden. Derzeit ist davon auszugehen, dass <strong>&#8222;Schunter&#8220; sp\u00e4testens 2021 wieder im Almetal dampfen<\/strong> wird.<\/span><\/p>\n<p><span style=\"color: #000000;\">Parallel wurde das<strong> Konzept der Bahnhofsfeste in Details verfeinert<\/strong>. U.a. erfolgten wiederkehrende Besuche von Mitgliedern der Siegfried-Gr\u00f6sche-Stiftung mit ihren interessanten, historischen Stra\u00dfenfahrzeugen und von Landmaschinenclubs. Ebenfalls wurden mehrere <strong>Konzerte und Seminare erfolgreich durchgef\u00fchrt<\/strong>, die zeigten, dass auf einem kleinen Bahnhof nicht nur Eisenbahn m\u00f6glich ist. Auch im Jahr 2020 konnten in Abstimmung mit den Beh\u00f6rden durch eine Anpassung des Bahnhofskonzeptes auf ein neu geschaffenes Fahrtagskonzept trotz der Corona-Pandemie Veranstaltungen stattfinden.<br \/>\n<\/span><\/p>\n<p><span style=\"color: #000000;\">Diese Beispiele zeigen, dass die <strong>AHE konsequenter in der Projektdurchf\u00fchrung<\/strong> geworden ist und sich <strong>als ein guter Partner f\u00fcr andere Institutionen etabliert<\/strong> und einen <strong>konstruktiven Umgang mit Herausforderungen<\/strong> lebt.<\/span><\/p>\n<p><span style=\"color: #000000;\">Es gibt also viel zu tun bei der AHE! Wir w\u00fcrden uns freuen, wenn auch <b>Sie<\/b> einmal an einem Veranstaltungstag mit <strong>auf Zeitreise gehen <\/strong>und wir Sie mit unserem Schaffen begeistern d\u00fcrfen!<strong> &#8222;Verkehrshistorische Vergangenheit in der Gegenwart f\u00fcr die Zukunft bewahren&#8220; ist unser Motto &#8211; begleiten auch Sie uns in ein neues Jahrzehnt!<\/strong>[\/vc_column_text][\/vc_column][\/vc_row]<\/span><\/p>\n","protected":false},"excerpt":{"rendered":"<p>[vc_row][vc_column][vc_custom_heading text=&#8220;Die Anf\u00e4nge in den 1970er Jahren&#8220; font_container=&#8220;tag:h1|font_size:30|text_align:center|color:%23dd8f1a&#8220; use_theme_fonts=&#8220;yes&#8220;] [vc_column_text css=&#8220;.vc_custom_1575206934194{margin: 10px !important;}&#8220;]Die Arbeitsgemeinschaft historische Eisenbahn e. V. wurde im Jahr 1972 von 7 Eisenbahnfreunden gegr\u00fcndet. Der Sitz des Vereins [&hellip;]<\/p>\n","protected":false},"author":2,"featured_media":0,"parent":203,"menu_order":1,"comment_status":"closed","ping_status":"closed","template":"","meta":{"_links_to":"","_links_to_target":""},"yoast_head":"<!-- This site is optimized with the Yoast SEO plugin v21.0 - https:\/\/yoast.com\/wordpress\/plugins\/seo\/ -->\n<title>Chronik - Arbeitsgemeinschaft Historische Eisenbahn e.V.<\/title>\n<meta name=\"robots\" content=\"index, follow, max-snippet:-1, max-image-preview:large, max-video-preview:-1\" \/>\n<link rel=\"canonical\" href=\"https:\/\/www.almetalbahn-online.de\/?page_id=519\" \/>\n<meta property=\"og:locale\" content=\"de_DE\" \/>\n<meta property=\"og:type\" content=\"article\" \/>\n<meta property=\"og:title\" content=\"Chronik - Arbeitsgemeinschaft Historische Eisenbahn e.V.\" \/>\n<meta property=\"og:description\" content=\"[vc_row][vc_column][vc_custom_heading text=&#8220;Die Anf\u00e4nge in den 1970er Jahren&#8220; font_container=&#8220;tag:h1|font_size:30|text_align:center|color:%23dd8f1a&#8220; use_theme_fonts=&#8220;yes&#8220;] [vc_column_text css=&#8220;.vc_custom_1575206934194{margin: 10px !important;}&#8220;]Die Arbeitsgemeinschaft historische Eisenbahn e. V. wurde im Jahr 1972 von 7 Eisenbahnfreunden gegr\u00fcndet. Der Sitz des Vereins [&hellip;]\" \/>\n<meta property=\"og:url\" content=\"https:\/\/www.almetalbahn-online.de\/?page_id=519\" \/>\n<meta property=\"og:site_name\" content=\"Arbeitsgemeinschaft Historische Eisenbahn e.V.\" \/>\n<meta property=\"article:publisher\" content=\"https:\/\/www.facebook.com\/Almetalbahn\/\" \/>\n<meta property=\"article:modified_time\" content=\"2020-12-03T12:33:48+00:00\" \/>\n<meta name=\"twitter:card\" content=\"summary_large_image\" \/>\n<meta name=\"twitter:label1\" content=\"Gesch\u00e4tzte Lesezeit\" \/>\n\t<meta name=\"twitter:data1\" content=\"8\u00a0Minuten\" \/>\n<script type=\"application\/ld+json\" class=\"yoast-schema-graph\">{\"@context\":\"https:\/\/schema.org\",\"@graph\":[{\"@type\":\"WebPage\",\"@id\":\"https:\/\/www.almetalbahn-online.de\/?page_id=519\",\"url\":\"https:\/\/www.almetalbahn-online.de\/?page_id=519\",\"name\":\"Chronik - Arbeitsgemeinschaft Historische Eisenbahn e.V.\",\"isPartOf\":{\"@id\":\"https:\/\/www.almetalbahn-online.de\/#website\"},\"datePublished\":\"2019-07-29T13:20:25+00:00\",\"dateModified\":\"2020-12-03T12:33:48+00:00\",\"breadcrumb\":{\"@id\":\"https:\/\/www.almetalbahn-online.de\/?page_id=519#breadcrumb\"},\"inLanguage\":\"de\",\"potentialAction\":[{\"@type\":\"ReadAction\",\"target\":[\"https:\/\/www.almetalbahn-online.de\/?page_id=519\"]}]},{\"@type\":\"BreadcrumbList\",\"@id\":\"https:\/\/www.almetalbahn-online.de\/?page_id=519#breadcrumb\",\"itemListElement\":[{\"@type\":\"ListItem\",\"position\":1,\"name\":\"Startseite\",\"item\":\"https:\/\/www.almetalbahn-online.de\/\"},{\"@type\":\"ListItem\",\"position\":2,\"name\":\"Der Verein\",\"item\":\"https:\/\/www.almetalbahn-online.de\/?page_id=203\"},{\"@type\":\"ListItem\",\"position\":3,\"name\":\"Chronik\"}]},{\"@type\":\"WebSite\",\"@id\":\"https:\/\/www.almetalbahn-online.de\/#website\",\"url\":\"https:\/\/www.almetalbahn-online.de\/\",\"name\":\"Arbeitsgemeinschaft Historische Eisenbahn e.V.\",\"description\":\"Almetalbahn\",\"publisher\":{\"@id\":\"https:\/\/www.almetalbahn-online.de\/#organization\"},\"potentialAction\":[{\"@type\":\"SearchAction\",\"target\":{\"@type\":\"EntryPoint\",\"urlTemplate\":\"https:\/\/www.almetalbahn-online.de\/?s={search_term_string}\"},\"query-input\":\"required name=search_term_string\"}],\"inLanguage\":\"de\"},{\"@type\":\"Organization\",\"@id\":\"https:\/\/www.almetalbahn-online.de\/#organization\",\"name\":\"Arbeitsgemeinschaft Historische Eisenbahn e.V.\",\"url\":\"https:\/\/www.almetalbahn-online.de\/\",\"logo\":{\"@type\":\"ImageObject\",\"inLanguage\":\"de\",\"@id\":\"https:\/\/www.almetalbahn-online.de\/#\/schema\/logo\/image\/\",\"url\":\"https:\/\/www.almetalbahn-online.de\/wp-content\/uploads\/2019\/12\/T3_Zeichnung-e1573062427353.png\",\"contentUrl\":\"https:\/\/www.almetalbahn-online.de\/wp-content\/uploads\/2019\/12\/T3_Zeichnung-e1573062427353.png\",\"width\":200,\"height\":97,\"caption\":\"Arbeitsgemeinschaft Historische Eisenbahn e.V.\"},\"image\":{\"@id\":\"https:\/\/www.almetalbahn-online.de\/#\/schema\/logo\/image\/\"},\"sameAs\":[\"https:\/\/www.facebook.com\/Almetalbahn\/\",\"https:\/\/www.instagram.com\/almetalbahn\/\"]}]}<\/script>\n<!-- \/ Yoast SEO plugin. -->","yoast_head_json":{"title":"Chronik - Arbeitsgemeinschaft Historische Eisenbahn e.V.","robots":{"index":"index","follow":"follow","max-snippet":"max-snippet:-1","max-image-preview":"max-image-preview:large","max-video-preview":"max-video-preview:-1"},"canonical":"https:\/\/www.almetalbahn-online.de\/?page_id=519","og_locale":"de_DE","og_type":"article","og_title":"Chronik - Arbeitsgemeinschaft Historische Eisenbahn e.V.","og_description":"[vc_row][vc_column][vc_custom_heading text=&#8220;Die Anf\u00e4nge in den 1970er Jahren&#8220; font_container=&#8220;tag:h1|font_size:30|text_align:center|color:%23dd8f1a&#8220; use_theme_fonts=&#8220;yes&#8220;] [vc_column_text css=&#8220;.vc_custom_1575206934194{margin: 10px !important;}&#8220;]Die Arbeitsgemeinschaft historische Eisenbahn e. V. wurde im Jahr 1972 von 7 Eisenbahnfreunden gegr\u00fcndet. Der Sitz des Vereins [&hellip;]","og_url":"https:\/\/www.almetalbahn-online.de\/?page_id=519","og_site_name":"Arbeitsgemeinschaft Historische Eisenbahn e.V.","article_publisher":"https:\/\/www.facebook.com\/Almetalbahn\/","article_modified_time":"2020-12-03T12:33:48+00:00","twitter_card":"summary_large_image","twitter_misc":{"Gesch\u00e4tzte Lesezeit":"8\u00a0Minuten"},"schema":{"@context":"https:\/\/schema.org","@graph":[{"@type":"WebPage","@id":"https:\/\/www.almetalbahn-online.de\/?page_id=519","url":"https:\/\/www.almetalbahn-online.de\/?page_id=519","name":"Chronik - Arbeitsgemeinschaft Historische Eisenbahn e.V.","isPartOf":{"@id":"https:\/\/www.almetalbahn-online.de\/#website"},"datePublished":"2019-07-29T13:20:25+00:00","dateModified":"2020-12-03T12:33:48+00:00","breadcrumb":{"@id":"https:\/\/www.almetalbahn-online.de\/?page_id=519#breadcrumb"},"inLanguage":"de","potentialAction":[{"@type":"ReadAction","target":["https:\/\/www.almetalbahn-online.de\/?page_id=519"]}]},{"@type":"BreadcrumbList","@id":"https:\/\/www.almetalbahn-online.de\/?page_id=519#breadcrumb","itemListElement":[{"@type":"ListItem","position":1,"name":"Startseite","item":"https:\/\/www.almetalbahn-online.de\/"},{"@type":"ListItem","position":2,"name":"Der Verein","item":"https:\/\/www.almetalbahn-online.de\/?page_id=203"},{"@type":"ListItem","position":3,"name":"Chronik"}]},{"@type":"WebSite","@id":"https:\/\/www.almetalbahn-online.de\/#website","url":"https:\/\/www.almetalbahn-online.de\/","name":"Arbeitsgemeinschaft Historische Eisenbahn e.V.","description":"Almetalbahn","publisher":{"@id":"https:\/\/www.almetalbahn-online.de\/#organization"},"potentialAction":[{"@type":"SearchAction","target":{"@type":"EntryPoint","urlTemplate":"https:\/\/www.almetalbahn-online.de\/?s={search_term_string}"},"query-input":"required name=search_term_string"}],"inLanguage":"de"},{"@type":"Organization","@id":"https:\/\/www.almetalbahn-online.de\/#organization","name":"Arbeitsgemeinschaft Historische Eisenbahn e.V.","url":"https:\/\/www.almetalbahn-online.de\/","logo":{"@type":"ImageObject","inLanguage":"de","@id":"https:\/\/www.almetalbahn-online.de\/#\/schema\/logo\/image\/","url":"https:\/\/www.almetalbahn-online.de\/wp-content\/uploads\/2019\/12\/T3_Zeichnung-e1573062427353.png","contentUrl":"https:\/\/www.almetalbahn-online.de\/wp-content\/uploads\/2019\/12\/T3_Zeichnung-e1573062427353.png","width":200,"height":97,"caption":"Arbeitsgemeinschaft Historische Eisenbahn e.V."},"image":{"@id":"https:\/\/www.almetalbahn-online.de\/#\/schema\/logo\/image\/"},"sameAs":["https:\/\/www.facebook.com\/Almetalbahn\/","https:\/\/www.instagram.com\/almetalbahn\/"]}]}},"_links":{"self":[{"href":"https:\/\/www.almetalbahn-online.de\/index.php?rest_route=\/wp\/v2\/pages\/519"}],"collection":[{"href":"https:\/\/www.almetalbahn-online.de\/index.php?rest_route=\/wp\/v2\/pages"}],"about":[{"href":"https:\/\/www.almetalbahn-online.de\/index.php?rest_route=\/wp\/v2\/types\/page"}],"author":[{"embeddable":true,"href":"https:\/\/www.almetalbahn-online.de\/index.php?rest_route=\/wp\/v2\/users\/2"}],"replies":[{"embeddable":true,"href":"https:\/\/www.almetalbahn-online.de\/index.php?rest_route=%2Fwp%2Fv2%2Fcomments&post=519"}],"version-history":[{"count":42,"href":"https:\/\/www.almetalbahn-online.de\/index.php?rest_route=\/wp\/v2\/pages\/519\/revisions"}],"predecessor-version":[{"id":3273,"href":"https:\/\/www.almetalbahn-online.de\/index.php?rest_route=\/wp\/v2\/pages\/519\/revisions\/3273"}],"up":[{"embeddable":true,"href":"https:\/\/www.almetalbahn-online.de\/index.php?rest_route=\/wp\/v2\/pages\/203"}],"wp:attachment":[{"href":"https:\/\/www.almetalbahn-online.de\/index.php?rest_route=%2Fwp%2Fv2%2Fmedia&parent=519"}],"curies":[{"name":"wp","href":"https:\/\/api.w.org\/{rel}","templated":true}]}}