{"id":523,"date":"2019-07-29T15:21:41","date_gmt":"2019-07-29T13:21:41","guid":{"rendered":"https:\/\/www.almetalbahn-online.de\/?page_id=523"},"modified":"2022-10-07T10:59:16","modified_gmt":"2022-10-07T08:59:16","slug":"beitragsordnung","status":"publish","type":"page","link":"https:\/\/www.almetalbahn-online.de\/?page_id=523","title":{"rendered":"Mitgliedschaft und Unterst\u00fctzung"},"content":{"rendered":"\n<p>[vc_row][vc_column][vc_column_text  css=&#8220;.vc_custom_1575206934194{margin: 10px !important;}&#8220;]<\/p>\n\n\n\n<p><strong>Mitglied werden?<\/strong> Es gibt zwei Wege es zu sein!<\/p>\n\n\n\n<p><strong>Der erste Weg: aktiv mitmachen!<\/strong><\/p>\n\n\n\n<p>Sie interessieren sich schon immer f\u00fcr Eisenbahnen? Sie sind vom \u201eEisenbahnvirus\u201c befallen?  Oder interessieren Sie sich f\u00fcr regionale Verkehrsgeschichte?  Sie sind auf der Suche nach einer sinnvollen Freizeitbesch\u00e4ftigung?  Arbeiten Sie gerne zusammen mit Gleichgesinnten an gemeinsamen Zielen? Wollen Sie sich vielleicht mal richtig dreckig machen? Wollen Sie sauber bleiben?  Lernen Sie gerne nette und gutgelaunte Leute kennen? <\/p>\n\n\n\n<p>Schauen Sie doch gerne mal bei uns vorbei!  Wie viele Museumsbahnvereine freut sich auch die Almetalbahn st\u00e4ndig \u00fcber tatkr\u00e4ftige MithelferInnen! <\/p>\n\n\n\n<p>Die Bandbreite an m\u00f6glichen Bet\u00e4tigungsfeldern ist riesig: Fahrzeugaufarbeitung, Gel\u00e4ndepflege, Veranstaltungsbetrieb und und und \u2026 Eine handwerkliche Begabung ist dabei nicht erforderlich. MithelferInnen beim Schotter schaufeln, beim Gr\u00fcnschnitt, beim Fahrzeuge entrosten, bei der Besucherbetreuung sind genauso wichtig wie unsere Fachleute bei umfangreichen, komplizierten Arbeiten bei den Fahrzeugaufarbeitungen. Und dar\u00fcber hinaus sind die Fachleute nat\u00fcrlich jederzeit dazu bereit, ihre Erfahrung weiterzugeben und Neulinge anzulernen, denn nur so ist ein langfristiger <strong>Vorkenntnisse sind nicht erforderlich<\/strong>, lediglich die Motivation, sich einzubringen und etwas Freude an der Eisenbahn.<\/p>\n\n\n\n<p>Einen kleinen Einblick in die bei unserer Museumsbahn m\u00f6glichen Aktivit\u00e4ten kann vielleicht die folgende, unvollst\u00e4ndige Auflistung geben. Ganz bestimmt finden auch Sie sich darin wieder!<\/p>\n\n\n\n<ul><li>Infrastrukturunterhalt<\/li><li>Fahrzeugaufarbeitung und -instandhaltung<\/li><li>Geb\u00e4udeerhalt und Hochbau<\/li><li>Veranstaltungen &#8211; Organisation und Durchf\u00fchrung<\/li><li>Marketing und \u00d6ffentlichkeitsarbeit<\/li><li>Verwaltung eines gemeinn\u00fctzigen Vereins<\/li><li>Bahnbetrieb<\/li><\/ul>\n\n\n\n<p>Bei entsprechender Eignung ist nach den n\u00f6tigen Ausbildungen die Mitarbeit im Betriebsdienst m\u00f6glich. Dazu bilden wir intern gem\u00e4\u00df den Betriebsvorschriften umfassend aus. <\/p>\n\n\n\n<p><strong>Der attraktive alternative Weg: passiv mithelfen!<\/strong><\/p>\n\n\n\n<p>Sie wollen die Arbeit der Arbeitsgemeinschaft Historische Eisenbahn e.V. gerne unterst\u00fctzen, haben jedoch keine oder kaum Zeit, oder anderweitig nicht die M\u00f6glichkeit, aktiv mitzuarbeiten? Dann k\u00f6nnen Sie auch passives Mitglied werden! Mit ihrem j\u00e4hrlichen Beitrag von 80 \u20ac (nur 6,66 \u20ac im Monat f\u00fcr Erwachsene) helfen Sie uns, Ausgaben f\u00fcr Materialien und notwendige Abgaben (Versicherungen, Beitr\u00e4ge bei der Berufsgenossenschaft usw.) zu decken. Sie erhalten daf\u00fcr Verg\u00fcnstigungen an unseren Veranstaltungen, k\u00f6nnen an Vereinsveranstaltungen teilnehmen und werden regelm\u00e4\u00dfig \u00fcber das Vereinsgeschehen informiert. <\/p>\n\n\n\n<p><strong>Gemeinsam Gro\u00dfes bewegen, das Erlebnis Eisenbahn gestalten. Diese Gedanken treiben Sie an? Dann werden Sie Mitglied!<\/strong><br>N\u00e4heres zu den Mitgliedsantr\u00e4gen und der Satzung finden Sie <a href=\"https:\/\/www.almetalbahn-online.de\/?page_id=521\">hier<\/a>.<\/p>\n\n\n\n<p><strong>Wenn Sie uns als Spender unterst\u00fctzen m\u00f6chten, finden Sie hier unsere Bankverbindung:<\/strong><\/p>\n\n\n<style>.kt-info-box4285_f48f62-8c .kt-blocks-info-box-link-wrap{border-top:4px solid #f3960a;border-right:4px solid #f3960a;border-bottom:4px solid #f3960a;border-left:4px solid #f3960a;border-top-left-radius:4px;border-top-right-radius:4px;border-bottom-right-radius:4px;border-bottom-left-radius:4px;background:#f2f2f2;padding-top:1px;padding-right:1px;padding-bottom:1px;padding-left:1px;}.kt-info-box4285_f48f62-8c .kt-blocks-info-box-link-wrap:hover{background:#f2f2f2;}.kt-info-box4285_f48f62-8c .kt-info-svg-icon, .kt-info-box4285_f48f62-8c .kt-info-svg-icon-flip, .kt-info-box4285_f48f62-8c .kt-blocks-info-box-number{font-size:6px;}.kt-info-box4285_f48f62-8c .kt-blocks-info-box-media{color:#444444;background:transparent;border-color:#444444;border-top-width:0px;border-right-width:0px;border-bottom-width:0px;border-left-width:0px;padding-top:0px;padding-right:0px;padding-bottom:0px;padding-left:0px;margin-top:5px;margin-right:10px;margin-bottom:5px;margin-left:10px;}.kt-info-box4285_f48f62-8c .kt-blocks-info-box-link-wrap:hover .kt-blocks-info-box-media{color:#444444;background:transparent;border-color:#444444;}.kt-info-box4285_f48f62-8c .kt-infobox-textcontent h4.kt-blocks-info-box-title{font-size:14px;line-height:59px;letter-spacing:1.5px;padding-top:5px;padding-right:5px;padding-bottom:5px;padding-left:5px;margin-top:-14px;margin-right:0px;margin-bottom:0px;margin-left:0px;}.kt-info-box4285_f48f62-8c h4.kt-blocks-info-box-title{min-height:0px;}.kt-info-box4285_f48f62-8c .kt-infobox-textcontent .kt-blocks-info-box-text{color:#000000;}.wp-block-kadence-infobox.kt-info-box4285_f48f62-8c .kt-blocks-info-box-text{margin-top:1px;margin-right:1px;margin-bottom:1px;margin-left:1px;}.kt-info-box4285_f48f62-8c .kt-blocks-info-box-text{min-height:66px;}.kt-info-box4285_f48f62-8c .kt-blocks-info-box-learnmore{background:transparent;border-color:#555555;border-width:0px 0px 0px 0px;padding-top:8px;padding-right:12px;padding-bottom:8px;padding-left:12px;margin:12px 0px 12px 0px;}.kt-info-box4285_f48f62-8c .kt-blocks-info-box-link-wrap:hover .kt-blocks-info-box-learnmore{color:#ffffff;background:#444444;border-color:#444444;}@media all and (max-width: 1024px){.kt-info-box4285_f48f62-8c .kt-blocks-info-box-link-wrap{border-top:4px solid #f3960a;border-right:4px solid #f3960a;border-bottom:4px solid #f3960a;border-left:4px solid #f3960a;}}@media all and (max-width: 1024px){.kt-info-box4285_f48f62-8c .kt-infobox-textcontent h4.kt-blocks-info-box-title{font-size:14px;line-height:40px;}}@media all and (max-width: 767px){.kt-info-box4285_f48f62-8c .kt-blocks-info-box-link-wrap{border-top:4px solid #f3960a;border-right:4px solid #f3960a;border-bottom:4px solid #f3960a;border-left:4px solid #f3960a;display:block;}.kt-info-box4285_f48f62-8c .kt-infobox-textcontent h4.kt-blocks-info-box-title{font-size:14px;line-height:30px;}.kt-info-box4285_f48f62-8c .kt-blocks-info-box-link-wrap .kt-blocks-info-box-media{display:inline-block;max-width:100%;}}<\/style>\n<div class=\"wp-block-kadence-infobox kt-info-box4285_f48f62-8c\"><div class=\"kt-blocks-info-box-link-wrap kt-blocks-info-box-media-align-left kt-info-halign-center\"><div class=\"kt-infobox-textcontent\"><h4 class=\"kt-blocks-info-box-title\">Den Verein mit Spenden unterst\u00fctzen<\/h4><p class=\"kt-blocks-info-box-text\">Arbeitsgemeinschaft Historische Eisenbahn e.V.<br\/>Sparkasse Hildesheim-Goslar-Peine<br\/><strong>DE82 2595 0130 0050 7208 06 <\/strong><br\/>Zweck: &#8222;Spende f\u00fcr Vereinsarbeit, <em>ggf.  genaueren Zweck und<\/em> <em>Ihre Adresse erg\u00e4nzen<\/em>&#8220; <br\/><br\/>Da wir <strong>gemeinn\u00fctzig <\/strong>anerkannt sind, ist die Erstellung einer <strong>Zuwendungsbest\u00e4tigung kein Problem<\/strong>. Bei Spenden unter 200 EUR reicht als Beleg gegen\u00fcber dem Finanzamt Ihr Kontoauszug aus. Gerne stellen wir Ihnen auf Wunsch auch in diesem Fall eine Zuwendungsbest\u00e4tigung aus.<br\/><\/p><\/div><\/div><\/div>\n\n\n\n<p>Wir danken Ihnen vorab herzlich f\u00fcr Ihre Unterst\u00fctzung!<\/p>\n\n\n\n<p>[vc_row][vc_column][\/vc_column_text]<\/p>\n","protected":false},"excerpt":{"rendered":"<p>[vc_row][vc_column][vc_column_text css=&#8220;.vc_custom_1575206934194{margin: 10px !important;}&#8220;] Mitglied werden? Es gibt zwei Wege es zu sein! Der erste Weg: aktiv mitmachen! Sie interessieren sich schon immer f\u00fcr Eisenbahnen? Sie sind vom \u201eEisenbahnvirus\u201c befallen? [&hellip;]<\/p>\n","protected":false},"author":2,"featured_media":0,"parent":203,"menu_order":3,"comment_status":"closed","ping_status":"closed","template":"","meta":{"_links_to":"","_links_to_target":""},"yoast_head":"<!-- This site is optimized with the Yoast SEO plugin v21.0 - https:\/\/yoast.com\/wordpress\/plugins\/seo\/ -->\n<title>Mitgliedschaft und Unterst\u00fctzung - Arbeitsgemeinschaft Historische Eisenbahn e.V.<\/title>\n<meta name=\"robots\" content=\"index, follow, max-snippet:-1, max-image-preview:large, max-video-preview:-1\" \/>\n<link rel=\"canonical\" href=\"https:\/\/www.almetalbahn-online.de\/?page_id=523\" \/>\n<meta property=\"og:locale\" content=\"de_DE\" \/>\n<meta property=\"og:type\" content=\"article\" \/>\n<meta property=\"og:title\" content=\"Mitgliedschaft und Unterst\u00fctzung - Arbeitsgemeinschaft Historische Eisenbahn e.V.\" \/>\n<meta property=\"og:description\" content=\"[vc_row][vc_column][vc_column_text css=&#8220;.vc_custom_1575206934194{margin: 10px !important;}&#8220;] Mitglied werden? Es gibt zwei Wege es zu sein! Der erste Weg: aktiv mitmachen! Sie interessieren sich schon immer f\u00fcr Eisenbahnen? Sie sind vom \u201eEisenbahnvirus\u201c befallen? [&hellip;]\" \/>\n<meta property=\"og:url\" content=\"https:\/\/www.almetalbahn-online.de\/?page_id=523\" \/>\n<meta property=\"og:site_name\" content=\"Arbeitsgemeinschaft Historische Eisenbahn e.V.\" \/>\n<meta property=\"article:publisher\" content=\"https:\/\/www.facebook.com\/Almetalbahn\/\" \/>\n<meta property=\"article:modified_time\" content=\"2022-10-07T08:59:16+00:00\" \/>\n<meta name=\"twitter:card\" content=\"summary_large_image\" \/>\n<meta name=\"twitter:label1\" content=\"Gesch\u00e4tzte Lesezeit\" \/>\n\t<meta name=\"twitter:data1\" content=\"3\u00a0Minuten\" \/>\n<script type=\"application\/ld+json\" class=\"yoast-schema-graph\">{\"@context\":\"https:\/\/schema.org\",\"@graph\":[{\"@type\":\"WebPage\",\"@id\":\"https:\/\/www.almetalbahn-online.de\/?page_id=523\",\"url\":\"https:\/\/www.almetalbahn-online.de\/?page_id=523\",\"name\":\"Mitgliedschaft und Unterst\u00fctzung - Arbeitsgemeinschaft Historische Eisenbahn e.V.\",\"isPartOf\":{\"@id\":\"https:\/\/www.almetalbahn-online.de\/#website\"},\"datePublished\":\"2019-07-29T13:21:41+00:00\",\"dateModified\":\"2022-10-07T08:59:16+00:00\",\"breadcrumb\":{\"@id\":\"https:\/\/www.almetalbahn-online.de\/?page_id=523#breadcrumb\"},\"inLanguage\":\"de\",\"potentialAction\":[{\"@type\":\"ReadAction\",\"target\":[\"https:\/\/www.almetalbahn-online.de\/?page_id=523\"]}]},{\"@type\":\"BreadcrumbList\",\"@id\":\"https:\/\/www.almetalbahn-online.de\/?page_id=523#breadcrumb\",\"itemListElement\":[{\"@type\":\"ListItem\",\"position\":1,\"name\":\"Startseite\",\"item\":\"https:\/\/www.almetalbahn-online.de\/\"},{\"@type\":\"ListItem\",\"position\":2,\"name\":\"Der Verein\",\"item\":\"https:\/\/www.almetalbahn-online.de\/?page_id=203\"},{\"@type\":\"ListItem\",\"position\":3,\"name\":\"Mitgliedschaft und Unterst\u00fctzung\"}]},{\"@type\":\"WebSite\",\"@id\":\"https:\/\/www.almetalbahn-online.de\/#website\",\"url\":\"https:\/\/www.almetalbahn-online.de\/\",\"name\":\"Arbeitsgemeinschaft Historische Eisenbahn e.V.\",\"description\":\"Almetalbahn\",\"publisher\":{\"@id\":\"https:\/\/www.almetalbahn-online.de\/#organization\"},\"potentialAction\":[{\"@type\":\"SearchAction\",\"target\":{\"@type\":\"EntryPoint\",\"urlTemplate\":\"https:\/\/www.almetalbahn-online.de\/?s={search_term_string}\"},\"query-input\":\"required name=search_term_string\"}],\"inLanguage\":\"de\"},{\"@type\":\"Organization\",\"@id\":\"https:\/\/www.almetalbahn-online.de\/#organization\",\"name\":\"Arbeitsgemeinschaft Historische Eisenbahn e.V.\",\"url\":\"https:\/\/www.almetalbahn-online.de\/\",\"logo\":{\"@type\":\"ImageObject\",\"inLanguage\":\"de\",\"@id\":\"https:\/\/www.almetalbahn-online.de\/#\/schema\/logo\/image\/\",\"url\":\"https:\/\/www.almetalbahn-online.de\/wp-content\/uploads\/2019\/12\/T3_Zeichnung-e1573062427353.png\",\"contentUrl\":\"https:\/\/www.almetalbahn-online.de\/wp-content\/uploads\/2019\/12\/T3_Zeichnung-e1573062427353.png\",\"width\":200,\"height\":97,\"caption\":\"Arbeitsgemeinschaft Historische Eisenbahn e.V.\"},\"image\":{\"@id\":\"https:\/\/www.almetalbahn-online.de\/#\/schema\/logo\/image\/\"},\"sameAs\":[\"https:\/\/www.facebook.com\/Almetalbahn\/\",\"https:\/\/www.instagram.com\/almetalbahn\/\"]}]}<\/script>\n<!-- \/ Yoast SEO plugin. -->","yoast_head_json":{"title":"Mitgliedschaft und Unterst\u00fctzung - Arbeitsgemeinschaft Historische Eisenbahn e.V.","robots":{"index":"index","follow":"follow","max-snippet":"max-snippet:-1","max-image-preview":"max-image-preview:large","max-video-preview":"max-video-preview:-1"},"canonical":"https:\/\/www.almetalbahn-online.de\/?page_id=523","og_locale":"de_DE","og_type":"article","og_title":"Mitgliedschaft und Unterst\u00fctzung - Arbeitsgemeinschaft Historische Eisenbahn e.V.","og_description":"[vc_row][vc_column][vc_column_text css=&#8220;.vc_custom_1575206934194{margin: 10px !important;}&#8220;] Mitglied werden? Es gibt zwei Wege es zu sein! Der erste Weg: aktiv mitmachen! Sie interessieren sich schon immer f\u00fcr Eisenbahnen? Sie sind vom \u201eEisenbahnvirus\u201c befallen? [&hellip;]","og_url":"https:\/\/www.almetalbahn-online.de\/?page_id=523","og_site_name":"Arbeitsgemeinschaft Historische Eisenbahn e.V.","article_publisher":"https:\/\/www.facebook.com\/Almetalbahn\/","article_modified_time":"2022-10-07T08:59:16+00:00","twitter_card":"summary_large_image","twitter_misc":{"Gesch\u00e4tzte Lesezeit":"3\u00a0Minuten"},"schema":{"@context":"https:\/\/schema.org","@graph":[{"@type":"WebPage","@id":"https:\/\/www.almetalbahn-online.de\/?page_id=523","url":"https:\/\/www.almetalbahn-online.de\/?page_id=523","name":"Mitgliedschaft und Unterst\u00fctzung - Arbeitsgemeinschaft Historische Eisenbahn e.V.","isPartOf":{"@id":"https:\/\/www.almetalbahn-online.de\/#website"},"datePublished":"2019-07-29T13:21:41+00:00","dateModified":"2022-10-07T08:59:16+00:00","breadcrumb":{"@id":"https:\/\/www.almetalbahn-online.de\/?page_id=523#breadcrumb"},"inLanguage":"de","potentialAction":[{"@type":"ReadAction","target":["https:\/\/www.almetalbahn-online.de\/?page_id=523"]}]},{"@type":"BreadcrumbList","@id":"https:\/\/www.almetalbahn-online.de\/?page_id=523#breadcrumb","itemListElement":[{"@type":"ListItem","position":1,"name":"Startseite","item":"https:\/\/www.almetalbahn-online.de\/"},{"@type":"ListItem","position":2,"name":"Der Verein","item":"https:\/\/www.almetalbahn-online.de\/?page_id=203"},{"@type":"ListItem","position":3,"name":"Mitgliedschaft und Unterst\u00fctzung"}]},{"@type":"WebSite","@id":"https:\/\/www.almetalbahn-online.de\/#website","url":"https:\/\/www.almetalbahn-online.de\/","name":"Arbeitsgemeinschaft Historische Eisenbahn e.V.","description":"Almetalbahn","publisher":{"@id":"https:\/\/www.almetalbahn-online.de\/#organization"},"potentialAction":[{"@type":"SearchAction","target":{"@type":"EntryPoint","urlTemplate":"https:\/\/www.almetalbahn-online.de\/?s={search_term_string}"},"query-input":"required name=search_term_string"}],"inLanguage":"de"},{"@type":"Organization","@id":"https:\/\/www.almetalbahn-online.de\/#organization","name":"Arbeitsgemeinschaft Historische Eisenbahn e.V.","url":"https:\/\/www.almetalbahn-online.de\/","logo":{"@type":"ImageObject","inLanguage":"de","@id":"https:\/\/www.almetalbahn-online.de\/#\/schema\/logo\/image\/","url":"https:\/\/www.almetalbahn-online.de\/wp-content\/uploads\/2019\/12\/T3_Zeichnung-e1573062427353.png","contentUrl":"https:\/\/www.almetalbahn-online.de\/wp-content\/uploads\/2019\/12\/T3_Zeichnung-e1573062427353.png","width":200,"height":97,"caption":"Arbeitsgemeinschaft Historische Eisenbahn e.V."},"image":{"@id":"https:\/\/www.almetalbahn-online.de\/#\/schema\/logo\/image\/"},"sameAs":["https:\/\/www.facebook.com\/Almetalbahn\/","https:\/\/www.instagram.com\/almetalbahn\/"]}]}},"_links":{"self":[{"href":"https:\/\/www.almetalbahn-online.de\/index.php?rest_route=\/wp\/v2\/pages\/523"}],"collection":[{"href":"https:\/\/www.almetalbahn-online.de\/index.php?rest_route=\/wp\/v2\/pages"}],"about":[{"href":"https:\/\/www.almetalbahn-online.de\/index.php?rest_route=\/wp\/v2\/types\/page"}],"author":[{"embeddable":true,"href":"https:\/\/www.almetalbahn-online.de\/index.php?rest_route=\/wp\/v2\/users\/2"}],"replies":[{"embeddable":true,"href":"https:\/\/www.almetalbahn-online.de\/index.php?rest_route=%2Fwp%2Fv2%2Fcomments&post=523"}],"version-history":[{"count":46,"href":"https:\/\/www.almetalbahn-online.de\/index.php?rest_route=\/wp\/v2\/pages\/523\/revisions"}],"predecessor-version":[{"id":4307,"href":"https:\/\/www.almetalbahn-online.de\/index.php?rest_route=\/wp\/v2\/pages\/523\/revisions\/4307"}],"up":[{"embeddable":true,"href":"https:\/\/www.almetalbahn-online.de\/index.php?rest_route=\/wp\/v2\/pages\/203"}],"wp:attachment":[{"href":"https:\/\/www.almetalbahn-online.de\/index.php?rest_route=%2Fwp%2Fv2%2Fmedia&parent=523"}],"curies":[{"name":"wp","href":"https:\/\/api.w.org\/{rel}","templated":true}]}}