{"id":528,"date":"2019-07-29T16:02:55","date_gmt":"2019-07-29T14:02:55","guid":{"rendered":"https:\/\/www.almetalbahn-online.de\/?page_id=528"},"modified":"2022-06-14T14:05:24","modified_gmt":"2022-06-14T12:05:24","slug":"firmenevents","status":"publish","type":"page","link":"https:\/\/www.almetalbahn-online.de\/?page_id=528","title":{"rendered":"Hochzeiten \/ Fotografie"},"content":{"rendered":"\n<p>[vc_column_text  css=&#8220;.vc_custom_1575206934194{margin: 10px !important;}&#8220;]<\/p>\n\n\n<p>Bereits seit mehreren Jahren nutzen Hochzeitspaare unseren Museumsbahnhof und die Fahrzeuge f\u00fcr eindrucksvolle und dennoch immer individuelle Hochzeitsfotos. Nach Absprache stellt die AHE interessierten Paaren und Fotografen die R\u00e4umlichkeiten zu Verf\u00fcgung und \u00f6ffnet auch Fahrzeugt\u00fcren und Schuppentore.<\/p>\n<p>In 2018 gab es eine Premiere: eine ganze Hochzeitsgesellschaft machte einen kleinen Zwischenstopp auf dem Bahnhof. W\u00e4hrend das Paar Fotos machen lie\u00df, wurde die Gesellschaft im Grillgarten verk\u00f6stigt und genoss anschlie\u00dfend Mitfahrten auf dem SKL. Es ist also einiges m\u00f6glich bei uns \u2013 sprechen Sie uns an, wir beraten Sie gerne!<\/p>\n<p>Ach \u00fcbrigens: wir stellen nicht nur f\u00fcr Hochzeitspaare unser Ambiente zu Verf\u00fcgung. Gerne \u00f6ffnen wir auch f\u00fcr Technik- oder Historienfotografie T\u00fcren und Tore!<\/p>\n<p>Einen Eindruck zu den Kosten f\u00fcr Veranstaltungen bei uns bekommen Sie <a href=\"https:\/\/www.almetalbahn-online.de\/?page_id=521\">hier<\/a>. Die folgende Bildergalerie gibt einen kleinen Eindruck der M\u00f6glichkeiten auf unserem Gel\u00e4nde.<\/p>\n\n<p>[vc_row][vc_column][vc_column_text css=&#8220;.vc_custom_1575206934194{margin: 10px !important;}&#8220;]<br \/>\n[vc_row][vc_column][vc_gallery type=&#8220;image_grid&#8220; images=&#8220;2670,2668,2576,2372,1091,1097,1299,2991,2992,2994,2996,2997,2998,2999,3000,2995&#8243; img_size=&#8220;medium&#8220;][\/vc_column][\/vc_row]<\/p>\n\n\n\n<p>[\/vc_column_text]<\/p>\n","protected":false},"excerpt":{"rendered":"<p>[vc_column_text css=&#8220;.vc_custom_1575206934194{margin: 10px !important;}&#8220;] Bereits seit mehreren Jahren nutzen Hochzeitspaare unseren Museumsbahnhof und die Fahrzeuge f\u00fcr eindrucksvolle und dennoch immer individuelle Hochzeitsfotos. Nach Absprache stellt die AHE interessierten Paaren und [&hellip;]<\/p>\n","protected":false},"author":2,"featured_media":0,"parent":376,"menu_order":3,"comment_status":"closed","ping_status":"closed","template":"","meta":{"_links_to":"","_links_to_target":""},"yoast_head":"<!-- This site is optimized with the Yoast SEO plugin v21.0 - https:\/\/yoast.com\/wordpress\/plugins\/seo\/ -->\n<title>Hochzeiten \/ Fotografie - Arbeitsgemeinschaft Historische Eisenbahn e.V.<\/title>\n<meta name=\"robots\" content=\"index, follow, max-snippet:-1, max-image-preview:large, max-video-preview:-1\" \/>\n<link rel=\"canonical\" href=\"https:\/\/www.almetalbahn-online.de\/?page_id=528\" \/>\n<meta property=\"og:locale\" content=\"de_DE\" \/>\n<meta property=\"og:type\" content=\"article\" \/>\n<meta property=\"og:title\" content=\"Hochzeiten \/ Fotografie - Arbeitsgemeinschaft Historische Eisenbahn e.V.\" \/>\n<meta property=\"og:description\" content=\"[vc_column_text css=&#8220;.vc_custom_1575206934194{margin: 10px !important;}&#8220;] Bereits seit mehreren Jahren nutzen Hochzeitspaare unseren Museumsbahnhof und die Fahrzeuge f\u00fcr eindrucksvolle und dennoch immer individuelle Hochzeitsfotos. Nach Absprache stellt die AHE interessierten Paaren und [&hellip;]\" \/>\n<meta property=\"og:url\" content=\"https:\/\/www.almetalbahn-online.de\/?page_id=528\" \/>\n<meta property=\"og:site_name\" content=\"Arbeitsgemeinschaft Historische Eisenbahn e.V.\" \/>\n<meta property=\"article:publisher\" content=\"https:\/\/www.facebook.com\/Almetalbahn\/\" \/>\n<meta property=\"article:modified_time\" content=\"2022-06-14T12:05:24+00:00\" \/>\n<meta name=\"twitter:card\" content=\"summary_large_image\" \/>\n<meta name=\"twitter:label1\" content=\"Gesch\u00e4tzte Lesezeit\" \/>\n\t<meta name=\"twitter:data1\" content=\"1\u00a0Minute\" \/>\n<script type=\"application\/ld+json\" class=\"yoast-schema-graph\">{\"@context\":\"https:\/\/schema.org\",\"@graph\":[{\"@type\":\"WebPage\",\"@id\":\"https:\/\/www.almetalbahn-online.de\/?page_id=528\",\"url\":\"https:\/\/www.almetalbahn-online.de\/?page_id=528\",\"name\":\"Hochzeiten \/ Fotografie - Arbeitsgemeinschaft Historische Eisenbahn e.V.\",\"isPartOf\":{\"@id\":\"https:\/\/www.almetalbahn-online.de\/#website\"},\"datePublished\":\"2019-07-29T14:02:55+00:00\",\"dateModified\":\"2022-06-14T12:05:24+00:00\",\"breadcrumb\":{\"@id\":\"https:\/\/www.almetalbahn-online.de\/?page_id=528#breadcrumb\"},\"inLanguage\":\"de\",\"potentialAction\":[{\"@type\":\"ReadAction\",\"target\":[\"https:\/\/www.almetalbahn-online.de\/?page_id=528\"]}]},{\"@type\":\"BreadcrumbList\",\"@id\":\"https:\/\/www.almetalbahn-online.de\/?page_id=528#breadcrumb\",\"itemListElement\":[{\"@type\":\"ListItem\",\"position\":1,\"name\":\"Startseite\",\"item\":\"https:\/\/www.almetalbahn-online.de\/\"},{\"@type\":\"ListItem\",\"position\":2,\"name\":\"Almetalbahn besuchen\",\"item\":\"https:\/\/www.almetalbahn-online.de\/?page_id=376\"},{\"@type\":\"ListItem\",\"position\":3,\"name\":\"Hochzeiten \/ Fotografie\"}]},{\"@type\":\"WebSite\",\"@id\":\"https:\/\/www.almetalbahn-online.de\/#website\",\"url\":\"https:\/\/www.almetalbahn-online.de\/\",\"name\":\"Arbeitsgemeinschaft Historische Eisenbahn e.V.\",\"description\":\"Almetalbahn\",\"publisher\":{\"@id\":\"https:\/\/www.almetalbahn-online.de\/#organization\"},\"potentialAction\":[{\"@type\":\"SearchAction\",\"target\":{\"@type\":\"EntryPoint\",\"urlTemplate\":\"https:\/\/www.almetalbahn-online.de\/?s={search_term_string}\"},\"query-input\":\"required name=search_term_string\"}],\"inLanguage\":\"de\"},{\"@type\":\"Organization\",\"@id\":\"https:\/\/www.almetalbahn-online.de\/#organization\",\"name\":\"Arbeitsgemeinschaft Historische Eisenbahn e.V.\",\"url\":\"https:\/\/www.almetalbahn-online.de\/\",\"logo\":{\"@type\":\"ImageObject\",\"inLanguage\":\"de\",\"@id\":\"https:\/\/www.almetalbahn-online.de\/#\/schema\/logo\/image\/\",\"url\":\"https:\/\/www.almetalbahn-online.de\/wp-content\/uploads\/2019\/12\/T3_Zeichnung-e1573062427353.png\",\"contentUrl\":\"https:\/\/www.almetalbahn-online.de\/wp-content\/uploads\/2019\/12\/T3_Zeichnung-e1573062427353.png\",\"width\":200,\"height\":97,\"caption\":\"Arbeitsgemeinschaft Historische Eisenbahn e.V.\"},\"image\":{\"@id\":\"https:\/\/www.almetalbahn-online.de\/#\/schema\/logo\/image\/\"},\"sameAs\":[\"https:\/\/www.facebook.com\/Almetalbahn\/\",\"https:\/\/www.instagram.com\/almetalbahn\/\"]}]}<\/script>\n<!-- \/ Yoast SEO plugin. -->","yoast_head_json":{"title":"Hochzeiten \/ Fotografie - Arbeitsgemeinschaft Historische Eisenbahn e.V.","robots":{"index":"index","follow":"follow","max-snippet":"max-snippet:-1","max-image-preview":"max-image-preview:large","max-video-preview":"max-video-preview:-1"},"canonical":"https:\/\/www.almetalbahn-online.de\/?page_id=528","og_locale":"de_DE","og_type":"article","og_title":"Hochzeiten \/ Fotografie - Arbeitsgemeinschaft Historische Eisenbahn e.V.","og_description":"[vc_column_text css=&#8220;.vc_custom_1575206934194{margin: 10px !important;}&#8220;] Bereits seit mehreren Jahren nutzen Hochzeitspaare unseren Museumsbahnhof und die Fahrzeuge f\u00fcr eindrucksvolle und dennoch immer individuelle Hochzeitsfotos. Nach Absprache stellt die AHE interessierten Paaren und [&hellip;]","og_url":"https:\/\/www.almetalbahn-online.de\/?page_id=528","og_site_name":"Arbeitsgemeinschaft Historische Eisenbahn e.V.","article_publisher":"https:\/\/www.facebook.com\/Almetalbahn\/","article_modified_time":"2022-06-14T12:05:24+00:00","twitter_card":"summary_large_image","twitter_misc":{"Gesch\u00e4tzte Lesezeit":"1\u00a0Minute"},"schema":{"@context":"https:\/\/schema.org","@graph":[{"@type":"WebPage","@id":"https:\/\/www.almetalbahn-online.de\/?page_id=528","url":"https:\/\/www.almetalbahn-online.de\/?page_id=528","name":"Hochzeiten \/ Fotografie - Arbeitsgemeinschaft Historische Eisenbahn e.V.","isPartOf":{"@id":"https:\/\/www.almetalbahn-online.de\/#website"},"datePublished":"2019-07-29T14:02:55+00:00","dateModified":"2022-06-14T12:05:24+00:00","breadcrumb":{"@id":"https:\/\/www.almetalbahn-online.de\/?page_id=528#breadcrumb"},"inLanguage":"de","potentialAction":[{"@type":"ReadAction","target":["https:\/\/www.almetalbahn-online.de\/?page_id=528"]}]},{"@type":"BreadcrumbList","@id":"https:\/\/www.almetalbahn-online.de\/?page_id=528#breadcrumb","itemListElement":[{"@type":"ListItem","position":1,"name":"Startseite","item":"https:\/\/www.almetalbahn-online.de\/"},{"@type":"ListItem","position":2,"name":"Almetalbahn besuchen","item":"https:\/\/www.almetalbahn-online.de\/?page_id=376"},{"@type":"ListItem","position":3,"name":"Hochzeiten \/ Fotografie"}]},{"@type":"WebSite","@id":"https:\/\/www.almetalbahn-online.de\/#website","url":"https:\/\/www.almetalbahn-online.de\/","name":"Arbeitsgemeinschaft Historische Eisenbahn e.V.","description":"Almetalbahn","publisher":{"@id":"https:\/\/www.almetalbahn-online.de\/#organization"},"potentialAction":[{"@type":"SearchAction","target":{"@type":"EntryPoint","urlTemplate":"https:\/\/www.almetalbahn-online.de\/?s={search_term_string}"},"query-input":"required name=search_term_string"}],"inLanguage":"de"},{"@type":"Organization","@id":"https:\/\/www.almetalbahn-online.de\/#organization","name":"Arbeitsgemeinschaft Historische Eisenbahn e.V.","url":"https:\/\/www.almetalbahn-online.de\/","logo":{"@type":"ImageObject","inLanguage":"de","@id":"https:\/\/www.almetalbahn-online.de\/#\/schema\/logo\/image\/","url":"https:\/\/www.almetalbahn-online.de\/wp-content\/uploads\/2019\/12\/T3_Zeichnung-e1573062427353.png","contentUrl":"https:\/\/www.almetalbahn-online.de\/wp-content\/uploads\/2019\/12\/T3_Zeichnung-e1573062427353.png","width":200,"height":97,"caption":"Arbeitsgemeinschaft Historische Eisenbahn e.V."},"image":{"@id":"https:\/\/www.almetalbahn-online.de\/#\/schema\/logo\/image\/"},"sameAs":["https:\/\/www.facebook.com\/Almetalbahn\/","https:\/\/www.instagram.com\/almetalbahn\/"]}]}},"_links":{"self":[{"href":"https:\/\/www.almetalbahn-online.de\/index.php?rest_route=\/wp\/v2\/pages\/528"}],"collection":[{"href":"https:\/\/www.almetalbahn-online.de\/index.php?rest_route=\/wp\/v2\/pages"}],"about":[{"href":"https:\/\/www.almetalbahn-online.de\/index.php?rest_route=\/wp\/v2\/types\/page"}],"author":[{"embeddable":true,"href":"https:\/\/www.almetalbahn-online.de\/index.php?rest_route=\/wp\/v2\/users\/2"}],"replies":[{"embeddable":true,"href":"https:\/\/www.almetalbahn-online.de\/index.php?rest_route=%2Fwp%2Fv2%2Fcomments&post=528"}],"version-history":[{"count":20,"href":"https:\/\/www.almetalbahn-online.de\/index.php?rest_route=\/wp\/v2\/pages\/528\/revisions"}],"predecessor-version":[{"id":4059,"href":"https:\/\/www.almetalbahn-online.de\/index.php?rest_route=\/wp\/v2\/pages\/528\/revisions\/4059"}],"up":[{"embeddable":true,"href":"https:\/\/www.almetalbahn-online.de\/index.php?rest_route=\/wp\/v2\/pages\/376"}],"wp:attachment":[{"href":"https:\/\/www.almetalbahn-online.de\/index.php?rest_route=%2Fwp%2Fv2%2Fmedia&parent=528"}],"curies":[{"name":"wp","href":"https:\/\/api.w.org\/{rel}","templated":true}]}}