{"id":554,"date":"2019-07-31T15:01:42","date_gmt":"2019-07-31T13:01:42","guid":{"rendered":"https:\/\/www.almetalbahn-online.de\/?page_id=554"},"modified":"2019-12-16T23:35:25","modified_gmt":"2019-12-16T22:35:25","slug":"dieselloks","status":"publish","type":"page","link":"https:\/\/www.almetalbahn-online.de\/?page_id=554","title":{"rendered":"Dieselloks"},"content":{"rendered":"<p>[vc_row][vc_column][vc_column_text css=&#8220;.vc_custom_1575206934194{margin: 10px !important;}&#8220;]<\/p>\n<p>\u00a0<\/p>\n\n\n<p><strong>Diesellokomotiven<\/strong> bilden eine Unterart der Verbrennungsmotorlokomotiven. Aus diesem Grund sind die Diesellokomotiven bei der AHE alle mit &#8222;VL&#8220; f\u00fcr Verbrennungsmotorlokomotive nummeriert, auch wenn sich keine Lokomotive im Bestand der AHE befindet, die im Laufe ihres Lokomotivlebens nicht auf einen Dieselmotor umgebaut worden ist. Der Anfang der Verbrennungsmotorlokomotiventwicklung liegt in den 1880er Jahren als erstmals Verbrennungsmotoren mit Leistungen im geringen kW-Bereich sowie Generatoren und Elektromotoren f\u00fcr einen elektrischen Antrieb zu Verf\u00fcgung standen.<br>Mit der Entwicklung leistungsf\u00e4higer Verbrennungsmotoren und mechanischer, sp\u00e4ter auch hydraulischer Kraft\u00fcbertragung begann die Verbreitung der Verbrennungsmotorlokomotiven. Aufgrund ihrer verh\u00e4ltnism\u00e4\u00dfg geringen Leistung, aber g\u00fcnstiger Betriebskosten wurden sie zun\u00e4chst haupts\u00e4chlich bei Werkbahnen eingesetzt. Ein Beispiel hierf\u00fcr ist die <a href=\"https:\/\/www.almetalbahn-online.de\/?page_id=900\">VL9 &#8222;Zufa&#8220; <\/a>. Ab den 1930er Jahre begann sich auch die Deutsche Reichsbahn f\u00fcr Verbrennungsmotorlokomotiven zu interessieren. Um das geeignete Antriebskonzept (Benzin, Benzol, Diesel oder Akkumulatoren, o.a. als Energiequelle und hautps\u00e4chlich mechanische oder elektrische Leistungs\u00fcbertragung) herauszufinden, wurde eine Reihe von Kleinlokomotiven entwickelt, die in unterscheidlichen Leistungsklassen zum Einsatz kamen. Diese sind bei der AHE mit der <a href=\"https:\/\/www.almetalbahn-online.de\/?page_id=903\">K\u00f6 I <\/a>, <a href=\"https:\/\/www.almetalbahn-online.de\/?page_id=932\">K\u00f6 II <\/a> und <a href=\"https:\/\/www.almetalbahn-online.de\/?page_id=901\">K\u00f6f II<\/a> vertreten.<br>In den sp\u00e4ten 1930er Jahren war dann auch die hydraulische Kraft\u00fcbertragung derart ausgereift, dass sie mit Dieselmotoren jenseits der 150 PS kombiniert werden konnte. Diesen Entwicklungsschritt bildet unsere <a href=\"https:\/\/www.almetalbahn-online.de\/?page_id=902\">V20 022<\/a> ab. Sie ist damit eine Urahnin der meisten \u00fcber viele Jahrzehnte &#8211; und teilweise immer noch &#8211; eingesetzten Diesellkomotiven auf den Gleisen der Bundesrepublik. <\/p>\n\n\n\n<ul class=\"wp-block-gallery columns-3 is-cropped\"><li class=\"blocks-gallery-item\">\n<figure><figure><img decoding=\"async\" loading=\"lazy\" class=\"wp-image-719 size-large alignnone\" src=\"https:\/\/www.almetalbahn-online.de\/wp-content\/uploads\/2019\/11\/DSC01232-1024x768.jpg\" alt=\"\" width=\"1024\" height=\"768\"><\/figure><p><\/p>\n<figcaption>VL 8 &#8211; unsere K\u00f6f II<\/figcaption>\n<\/figure>\n<\/li><li class=\"blocks-gallery-item\">\n<figure><figure><img decoding=\"async\" loading=\"lazy\" class=\"alignnone wp-image-717 size-full\" src=\"https:\/\/www.almetalbahn-online.de\/wp-content\/uploads\/2019\/11\/20170424_173310-e1574199417647.jpg\" alt=\"\" width=\"1920\" height=\"1080\" srcset=\"https:\/\/www.almetalbahn-online.de\/wp-content\/uploads\/2019\/11\/20170424_173310-e1574199417647.jpg 1920w, https:\/\/www.almetalbahn-online.de\/wp-content\/uploads\/2019\/11\/20170424_173310-e1574199417647-300x169.jpg 300w, https:\/\/www.almetalbahn-online.de\/wp-content\/uploads\/2019\/11\/20170424_173310-e1574199417647-1024x576.jpg 1024w, https:\/\/www.almetalbahn-online.de\/wp-content\/uploads\/2019\/11\/20170424_173310-e1574199417647-768x432.jpg 768w, https:\/\/www.almetalbahn-online.de\/wp-content\/uploads\/2019\/11\/20170424_173310-e1574199417647-1536x864.jpg 1536w, https:\/\/www.almetalbahn-online.de\/wp-content\/uploads\/2019\/11\/20170424_173310-e1574199417647-600x338.jpg 600w\" sizes=\"(max-width: 1920px) 100vw, 1920px\" \/><\/figure><p><\/p>\n<figcaption>VL 3 &#8211; Unser Zweizylinder-&#8222;Wirus&#8220;<\/figcaption>\n<\/figure>\n<\/li><li class=\"blocks-gallery-item\">\n<figure><figure><img decoding=\"async\" loading=\"lazy\" class=\"alignnone wp-image-718 size-full\" src=\"https:\/\/www.almetalbahn-online.de\/wp-content\/uploads\/2019\/11\/20190608_allg_013.jpg\" alt=\"\" width=\"1440\" height=\"1080\" srcset=\"https:\/\/www.almetalbahn-online.de\/wp-content\/uploads\/2019\/11\/20190608_allg_013.jpg 1440w, https:\/\/www.almetalbahn-online.de\/wp-content\/uploads\/2019\/11\/20190608_allg_013-300x225.jpg 300w, https:\/\/www.almetalbahn-online.de\/wp-content\/uploads\/2019\/11\/20190608_allg_013-1024x768.jpg 1024w, https:\/\/www.almetalbahn-online.de\/wp-content\/uploads\/2019\/11\/20190608_allg_013-768x576.jpg 768w, https:\/\/www.almetalbahn-online.de\/wp-content\/uploads\/2019\/11\/20190608_allg_013-600x450.jpg 600w\" sizes=\"(max-width: 1440px) 100vw, 1440px\" \/><\/figure><p><\/p>\n<figcaption>VL&nbsp; 11 &#8211; unsere &#8222;Salzi&#8220; aus dem ehem. Kaliwerk Bad Salzdetfurth<\/figcaption>\n<\/figure>\n<\/li><\/ul>\n\n\n\n<table id=\"tablepress-2\" class=\"tablepress tablepress-id-2 table-resp\">\n<thead>\n<tr class=\"row-1 odd\">\n\t<th class=\"column-1\">AHE-Nr.<\/th><th class=\"column-2\">Typ<\/th><th class=\"column-3\">Achs-folge<\/th><th class=\"column-4\">Gew. [t]<\/th><th class=\"column-5\">Hg. [km\/h]<\/th><th class=\"column-6\">Leistung [PS]<\/th><th class=\"column-7\">Hersteller<\/th><th class=\"column-8\">Fabr.Nr.<\/th><th class=\"column-9\">Baujahr<\/th><th class=\"column-10\">Vorbesitzer<\/th><th class=\"column-11\">ehem. Betriebs-Nr.<\/th><th class=\"column-12\">gekauft<\/th><th class=\"column-13\">Bemerkung<\/th><th class=\"column-14\">Eigen-tum<\/th>\n<\/tr>\n<\/thead>\n<tbody class=\"row-hover\">\n<tr class=\"row-2 even\">\n\t<td class=\"column-1\"><a href=\"https:\/\/www.almetalbahn-online.de\/?page_id=906\">VL 1<\/a><\/td><td class=\"column-2\">LN20s III<\/td><td class=\"column-3\">B<\/td><td class=\"column-4\">6,5<\/td><td class=\"column-5\">10,4<\/td><td class=\"column-6\">20<\/td><td class=\"column-7\">Windhoff<\/td><td class=\"column-8\">350<\/td><td class=\"column-9\">1935<\/td><td class=\"column-10\">Zufa. Emmerthal<\/td><td class=\"column-11\">1<\/td><td class=\"column-12\">1987<\/td><td class=\"column-13\">W. Dieckow, 1987 \u00fcberf\u00fchrt<\/td><td class=\"column-14\">P<\/td>\n<\/tr>\n<tr class=\"row-3 odd\">\n\t<td class=\"column-1\"><a href=\"https:\/\/www.almetalbahn-online.de\/?page_id=905\">VL 2<\/a><\/td><td class=\"column-2\">A4L 514<\/td><td class=\"column-3\">B<\/td><td class=\"column-4\">14<\/td><td class=\"column-5\">15<\/td><td class=\"column-6\">55<\/td><td class=\"column-7\">KHD<\/td><td class=\"column-8\">55197<\/td><td class=\"column-9\">1952<\/td><td class=\"column-10\">Zufa. Emmerthal<\/td><td class=\"column-11\">2<\/td><td class=\"column-12\">1987<\/td><td class=\"column-13\">1987 \u00fcberf\u00fchrt<\/td><td class=\"column-14\">P<\/td>\n<\/tr>\n<tr class=\"row-4 even\">\n\t<td class=\"column-1\"><a href=\"https:\/\/www.almetalbahn-online.de\/?page_id=904\">VL 3<\/a><\/td><td class=\"column-2\">MBA, Typ 2D<\/td><td class=\"column-3\">B<\/td><td class=\"column-4\">14,5<\/td><td class=\"column-5\">18<\/td><td class=\"column-6\">50<\/td><td class=\"column-7\">MBA<\/td><td class=\"column-8\">21394<\/td><td class=\"column-9\">1943<\/td><td class=\"column-10\">Bergwerksges. Hibernia, Fa. R\u00fchenstroth G\u00fctersloh<\/td><td class=\"column-11\">1<\/td><td class=\"column-12\">1978<\/td><td class=\"column-13\">Ende 1997 verkauft an M. B\u00f6rngen, vom Verein erworben 2023<\/td><td class=\"column-14\">V<\/td>\n<\/tr>\n<tr class=\"row-5 odd\">\n\t<td class=\"column-1\"><a href=\"https:\/\/www.almetalbahn-online.de\/?page_id=903\">VL 4<\/a><\/td><td class=\"column-2\">K\u00f6 I<\/td><td class=\"column-3\">B<\/td><td class=\"column-4\">10,7<\/td><td class=\"column-5\">18<\/td><td class=\"column-6\">50<\/td><td class=\"column-7\">Gmeinder<\/td><td class=\"column-8\">2992<\/td><td class=\"column-9\">1937<\/td><td class=\"column-10\">DR, DB, J. Bockelmann<\/td><td class=\"column-11\">K\u00f6 0274, 311 274-5<\/td><td class=\"column-12\">1983<\/td><td class=\"column-13\">Bockelmann 1977 \u00fcberf\u00fchrt<\/td><td class=\"column-14\">V<\/td>\n<\/tr>\n<tr class=\"row-6 even\">\n\t<td class=\"column-1\"><a href=\"https:\/\/www.almetalbahn-online.de\/?page_id=902\">VL 6<\/a><\/td><td class=\"column-2\">WR 200 B 14<\/td><td class=\"column-3\">B<\/td><td class=\"column-4\">26<\/td><td class=\"column-5\">60<\/td><td class=\"column-6\">200<\/td><td class=\"column-7\">Jung \u0096 Jungenthal<\/td><td class=\"column-8\">9585<\/td><td class=\"column-9\">1942<\/td><td class=\"column-10\">OKH, DB, Zufa Dinklar<\/td><td class=\"column-11\">unbekannt, V20 022<\/td><td class=\"column-12\">1980<\/td><td class=\"column-13\">1981 \u00fcberf\u00fchrt<\/td><td class=\"column-14\">V<\/td>\n<\/tr>\n<tr class=\"row-7 odd\">\n\t<td class=\"column-1\"><a href=\"https:\/\/www.almetalbahn-online.de\/?page_id=901\">VL 8<\/a><\/td><td class=\"column-2\">K\u00f6f II<\/td><td class=\"column-3\">B<\/td><td class=\"column-4\">15<\/td><td class=\"column-5\">30<\/td><td class=\"column-6\">128<\/td><td class=\"column-7\">BMAG<\/td><td class=\"column-8\">10635<\/td><td class=\"column-9\">1937<\/td><td class=\"column-10\">OKH, DB, Fa. Ludwig, Hannover, F. Beismann<\/td><td class=\"column-11\">unbekannt, K\u00f6f 6007, 322 609-9, Lok 3<\/td><td class=\"column-12\">1999<\/td><td class=\"column-13\">1995 von F. Beismann nach Almstedt<\/td><td class=\"column-14\">V<\/td>\n<\/tr>\n<tr class=\"row-8 even\">\n\t<td class=\"column-1\"><a href=\"https:\/\/www.almetalbahn-online.de\/?page_id=900\">VL 9<\/a><\/td><td class=\"column-2\">H2<\/td><td class=\"column-3\">B<\/td><td class=\"column-4\">?<\/td><td class=\"column-5\">10<\/td><td class=\"column-6\">113<\/td><td class=\"column-7\">O&amp;K<\/td><td class=\"column-8\">1639<\/td><td class=\"column-9\">1922<\/td><td class=\"column-10\">Zufa \u00d6strum<\/td><td class=\"column-11\">2<\/td><td class=\"column-12\">1995<\/td><td class=\"column-13\">1995 \u00fcberf\u00fchrt<\/td><td class=\"column-14\">V<\/td>\n<\/tr>\n<tr class=\"row-9 odd\">\n\t<td class=\"column-1\"><a href=\"https:\/\/www.almetalbahn-online.de\/?page_id=932\">VL 10<\/a><\/td><td class=\"column-2\">K\u00f6 II<\/td><td class=\"column-3\">B<\/td><td class=\"column-4\">10<\/td><td class=\"column-5\">30<\/td><td class=\"column-6\">128<\/td><td class=\"column-7\">Windhoff<\/td><td class=\"column-8\">916<\/td><td class=\"column-9\">1944 \/ 1947<\/td><td class=\"column-10\">Wintershall-Werk Salzbergen, K+S Siegfried-Giesen<\/td><td class=\"column-11\">unbekannt, 4<\/td><td class=\"column-12\">1996<\/td><td class=\"column-13\">W. und C. Dieckow, 1996 \u00fcberf\u00fchrt<\/td><td class=\"column-14\">P<\/td>\n<\/tr>\n<tr class=\"row-10 even\">\n\t<td class=\"column-1\"><a href=\"https:\/\/www.almetalbahn-online.de\/?page_id=931\">VL 11<\/a><\/td><td class=\"column-2\">MaK 450C<\/td><td class=\"column-3\">C<\/td><td class=\"column-4\">urspr. 48, seit \u009297 43<\/td><td class=\"column-5\">58<\/td><td class=\"column-6\">450<\/td><td class=\"column-7\">MaK<\/td><td class=\"column-8\">400054<\/td><td class=\"column-9\">1964<\/td><td class=\"column-10\">Vereinigte Kaliwerke Bad Salzdetfurth, K+S Bad Salzdetfurth<\/td><td class=\"column-11\">3<\/td><td class=\"column-12\">1997<\/td><td class=\"column-13\">P. Leinemann 16.06.97 \u00fcberf\u00fchrt, 09\/97 Zu-satzgewichte ausgebaut, 2018 an Verein<\/td><td class=\"column-14\">V<\/td>\n<\/tr>\n<tr class=\"row-11 odd\">\n\t<td class=\"column-1\"><a href=\"https:\/\/www.almetalbahn-online.de\/?page_id=899\">VL 12<\/a><\/td><td class=\"column-2\">WR 200 B14<\/td><td class=\"column-3\">B<\/td><td class=\"column-4\">ca. 23<\/td><td class=\"column-5\">60<\/td><td class=\"column-6\">urspr. 200<\/td><td class=\"column-7\">BMAG<\/td><td class=\"column-8\">11395<\/td><td class=\"column-9\">1941<\/td><td class=\"column-10\">Heeres Muna Zeven, LSE, VBV<\/td><td class=\"column-11\">unbekannt, 261<\/td><td class=\"column-12\">2003<\/td><td class=\"column-13\">M. B\u00f6rngen 28.11.03 \u00fcberf\u00fchrt<br \/>\nin Juni 2024 an privat weiterver\u00e4u\u00dfert<\/td><td class=\"column-14\">P<\/td>\n<\/tr>\n<\/tbody>\n<\/table>\n<!-- #tablepress-2 from cache -->\n\n\n<p><\/p>\n<p>[\/vc_column_text][\/vc_column][\/vc_row]<\/p>","protected":false},"excerpt":{"rendered":"<p>[vc_row][vc_column][vc_column_text css=&#8220;.vc_custom_1575206934194{margin: 10px !important;}&#8220;] \u00a0 Diesellokomotiven bilden eine Unterart der Verbrennungsmotorlokomotiven. Aus diesem Grund sind die Diesellokomotiven bei der AHE alle mit &#8222;VL&#8220; f\u00fcr Verbrennungsmotorlokomotive nummeriert, auch wenn sich keine [&hellip;]<\/p>\n","protected":false},"author":2,"featured_media":0,"parent":206,"menu_order":2,"comment_status":"closed","ping_status":"closed","template":"","meta":{"_links_to":"","_links_to_target":""},"yoast_head":"<!-- This site is optimized with the Yoast SEO plugin v21.0 - https:\/\/yoast.com\/wordpress\/plugins\/seo\/ -->\n<title>Dieselloks - Arbeitsgemeinschaft Historische Eisenbahn e.V.<\/title>\n<meta name=\"robots\" content=\"index, follow, max-snippet:-1, max-image-preview:large, max-video-preview:-1\" \/>\n<link rel=\"canonical\" href=\"https:\/\/www.almetalbahn-online.de\/?page_id=554\" \/>\n<meta property=\"og:locale\" content=\"de_DE\" \/>\n<meta property=\"og:type\" content=\"article\" \/>\n<meta property=\"og:title\" content=\"Dieselloks - Arbeitsgemeinschaft Historische Eisenbahn e.V.\" \/>\n<meta property=\"og:description\" content=\"[vc_row][vc_column][vc_column_text css=&#8220;.vc_custom_1575206934194{margin: 10px !important;}&#8220;] \u00a0 Diesellokomotiven bilden eine Unterart der Verbrennungsmotorlokomotiven. Aus diesem Grund sind die Diesellokomotiven bei der AHE alle mit &#8222;VL&#8220; f\u00fcr Verbrennungsmotorlokomotive nummeriert, auch wenn sich keine [&hellip;]\" \/>\n<meta property=\"og:url\" content=\"https:\/\/www.almetalbahn-online.de\/?page_id=554\" \/>\n<meta property=\"og:site_name\" content=\"Arbeitsgemeinschaft Historische Eisenbahn e.V.\" \/>\n<meta property=\"article:publisher\" content=\"https:\/\/www.facebook.com\/Almetalbahn\/\" \/>\n<meta property=\"article:modified_time\" content=\"2019-12-16T22:35:25+00:00\" \/>\n<meta property=\"og:image\" content=\"https:\/\/www.almetalbahn-online.de\/wp-content\/uploads\/2019\/11\/DSC01232-1024x768.jpg\" \/>\n<meta name=\"twitter:card\" content=\"summary_large_image\" \/>\n<meta name=\"twitter:label1\" content=\"Gesch\u00e4tzte Lesezeit\" \/>\n\t<meta name=\"twitter:data1\" content=\"1\u00a0Minute\" \/>\n<script type=\"application\/ld+json\" class=\"yoast-schema-graph\">{\"@context\":\"https:\/\/schema.org\",\"@graph\":[{\"@type\":\"WebPage\",\"@id\":\"https:\/\/www.almetalbahn-online.de\/?page_id=554\",\"url\":\"https:\/\/www.almetalbahn-online.de\/?page_id=554\",\"name\":\"Dieselloks - Arbeitsgemeinschaft Historische Eisenbahn e.V.\",\"isPartOf\":{\"@id\":\"https:\/\/www.almetalbahn-online.de\/#website\"},\"datePublished\":\"2019-07-31T13:01:42+00:00\",\"dateModified\":\"2019-12-16T22:35:25+00:00\",\"breadcrumb\":{\"@id\":\"https:\/\/www.almetalbahn-online.de\/?page_id=554#breadcrumb\"},\"inLanguage\":\"de\",\"potentialAction\":[{\"@type\":\"ReadAction\",\"target\":[\"https:\/\/www.almetalbahn-online.de\/?page_id=554\"]}]},{\"@type\":\"BreadcrumbList\",\"@id\":\"https:\/\/www.almetalbahn-online.de\/?page_id=554#breadcrumb\",\"itemListElement\":[{\"@type\":\"ListItem\",\"position\":1,\"name\":\"Startseite\",\"item\":\"https:\/\/www.almetalbahn-online.de\/\"},{\"@type\":\"ListItem\",\"position\":2,\"name\":\"Fahrzeugsammlung\",\"item\":\"https:\/\/www.almetalbahn-online.de\/?page_id=206\"},{\"@type\":\"ListItem\",\"position\":3,\"name\":\"Dieselloks\"}]},{\"@type\":\"WebSite\",\"@id\":\"https:\/\/www.almetalbahn-online.de\/#website\",\"url\":\"https:\/\/www.almetalbahn-online.de\/\",\"name\":\"Arbeitsgemeinschaft Historische Eisenbahn e.V.\",\"description\":\"Almetalbahn\",\"publisher\":{\"@id\":\"https:\/\/www.almetalbahn-online.de\/#organization\"},\"potentialAction\":[{\"@type\":\"SearchAction\",\"target\":{\"@type\":\"EntryPoint\",\"urlTemplate\":\"https:\/\/www.almetalbahn-online.de\/?s={search_term_string}\"},\"query-input\":\"required name=search_term_string\"}],\"inLanguage\":\"de\"},{\"@type\":\"Organization\",\"@id\":\"https:\/\/www.almetalbahn-online.de\/#organization\",\"name\":\"Arbeitsgemeinschaft Historische Eisenbahn e.V.\",\"url\":\"https:\/\/www.almetalbahn-online.de\/\",\"logo\":{\"@type\":\"ImageObject\",\"inLanguage\":\"de\",\"@id\":\"https:\/\/www.almetalbahn-online.de\/#\/schema\/logo\/image\/\",\"url\":\"https:\/\/www.almetalbahn-online.de\/wp-content\/uploads\/2019\/12\/T3_Zeichnung-e1573062427353.png\",\"contentUrl\":\"https:\/\/www.almetalbahn-online.de\/wp-content\/uploads\/2019\/12\/T3_Zeichnung-e1573062427353.png\",\"width\":200,\"height\":97,\"caption\":\"Arbeitsgemeinschaft Historische Eisenbahn e.V.\"},\"image\":{\"@id\":\"https:\/\/www.almetalbahn-online.de\/#\/schema\/logo\/image\/\"},\"sameAs\":[\"https:\/\/www.facebook.com\/Almetalbahn\/\",\"https:\/\/www.instagram.com\/almetalbahn\/\"]}]}<\/script>\n<!-- \/ Yoast SEO plugin. -->","yoast_head_json":{"title":"Dieselloks - Arbeitsgemeinschaft Historische Eisenbahn e.V.","robots":{"index":"index","follow":"follow","max-snippet":"max-snippet:-1","max-image-preview":"max-image-preview:large","max-video-preview":"max-video-preview:-1"},"canonical":"https:\/\/www.almetalbahn-online.de\/?page_id=554","og_locale":"de_DE","og_type":"article","og_title":"Dieselloks - Arbeitsgemeinschaft Historische Eisenbahn e.V.","og_description":"[vc_row][vc_column][vc_column_text css=&#8220;.vc_custom_1575206934194{margin: 10px !important;}&#8220;] \u00a0 Diesellokomotiven bilden eine Unterart der Verbrennungsmotorlokomotiven. Aus diesem Grund sind die Diesellokomotiven bei der AHE alle mit &#8222;VL&#8220; f\u00fcr Verbrennungsmotorlokomotive nummeriert, auch wenn sich keine [&hellip;]","og_url":"https:\/\/www.almetalbahn-online.de\/?page_id=554","og_site_name":"Arbeitsgemeinschaft Historische Eisenbahn e.V.","article_publisher":"https:\/\/www.facebook.com\/Almetalbahn\/","article_modified_time":"2019-12-16T22:35:25+00:00","og_image":[{"url":"https:\/\/www.almetalbahn-online.de\/wp-content\/uploads\/2019\/11\/DSC01232-1024x768.jpg"}],"twitter_card":"summary_large_image","twitter_misc":{"Gesch\u00e4tzte Lesezeit":"1\u00a0Minute"},"schema":{"@context":"https:\/\/schema.org","@graph":[{"@type":"WebPage","@id":"https:\/\/www.almetalbahn-online.de\/?page_id=554","url":"https:\/\/www.almetalbahn-online.de\/?page_id=554","name":"Dieselloks - Arbeitsgemeinschaft Historische Eisenbahn e.V.","isPartOf":{"@id":"https:\/\/www.almetalbahn-online.de\/#website"},"datePublished":"2019-07-31T13:01:42+00:00","dateModified":"2019-12-16T22:35:25+00:00","breadcrumb":{"@id":"https:\/\/www.almetalbahn-online.de\/?page_id=554#breadcrumb"},"inLanguage":"de","potentialAction":[{"@type":"ReadAction","target":["https:\/\/www.almetalbahn-online.de\/?page_id=554"]}]},{"@type":"BreadcrumbList","@id":"https:\/\/www.almetalbahn-online.de\/?page_id=554#breadcrumb","itemListElement":[{"@type":"ListItem","position":1,"name":"Startseite","item":"https:\/\/www.almetalbahn-online.de\/"},{"@type":"ListItem","position":2,"name":"Fahrzeugsammlung","item":"https:\/\/www.almetalbahn-online.de\/?page_id=206"},{"@type":"ListItem","position":3,"name":"Dieselloks"}]},{"@type":"WebSite","@id":"https:\/\/www.almetalbahn-online.de\/#website","url":"https:\/\/www.almetalbahn-online.de\/","name":"Arbeitsgemeinschaft Historische Eisenbahn e.V.","description":"Almetalbahn","publisher":{"@id":"https:\/\/www.almetalbahn-online.de\/#organization"},"potentialAction":[{"@type":"SearchAction","target":{"@type":"EntryPoint","urlTemplate":"https:\/\/www.almetalbahn-online.de\/?s={search_term_string}"},"query-input":"required name=search_term_string"}],"inLanguage":"de"},{"@type":"Organization","@id":"https:\/\/www.almetalbahn-online.de\/#organization","name":"Arbeitsgemeinschaft Historische Eisenbahn e.V.","url":"https:\/\/www.almetalbahn-online.de\/","logo":{"@type":"ImageObject","inLanguage":"de","@id":"https:\/\/www.almetalbahn-online.de\/#\/schema\/logo\/image\/","url":"https:\/\/www.almetalbahn-online.de\/wp-content\/uploads\/2019\/12\/T3_Zeichnung-e1573062427353.png","contentUrl":"https:\/\/www.almetalbahn-online.de\/wp-content\/uploads\/2019\/12\/T3_Zeichnung-e1573062427353.png","width":200,"height":97,"caption":"Arbeitsgemeinschaft Historische Eisenbahn e.V."},"image":{"@id":"https:\/\/www.almetalbahn-online.de\/#\/schema\/logo\/image\/"},"sameAs":["https:\/\/www.facebook.com\/Almetalbahn\/","https:\/\/www.instagram.com\/almetalbahn\/"]}]}},"_links":{"self":[{"href":"https:\/\/www.almetalbahn-online.de\/index.php?rest_route=\/wp\/v2\/pages\/554"}],"collection":[{"href":"https:\/\/www.almetalbahn-online.de\/index.php?rest_route=\/wp\/v2\/pages"}],"about":[{"href":"https:\/\/www.almetalbahn-online.de\/index.php?rest_route=\/wp\/v2\/types\/page"}],"author":[{"embeddable":true,"href":"https:\/\/www.almetalbahn-online.de\/index.php?rest_route=\/wp\/v2\/users\/2"}],"replies":[{"embeddable":true,"href":"https:\/\/www.almetalbahn-online.de\/index.php?rest_route=%2Fwp%2Fv2%2Fcomments&post=554"}],"version-history":[{"count":24,"href":"https:\/\/www.almetalbahn-online.de\/index.php?rest_route=\/wp\/v2\/pages\/554\/revisions"}],"predecessor-version":[{"id":2211,"href":"https:\/\/www.almetalbahn-online.de\/index.php?rest_route=\/wp\/v2\/pages\/554\/revisions\/2211"}],"up":[{"embeddable":true,"href":"https:\/\/www.almetalbahn-online.de\/index.php?rest_route=\/wp\/v2\/pages\/206"}],"wp:attachment":[{"href":"https:\/\/www.almetalbahn-online.de\/index.php?rest_route=%2Fwp%2Fv2%2Fmedia&parent=554"}],"curies":[{"name":"wp","href":"https:\/\/api.w.org\/{rel}","templated":true}]}}