{"id":578,"date":"2019-10-17T15:47:15","date_gmt":"2019-10-17T13:47:15","guid":{"rendered":"https:\/\/www.almetalbahn-online.de\/?page_id=578"},"modified":"2022-10-10T16:21:11","modified_gmt":"2022-10-10T14:21:11","slug":"unsere-ehemaligen","status":"publish","type":"page","link":"https:\/\/www.almetalbahn-online.de\/?page_id=578","title":{"rendered":"Unsere &#8222;Ehemaligen&#8220;"},"content":{"rendered":"<p>[vc_row][vc_column][vc_column_text css=&#8220;.vc_custom_1575206934194{margin: 10px !important;}&#8220;]So manches Exponat, das unseren Museumsbahnhof erreichte, hat ihn auch schon wieder verlassen.<br \/>Dies ist in Anbetracht des mittlerweile fast 50-j\u00e4hrigen Bestehens der Arbeitsgemeinschaft Historische Eisenbahn e.V. keine beunruhigende Feststellung.<\/p>\n<p>Die Gr\u00fcnde f\u00fcr einen Abgang sind dabei vielf\u00e4ltig: <br \/>Sei es, weil Fahrzeuge in Privateigentum von Mitgliedern sind und die Mitglieder die Fahrzeuge ver\u00e4u\u00dfern, <br \/>sei es, weil die Fahrzeuge aufgrund des Museumskonzeptes und begrenzter Ressourcen keine Aufarbeitungsperspektive haben.<\/p>\n<p>Diese Gr\u00fcnde sind gl\u00fccklicherweise die dominierenden Gr\u00fcnde, weswegen Fahrzeuge in der fast 50-j\u00e4hrigen Vereinsgeschichte unser Gel\u00e4nde verlassen haben. Nur eine kleine Minderheit an Fahrzeugen mussten aufgrund ihres Zustandes (der teilweise schon beim Zugang zum Verein schlecht war) verschrottet werden. Dabei ist die &#8222;Almetalbahn&#8220; stets bem\u00fcht, m\u00f6glichst viel Substanz zu erhalten und bei anderen Fahrzeugen einzusetzen. Ein Beispiel hierf\u00fcr ist die Demontage des ehemaligen <a href=\"https:\/\/www.almetalbahn-online.de\/?page_id=780\">GW55<\/a>.<\/p>\n<p>Lassen Sie uns also nun einigen ehemaligen Lokomotiven Raum geben, die teilweise bei anderen Vereinigungen noch heute betriebsf\u00e4hig oder wieder betriebsf\u00e4hig eingesetzt werden!<\/p>\n<p>Die \u00dcbersicht wird nach und nach erg\u00e4nzt.<\/p>\n\n<style>#kt-info-box_634370-11 .kt-blocks-info-box-link-wrap{border-color:#f3960a;border-radius:4px;border-top-width:4px;border-right-width:4px;border-bottom-width:4px;border-left-width:4px;padding-top:1px;padding-right:1px;padding-bottom:1px;padding-left:1px;margin-top:5px;margin-bottom:5px;}#kt-info-box_634370-11 .kt-blocks-info-box-link-wrap:hover{border-color:#f3960a;}#kt-info-box_634370-11 .kadence-info-box-image-inner-intrisic-container{max-width:496px;}#kt-info-box_634370-11 .kadence-info-box-image-inner-intrisic-container .kadence-info-box-image-intrisic{padding-bottom:100%;width:150px;height:0px;max-width:100%;}#kt-info-box_634370-11 .kt-info-svg-icon, #kt-info-box_634370-11 .kt-info-svg-icon-flip, #kt-info-box_634370-11 .kt-blocks-info-box-number{font-size:6px;}#kt-info-box_634370-11 .kt-blocks-info-box-media{color:#444444;background:transparent;border-color:#444444;border-top-width:0px;border-right-width:0px;border-bottom-width:0px;border-left-width:0px;padding-top:0px;padding-right:0px;padding-bottom:0px;padding-left:0px;margin-top:5px;margin-right:10px;margin-bottom:5px;margin-left:10px;}#kt-info-box_634370-11 .kt-blocks-info-box-link-wrap:hover .kt-blocks-info-box-media{color:#444444;background:transparent;border-color:#444444;}#kt-info-box_634370-11 .kt-infobox-textcontent h4.kt-blocks-info-box-title{font-size:14px;line-height:59px;letter-spacing:1.5px;padding-top:5px;padding-right:5px;padding-bottom:5px;padding-left:5px;margin-top:-14px;margin-right:0px;margin-bottom:0px;margin-left:0px;}#kt-info-box_634370-11 h4.kt-blocks-info-box-title{min-height:0px;}#kt-info-box_634370-11 .kt-infobox-textcontent .kt-blocks-info-box-text{color:#000000;}#kt-info-box_634370-11 .kt-blocks-info-box-learnmore{background:transparent;border-color:#555555;border-width:0px 0px 0px 0px;padding-top:8px;padding-right:12px;padding-bottom:8px;padding-left:12px;margin:12px 0px 12px 0px;}#kt-info-box_634370-11 .kt-blocks-info-box-link-wrap:hover .kt-blocks-info-box-learnmore{color:#ffffff;background:#444444;border-color:#444444;}@media all and (max-width: 1024px){#kt-info-box_634370-11 .kt-infobox-textcontent h4.kt-blocks-info-box-title{font-size:14px;line-height:40px;}}@media all and (max-width: 767px){#kt-info-box_634370-11 .kt-infobox-textcontent h4.kt-blocks-info-box-title{font-size:14px;line-height:30px;}#kt-info-box_634370-11 .kt-blocks-info-box-link-wrap{display:block;}#kt-info-box_634370-11 .kt-blocks-info-box-link-wrap .kt-blocks-info-box-media{display:inline-block;max-width:100%;}}<\/style>\n<div id=\"kt-info-box_634370-11\" class=\"wp-block-kadence-infobox\"><div class=\"kt-blocks-info-box-link-wrap kt-blocks-info-box-media-align-left kt-info-halign-center\"><div class=\"kt-blocks-info-box-media-container\"><div class=\"kt-blocks-info-box-media kt-info-media-animate-grayscale\"><div class=\"kadence-info-box-image-inner-intrisic-container\"><div class=\"kadence-info-box-image-intrisic kt-info-animate-grayscale\"><div class=\"kadence-info-box-image-inner-intrisic\"><img decoding=\"async\" loading=\"lazy\" src=\"https:\/\/www.almetalbahn-online.de\/wp-content\/uploads\/2022\/10\/klein_JD_1981-09-05__Bodenburg_0001-150x150.jpg\" alt=\"\" width=\"150\" height=\"150\" class=\"kt-info-box-image wp-image-4432\" srcset=\"https:\/\/www.almetalbahn-online.de\/wp-content\/uploads\/2022\/10\/klein_JD_1981-09-05__Bodenburg_0001-150x150.jpg 150w, https:\/\/www.almetalbahn-online.de\/wp-content\/uploads\/2022\/10\/klein_JD_1981-09-05__Bodenburg_0001-90x90.jpg 90w, https:\/\/www.almetalbahn-online.de\/wp-content\/uploads\/2022\/10\/klein_JD_1981-09-05__Bodenburg_0001-59x59.jpg 59w, https:\/\/www.almetalbahn-online.de\/wp-content\/uploads\/2022\/10\/klein_JD_1981-09-05__Bodenburg_0001-300x300.jpg 300w, https:\/\/www.almetalbahn-online.de\/wp-content\/uploads\/2022\/10\/klein_JD_1981-09-05__Bodenburg_0001-100x100.jpg 100w\" sizes=\"(max-width: 150px) 100vw, 150px\" \/><\/div><\/div><\/div><\/div><\/div><div class=\"kt-infobox-textcontent\"><h4 class=\"kt-blocks-info-box-title\"><strong>Dampflokomotiven<\/strong><\/h4><p class=\"kt-blocks-info-box-text\">In der Hochzeit waren 3 Dampflokomotiven und eine Dampfspeicherlokomotive bei der Arbeitsgemeinschaft Historische Eisenbahn beheimatet. Mit der zweiachsigen Dampflokomotive &#8222;Anneliese&#8220; aus den 1880er Jahren wohl auch ein Exemplar, das mit zu den \u00e4ltesten 10 Dampflokomotiven in Deutschland geh\u00f6ren d\u00fcrfte. Sie befindet sich bei einem privaten Lokomotivsammler und wartet auf die Aufarbeitung. <br\/>Der \u00d6ffentlichkeit zug\u00e4nglich und seit Oktober 2022 mit betriebsf\u00e4higem Kessel ist die ehemalige AHE-Lokomotive &#8222;17&#8220;. Dieser B-Kuppler von Orenstein und Koppel geh\u00f6rte dem ehemaligen Vereinsmitglied Joachim Diehl, ging Anfang der 2000er Jahre ins S\u00fcddeutsche Eisenbahnmuseum Heilbronn und von dort an den Stifter der Interessengemeinschaft Kulturlokschuppen Neum\u00fcnster. Dieser lie\u00df die Lokomotive betriebsf\u00e4hig aufarbeiten, sodass sie nun in Neum\u00fcnster unter Dampf vorgef\u00fchrt werden kann. Herzlichen Gl\u00fcckwunsch an dieser Stelle und auch ein Dank an die Weitsicht derer, die diesen Exponaten in der Vereinsanfangszeit ein Zuhause gegeben haben!<\/p><div class=\"kt-blocks-info-box-learnmore-wrap\"><a class=\"kt-blocks-info-box-learnmore info-box-link\" href=\"\">Zur Homepage des IKN<\/a><\/div><\/div><\/div><\/div>\n\n\n\n<p><\/p>\n\n\n<style>#kt-info-box_2da7f7-d9 .kt-blocks-info-box-link-wrap{border-color:#f3960a;border-radius:4px;border-top-width:4px;border-right-width:4px;border-bottom-width:4px;border-left-width:4px;padding-top:1px;padding-right:1px;padding-bottom:1px;padding-left:1px;margin-top:5px;margin-bottom:5px;}#kt-info-box_2da7f7-d9 .kt-blocks-info-box-link-wrap:hover{border-color:#f3960a;}#kt-info-box_2da7f7-d9 .kadence-info-box-image-inner-intrisic-container{max-width:496px;}#kt-info-box_2da7f7-d9 .kadence-info-box-image-inner-intrisic-container .kadence-info-box-image-intrisic{padding-bottom:100%;width:150px;height:0px;max-width:100%;}#kt-info-box_2da7f7-d9 .kt-info-svg-icon, #kt-info-box_2da7f7-d9 .kt-info-svg-icon-flip, #kt-info-box_2da7f7-d9 .kt-blocks-info-box-number{font-size:6px;}#kt-info-box_2da7f7-d9 .kt-blocks-info-box-media{color:#444444;background:transparent;border-color:#444444;border-top-width:0px;border-right-width:0px;border-bottom-width:0px;border-left-width:0px;padding-top:0px;padding-right:0px;padding-bottom:0px;padding-left:0px;margin-top:5px;margin-right:10px;margin-bottom:5px;margin-left:10px;}#kt-info-box_2da7f7-d9 .kt-blocks-info-box-link-wrap:hover .kt-blocks-info-box-media{color:#444444;background:transparent;border-color:#444444;}#kt-info-box_2da7f7-d9 .kt-infobox-textcontent h4.kt-blocks-info-box-title{font-size:14px;line-height:59px;letter-spacing:1.5px;padding-top:5px;padding-right:5px;padding-bottom:5px;padding-left:5px;margin-top:-14px;margin-right:0px;margin-bottom:0px;margin-left:0px;}#kt-info-box_2da7f7-d9 h4.kt-blocks-info-box-title{min-height:0px;}#kt-info-box_2da7f7-d9 .kt-infobox-textcontent .kt-blocks-info-box-text{color:#000000;}#kt-info-box_2da7f7-d9 .kt-blocks-info-box-learnmore{background:transparent;border-color:#555555;border-width:0px 0px 0px 0px;padding-top:8px;padding-right:12px;padding-bottom:8px;padding-left:12px;margin:12px 0px 12px 0px;}#kt-info-box_2da7f7-d9 .kt-blocks-info-box-link-wrap:hover .kt-blocks-info-box-learnmore{color:#ffffff;background:#444444;border-color:#444444;}@media all and (max-width: 1024px){#kt-info-box_2da7f7-d9 .kt-infobox-textcontent h4.kt-blocks-info-box-title{font-size:14px;line-height:40px;}}@media all and (max-width: 767px){#kt-info-box_2da7f7-d9 .kt-infobox-textcontent h4.kt-blocks-info-box-title{font-size:14px;line-height:30px;}#kt-info-box_2da7f7-d9 .kt-blocks-info-box-link-wrap{display:block;}#kt-info-box_2da7f7-d9 .kt-blocks-info-box-link-wrap .kt-blocks-info-box-media{display:inline-block;max-width:100%;}}<\/style>\n<div id=\"kt-info-box_2da7f7-d9\" class=\"wp-block-kadence-infobox\"><div class=\"kt-blocks-info-box-link-wrap kt-blocks-info-box-media-align-left kt-info-halign-center\"><div class=\"kt-blocks-info-box-media-container\"><div class=\"kt-blocks-info-box-media kt-info-media-animate-grayscale\"><div class=\"kadence-info-box-image-inner-intrisic-container\"><div class=\"kadence-info-box-image-intrisic kt-info-animate-grayscale\"><div class=\"kadence-info-box-image-inner-intrisic\"><img decoding=\"async\" loading=\"lazy\" src=\"https:\/\/www.almetalbahn-online.de\/wp-content\/uploads\/2019\/12\/9504-150x150.jpg\" alt=\"\" width=\"150\" height=\"150\" class=\"kt-info-box-image wp-image-1549\" srcset=\"https:\/\/www.almetalbahn-online.de\/wp-content\/uploads\/2019\/12\/9504-150x150.jpg 150w, https:\/\/www.almetalbahn-online.de\/wp-content\/uploads\/2019\/12\/9504-90x90.jpg 90w, https:\/\/www.almetalbahn-online.de\/wp-content\/uploads\/2019\/12\/9504-59x59.jpg 59w, https:\/\/www.almetalbahn-online.de\/wp-content\/uploads\/2019\/12\/9504-300x300.jpg 300w, https:\/\/www.almetalbahn-online.de\/wp-content\/uploads\/2019\/12\/9504-100x100.jpg 100w\" sizes=\"(max-width: 150px) 100vw, 150px\" \/><\/div><\/div><\/div><\/div><\/div><div class=\"kt-infobox-textcontent\"><h4 class=\"kt-blocks-info-box-title\"><strong>Triebwagen<\/strong><\/h4><p class=\"kt-blocks-info-box-text\">Zur Zeit des Fahrbetriebes waren bis zu f\u00fcnf Triebwagen bei der Arbeitsgemeinschaft Historische Eisenbahn beheimatet. Sp\u00e4testens mit dem Ende des Fahrbetriebes 1991 entfielen die sinnvollen Einsatzm\u00f6glichkeiten und die Triebwagen wurde bis Ende 1995 abgegeben. Erfahren Sie mehr zu den gr\u00f6\u00dftenteils immer noch bei anderen Eigent\u00fcmern existenten (!) Fahrzeugen!<\/p><div class=\"kt-blocks-info-box-learnmore-wrap\"><a class=\"kt-blocks-info-box-learnmore info-box-link\" href=\"https:\/\/www.almetalbahn-online.de\/?page_id=585\">Zu unseren ehemaligen Triebwagen<\/a><\/div><\/div><\/div><\/div>\n\n\n\n<p>[\/vc_column_text][\/vc_column][\/vc_row]<\/p>\n\n\n\n<p><\/p>\n","protected":false},"excerpt":{"rendered":"<p>[vc_row][vc_column][vc_column_text css=&#8220;.vc_custom_1575206934194{margin: 10px !important;}&#8220;]So manches Exponat, das unseren Museumsbahnhof erreichte, hat ihn auch schon wieder verlassen.Dies ist in Anbetracht des mittlerweile fast 50-j\u00e4hrigen Bestehens der Arbeitsgemeinschaft Historische Eisenbahn e.V. keine [&hellip;]<\/p>\n","protected":false},"author":2,"featured_media":0,"parent":206,"menu_order":0,"comment_status":"closed","ping_status":"closed","template":"","meta":{"_links_to":"","_links_to_target":""},"yoast_head":"<!-- This site is optimized with the Yoast SEO plugin v21.0 - https:\/\/yoast.com\/wordpress\/plugins\/seo\/ -->\n<title>Unsere &quot;Ehemaligen&quot; - Arbeitsgemeinschaft Historische Eisenbahn e.V.<\/title>\n<meta name=\"robots\" content=\"index, follow, max-snippet:-1, max-image-preview:large, max-video-preview:-1\" \/>\n<link rel=\"canonical\" href=\"https:\/\/www.almetalbahn-online.de\/?page_id=578\" \/>\n<meta property=\"og:locale\" content=\"de_DE\" \/>\n<meta property=\"og:type\" content=\"article\" \/>\n<meta property=\"og:title\" content=\"Unsere &quot;Ehemaligen&quot; - Arbeitsgemeinschaft Historische Eisenbahn e.V.\" \/>\n<meta property=\"og:description\" content=\"[vc_row][vc_column][vc_column_text css=&#8220;.vc_custom_1575206934194{margin: 10px !important;}&#8220;]So manches Exponat, das unseren Museumsbahnhof erreichte, hat ihn auch schon wieder verlassen.Dies ist in Anbetracht des mittlerweile fast 50-j\u00e4hrigen Bestehens der Arbeitsgemeinschaft Historische Eisenbahn e.V. keine [&hellip;]\" \/>\n<meta property=\"og:url\" content=\"https:\/\/www.almetalbahn-online.de\/?page_id=578\" \/>\n<meta property=\"og:site_name\" content=\"Arbeitsgemeinschaft Historische Eisenbahn e.V.\" \/>\n<meta property=\"article:publisher\" content=\"https:\/\/www.facebook.com\/Almetalbahn\/\" \/>\n<meta property=\"article:modified_time\" content=\"2022-10-10T14:21:11+00:00\" \/>\n<meta property=\"og:image\" content=\"https:\/\/www.almetalbahn-online.de\/wp-content\/uploads\/2022\/10\/klein_JD_1981-09-05__Bodenburg_0001-150x150.jpg\" \/>\n<meta name=\"twitter:card\" content=\"summary_large_image\" \/>\n<meta name=\"twitter:label1\" content=\"Gesch\u00e4tzte Lesezeit\" \/>\n\t<meta name=\"twitter:data1\" content=\"3\u00a0Minuten\" \/>\n<script type=\"application\/ld+json\" class=\"yoast-schema-graph\">{\"@context\":\"https:\/\/schema.org\",\"@graph\":[{\"@type\":\"WebPage\",\"@id\":\"https:\/\/www.almetalbahn-online.de\/?page_id=578\",\"url\":\"https:\/\/www.almetalbahn-online.de\/?page_id=578\",\"name\":\"Unsere \\\"Ehemaligen\\\" - Arbeitsgemeinschaft Historische Eisenbahn e.V.\",\"isPartOf\":{\"@id\":\"https:\/\/www.almetalbahn-online.de\/#website\"},\"datePublished\":\"2019-10-17T13:47:15+00:00\",\"dateModified\":\"2022-10-10T14:21:11+00:00\",\"breadcrumb\":{\"@id\":\"https:\/\/www.almetalbahn-online.de\/?page_id=578#breadcrumb\"},\"inLanguage\":\"de\",\"potentialAction\":[{\"@type\":\"ReadAction\",\"target\":[\"https:\/\/www.almetalbahn-online.de\/?page_id=578\"]}]},{\"@type\":\"BreadcrumbList\",\"@id\":\"https:\/\/www.almetalbahn-online.de\/?page_id=578#breadcrumb\",\"itemListElement\":[{\"@type\":\"ListItem\",\"position\":1,\"name\":\"Startseite\",\"item\":\"https:\/\/www.almetalbahn-online.de\/\"},{\"@type\":\"ListItem\",\"position\":2,\"name\":\"Fahrzeugsammlung\",\"item\":\"https:\/\/www.almetalbahn-online.de\/?page_id=206\"},{\"@type\":\"ListItem\",\"position\":3,\"name\":\"Unsere &#8222;Ehemaligen&#8220;\"}]},{\"@type\":\"WebSite\",\"@id\":\"https:\/\/www.almetalbahn-online.de\/#website\",\"url\":\"https:\/\/www.almetalbahn-online.de\/\",\"name\":\"Arbeitsgemeinschaft Historische Eisenbahn e.V.\",\"description\":\"Almetalbahn\",\"publisher\":{\"@id\":\"https:\/\/www.almetalbahn-online.de\/#organization\"},\"potentialAction\":[{\"@type\":\"SearchAction\",\"target\":{\"@type\":\"EntryPoint\",\"urlTemplate\":\"https:\/\/www.almetalbahn-online.de\/?s={search_term_string}\"},\"query-input\":\"required name=search_term_string\"}],\"inLanguage\":\"de\"},{\"@type\":\"Organization\",\"@id\":\"https:\/\/www.almetalbahn-online.de\/#organization\",\"name\":\"Arbeitsgemeinschaft Historische Eisenbahn e.V.\",\"url\":\"https:\/\/www.almetalbahn-online.de\/\",\"logo\":{\"@type\":\"ImageObject\",\"inLanguage\":\"de\",\"@id\":\"https:\/\/www.almetalbahn-online.de\/#\/schema\/logo\/image\/\",\"url\":\"https:\/\/www.almetalbahn-online.de\/wp-content\/uploads\/2019\/12\/T3_Zeichnung-e1573062427353.png\",\"contentUrl\":\"https:\/\/www.almetalbahn-online.de\/wp-content\/uploads\/2019\/12\/T3_Zeichnung-e1573062427353.png\",\"width\":200,\"height\":97,\"caption\":\"Arbeitsgemeinschaft Historische Eisenbahn e.V.\"},\"image\":{\"@id\":\"https:\/\/www.almetalbahn-online.de\/#\/schema\/logo\/image\/\"},\"sameAs\":[\"https:\/\/www.facebook.com\/Almetalbahn\/\",\"https:\/\/www.instagram.com\/almetalbahn\/\"]}]}<\/script>\n<!-- \/ Yoast SEO plugin. -->","yoast_head_json":{"title":"Unsere \"Ehemaligen\" - Arbeitsgemeinschaft Historische Eisenbahn e.V.","robots":{"index":"index","follow":"follow","max-snippet":"max-snippet:-1","max-image-preview":"max-image-preview:large","max-video-preview":"max-video-preview:-1"},"canonical":"https:\/\/www.almetalbahn-online.de\/?page_id=578","og_locale":"de_DE","og_type":"article","og_title":"Unsere \"Ehemaligen\" - Arbeitsgemeinschaft Historische Eisenbahn e.V.","og_description":"[vc_row][vc_column][vc_column_text css=&#8220;.vc_custom_1575206934194{margin: 10px !important;}&#8220;]So manches Exponat, das unseren Museumsbahnhof erreichte, hat ihn auch schon wieder verlassen.Dies ist in Anbetracht des mittlerweile fast 50-j\u00e4hrigen Bestehens der Arbeitsgemeinschaft Historische Eisenbahn e.V. keine [&hellip;]","og_url":"https:\/\/www.almetalbahn-online.de\/?page_id=578","og_site_name":"Arbeitsgemeinschaft Historische Eisenbahn e.V.","article_publisher":"https:\/\/www.facebook.com\/Almetalbahn\/","article_modified_time":"2022-10-10T14:21:11+00:00","og_image":[{"url":"https:\/\/www.almetalbahn-online.de\/wp-content\/uploads\/2022\/10\/klein_JD_1981-09-05__Bodenburg_0001-150x150.jpg"}],"twitter_card":"summary_large_image","twitter_misc":{"Gesch\u00e4tzte Lesezeit":"3\u00a0Minuten"},"schema":{"@context":"https:\/\/schema.org","@graph":[{"@type":"WebPage","@id":"https:\/\/www.almetalbahn-online.de\/?page_id=578","url":"https:\/\/www.almetalbahn-online.de\/?page_id=578","name":"Unsere \"Ehemaligen\" - Arbeitsgemeinschaft Historische Eisenbahn e.V.","isPartOf":{"@id":"https:\/\/www.almetalbahn-online.de\/#website"},"datePublished":"2019-10-17T13:47:15+00:00","dateModified":"2022-10-10T14:21:11+00:00","breadcrumb":{"@id":"https:\/\/www.almetalbahn-online.de\/?page_id=578#breadcrumb"},"inLanguage":"de","potentialAction":[{"@type":"ReadAction","target":["https:\/\/www.almetalbahn-online.de\/?page_id=578"]}]},{"@type":"BreadcrumbList","@id":"https:\/\/www.almetalbahn-online.de\/?page_id=578#breadcrumb","itemListElement":[{"@type":"ListItem","position":1,"name":"Startseite","item":"https:\/\/www.almetalbahn-online.de\/"},{"@type":"ListItem","position":2,"name":"Fahrzeugsammlung","item":"https:\/\/www.almetalbahn-online.de\/?page_id=206"},{"@type":"ListItem","position":3,"name":"Unsere &#8222;Ehemaligen&#8220;"}]},{"@type":"WebSite","@id":"https:\/\/www.almetalbahn-online.de\/#website","url":"https:\/\/www.almetalbahn-online.de\/","name":"Arbeitsgemeinschaft Historische Eisenbahn e.V.","description":"Almetalbahn","publisher":{"@id":"https:\/\/www.almetalbahn-online.de\/#organization"},"potentialAction":[{"@type":"SearchAction","target":{"@type":"EntryPoint","urlTemplate":"https:\/\/www.almetalbahn-online.de\/?s={search_term_string}"},"query-input":"required name=search_term_string"}],"inLanguage":"de"},{"@type":"Organization","@id":"https:\/\/www.almetalbahn-online.de\/#organization","name":"Arbeitsgemeinschaft Historische Eisenbahn e.V.","url":"https:\/\/www.almetalbahn-online.de\/","logo":{"@type":"ImageObject","inLanguage":"de","@id":"https:\/\/www.almetalbahn-online.de\/#\/schema\/logo\/image\/","url":"https:\/\/www.almetalbahn-online.de\/wp-content\/uploads\/2019\/12\/T3_Zeichnung-e1573062427353.png","contentUrl":"https:\/\/www.almetalbahn-online.de\/wp-content\/uploads\/2019\/12\/T3_Zeichnung-e1573062427353.png","width":200,"height":97,"caption":"Arbeitsgemeinschaft Historische Eisenbahn e.V."},"image":{"@id":"https:\/\/www.almetalbahn-online.de\/#\/schema\/logo\/image\/"},"sameAs":["https:\/\/www.facebook.com\/Almetalbahn\/","https:\/\/www.instagram.com\/almetalbahn\/"]}]}},"_links":{"self":[{"href":"https:\/\/www.almetalbahn-online.de\/index.php?rest_route=\/wp\/v2\/pages\/578"}],"collection":[{"href":"https:\/\/www.almetalbahn-online.de\/index.php?rest_route=\/wp\/v2\/pages"}],"about":[{"href":"https:\/\/www.almetalbahn-online.de\/index.php?rest_route=\/wp\/v2\/types\/page"}],"author":[{"embeddable":true,"href":"https:\/\/www.almetalbahn-online.de\/index.php?rest_route=\/wp\/v2\/users\/2"}],"replies":[{"embeddable":true,"href":"https:\/\/www.almetalbahn-online.de\/index.php?rest_route=%2Fwp%2Fv2%2Fcomments&post=578"}],"version-history":[{"count":20,"href":"https:\/\/www.almetalbahn-online.de\/index.php?rest_route=\/wp\/v2\/pages\/578\/revisions"}],"predecessor-version":[{"id":4438,"href":"https:\/\/www.almetalbahn-online.de\/index.php?rest_route=\/wp\/v2\/pages\/578\/revisions\/4438"}],"up":[{"embeddable":true,"href":"https:\/\/www.almetalbahn-online.de\/index.php?rest_route=\/wp\/v2\/pages\/206"}],"wp:attachment":[{"href":"https:\/\/www.almetalbahn-online.de\/index.php?rest_route=%2Fwp%2Fv2%2Fmedia&parent=578"}],"curies":[{"name":"wp","href":"https:\/\/api.w.org\/{rel}","templated":true}]}}