{"id":582,"date":"2019-10-17T15:53:13","date_gmt":"2019-10-17T13:53:13","guid":{"rendered":"https:\/\/www.almetalbahn-online.de\/?page_id=582"},"modified":"2020-02-16T19:08:53","modified_gmt":"2020-02-16T18:08:53","slug":"dampfloks","status":"publish","type":"page","link":"https:\/\/www.almetalbahn-online.de\/?page_id=582","title":{"rendered":"Dampfloks"},"content":{"rendered":"<p>[vc_row][vc_column][vc_custom_heading text=&#8220;Der Stolz unserer Sammlung &#8211; die denkmalgesch\u00fctzte T3 Schunter&#8220; font_container=&#8220;tag:h1|font_size:30|text_align:center|color:%23dd8f1a&#8220; use_theme_fonts=&#8220;yes&#8220;][\/vc_column][\/vc_row]<\/p>\n<p>[vc_row][vc_column][vc_column_text css=&#8220;.vc_custom_1575206934194{margin: 10px !important;}&#8220;]<\/p>\n<div class=\"entry-content\">\n<p><strong>T3 \u201eSchunter\u201c \u2013 unser Herzst\u00fcck<\/strong><\/p>\n<p>Sie ist eines der Fahrzeuge, das am l\u00e4ngsten in unsere Sammlung ist und sie ist die \u00e4lteste Lokomotive in unserer Sammlung. Die preu\u00dfische T3 \u201eSchunter\u201c ist seit 1976 bei der AHE und seitdem die meiste Zeit betriebsf\u00e4hig unter Dampf. Sie ist f\u00fcr viele <strong> das <\/strong> Herzst\u00fcck und <strong> das <\/strong> Erkennungsmerkmal der \u201eAlmetalbahn\u201c.<\/p>\n<p>Erfahren Sie durch einen <strong>Klick auf das Bild<\/strong> mehr \u00fcber unsere Dampflokomotive, die \u00fcbrigens das erste in Niedersachsen unter <strong>Denkmalschutz<\/strong> gestellte Schienenfahrzeug \u2013 <strong>mithin ein echter Schatz.<\/strong><\/p>\n<p>[\/vc_column_text][\/vc_column][\/vc_row]<\/p>\n<\/div>\n<p>[vc_row][vc_column][vc_single_image image=&#8220;618&#8243; img_size=&#8220;full&#8220; alignment=&#8220;center&#8220; onclick=&#8220;custom_link&#8220; link=&#8220;https:\/\/www.almetalbahn-online.de\/?page_id=615&#8243; css=&#8220;.vc_custom_1575207954527{margin: 10px !important;border-width: 5px !important;}&#8220;][\/vc_column][\/vc_row]<\/p>\n","protected":false},"excerpt":{"rendered":"<p>[vc_row][vc_column][vc_custom_heading text=&#8220;Der Stolz unserer Sammlung &#8211; die denkmalgesch\u00fctzte T3 Schunter&#8220; font_container=&#8220;tag:h1|font_size:30|text_align:center|color:%23dd8f1a&#8220; use_theme_fonts=&#8220;yes&#8220;][\/vc_column][\/vc_row] [vc_row][vc_column][vc_column_text css=&#8220;.vc_custom_1575206934194{margin: 10px !important;}&#8220;] T3 \u201eSchunter\u201c \u2013 unser Herzst\u00fcck Sie ist eines der Fahrzeuge, das am l\u00e4ngsten in [&hellip;]<\/p>\n","protected":false},"author":2,"featured_media":0,"parent":206,"menu_order":0,"comment_status":"closed","ping_status":"closed","template":"","meta":{"_links_to":"","_links_to_target":""},"yoast_head":"<!-- This site is optimized with the Yoast SEO plugin v21.0 - https:\/\/yoast.com\/wordpress\/plugins\/seo\/ -->\n<title>Dampfloks - Arbeitsgemeinschaft Historische Eisenbahn e.V.<\/title>\n<meta name=\"robots\" content=\"index, follow, max-snippet:-1, max-image-preview:large, max-video-preview:-1\" \/>\n<link rel=\"canonical\" href=\"https:\/\/www.almetalbahn-online.de\/?page_id=582\" \/>\n<meta property=\"og:locale\" content=\"de_DE\" \/>\n<meta property=\"og:type\" content=\"article\" \/>\n<meta property=\"og:title\" content=\"Dampfloks - Arbeitsgemeinschaft Historische Eisenbahn e.V.\" \/>\n<meta property=\"og:description\" content=\"[vc_row][vc_column][vc_custom_heading text=&#8220;Der Stolz unserer Sammlung &#8211; die denkmalgesch\u00fctzte T3 Schunter&#8220; font_container=&#8220;tag:h1|font_size:30|text_align:center|color:%23dd8f1a&#8220; use_theme_fonts=&#8220;yes&#8220;][\/vc_column][\/vc_row] [vc_row][vc_column][vc_column_text css=&#8220;.vc_custom_1575206934194{margin: 10px !important;}&#8220;] T3 \u201eSchunter\u201c \u2013 unser Herzst\u00fcck Sie ist eines der Fahrzeuge, das am l\u00e4ngsten in [&hellip;]\" \/>\n<meta property=\"og:url\" content=\"https:\/\/www.almetalbahn-online.de\/?page_id=582\" \/>\n<meta property=\"og:site_name\" content=\"Arbeitsgemeinschaft Historische Eisenbahn e.V.\" \/>\n<meta property=\"article:publisher\" content=\"https:\/\/www.facebook.com\/Almetalbahn\/\" \/>\n<meta property=\"article:modified_time\" content=\"2020-02-16T18:08:53+00:00\" \/>\n<meta name=\"twitter:card\" content=\"summary_large_image\" \/>\n<meta name=\"twitter:label1\" content=\"Gesch\u00e4tzte Lesezeit\" \/>\n\t<meta name=\"twitter:data1\" content=\"1\u00a0Minute\" \/>\n<script type=\"application\/ld+json\" class=\"yoast-schema-graph\">{\"@context\":\"https:\/\/schema.org\",\"@graph\":[{\"@type\":\"WebPage\",\"@id\":\"https:\/\/www.almetalbahn-online.de\/?page_id=582\",\"url\":\"https:\/\/www.almetalbahn-online.de\/?page_id=582\",\"name\":\"Dampfloks - Arbeitsgemeinschaft Historische Eisenbahn e.V.\",\"isPartOf\":{\"@id\":\"https:\/\/www.almetalbahn-online.de\/#website\"},\"datePublished\":\"2019-10-17T13:53:13+00:00\",\"dateModified\":\"2020-02-16T18:08:53+00:00\",\"breadcrumb\":{\"@id\":\"https:\/\/www.almetalbahn-online.de\/?page_id=582#breadcrumb\"},\"inLanguage\":\"de\",\"potentialAction\":[{\"@type\":\"ReadAction\",\"target\":[\"https:\/\/www.almetalbahn-online.de\/?page_id=582\"]}]},{\"@type\":\"BreadcrumbList\",\"@id\":\"https:\/\/www.almetalbahn-online.de\/?page_id=582#breadcrumb\",\"itemListElement\":[{\"@type\":\"ListItem\",\"position\":1,\"name\":\"Startseite\",\"item\":\"https:\/\/www.almetalbahn-online.de\/\"},{\"@type\":\"ListItem\",\"position\":2,\"name\":\"Fahrzeugsammlung\",\"item\":\"https:\/\/www.almetalbahn-online.de\/?page_id=206\"},{\"@type\":\"ListItem\",\"position\":3,\"name\":\"Dampfloks\"}]},{\"@type\":\"WebSite\",\"@id\":\"https:\/\/www.almetalbahn-online.de\/#website\",\"url\":\"https:\/\/www.almetalbahn-online.de\/\",\"name\":\"Arbeitsgemeinschaft Historische Eisenbahn e.V.\",\"description\":\"Almetalbahn\",\"publisher\":{\"@id\":\"https:\/\/www.almetalbahn-online.de\/#organization\"},\"potentialAction\":[{\"@type\":\"SearchAction\",\"target\":{\"@type\":\"EntryPoint\",\"urlTemplate\":\"https:\/\/www.almetalbahn-online.de\/?s={search_term_string}\"},\"query-input\":\"required name=search_term_string\"}],\"inLanguage\":\"de\"},{\"@type\":\"Organization\",\"@id\":\"https:\/\/www.almetalbahn-online.de\/#organization\",\"name\":\"Arbeitsgemeinschaft Historische Eisenbahn e.V.\",\"url\":\"https:\/\/www.almetalbahn-online.de\/\",\"logo\":{\"@type\":\"ImageObject\",\"inLanguage\":\"de\",\"@id\":\"https:\/\/www.almetalbahn-online.de\/#\/schema\/logo\/image\/\",\"url\":\"https:\/\/www.almetalbahn-online.de\/wp-content\/uploads\/2019\/12\/T3_Zeichnung-e1573062427353.png\",\"contentUrl\":\"https:\/\/www.almetalbahn-online.de\/wp-content\/uploads\/2019\/12\/T3_Zeichnung-e1573062427353.png\",\"width\":200,\"height\":97,\"caption\":\"Arbeitsgemeinschaft Historische Eisenbahn e.V.\"},\"image\":{\"@id\":\"https:\/\/www.almetalbahn-online.de\/#\/schema\/logo\/image\/\"},\"sameAs\":[\"https:\/\/www.facebook.com\/Almetalbahn\/\",\"https:\/\/www.instagram.com\/almetalbahn\/\"]}]}<\/script>\n<!-- \/ Yoast SEO plugin. -->","yoast_head_json":{"title":"Dampfloks - Arbeitsgemeinschaft Historische Eisenbahn e.V.","robots":{"index":"index","follow":"follow","max-snippet":"max-snippet:-1","max-image-preview":"max-image-preview:large","max-video-preview":"max-video-preview:-1"},"canonical":"https:\/\/www.almetalbahn-online.de\/?page_id=582","og_locale":"de_DE","og_type":"article","og_title":"Dampfloks - Arbeitsgemeinschaft Historische Eisenbahn e.V.","og_description":"[vc_row][vc_column][vc_custom_heading text=&#8220;Der Stolz unserer Sammlung &#8211; die denkmalgesch\u00fctzte T3 Schunter&#8220; font_container=&#8220;tag:h1|font_size:30|text_align:center|color:%23dd8f1a&#8220; use_theme_fonts=&#8220;yes&#8220;][\/vc_column][\/vc_row] [vc_row][vc_column][vc_column_text css=&#8220;.vc_custom_1575206934194{margin: 10px !important;}&#8220;] T3 \u201eSchunter\u201c \u2013 unser Herzst\u00fcck Sie ist eines der Fahrzeuge, das am l\u00e4ngsten in [&hellip;]","og_url":"https:\/\/www.almetalbahn-online.de\/?page_id=582","og_site_name":"Arbeitsgemeinschaft Historische Eisenbahn e.V.","article_publisher":"https:\/\/www.facebook.com\/Almetalbahn\/","article_modified_time":"2020-02-16T18:08:53+00:00","twitter_card":"summary_large_image","twitter_misc":{"Gesch\u00e4tzte Lesezeit":"1\u00a0Minute"},"schema":{"@context":"https:\/\/schema.org","@graph":[{"@type":"WebPage","@id":"https:\/\/www.almetalbahn-online.de\/?page_id=582","url":"https:\/\/www.almetalbahn-online.de\/?page_id=582","name":"Dampfloks - Arbeitsgemeinschaft Historische Eisenbahn e.V.","isPartOf":{"@id":"https:\/\/www.almetalbahn-online.de\/#website"},"datePublished":"2019-10-17T13:53:13+00:00","dateModified":"2020-02-16T18:08:53+00:00","breadcrumb":{"@id":"https:\/\/www.almetalbahn-online.de\/?page_id=582#breadcrumb"},"inLanguage":"de","potentialAction":[{"@type":"ReadAction","target":["https:\/\/www.almetalbahn-online.de\/?page_id=582"]}]},{"@type":"BreadcrumbList","@id":"https:\/\/www.almetalbahn-online.de\/?page_id=582#breadcrumb","itemListElement":[{"@type":"ListItem","position":1,"name":"Startseite","item":"https:\/\/www.almetalbahn-online.de\/"},{"@type":"ListItem","position":2,"name":"Fahrzeugsammlung","item":"https:\/\/www.almetalbahn-online.de\/?page_id=206"},{"@type":"ListItem","position":3,"name":"Dampfloks"}]},{"@type":"WebSite","@id":"https:\/\/www.almetalbahn-online.de\/#website","url":"https:\/\/www.almetalbahn-online.de\/","name":"Arbeitsgemeinschaft Historische Eisenbahn e.V.","description":"Almetalbahn","publisher":{"@id":"https:\/\/www.almetalbahn-online.de\/#organization"},"potentialAction":[{"@type":"SearchAction","target":{"@type":"EntryPoint","urlTemplate":"https:\/\/www.almetalbahn-online.de\/?s={search_term_string}"},"query-input":"required name=search_term_string"}],"inLanguage":"de"},{"@type":"Organization","@id":"https:\/\/www.almetalbahn-online.de\/#organization","name":"Arbeitsgemeinschaft Historische Eisenbahn e.V.","url":"https:\/\/www.almetalbahn-online.de\/","logo":{"@type":"ImageObject","inLanguage":"de","@id":"https:\/\/www.almetalbahn-online.de\/#\/schema\/logo\/image\/","url":"https:\/\/www.almetalbahn-online.de\/wp-content\/uploads\/2019\/12\/T3_Zeichnung-e1573062427353.png","contentUrl":"https:\/\/www.almetalbahn-online.de\/wp-content\/uploads\/2019\/12\/T3_Zeichnung-e1573062427353.png","width":200,"height":97,"caption":"Arbeitsgemeinschaft Historische Eisenbahn e.V."},"image":{"@id":"https:\/\/www.almetalbahn-online.de\/#\/schema\/logo\/image\/"},"sameAs":["https:\/\/www.facebook.com\/Almetalbahn\/","https:\/\/www.instagram.com\/almetalbahn\/"]}]}},"_links":{"self":[{"href":"https:\/\/www.almetalbahn-online.de\/index.php?rest_route=\/wp\/v2\/pages\/582"}],"collection":[{"href":"https:\/\/www.almetalbahn-online.de\/index.php?rest_route=\/wp\/v2\/pages"}],"about":[{"href":"https:\/\/www.almetalbahn-online.de\/index.php?rest_route=\/wp\/v2\/types\/page"}],"author":[{"embeddable":true,"href":"https:\/\/www.almetalbahn-online.de\/index.php?rest_route=\/wp\/v2\/users\/2"}],"replies":[{"embeddable":true,"href":"https:\/\/www.almetalbahn-online.de\/index.php?rest_route=%2Fwp%2Fv2%2Fcomments&post=582"}],"version-history":[{"count":13,"href":"https:\/\/www.almetalbahn-online.de\/index.php?rest_route=\/wp\/v2\/pages\/582\/revisions"}],"predecessor-version":[{"id":2707,"href":"https:\/\/www.almetalbahn-online.de\/index.php?rest_route=\/wp\/v2\/pages\/582\/revisions\/2707"}],"up":[{"embeddable":true,"href":"https:\/\/www.almetalbahn-online.de\/index.php?rest_route=\/wp\/v2\/pages\/206"}],"wp:attachment":[{"href":"https:\/\/www.almetalbahn-online.de\/index.php?rest_route=%2Fwp%2Fv2%2Fmedia&parent=582"}],"curies":[{"name":"wp","href":"https:\/\/api.w.org\/{rel}","templated":true}]}}