{"id":615,"date":"2019-11-06T19:14:17","date_gmt":"2019-11-06T18:14:17","guid":{"rendered":"https:\/\/www.almetalbahn-online.de\/?page_id=615"},"modified":"2025-07-11T10:17:19","modified_gmt":"2025-07-11T08:17:19","slug":"t3-schunter-dl16","status":"publish","type":"page","link":"https:\/\/www.almetalbahn-online.de\/?page_id=615","title":{"rendered":"Dampflokomotive T3 &#8222;Schunter&#8220;"},"content":{"rendered":"\n<p>[vc_row][vc_column][vc_column_text css=&#8220;.vc_custom_1575206934194{margin: 10px !important;}&#8220;]<\/p>\n\n\n\n<div class=\"is-layout-flex wp-container-3 wp-block-columns\">\n<div class=\"is-layout-flow wp-block-column\" style=\"flex-basis:66%\">\n<figure class=\"wp-block-image wp-image-4156\"><img decoding=\"async\" loading=\"lazy\" width=\"1440\" height=\"900\" src=\"https:\/\/www.almetalbahn-online.de\/wp-content\/uploads\/2022\/11\/T3_Testfahrt_IMG_0326_0001-edited-1.jpg\" alt=\"Die T3 &quot;Schunter&quot; im September 2022\" class=\"wp-image-4557\" srcset=\"https:\/\/www.almetalbahn-online.de\/wp-content\/uploads\/2022\/11\/T3_Testfahrt_IMG_0326_0001-edited-1.jpg 1440w, https:\/\/www.almetalbahn-online.de\/wp-content\/uploads\/2022\/11\/T3_Testfahrt_IMG_0326_0001-edited-1-300x188.jpg 300w, https:\/\/www.almetalbahn-online.de\/wp-content\/uploads\/2022\/11\/T3_Testfahrt_IMG_0326_0001-edited-1-1024x640.jpg 1024w, https:\/\/www.almetalbahn-online.de\/wp-content\/uploads\/2022\/11\/T3_Testfahrt_IMG_0326_0001-edited-1-768x480.jpg 768w, https:\/\/www.almetalbahn-online.de\/wp-content\/uploads\/2022\/11\/T3_Testfahrt_IMG_0326_0001-edited-1-600x375.jpg 600w\" sizes=\"(max-width: 1440px) 100vw, 1440px\" \/><figcaption class=\"wp-element-caption\">Die T3 &#8222;Schunter&#8220; im September 2022<\/figcaption><\/figure>\n<\/div>\n\n\n\n<div class=\"is-layout-flow wp-block-column\" style=\"flex-basis:50%\">\n<p class=\"has-text-align-right\"><strong>Technische Daten<\/strong><\/p>\n\n\n\n<p class=\"has-text-align-right\">Hersteller: Hanomag, Hannover &#8211; Linden<br>Fabrik-Nr.: 3653<br>Typ: Cn2t (preu\u00df. T3)<br>Baujahr: 1901<br>Leistung: 250 PS<br>Betriebsdruck: 12 bar<br>Heizfl\u00e4che: 60,6 qm<br>Feuerb\u00fcchsausf\u00fchrung: Kupfer<br>Wasser: 4 cbm<br>Kohle: 1 t<br>H\u00f6chstgeschw.: 40 km\/h<br>Leergewicht: 21,5 t<br>Dienstgewicht: 29,1 t<br>L\u00e4nge \u00fc. Puffer: 8490 (8300) mm<br>Raddurchm.: 1080 mm<br>Druckluftbremse: Knorr GP m. Z<\/p>\n<\/div>\n<\/div>\n\n\n\n<p class=\"has-text-align-right\"><\/p>\n\n\n\n<p> <\/p>\n\n\n\n<p>[\/vc_column_text]<\/p>\n\n\n<p>[vc_column_text css=&#8220;.vc_custom_1575206934194{margin: 10px !important;}&#8220;]<\/p>\n<p><strong>Lebenslauf unserer &#8222;Schunter&#8220;<\/strong><\/p>\n<p>Die Na\u00dfdampf-Tenderlokomotive geh\u00f6rt zur Gattung der preu\u00dfischen T3. Dieser einst weitverbreitete Lokomotivtyp wurde zwischen 1882 und 1923 von verschiedenen Herstellern f\u00fcr die K\u00f6niglich Preu\u00dfische Staatsbahn und einige Privatbahnen f\u00fcr den gemischten Zugdienst und den Verschiebedienst gebaut.<\/p>\n<p>Unsere Lok wurde im Jahre 1901 von Hanomag, Hannover-Linden f\u00fcr die Braunschweigische Landes-Eeisenbahn-Gesellschaft (BLE) gebaut. Sie entspricht dem preu\u00dfischen Musterblatt &#8222;M III-4 e (1)&#8220;, besitzt jedoch anstelle der Reglerbuchse einen ein Meter hohen Dampfdom auf dem ersten Kesselschu\u00df in Verbindung mit au\u00dfenliegenden Einstr\u00f6mrohren, sowie ein Mannloch auf dem dritten Kesselschu\u00df. Diese Anordnung war eine spezielle Eigenart mehrerer T3-Lokomotiven der BLE.<\/p>\n<p>Die Braunschweigische Landes-Eisenbahn-Gesellschaft betrieb bis zu ihrer \u00dcbernahme durch die Deutsche Reichsbahn im Jahre 1938 ein umfangreiches Eisenbahnnetz im Raum Fallersleben &#8211; Braunschweig &#8211; Derneburg &#8211; Seesen. Insgesamt besa\u00df die BLE 24 Lokomotiven des Typs T3.<br \/>\nSie trugen neben der jeweiligen Nummer auch Namen bekannter Pers\u00f6nlichkeiten, St\u00e4dte oder Fl\u00fcsse. Unsere Lok Nr. 16 wurde zum Beginn des Baus der sogenannten &#8222;Schunterbahn&#8220; Braunschweig &#8211; Fallersleben gebaut und wurde nach dem Fl\u00fc\u00dfchen &#8222;Schunter&#8220; benannt.<br \/>\nT3-Lokomotiven waren bereits seit der Er\u00f6ffnung der BLE &#8211; Strecken vor Personen- und G\u00fcterz\u00fcgen im Einsatz. In den zwanziger Jahren machten gestiegene Zugleistungen zunehmend leistungsf\u00e4higere Lokomotiven erforderlich. Die T3 wurden nach und nach verkauft oder verschrottet und durch gr\u00f6\u00dfere Lokomotiven ersetzt. Nur noch zehn Maschinen kamen 1938 zur Deutschen Reichsbahn und wurden dort als 89 7531 bis 89 7540 eingereiht.<\/p>\n<p>Die BLE Lok Nr. 16 wurde bereits 1930 an die Zuckerfabrik in Walschleben\/Th\u00fcringen verkauft. Dort wurde sie bis 1939 zur Abholung von G\u00fcterwagen vom Reichsbahn-Bahnhof und im werksinternen Rangierdienst eingesetzt. 1939 verkaufte die Zuckerfabrik die Lok an die Firma Kl\u00f6ckner &amp; Co, Abt. Bahnbedarf in Duisburg. Kl\u00f6ckner Bahnbedarf war ein gro\u00dfer Anbieter von Bahnzubeh\u00f6r. Die T3 wurde von dort an verschiedene Industriebetriebe in ganz Deutschland vermietet. Leider sind keine n\u00e4heren Unterlagen \u00fcberliefert, lediglich folgende Einsatzorte sind bislang bekannt:<br \/>\n1939 &#8211; 1943: Th\u00fcringische Zellwolle AG, Schwarza (Saale)<br \/>\n1944: Castrop Rauxel (Betrieb unbekannt)<br \/>\n1948: Grube &#8222;D\u00fcren&#8220;, Konzendorf<br \/>\n1949: Grube &#8222;Zukunft&#8220;, Weissweiler<br \/>\n1954: Zuckerfabrik Euskirchen<br \/>\nAm 2.10.1954 verkaufte Kl\u00f6ckner die Lok an den letzten Nutzer, die Zuckerfabrik Euskirchen. Hier war die Lok w\u00e4hrend den R\u00fcbenkampagnen \u00fcberwiegend als Reservelokomotive im Einsatz. Sie war auf den Gleisen des Bahnhofs Euskirchen zugelassen. Die letzte Hauptuntersuchung erfolgte 1968. 1974 wurde die Lok endg\u00fcltig abgestellt. Durch den Verkauf an die Arbeitsgemeinschaft Historische Eisenbahn e.V. konnte sie vor der Verschrottung bewahrt werden.<\/p>\n<p>Nach der Instandsetzung durch Vereinsmitglieder wurde die Lok 1978 wieder in Betrieb genommen. Seitdem dampfte sie vor den historischen Z\u00fcgen auf der Almetalbahn oder stand f\u00fcr F\u00fchrerstandsmitfahrten zur Verf\u00fcgung. Neben den Eins\u00e4tzen auf der vereinseigenen Strecke war die alte Lok auch oft auf Reisen. 1983 zum 140j\u00e4hrigen Jubil\u00e4um der Bundesbahndirektion Hannover am Hbf Hannover. 1984 folgten Fahrten auf der Hildesheimer Hafenbahn. 1985 nahm sie als \u00e4lteste Lok an den Fahrzeugparaden und Sonderfahrten anl\u00e4\u00dflich des 150j\u00e4hrigen Jubil\u00e4ums der deutschen Eisenbahnen auf der Osthannoverschen Eisenbahn in Wittingen teil. Es folgten Fahrten zwischen Kreiensen und Kalefeld, in Sehnde, auf der ehemaligen BLE &#8211; Heimatstrecke zwischen Seesen und Rh\u00fcden und schlie\u00dflich 1998 in Heiligenstadt \/ Th\u00fcringen.<\/p>\n<p>Unsere Lok befindet sich auch nach ihrem 115. Jahr noch weitestgehend im Originalzustand. Bei der BLE vergr\u00f6\u00dferte man die L\u00e4nge \u00fcber Puffer durch den Anbau einer neuen vorderen Pufferbohle um ca. 19 cm. Zu Werkbahnzeiten wurde der Schornstein etwas verk\u00fcrzt. Bei der Almetalbahn wurde 1978 eine elektrische Beleuchtung mittels dampfbetriebener Lichtmaschine installiert. 1980\/81 wurde erneut eine Druckluftbremsanlage angebaut.<br \/>\nDie Lok hatte bereits zu BLE &#8211; Zeiten eine besessen. Im sp\u00e4teren Werkbahneinsatz war diese anscheinend zu wartungsintensiv und wurde durch eine einfache Dampfbremse ersetzt.<br \/>\nSeit 2001 steht die Lokomotive als erstes normalspuriges Schienenfahrzeug Niedersachsens separat unter Denkmalschutz!<\/p>\n<p>Konnte die Lokomotive nach einem Langkesselneubau im Jahre 2006 wieder in Betrieb genommen werden, wurde sie 2016 aufgrund von Abzehrungen am Stehkessel von der Almetalbahn au\u00dfer Betrieb gesetzt. Die technische und finanzielle Wiederinbetriebnahme ist gesichert und konnte im Herbst 2022 erfolgreich umgesetzt werden!<\/p>\n<p>Seitdem ist die <strong>T3 &#8222;Schunter&#8220; die \u00e4lteste, betriebsf\u00e4hige, normalspurige Dampflokomotive in Deutschland<\/strong> und die einzige T3 der ehemaligen BLE, die betriebsf\u00e4hig ist.<br \/>\n[\/vc_column_text]<\/p>\n\n\n\n<p>[\/vc_column][\/vc_row]<\/p>\n\n\n\n<figure class=\"wp-block-image size-large\"><img decoding=\"async\" loading=\"lazy\" width=\"1024\" height=\"683\" src=\"https:\/\/www.almetalbahn-online.de\/wp-content\/uploads\/2022\/10\/klein_IMG_4932_0001-1024x683.jpg\" alt=\"\" class=\"wp-image-4333\" srcset=\"https:\/\/www.almetalbahn-online.de\/wp-content\/uploads\/2022\/10\/klein_IMG_4932_0001-1024x683.jpg 1024w, https:\/\/www.almetalbahn-online.de\/wp-content\/uploads\/2022\/10\/klein_IMG_4932_0001-300x200.jpg 300w, https:\/\/www.almetalbahn-online.de\/wp-content\/uploads\/2022\/10\/klein_IMG_4932_0001-768x512.jpg 768w, https:\/\/www.almetalbahn-online.de\/wp-content\/uploads\/2022\/10\/klein_IMG_4932_0001-1536x1024.jpg 1536w, https:\/\/www.almetalbahn-online.de\/wp-content\/uploads\/2022\/10\/klein_IMG_4932_0001-600x400.jpg 600w, https:\/\/www.almetalbahn-online.de\/wp-content\/uploads\/2022\/10\/klein_IMG_4932_0001.jpg 1620w\" sizes=\"(max-width: 1024px) 100vw, 1024px\" \/><figcaption class=\"wp-element-caption\">Die T3 &#8222;Schunter&#8220; auf der &#8222;Almetalbahn&#8220; am 02.10.2022, <em>Bild: J. Werscheck<\/em><\/figcaption><\/figure>\n\n\n\n<p class=\"has-medium-font-size\">[vc_gallery type=&#8220;image_grid&#8220; images=&#8220;4390,4392,4386,4383,4370&#8243; img_size=&#8220;medium&#8220;]<\/p>\n","protected":false},"excerpt":{"rendered":"<p>[vc_row][vc_column][vc_column_text css=&#8220;.vc_custom_1575206934194{margin: 10px !important;}&#8220;] Technische Daten Hersteller: Hanomag, Hannover &#8211; LindenFabrik-Nr.: 3653Typ: Cn2t (preu\u00df. T3)Baujahr: 1901Leistung: 250 PSBetriebsdruck: 12 barHeizfl\u00e4che: 60,6 qmFeuerb\u00fcchsausf\u00fchrung: KupferWasser: 4 cbmKohle: 1 tH\u00f6chstgeschw.: 40 km\/hLeergewicht: 21,5 [&hellip;]<\/p>\n","protected":false},"author":2,"featured_media":0,"parent":582,"menu_order":0,"comment_status":"closed","ping_status":"closed","template":"","meta":{"_links_to":"","_links_to_target":""},"yoast_head":"<!-- This site is optimized with the Yoast SEO plugin v21.0 - https:\/\/yoast.com\/wordpress\/plugins\/seo\/ -->\n<title>Dampflokomotive T3 &quot;Schunter&quot; - Arbeitsgemeinschaft Historische Eisenbahn e.V.<\/title>\n<meta name=\"robots\" content=\"index, follow, max-snippet:-1, max-image-preview:large, max-video-preview:-1\" \/>\n<link rel=\"canonical\" href=\"https:\/\/www.almetalbahn-online.de\/?page_id=615\" \/>\n<meta property=\"og:locale\" content=\"de_DE\" \/>\n<meta property=\"og:type\" content=\"article\" \/>\n<meta property=\"og:title\" content=\"Dampflokomotive T3 &quot;Schunter&quot; - Arbeitsgemeinschaft Historische Eisenbahn e.V.\" \/>\n<meta property=\"og:description\" content=\"[vc_row][vc_column][vc_column_text css=&#8220;.vc_custom_1575206934194{margin: 10px !important;}&#8220;] Technische Daten Hersteller: Hanomag, Hannover &#8211; LindenFabrik-Nr.: 3653Typ: Cn2t (preu\u00df. T3)Baujahr: 1901Leistung: 250 PSBetriebsdruck: 12 barHeizfl\u00e4che: 60,6 qmFeuerb\u00fcchsausf\u00fchrung: KupferWasser: 4 cbmKohle: 1 tH\u00f6chstgeschw.: 40 km\/hLeergewicht: 21,5 [&hellip;]\" \/>\n<meta property=\"og:url\" content=\"https:\/\/www.almetalbahn-online.de\/?page_id=615\" \/>\n<meta property=\"og:site_name\" content=\"Arbeitsgemeinschaft Historische Eisenbahn e.V.\" \/>\n<meta property=\"article:publisher\" content=\"https:\/\/www.facebook.com\/Almetalbahn\/\" \/>\n<meta property=\"article:modified_time\" content=\"2025-07-11T08:17:19+00:00\" \/>\n<meta property=\"og:image\" content=\"https:\/\/www.almetalbahn-online.de\/wp-content\/uploads\/2022\/11\/T3_Testfahrt_IMG_0326_0001-edited-1.jpg\" \/>\n<meta name=\"twitter:card\" content=\"summary_large_image\" \/>\n<meta name=\"twitter:label1\" content=\"Gesch\u00e4tzte Lesezeit\" \/>\n\t<meta name=\"twitter:data1\" content=\"5\u00a0Minuten\" \/>\n<script type=\"application\/ld+json\" class=\"yoast-schema-graph\">{\"@context\":\"https:\/\/schema.org\",\"@graph\":[{\"@type\":\"WebPage\",\"@id\":\"https:\/\/www.almetalbahn-online.de\/?page_id=615\",\"url\":\"https:\/\/www.almetalbahn-online.de\/?page_id=615\",\"name\":\"Dampflokomotive T3 \\\"Schunter\\\" - Arbeitsgemeinschaft Historische Eisenbahn e.V.\",\"isPartOf\":{\"@id\":\"https:\/\/www.almetalbahn-online.de\/#website\"},\"datePublished\":\"2019-11-06T18:14:17+00:00\",\"dateModified\":\"2025-07-11T08:17:19+00:00\",\"breadcrumb\":{\"@id\":\"https:\/\/www.almetalbahn-online.de\/?page_id=615#breadcrumb\"},\"inLanguage\":\"de\",\"potentialAction\":[{\"@type\":\"ReadAction\",\"target\":[\"https:\/\/www.almetalbahn-online.de\/?page_id=615\"]}]},{\"@type\":\"BreadcrumbList\",\"@id\":\"https:\/\/www.almetalbahn-online.de\/?page_id=615#breadcrumb\",\"itemListElement\":[{\"@type\":\"ListItem\",\"position\":1,\"name\":\"Startseite\",\"item\":\"https:\/\/www.almetalbahn-online.de\/\"},{\"@type\":\"ListItem\",\"position\":2,\"name\":\"Fahrzeugsammlung\",\"item\":\"https:\/\/www.almetalbahn-online.de\/?page_id=206\"},{\"@type\":\"ListItem\",\"position\":3,\"name\":\"Dampfloks\",\"item\":\"https:\/\/www.almetalbahn-online.de\/?page_id=582\"},{\"@type\":\"ListItem\",\"position\":4,\"name\":\"Dampflokomotive T3 &#8222;Schunter&#8220;\"}]},{\"@type\":\"WebSite\",\"@id\":\"https:\/\/www.almetalbahn-online.de\/#website\",\"url\":\"https:\/\/www.almetalbahn-online.de\/\",\"name\":\"Arbeitsgemeinschaft Historische Eisenbahn e.V.\",\"description\":\"Almetalbahn\",\"publisher\":{\"@id\":\"https:\/\/www.almetalbahn-online.de\/#organization\"},\"potentialAction\":[{\"@type\":\"SearchAction\",\"target\":{\"@type\":\"EntryPoint\",\"urlTemplate\":\"https:\/\/www.almetalbahn-online.de\/?s={search_term_string}\"},\"query-input\":\"required name=search_term_string\"}],\"inLanguage\":\"de\"},{\"@type\":\"Organization\",\"@id\":\"https:\/\/www.almetalbahn-online.de\/#organization\",\"name\":\"Arbeitsgemeinschaft Historische Eisenbahn e.V.\",\"url\":\"https:\/\/www.almetalbahn-online.de\/\",\"logo\":{\"@type\":\"ImageObject\",\"inLanguage\":\"de\",\"@id\":\"https:\/\/www.almetalbahn-online.de\/#\/schema\/logo\/image\/\",\"url\":\"https:\/\/www.almetalbahn-online.de\/wp-content\/uploads\/2019\/12\/T3_Zeichnung-e1573062427353.png\",\"contentUrl\":\"https:\/\/www.almetalbahn-online.de\/wp-content\/uploads\/2019\/12\/T3_Zeichnung-e1573062427353.png\",\"width\":200,\"height\":97,\"caption\":\"Arbeitsgemeinschaft Historische Eisenbahn e.V.\"},\"image\":{\"@id\":\"https:\/\/www.almetalbahn-online.de\/#\/schema\/logo\/image\/\"},\"sameAs\":[\"https:\/\/www.facebook.com\/Almetalbahn\/\",\"https:\/\/www.instagram.com\/almetalbahn\/\"]}]}<\/script>\n<!-- \/ Yoast SEO plugin. -->","yoast_head_json":{"title":"Dampflokomotive T3 \"Schunter\" - Arbeitsgemeinschaft Historische Eisenbahn e.V.","robots":{"index":"index","follow":"follow","max-snippet":"max-snippet:-1","max-image-preview":"max-image-preview:large","max-video-preview":"max-video-preview:-1"},"canonical":"https:\/\/www.almetalbahn-online.de\/?page_id=615","og_locale":"de_DE","og_type":"article","og_title":"Dampflokomotive T3 \"Schunter\" - Arbeitsgemeinschaft Historische Eisenbahn e.V.","og_description":"[vc_row][vc_column][vc_column_text css=&#8220;.vc_custom_1575206934194{margin: 10px !important;}&#8220;] Technische Daten Hersteller: Hanomag, Hannover &#8211; LindenFabrik-Nr.: 3653Typ: Cn2t (preu\u00df. T3)Baujahr: 1901Leistung: 250 PSBetriebsdruck: 12 barHeizfl\u00e4che: 60,6 qmFeuerb\u00fcchsausf\u00fchrung: KupferWasser: 4 cbmKohle: 1 tH\u00f6chstgeschw.: 40 km\/hLeergewicht: 21,5 [&hellip;]","og_url":"https:\/\/www.almetalbahn-online.de\/?page_id=615","og_site_name":"Arbeitsgemeinschaft Historische Eisenbahn e.V.","article_publisher":"https:\/\/www.facebook.com\/Almetalbahn\/","article_modified_time":"2025-07-11T08:17:19+00:00","og_image":[{"url":"https:\/\/www.almetalbahn-online.de\/wp-content\/uploads\/2022\/11\/T3_Testfahrt_IMG_0326_0001-edited-1.jpg"}],"twitter_card":"summary_large_image","twitter_misc":{"Gesch\u00e4tzte Lesezeit":"5\u00a0Minuten"},"schema":{"@context":"https:\/\/schema.org","@graph":[{"@type":"WebPage","@id":"https:\/\/www.almetalbahn-online.de\/?page_id=615","url":"https:\/\/www.almetalbahn-online.de\/?page_id=615","name":"Dampflokomotive T3 \"Schunter\" - Arbeitsgemeinschaft Historische Eisenbahn e.V.","isPartOf":{"@id":"https:\/\/www.almetalbahn-online.de\/#website"},"datePublished":"2019-11-06T18:14:17+00:00","dateModified":"2025-07-11T08:17:19+00:00","breadcrumb":{"@id":"https:\/\/www.almetalbahn-online.de\/?page_id=615#breadcrumb"},"inLanguage":"de","potentialAction":[{"@type":"ReadAction","target":["https:\/\/www.almetalbahn-online.de\/?page_id=615"]}]},{"@type":"BreadcrumbList","@id":"https:\/\/www.almetalbahn-online.de\/?page_id=615#breadcrumb","itemListElement":[{"@type":"ListItem","position":1,"name":"Startseite","item":"https:\/\/www.almetalbahn-online.de\/"},{"@type":"ListItem","position":2,"name":"Fahrzeugsammlung","item":"https:\/\/www.almetalbahn-online.de\/?page_id=206"},{"@type":"ListItem","position":3,"name":"Dampfloks","item":"https:\/\/www.almetalbahn-online.de\/?page_id=582"},{"@type":"ListItem","position":4,"name":"Dampflokomotive T3 &#8222;Schunter&#8220;"}]},{"@type":"WebSite","@id":"https:\/\/www.almetalbahn-online.de\/#website","url":"https:\/\/www.almetalbahn-online.de\/","name":"Arbeitsgemeinschaft Historische Eisenbahn e.V.","description":"Almetalbahn","publisher":{"@id":"https:\/\/www.almetalbahn-online.de\/#organization"},"potentialAction":[{"@type":"SearchAction","target":{"@type":"EntryPoint","urlTemplate":"https:\/\/www.almetalbahn-online.de\/?s={search_term_string}"},"query-input":"required name=search_term_string"}],"inLanguage":"de"},{"@type":"Organization","@id":"https:\/\/www.almetalbahn-online.de\/#organization","name":"Arbeitsgemeinschaft Historische Eisenbahn e.V.","url":"https:\/\/www.almetalbahn-online.de\/","logo":{"@type":"ImageObject","inLanguage":"de","@id":"https:\/\/www.almetalbahn-online.de\/#\/schema\/logo\/image\/","url":"https:\/\/www.almetalbahn-online.de\/wp-content\/uploads\/2019\/12\/T3_Zeichnung-e1573062427353.png","contentUrl":"https:\/\/www.almetalbahn-online.de\/wp-content\/uploads\/2019\/12\/T3_Zeichnung-e1573062427353.png","width":200,"height":97,"caption":"Arbeitsgemeinschaft Historische Eisenbahn e.V."},"image":{"@id":"https:\/\/www.almetalbahn-online.de\/#\/schema\/logo\/image\/"},"sameAs":["https:\/\/www.facebook.com\/Almetalbahn\/","https:\/\/www.instagram.com\/almetalbahn\/"]}]}},"_links":{"self":[{"href":"https:\/\/www.almetalbahn-online.de\/index.php?rest_route=\/wp\/v2\/pages\/615"}],"collection":[{"href":"https:\/\/www.almetalbahn-online.de\/index.php?rest_route=\/wp\/v2\/pages"}],"about":[{"href":"https:\/\/www.almetalbahn-online.de\/index.php?rest_route=\/wp\/v2\/types\/page"}],"author":[{"embeddable":true,"href":"https:\/\/www.almetalbahn-online.de\/index.php?rest_route=\/wp\/v2\/users\/2"}],"replies":[{"embeddable":true,"href":"https:\/\/www.almetalbahn-online.de\/index.php?rest_route=%2Fwp%2Fv2%2Fcomments&post=615"}],"version-history":[{"count":38,"href":"https:\/\/www.almetalbahn-online.de\/index.php?rest_route=\/wp\/v2\/pages\/615\/revisions"}],"predecessor-version":[{"id":5223,"href":"https:\/\/www.almetalbahn-online.de\/index.php?rest_route=\/wp\/v2\/pages\/615\/revisions\/5223"}],"up":[{"embeddable":true,"href":"https:\/\/www.almetalbahn-online.de\/index.php?rest_route=\/wp\/v2\/pages\/582"}],"wp:attachment":[{"href":"https:\/\/www.almetalbahn-online.de\/index.php?rest_route=%2Fwp%2Fv2%2Fmedia&parent=615"}],"curies":[{"name":"wp","href":"https:\/\/api.w.org\/{rel}","templated":true}]}}