{"id":730,"date":"2019-11-19T23:49:17","date_gmt":"2019-11-19T22:49:17","guid":{"rendered":"https:\/\/www.almetalbahn-online.de\/?page_id=730"},"modified":"2025-01-29T23:43:22","modified_gmt":"2025-01-29T22:43:22","slug":"t3-schunter-dl16-2","status":"publish","type":"page","link":"https:\/\/www.almetalbahn-online.de\/?page_id=730","title":{"rendered":"Klv 51 &#8211; SKL"},"content":{"rendered":"\n<p>[vc_row][vc_column][vc_column_text  css=&#8220;.vc_custom_1575206934194{margin: 10px !important;}&#8220; ]<\/p>\n\n\n\n<div class=\"is-layout-flex wp-container-3 wp-block-columns\">\n<div class=\"is-layout-flow wp-block-column\" style=\"flex-basis:66.66%\">\n<figure class=\"wp-block-image size-large\"><img decoding=\"async\" loading=\"lazy\" width=\"1024\" height=\"576\" src=\"https:\/\/www.almetalbahn-online.de\/wp-content\/uploads\/2019\/11\/20191009_allg_095-1024x576.jpg\" alt=\"\" class=\"wp-image-731\" srcset=\"https:\/\/www.almetalbahn-online.de\/wp-content\/uploads\/2019\/11\/20191009_allg_095-1024x576.jpg 1024w, https:\/\/www.almetalbahn-online.de\/wp-content\/uploads\/2019\/11\/20191009_allg_095-300x169.jpg 300w, https:\/\/www.almetalbahn-online.de\/wp-content\/uploads\/2019\/11\/20191009_allg_095-768x432.jpg 768w, https:\/\/www.almetalbahn-online.de\/wp-content\/uploads\/2019\/11\/20191009_allg_095-1536x864.jpg 1536w, https:\/\/www.almetalbahn-online.de\/wp-content\/uploads\/2019\/11\/20191009_allg_095-600x338.jpg 600w, https:\/\/www.almetalbahn-online.de\/wp-content\/uploads\/2019\/11\/20191009_allg_095.jpg 1920w\" sizes=\"(max-width: 1024px) 100vw, 1024px\" \/><figcaption class=\"wp-element-caption\"> Unser SKL bei einer Fahrt am &#8222;B\u00fc Feldweg&#8220; &#8211; Herbst 2019 <\/figcaption><\/figure>\n<\/div>\n\n\n\n<div class=\"is-layout-flow wp-block-column\" style=\"flex-basis:33.33%\">\n<p><strong>Technische Daten<\/strong><br><!--StartFragment--><\/p>\n\n\n\n<p>Typ: Klv 51 (SKL)<br>Hersteller: FKF-Werke<br>Fabrik-Nr.:12392<br>Motor: KHD A4L 517<br>Leistung: 72 PS <br>Baujahr: 1957<br>Fabrik-Nr.: unbekannt<br>Eigengewicht: 5600 kg<br>Ladegewicht: 5000 kg<br>Tragkraft Kran: 2200 kg<br>gr\u00f6\u00dfter Hubweg: 4500 mm<br>Hersteller Kran: Robel &amp; Co, M\u00fcnchen<br>Anzahl der Achsen: 2<br>zul. H\u00f6chstgeschw.: 50 km\/h<br>Vorr\u00e4te: Diesel 50l<\/p>\n\n\n\n<p><\/p>\n\n\n\n<p><!--EndFragment--><\/p>\n<\/div>\n<\/div>\n\n\n<p><strong>Lebenslauf unseres SKL<\/strong><\/p>\n<p>F\u00fcr leichte Gleisbauarbeiten sowie Reparaturen an Signalanlagen beschaffte die Deutsche Bundesbahn ihren Gleisbaurotten den sogenannten &#8222;Schwerkleinwagen Klv 51&#8220;.<br \/>\nEr war ausgestattet mit einer Ladefl\u00e4che, die mit Flachten und bei Bedarf mit aufsteckbaren Sitzb\u00e4nken erg\u00e4nzt werden konnte. Das F\u00fchrerhaus war extra schmal ausgef\u00fchrt, damit auch l\u00e4ngere Schienenst\u00fccke oder Signale problemlos transportiert werden konnten. Oft war jedoch auch zu beobachten, dass sich die Gleisbauarbeiter w\u00e4hrend der Fahrt vorne auf die motorgew\u00e4rmte Haube setzten, was nat\u00fcrlich aus Sicherheitsgr\u00fcnden eigentlich verboten war. Jedoch bot das F\u00fchrerhaus nur dem Fahrer Platz. Hinter dem F\u00fchrerhaus befand sich ein kleiner mechanischer Ladekran, der \u00fcber eine Welle vom Motor betrieben werden konnte.<br \/>\nDurch Umschalten zwischen Kranbetrieb und Fahren vom F\u00fchrerhaus aus konnte die Kranflasche herauf, bzw. herabgelassen werden. Durch seine ung\u00fcnstige Positionierung war es jedoch nur begrenzt m\u00f6glich, den Kran au\u00dferhalb der Ladefl\u00e4chenreichweite einzusetzen. Dies f\u00fchrte dazu, dass im Laufe der 60er Jahre viele Klv 51 mit verl\u00e4ngerten Kranarmen oder komplett neuen, hydraulischen Kr\u00e4nen,<br \/>\ndie sich dann allerdings am Fahrzeugende befanden, ausger\u00fcstet wurden. Durch diese Ma\u00dfnahme erweiterten sich die Einsatzm\u00f6glichkeiten enorm.<br \/>\nAllerdings mu\u00dften letztgenannte Fahrzeuge ebenso wie die als Nachfolger beschafften Klv 53 mit zus\u00e4tzlichen hydraulischen St\u00fctzen ausger\u00fcstet werden, um sich im Kranbetrieb nicht selbst aus dem Gleis zu hebeln.<br \/>\nDie Endgeschwindigkeit von 50 km\/h war n\u00f6tig, um mit dem Wagen notfalls auch zwischen zwei regul\u00e4ren Z\u00fcgen den Einsatzort wechseln zu k\u00f6nnen, was besonders im Einsatz auf Hauptstrecken von Vorteil war. Da zu Einsatzzeiten des Klv 51 viele Bahnh\u00f6fe noch \u00fcber umfangreichere Gleisanlagen verf\u00fcgten, war ein schnelles Ausweichen noch m\u00f6glich.<br \/>\nDas Fahrzeug verf\u00fcgte nicht \u00fcber normale Zug- und Sto\u00dfvorrichtungen, sondern \u00fcber eine Scharfenbergkupplung (LKW-Kupplung). Es konnte jedoch mit einer Schleppstange auch &#8222;normale&#8220; Schienenfahrzeuge bef\u00f6rdern. Durch die \u00dcberbeanspruchung insbesondere der Reibungskupplung beim Anfahren f\u00fchrten diese Eins\u00e4tze jedoch schnell zu Sch\u00e4den und waren deshalb bei den Personalen entsprechend unbeliebt.<br \/>\nBis in die achtziger Jahre verf\u00fcgten viele Bahnmeistereien \u00fcber Einsatzfahrzeuge dieses Typs, der auf fast allen kleineren und mittleren Bahnh\u00f6fen zu Hause war.<br \/>\nAuch bei Museumseisenbahnen fallen viele Instandhaltungsarbeiten an der Strecke an. Deshalb organisierte ein damaliges Mitglied im Jahr 1977 einen von der Bahnmeisterei ausgemusterten, jedoch technisch noch intakten Klv 51.<br \/>\nDieser war am 25.09.1957 ausgeliefert worden. Unter der Nummer &#8222;Klv 51-8796&#8220; geh\u00f6rte er vom 10.10.1957 bis zum 05.02.1969 dem Bw Hannover-Linden (Bm Lehrte Vbf) an.<br \/>\nVom 06.02.1969 bis zum 12.06.1973 leistete er dann beim Bw Hannover (Bm Nordstemmen) Bauzugdienste. Sein letzter Einsatzst\u00fctzpunkt war vom 12.06.1973 bis 1977 das Kbw Braunschweig (Bm Derneburg).<br \/>\nDas Fahrzeug hat im Zuge der Almstedter Bahnhofsumbauten und Gleisbauarbeiten bei der Museumseisenbahn \u00fcber die Jahre unsch\u00e4tzbare Dienste geleistet. Inzwischen ist aus dem zun\u00e4chst eher zweckm\u00e4\u00dfig betrachteten Arbeitswagen ein vollwertiges Museumsfahrzeug geworden, verf\u00fcgt er doch noch \u00fcber die seltene erhaltene Grundausstattung mit unver\u00e4ndertem mechanischen Kran.<br \/>\nTrotz seines noch nicht so hohen Alters befand sich die Beblechung in einem sehr schlechten Zustand mit den f\u00fcr diesen Typ obligatorischen Durchrostungen unter dem Seitenfenster und an der T\u00fcrschwelle. Im Jahr 2000 wurde das Fahrzeug deshalb komplett aufgearbeitet, wobei man unter anderem das gesamte F\u00fchrerhausblech erneuerte.<br \/>\n2001 erhielt der Wagen dann neue Flachten und rekonstruierte Sitzb\u00e4nke, sodass er vom Sommer 2001 bis Herbst 2003 f\u00fcr Mitfahrten bei den Bahnhosfesten eingesetzt werden konnte und sich beim Publikum gro\u00dfer Beliebtheit erfreute.<br \/>\nVom Winter 2003 bis Fr\u00fchjahr 2006 war das Fahrzeug dann noch einmal im Gleisbau t\u00e4tig: Beim Abbau der Strecke Markoldendorf &#8211; Dassel wurde es zum unentbehrlichen Helfer beim Transport der r\u00fcckgebauten Gleisjoche. Dieser rauhe Arbeitsalltag und die Witterungseinfl\u00fcsse gingen nicht spurlos vorbei, so dass nach der R\u00fcckkunft in Almstedt ab Herbst 2006 eine Generalaufarbeitung durchgef\u00fchrt wurde, die eine Instandsetzung und Neulackierung des Fahrwerkes und der Aufbauten, Reparatur der Bremsanlage, sowie der Besandungsanlage, komplette Neubeplankung, sowie einen Motorentausch beinhaltete.<br \/>\nVom Sommer 2007 an wird der KLV 51 wieder bei den Bahnhofsfesten f\u00fcr die beliebten &#8222;Cabriofahrten&#8220; eingesetzt.<br \/>\nIm Winterhalbjahr 2020 \/ 2021 wurde die Erneuerung der Bordwandbebretterung durchgef\u00fchrt, da die vorherige immer noch aus der Bundesbahnzeit stammte und mittlerweile am Ende ihrer Lebensdauer angelangt war.<br \/>\nIm Jahr 2025 wird der Rottenkraftwagen eine turnusm\u00e4\u00dfige Hauptuntersuchung erhalten, wobei abschnittsweise Sanierungsarbeiten erfolgen.<\/p>\n<p><strong>Eindr\u00fccke aus dem Leben unseres SKL<\/strong> (Auf die Bilder klicken f\u00fcr mehr Informationen)<\/p>\n\n\n\n<p>[vc_gallery type=&#8220;image_grid&#8220; images=&#8220;3239,3243,3244&#8243; img_size=&#8220;medium&#8220;]<\/p>\n\n\n\n<p>[\/vc_column_text][\/vc_column][\/vc_row]<\/p>\n","protected":false},"excerpt":{"rendered":"<p>[vc_row][vc_column][vc_column_text css=&#8220;.vc_custom_1575206934194{margin: 10px !important;}&#8220; ] Technische Daten Typ: Klv 51 (SKL)Hersteller: FKF-WerkeFabrik-Nr.:12392Motor: KHD A4L 517Leistung: 72 PS Baujahr: 1957Fabrik-Nr.: unbekanntEigengewicht: 5600 kgLadegewicht: 5000 kgTragkraft Kran: 2200 kggr\u00f6\u00dfter Hubweg: 4500 mmHersteller [&hellip;]<\/p>\n","protected":false},"author":3,"featured_media":0,"parent":494,"menu_order":-1,"comment_status":"closed","ping_status":"closed","template":"","meta":{"_links_to":"","_links_to_target":""},"yoast_head":"<!-- This site is optimized with the Yoast SEO plugin v21.0 - https:\/\/yoast.com\/wordpress\/plugins\/seo\/ -->\n<title>Klv 51 - SKL - Arbeitsgemeinschaft Historische Eisenbahn e.V.<\/title>\n<meta name=\"robots\" content=\"index, follow, max-snippet:-1, max-image-preview:large, max-video-preview:-1\" \/>\n<link rel=\"canonical\" href=\"https:\/\/www.almetalbahn-online.de\/?page_id=730\" \/>\n<meta property=\"og:locale\" content=\"de_DE\" \/>\n<meta property=\"og:type\" content=\"article\" \/>\n<meta property=\"og:title\" content=\"Klv 51 - SKL - Arbeitsgemeinschaft Historische Eisenbahn e.V.\" \/>\n<meta property=\"og:description\" content=\"[vc_row][vc_column][vc_column_text css=&#8220;.vc_custom_1575206934194{margin: 10px !important;}&#8220; ] Technische Daten Typ: Klv 51 (SKL)Hersteller: FKF-WerkeFabrik-Nr.:12392Motor: KHD A4L 517Leistung: 72 PS Baujahr: 1957Fabrik-Nr.: unbekanntEigengewicht: 5600 kgLadegewicht: 5000 kgTragkraft Kran: 2200 kggr\u00f6\u00dfter Hubweg: 4500 mmHersteller [&hellip;]\" \/>\n<meta property=\"og:url\" content=\"https:\/\/www.almetalbahn-online.de\/?page_id=730\" \/>\n<meta property=\"og:site_name\" content=\"Arbeitsgemeinschaft Historische Eisenbahn e.V.\" \/>\n<meta property=\"article:publisher\" content=\"https:\/\/www.facebook.com\/Almetalbahn\/\" \/>\n<meta property=\"article:modified_time\" content=\"2025-01-29T22:43:22+00:00\" \/>\n<meta property=\"og:image\" content=\"https:\/\/www.almetalbahn-online.de\/wp-content\/uploads\/2019\/11\/20191009_allg_095-1024x576.jpg\" \/>\n<meta name=\"twitter:card\" content=\"summary_large_image\" \/>\n<meta name=\"twitter:label1\" content=\"Gesch\u00e4tzte Lesezeit\" \/>\n\t<meta name=\"twitter:data1\" content=\"5\u00a0Minuten\" \/>\n<script type=\"application\/ld+json\" class=\"yoast-schema-graph\">{\"@context\":\"https:\/\/schema.org\",\"@graph\":[{\"@type\":\"WebPage\",\"@id\":\"https:\/\/www.almetalbahn-online.de\/?page_id=730\",\"url\":\"https:\/\/www.almetalbahn-online.de\/?page_id=730\",\"name\":\"Klv 51 - SKL - Arbeitsgemeinschaft Historische Eisenbahn e.V.\",\"isPartOf\":{\"@id\":\"https:\/\/www.almetalbahn-online.de\/#website\"},\"datePublished\":\"2019-11-19T22:49:17+00:00\",\"dateModified\":\"2025-01-29T22:43:22+00:00\",\"breadcrumb\":{\"@id\":\"https:\/\/www.almetalbahn-online.de\/?page_id=730#breadcrumb\"},\"inLanguage\":\"de\",\"potentialAction\":[{\"@type\":\"ReadAction\",\"target\":[\"https:\/\/www.almetalbahn-online.de\/?page_id=730\"]}]},{\"@type\":\"BreadcrumbList\",\"@id\":\"https:\/\/www.almetalbahn-online.de\/?page_id=730#breadcrumb\",\"itemListElement\":[{\"@type\":\"ListItem\",\"position\":1,\"name\":\"Startseite\",\"item\":\"https:\/\/www.almetalbahn-online.de\/\"},{\"@type\":\"ListItem\",\"position\":2,\"name\":\"Fahrzeugsammlung\",\"item\":\"https:\/\/www.almetalbahn-online.de\/?page_id=206\"},{\"@type\":\"ListItem\",\"position\":3,\"name\":\"Dienstfahrzeuge\",\"item\":\"https:\/\/www.almetalbahn-online.de\/?page_id=494\"},{\"@type\":\"ListItem\",\"position\":4,\"name\":\"Klv 51 &#8211; SKL\"}]},{\"@type\":\"WebSite\",\"@id\":\"https:\/\/www.almetalbahn-online.de\/#website\",\"url\":\"https:\/\/www.almetalbahn-online.de\/\",\"name\":\"Arbeitsgemeinschaft Historische Eisenbahn e.V.\",\"description\":\"Almetalbahn\",\"publisher\":{\"@id\":\"https:\/\/www.almetalbahn-online.de\/#organization\"},\"potentialAction\":[{\"@type\":\"SearchAction\",\"target\":{\"@type\":\"EntryPoint\",\"urlTemplate\":\"https:\/\/www.almetalbahn-online.de\/?s={search_term_string}\"},\"query-input\":\"required name=search_term_string\"}],\"inLanguage\":\"de\"},{\"@type\":\"Organization\",\"@id\":\"https:\/\/www.almetalbahn-online.de\/#organization\",\"name\":\"Arbeitsgemeinschaft Historische Eisenbahn e.V.\",\"url\":\"https:\/\/www.almetalbahn-online.de\/\",\"logo\":{\"@type\":\"ImageObject\",\"inLanguage\":\"de\",\"@id\":\"https:\/\/www.almetalbahn-online.de\/#\/schema\/logo\/image\/\",\"url\":\"https:\/\/www.almetalbahn-online.de\/wp-content\/uploads\/2019\/12\/T3_Zeichnung-e1573062427353.png\",\"contentUrl\":\"https:\/\/www.almetalbahn-online.de\/wp-content\/uploads\/2019\/12\/T3_Zeichnung-e1573062427353.png\",\"width\":200,\"height\":97,\"caption\":\"Arbeitsgemeinschaft Historische Eisenbahn e.V.\"},\"image\":{\"@id\":\"https:\/\/www.almetalbahn-online.de\/#\/schema\/logo\/image\/\"},\"sameAs\":[\"https:\/\/www.facebook.com\/Almetalbahn\/\",\"https:\/\/www.instagram.com\/almetalbahn\/\"]}]}<\/script>\n<!-- \/ Yoast SEO plugin. -->","yoast_head_json":{"title":"Klv 51 - SKL - Arbeitsgemeinschaft Historische Eisenbahn e.V.","robots":{"index":"index","follow":"follow","max-snippet":"max-snippet:-1","max-image-preview":"max-image-preview:large","max-video-preview":"max-video-preview:-1"},"canonical":"https:\/\/www.almetalbahn-online.de\/?page_id=730","og_locale":"de_DE","og_type":"article","og_title":"Klv 51 - SKL - Arbeitsgemeinschaft Historische Eisenbahn e.V.","og_description":"[vc_row][vc_column][vc_column_text css=&#8220;.vc_custom_1575206934194{margin: 10px !important;}&#8220; ] Technische Daten Typ: Klv 51 (SKL)Hersteller: FKF-WerkeFabrik-Nr.:12392Motor: KHD A4L 517Leistung: 72 PS Baujahr: 1957Fabrik-Nr.: unbekanntEigengewicht: 5600 kgLadegewicht: 5000 kgTragkraft Kran: 2200 kggr\u00f6\u00dfter Hubweg: 4500 mmHersteller [&hellip;]","og_url":"https:\/\/www.almetalbahn-online.de\/?page_id=730","og_site_name":"Arbeitsgemeinschaft Historische Eisenbahn e.V.","article_publisher":"https:\/\/www.facebook.com\/Almetalbahn\/","article_modified_time":"2025-01-29T22:43:22+00:00","og_image":[{"url":"https:\/\/www.almetalbahn-online.de\/wp-content\/uploads\/2019\/11\/20191009_allg_095-1024x576.jpg"}],"twitter_card":"summary_large_image","twitter_misc":{"Gesch\u00e4tzte Lesezeit":"5\u00a0Minuten"},"schema":{"@context":"https:\/\/schema.org","@graph":[{"@type":"WebPage","@id":"https:\/\/www.almetalbahn-online.de\/?page_id=730","url":"https:\/\/www.almetalbahn-online.de\/?page_id=730","name":"Klv 51 - SKL - Arbeitsgemeinschaft Historische Eisenbahn e.V.","isPartOf":{"@id":"https:\/\/www.almetalbahn-online.de\/#website"},"datePublished":"2019-11-19T22:49:17+00:00","dateModified":"2025-01-29T22:43:22+00:00","breadcrumb":{"@id":"https:\/\/www.almetalbahn-online.de\/?page_id=730#breadcrumb"},"inLanguage":"de","potentialAction":[{"@type":"ReadAction","target":["https:\/\/www.almetalbahn-online.de\/?page_id=730"]}]},{"@type":"BreadcrumbList","@id":"https:\/\/www.almetalbahn-online.de\/?page_id=730#breadcrumb","itemListElement":[{"@type":"ListItem","position":1,"name":"Startseite","item":"https:\/\/www.almetalbahn-online.de\/"},{"@type":"ListItem","position":2,"name":"Fahrzeugsammlung","item":"https:\/\/www.almetalbahn-online.de\/?page_id=206"},{"@type":"ListItem","position":3,"name":"Dienstfahrzeuge","item":"https:\/\/www.almetalbahn-online.de\/?page_id=494"},{"@type":"ListItem","position":4,"name":"Klv 51 &#8211; SKL"}]},{"@type":"WebSite","@id":"https:\/\/www.almetalbahn-online.de\/#website","url":"https:\/\/www.almetalbahn-online.de\/","name":"Arbeitsgemeinschaft Historische Eisenbahn e.V.","description":"Almetalbahn","publisher":{"@id":"https:\/\/www.almetalbahn-online.de\/#organization"},"potentialAction":[{"@type":"SearchAction","target":{"@type":"EntryPoint","urlTemplate":"https:\/\/www.almetalbahn-online.de\/?s={search_term_string}"},"query-input":"required name=search_term_string"}],"inLanguage":"de"},{"@type":"Organization","@id":"https:\/\/www.almetalbahn-online.de\/#organization","name":"Arbeitsgemeinschaft Historische Eisenbahn e.V.","url":"https:\/\/www.almetalbahn-online.de\/","logo":{"@type":"ImageObject","inLanguage":"de","@id":"https:\/\/www.almetalbahn-online.de\/#\/schema\/logo\/image\/","url":"https:\/\/www.almetalbahn-online.de\/wp-content\/uploads\/2019\/12\/T3_Zeichnung-e1573062427353.png","contentUrl":"https:\/\/www.almetalbahn-online.de\/wp-content\/uploads\/2019\/12\/T3_Zeichnung-e1573062427353.png","width":200,"height":97,"caption":"Arbeitsgemeinschaft Historische Eisenbahn e.V."},"image":{"@id":"https:\/\/www.almetalbahn-online.de\/#\/schema\/logo\/image\/"},"sameAs":["https:\/\/www.facebook.com\/Almetalbahn\/","https:\/\/www.instagram.com\/almetalbahn\/"]}]}},"_links":{"self":[{"href":"https:\/\/www.almetalbahn-online.de\/index.php?rest_route=\/wp\/v2\/pages\/730"}],"collection":[{"href":"https:\/\/www.almetalbahn-online.de\/index.php?rest_route=\/wp\/v2\/pages"}],"about":[{"href":"https:\/\/www.almetalbahn-online.de\/index.php?rest_route=\/wp\/v2\/types\/page"}],"author":[{"embeddable":true,"href":"https:\/\/www.almetalbahn-online.de\/index.php?rest_route=\/wp\/v2\/users\/3"}],"replies":[{"embeddable":true,"href":"https:\/\/www.almetalbahn-online.de\/index.php?rest_route=%2Fwp%2Fv2%2Fcomments&post=730"}],"version-history":[{"count":19,"href":"https:\/\/www.almetalbahn-online.de\/index.php?rest_route=\/wp\/v2\/pages\/730\/revisions"}],"predecessor-version":[{"id":5121,"href":"https:\/\/www.almetalbahn-online.de\/index.php?rest_route=\/wp\/v2\/pages\/730\/revisions\/5121"}],"up":[{"embeddable":true,"href":"https:\/\/www.almetalbahn-online.de\/index.php?rest_route=\/wp\/v2\/pages\/494"}],"wp:attachment":[{"href":"https:\/\/www.almetalbahn-online.de\/index.php?rest_route=%2Fwp%2Fv2%2Fmedia&parent=730"}],"curies":[{"name":"wp","href":"https:\/\/api.w.org\/{rel}","templated":true}]}}