{"id":904,"date":"2019-11-22T22:45:58","date_gmt":"2019-11-22T21:45:58","guid":{"rendered":"https:\/\/www.almetalbahn-online.de\/?page_id=904"},"modified":"2023-09-01T20:19:27","modified_gmt":"2023-09-01T18:19:27","slug":"t3-schunter-dl16-2-19","status":"publish","type":"page","link":"https:\/\/www.almetalbahn-online.de\/?page_id=904","title":{"rendered":"Rangierlokomotive &#8222;Wirus&#8220;"},"content":{"rendered":"\n<p>[vc_row][vc_column][vc_column_text  css=&#8220;.vc_custom_1575206934194{margin: 10px !important;}&#8220;]<\/p>\n\n\n\n<div class=\"is-layout-flex wp-container-3 wp-block-columns\">\n<div class=\"is-layout-flow wp-block-column\" style=\"flex-basis:66.66%\">\n<figure class=\"wp-block-image size-large\"><img decoding=\"async\" loading=\"lazy\" width=\"1024\" height=\"576\" src=\"https:\/\/www.almetalbahn-online.de\/wp-content\/uploads\/2019\/11\/20170426_165001-1024x576.jpg\" alt=\"\" class=\"wp-image-913\" srcset=\"https:\/\/www.almetalbahn-online.de\/wp-content\/uploads\/2019\/11\/20170426_165001-1024x576.jpg 1024w, https:\/\/www.almetalbahn-online.de\/wp-content\/uploads\/2019\/11\/20170426_165001-300x169.jpg 300w, https:\/\/www.almetalbahn-online.de\/wp-content\/uploads\/2019\/11\/20170426_165001-768x432.jpg 768w, https:\/\/www.almetalbahn-online.de\/wp-content\/uploads\/2019\/11\/20170426_165001-1536x864.jpg 1536w, https:\/\/www.almetalbahn-online.de\/wp-content\/uploads\/2019\/11\/20170426_165001-600x338.jpg 600w, https:\/\/www.almetalbahn-online.de\/wp-content\/uploads\/2019\/11\/20170426_165001.jpg 1920w\" sizes=\"(max-width: 1024px) 100vw, 1024px\" \/><figcaption class=\"wp-element-caption\">VL3 &#8222;Wirus&#8220; in einer interessanten Perspektive<\/figcaption><\/figure>\n<\/div>\n\n\n\n<div class=\"is-layout-flow wp-block-column\" style=\"flex-basis:33.33%\">\n<p><strong>Technische Daten<\/strong><br><!--StartFragment--><\/p>\n<p>Typ: 2 D<br>Hersteller: MBA, Dortmund<br>Baujahr: 1943<br>Fabrik-Nr.: 21394<br>Motor: MBA 2D<br>Motor &#8211; Nr.:&nbsp; 10?274<br>Dienstgewicht: 14,5 t<br>H\u00f6chstgeschw.: 18 km\/h<br>L\u00e4nge \u00fc. Puffer: 5210 mm<br>Bremse: Wurfhebelbr.<br>Getriebe: mechan. Schaltgetriebe<br>Raddurchm.: ?<br>Antriebsart: Stangenantr., Blindwelle<\/p>\n\n\n\n<p><!--EndFragment--><\/p>\n<\/div>\n<\/div>\n\n\n<p><strong>Lebenslauf unserer Wirus<\/strong><\/p>\n<p>Wie bei einigen anderen w\u00e4hrend des Krieges gebauten Fahrzeugen ist auch bei der VL 3 die Anfangsgeschichte unklar:<br \/>\nDie Aufzeichnungen des ersten (!) Betriebsbuches beginnen mit Reparaturarbeiten im Jahr 1953. Nach bisher nicht gesicherten Angaben kam die Lok nach ihrer Auslieferung 1942 zun\u00e4chst als Fl\u00fcssiggaslok zur Bergwerksgesellschaft Hiberna. Wie lange sie dort im Einsatz war, konnte bislang nicht gekl\u00e4rt werden. Anfang der 50er Jahre kam sie zu der Firma Ruhenstroth GmbH (Wirus-Werke) in G\u00fctersloh. Die DB &#8211; Zulassung erfolgte erst im Jahr 1958. So ist davon auszugehen, dass die Maschine den dortigen Werksanschlu\u00df zur DB bediente.<br \/>\nWie bei vielen Privatfirmen \u00fcblich, geben die Aufzeichnungen kaum etwas \u00fcber den genauen Einsatz her. Fest steht lediglich, dass die Maschine 1973 aufgrund gr\u00f6\u00dferer Sch\u00e4den abgestellt wurde.<br \/>\nSie wurde darauf dem Verein &#8222;DKM-G\u00fctersloh&#8220; geschenkt, der sie jedoch aufgrund ihrer Spurweite (dort wird bekanntlich auf 600 mm gefahren!) nicht einsetzen konnte. So wurde die Maschine freundlicherweise der AHE weiterverschenkt und sogar auf einem Flachwagen noch frei Bodenburg angeliefert! Bei den ersten Probefahrten mit der Maschine zeigte sich, dass umfangreichere Instandsetzungsma\u00dfnahmen n\u00f6tig sein w\u00fcrden. Da sich zu diesem Zeitpunkt jedoch keine Motorspezialisten im Verein befanden, wurde die Lok erst einmal im Bahnhof Almstedt abgestellt.<br \/>\nSp\u00e4ter, als andere Ma\u00dfnahmen Vorrang hatten, wurde die Lok dann nach Bodenburg gebracht und im dortigen Bahnhof hinterstellt.<br \/>\nErst 1995, als auf Grund der K\u00fcndigung des Anschlu\u00dfvertrages mit der DB das Abstellgleis in Bodenburg ger\u00e4umt werden mu\u00dfte, holte man die Lok wieder nach Almstedt. Aber auch dort f\u00fchrte sie ein trauriges Dasein, bis schlie\u00dflich ein Vereinsmitglied die Lok dem Verein abkaufte und mit den Reparaturma\u00dfnahmen begann.<br \/>\nDie Maschine war technisch gesehen mit Sicherheit das desolateste Fahrzeug, welches die AHE je besessen hat, entsprechend umfangreich die Liste der Reparaturen:<br \/>\ngebrochene Federpakete, verbogene Kuppelstangen, defektes Getriebe, defekter Zughaken, festsitzender Motor, defekte Einspritzpumpe,&#8230; ein hoffnungsloser Fall?<br \/>\nMitnichten! Inzwischen ist die Lok technisch wieder vollst\u00e4ndig \u00fcberholt und auch die optische Aufarbeitung ist im Jahr 2001 abgeschlossen worden. Es ist ein Erlebnis, zuzuschauen, wie der MBA-Motor mit einigen wenigen Auspuffschl\u00e4gen im Standgas auskommt und nur durch das Schwungrad in Gang gehalten wird.<br \/>\nDie Maschine ist eine willkommene Abwechslung zu dem ansonsten weitverbreiteten Deutz-Dieselklang!<\/p>\n<p>Die Maschine hat g\u00fcltige Fristen und konnte 2023 aufgrund einer gro\u00dfz\u00fcgigen Spende der Sparkasse HGP f\u00fcr den Verein erworben werden.<\/p>\n\n\n<style>.kt-info-box2471_257e0d-e8 .kt-blocks-info-box-link-wrap{border-top:4px solid #f3960a;border-right:4px solid #f3960a;border-bottom:4px solid #f3960a;border-left:4px solid #f3960a;border-top-left-radius:4px;border-top-right-radius:4px;border-bottom-right-radius:4px;border-bottom-left-radius:4px;background:#f2f2f2;padding-top:1px;padding-right:1px;padding-bottom:1px;padding-left:1px;}.kt-info-box2471_257e0d-e8 .kt-blocks-info-box-link-wrap:hover{background:#f2f2f2;}.kt-info-box2471_257e0d-e8 .kadence-info-box-image-inner-intrisic-container{max-width:204px;}.kt-info-box2471_257e0d-e8 .kadence-info-box-image-inner-intrisic-container .kadence-info-box-image-intrisic{padding-bottom:68%;width:300px;height:0px;max-width:100%;}.kt-info-box2471_257e0d-e8 .kt-info-svg-icon, .kt-info-box2471_257e0d-e8 .kt-info-svg-icon-flip, .kt-info-box2471_257e0d-e8 .kt-blocks-info-box-number{font-size:6px;}.kt-info-box2471_257e0d-e8 .kt-blocks-info-box-media{color:#444444;background:transparent;border-color:#444444;border-top-width:0px;border-right-width:0px;border-bottom-width:0px;border-left-width:0px;padding-top:0px;padding-right:0px;padding-bottom:0px;padding-left:0px;margin-top:5px;margin-right:10px;margin-bottom:5px;margin-left:10px;}.kt-info-box2471_257e0d-e8 .kt-blocks-info-box-link-wrap:hover .kt-blocks-info-box-media{color:#444444;background:transparent;border-color:#444444;}.kt-info-box2471_257e0d-e8 .kt-infobox-textcontent h4.kt-blocks-info-box-title{font-size:14px;line-height:59px;letter-spacing:1.5px;padding-top:5px;padding-right:5px;padding-bottom:5px;padding-left:5px;margin-top:-14px;margin-right:0px;margin-bottom:0px;margin-left:0px;}.kt-info-box2471_257e0d-e8 h4.kt-blocks-info-box-title{min-height:0px;}.kt-info-box2471_257e0d-e8 .kt-infobox-textcontent .kt-blocks-info-box-text{color:#000000;}.kt-info-box2471_257e0d-e8 .kt-blocks-info-box-learnmore{background:transparent;border-color:#555555;border-width:0px 0px 0px 0px;padding-top:8px;padding-right:12px;padding-bottom:8px;padding-left:12px;margin:12px 0px 12px 0px;}.kt-info-box2471_257e0d-e8 .kt-blocks-info-box-link-wrap:hover .kt-blocks-info-box-learnmore{color:#ffffff;background:#444444;border-color:#444444;}@media all and (max-width: 1024px){.kt-info-box2471_257e0d-e8 .kt-blocks-info-box-link-wrap{border-top:4px solid #f3960a;border-right:4px solid #f3960a;border-bottom:4px solid #f3960a;border-left:4px solid #f3960a;}}@media all and (max-width: 1024px){.kt-info-box2471_257e0d-e8 .kt-infobox-textcontent h4.kt-blocks-info-box-title{font-size:14px;line-height:40px;}}@media all and (max-width: 767px){.kt-info-box2471_257e0d-e8 .kt-blocks-info-box-link-wrap{border-top:4px solid #f3960a;border-right:4px solid #f3960a;border-bottom:4px solid #f3960a;border-left:4px solid #f3960a;display:block;}.kt-info-box2471_257e0d-e8 .kt-infobox-textcontent h4.kt-blocks-info-box-title{font-size:14px;line-height:30px;}.kt-info-box2471_257e0d-e8 .kt-blocks-info-box-link-wrap .kt-blocks-info-box-media{display:inline-block;max-width:100%;}}<\/style>\n<div class=\"wp-block-kadence-infobox kt-info-box2471_257e0d-e8\"><div class=\"kt-blocks-info-box-link-wrap kt-blocks-info-box-media-align-left kt-info-halign-center\"><div class=\"kt-blocks-info-box-media-container\"><div class=\"kt-blocks-info-box-media kt-info-media-animate-grayscale\"><div class=\"kadence-info-box-image-inner-intrisic-container\"><div class=\"kadence-info-box-image-intrisic kt-info-animate-grayscale\"><div class=\"kadence-info-box-image-inner-intrisic\"><img decoding=\"async\" loading=\"lazy\" src=\"https:\/\/www.almetalbahn-online.de\/wp-content\/uploads\/2020\/01\/Wirus_HU_neu-300x204.jpg\" alt=\"\" width=\"300\" height=\"204\" class=\"kt-info-box-image wp-image-2472\" srcset=\"https:\/\/www.almetalbahn-online.de\/wp-content\/uploads\/2020\/01\/Wirus_HU_neu-300x204.jpg 300w, https:\/\/www.almetalbahn-online.de\/wp-content\/uploads\/2020\/01\/Wirus_HU_neu-1024x697.jpg 1024w, https:\/\/www.almetalbahn-online.de\/wp-content\/uploads\/2020\/01\/Wirus_HU_neu-768x523.jpg 768w, https:\/\/www.almetalbahn-online.de\/wp-content\/uploads\/2020\/01\/Wirus_HU_neu-1536x1045.jpg 1536w, https:\/\/www.almetalbahn-online.de\/wp-content\/uploads\/2020\/01\/Wirus_HU_neu-2048x1394.jpg 2048w, https:\/\/www.almetalbahn-online.de\/wp-content\/uploads\/2020\/01\/Wirus_HU_neu-600x408.jpg 600w\" sizes=\"(max-width: 300px) 100vw, 300px\" \/><\/div><\/div><\/div><\/div><\/div><div class=\"kt-infobox-textcontent\"><h4 class=\"kt-blocks-info-box-title\"><strong>Wissenswertes \u00fcber die Aufarbeitung der &#8222;Wirus&#8220;<\/strong><\/h4><p class=\"kt-blocks-info-box-text\">Das 1995 in den Verein eingetretene Mitglied Michael B\u00f6rngen wollte nach relativ kurzer Mitgliedschaft auch eine eigene Lokomotive besitzen. Da man seine besonderen technischen F\u00e4higkeiten schon kannte, aber sein Durchhalteverm\u00f6gen noch unbekannt war, wurde ihm die &#8222;Wirus&#8220; angeboten, deren Zustand sich kaum mehr verschlechtern lie\u00df. Dass Michael B\u00f6rngen innerhalb weniger Jahre ein technikhistorisches Schmuckst\u00fcck schaffen w\u00fcrde, \u00fcbertraf selbt die Hoffnungen der k\u00fchnsten Optimisten.<\/p><div class=\"kt-blocks-info-box-learnmore-wrap\"><a class=\"kt-blocks-info-box-learnmore info-box-link\" target=\"_blank\" rel=\"noopener noreferrer\" href=\"https:\/\/www.almetalbahn-online.de\/?page_id=2449\">Zum Instandsetzungsbericht<\/a><\/div><\/div><\/div><\/div>\n\n\n\n<p>[\/vc_column_text][\/vc_column][\/vc_row]<\/p>\n","protected":false},"excerpt":{"rendered":"<p>[vc_row][vc_column][vc_column_text css=&#8220;.vc_custom_1575206934194{margin: 10px !important;}&#8220;] Technische Daten Typ: 2 DHersteller: MBA, DortmundBaujahr: 1943Fabrik-Nr.: 21394Motor: MBA 2DMotor &#8211; Nr.:&nbsp; 10?274Dienstgewicht: 14,5 tH\u00f6chstgeschw.: 18 km\/hL\u00e4nge \u00fc. Puffer: 5210 mmBremse: Wurfhebelbr.Getriebe: mechan. SchaltgetriebeRaddurchm.: ?Antriebsart: [&hellip;]<\/p>\n","protected":false},"author":3,"featured_media":0,"parent":554,"menu_order":0,"comment_status":"closed","ping_status":"closed","template":"","meta":{"_links_to":"","_links_to_target":""},"yoast_head":"<!-- This site is optimized with the Yoast SEO plugin v21.0 - https:\/\/yoast.com\/wordpress\/plugins\/seo\/ -->\n<title>Rangierlokomotive &quot;Wirus&quot; - Arbeitsgemeinschaft Historische Eisenbahn e.V.<\/title>\n<meta name=\"robots\" content=\"index, follow, max-snippet:-1, max-image-preview:large, max-video-preview:-1\" \/>\n<link rel=\"canonical\" href=\"https:\/\/www.almetalbahn-online.de\/?page_id=904\" \/>\n<meta property=\"og:locale\" content=\"de_DE\" \/>\n<meta property=\"og:type\" content=\"article\" \/>\n<meta property=\"og:title\" content=\"Rangierlokomotive &quot;Wirus&quot; - Arbeitsgemeinschaft Historische Eisenbahn e.V.\" \/>\n<meta property=\"og:description\" content=\"[vc_row][vc_column][vc_column_text css=&#8220;.vc_custom_1575206934194{margin: 10px !important;}&#8220;] Technische Daten Typ: 2 DHersteller: MBA, DortmundBaujahr: 1943Fabrik-Nr.: 21394Motor: MBA 2DMotor &#8211; Nr.:&nbsp; 10?274Dienstgewicht: 14,5 tH\u00f6chstgeschw.: 18 km\/hL\u00e4nge \u00fc. Puffer: 5210 mmBremse: Wurfhebelbr.Getriebe: mechan. SchaltgetriebeRaddurchm.: ?Antriebsart: [&hellip;]\" \/>\n<meta property=\"og:url\" content=\"https:\/\/www.almetalbahn-online.de\/?page_id=904\" \/>\n<meta property=\"og:site_name\" content=\"Arbeitsgemeinschaft Historische Eisenbahn e.V.\" \/>\n<meta property=\"article:publisher\" content=\"https:\/\/www.facebook.com\/Almetalbahn\/\" \/>\n<meta property=\"article:modified_time\" content=\"2023-09-01T18:19:27+00:00\" \/>\n<meta property=\"og:image\" content=\"https:\/\/www.almetalbahn-online.de\/wp-content\/uploads\/2019\/11\/20170426_165001-1024x576.jpg\" \/>\n<meta name=\"twitter:card\" content=\"summary_large_image\" \/>\n<meta name=\"twitter:label1\" content=\"Gesch\u00e4tzte Lesezeit\" \/>\n\t<meta name=\"twitter:data1\" content=\"3\u00a0Minuten\" \/>\n<script type=\"application\/ld+json\" class=\"yoast-schema-graph\">{\"@context\":\"https:\/\/schema.org\",\"@graph\":[{\"@type\":\"WebPage\",\"@id\":\"https:\/\/www.almetalbahn-online.de\/?page_id=904\",\"url\":\"https:\/\/www.almetalbahn-online.de\/?page_id=904\",\"name\":\"Rangierlokomotive \\\"Wirus\\\" - Arbeitsgemeinschaft Historische Eisenbahn e.V.\",\"isPartOf\":{\"@id\":\"https:\/\/www.almetalbahn-online.de\/#website\"},\"datePublished\":\"2019-11-22T21:45:58+00:00\",\"dateModified\":\"2023-09-01T18:19:27+00:00\",\"breadcrumb\":{\"@id\":\"https:\/\/www.almetalbahn-online.de\/?page_id=904#breadcrumb\"},\"inLanguage\":\"de\",\"potentialAction\":[{\"@type\":\"ReadAction\",\"target\":[\"https:\/\/www.almetalbahn-online.de\/?page_id=904\"]}]},{\"@type\":\"BreadcrumbList\",\"@id\":\"https:\/\/www.almetalbahn-online.de\/?page_id=904#breadcrumb\",\"itemListElement\":[{\"@type\":\"ListItem\",\"position\":1,\"name\":\"Startseite\",\"item\":\"https:\/\/www.almetalbahn-online.de\/\"},{\"@type\":\"ListItem\",\"position\":2,\"name\":\"Fahrzeugsammlung\",\"item\":\"https:\/\/www.almetalbahn-online.de\/?page_id=206\"},{\"@type\":\"ListItem\",\"position\":3,\"name\":\"Dieselloks\",\"item\":\"https:\/\/www.almetalbahn-online.de\/?page_id=554\"},{\"@type\":\"ListItem\",\"position\":4,\"name\":\"Rangierlokomotive &#8222;Wirus&#8220;\"}]},{\"@type\":\"WebSite\",\"@id\":\"https:\/\/www.almetalbahn-online.de\/#website\",\"url\":\"https:\/\/www.almetalbahn-online.de\/\",\"name\":\"Arbeitsgemeinschaft Historische Eisenbahn e.V.\",\"description\":\"Almetalbahn\",\"publisher\":{\"@id\":\"https:\/\/www.almetalbahn-online.de\/#organization\"},\"potentialAction\":[{\"@type\":\"SearchAction\",\"target\":{\"@type\":\"EntryPoint\",\"urlTemplate\":\"https:\/\/www.almetalbahn-online.de\/?s={search_term_string}\"},\"query-input\":\"required name=search_term_string\"}],\"inLanguage\":\"de\"},{\"@type\":\"Organization\",\"@id\":\"https:\/\/www.almetalbahn-online.de\/#organization\",\"name\":\"Arbeitsgemeinschaft Historische Eisenbahn e.V.\",\"url\":\"https:\/\/www.almetalbahn-online.de\/\",\"logo\":{\"@type\":\"ImageObject\",\"inLanguage\":\"de\",\"@id\":\"https:\/\/www.almetalbahn-online.de\/#\/schema\/logo\/image\/\",\"url\":\"https:\/\/www.almetalbahn-online.de\/wp-content\/uploads\/2019\/12\/T3_Zeichnung-e1573062427353.png\",\"contentUrl\":\"https:\/\/www.almetalbahn-online.de\/wp-content\/uploads\/2019\/12\/T3_Zeichnung-e1573062427353.png\",\"width\":200,\"height\":97,\"caption\":\"Arbeitsgemeinschaft Historische Eisenbahn e.V.\"},\"image\":{\"@id\":\"https:\/\/www.almetalbahn-online.de\/#\/schema\/logo\/image\/\"},\"sameAs\":[\"https:\/\/www.facebook.com\/Almetalbahn\/\",\"https:\/\/www.instagram.com\/almetalbahn\/\"]}]}<\/script>\n<!-- \/ Yoast SEO plugin. -->","yoast_head_json":{"title":"Rangierlokomotive \"Wirus\" - Arbeitsgemeinschaft Historische Eisenbahn e.V.","robots":{"index":"index","follow":"follow","max-snippet":"max-snippet:-1","max-image-preview":"max-image-preview:large","max-video-preview":"max-video-preview:-1"},"canonical":"https:\/\/www.almetalbahn-online.de\/?page_id=904","og_locale":"de_DE","og_type":"article","og_title":"Rangierlokomotive \"Wirus\" - Arbeitsgemeinschaft Historische Eisenbahn e.V.","og_description":"[vc_row][vc_column][vc_column_text css=&#8220;.vc_custom_1575206934194{margin: 10px !important;}&#8220;] Technische Daten Typ: 2 DHersteller: MBA, DortmundBaujahr: 1943Fabrik-Nr.: 21394Motor: MBA 2DMotor &#8211; Nr.:&nbsp; 10?274Dienstgewicht: 14,5 tH\u00f6chstgeschw.: 18 km\/hL\u00e4nge \u00fc. Puffer: 5210 mmBremse: Wurfhebelbr.Getriebe: mechan. SchaltgetriebeRaddurchm.: ?Antriebsart: [&hellip;]","og_url":"https:\/\/www.almetalbahn-online.de\/?page_id=904","og_site_name":"Arbeitsgemeinschaft Historische Eisenbahn e.V.","article_publisher":"https:\/\/www.facebook.com\/Almetalbahn\/","article_modified_time":"2023-09-01T18:19:27+00:00","og_image":[{"url":"https:\/\/www.almetalbahn-online.de\/wp-content\/uploads\/2019\/11\/20170426_165001-1024x576.jpg"}],"twitter_card":"summary_large_image","twitter_misc":{"Gesch\u00e4tzte Lesezeit":"3\u00a0Minuten"},"schema":{"@context":"https:\/\/schema.org","@graph":[{"@type":"WebPage","@id":"https:\/\/www.almetalbahn-online.de\/?page_id=904","url":"https:\/\/www.almetalbahn-online.de\/?page_id=904","name":"Rangierlokomotive \"Wirus\" - Arbeitsgemeinschaft Historische Eisenbahn e.V.","isPartOf":{"@id":"https:\/\/www.almetalbahn-online.de\/#website"},"datePublished":"2019-11-22T21:45:58+00:00","dateModified":"2023-09-01T18:19:27+00:00","breadcrumb":{"@id":"https:\/\/www.almetalbahn-online.de\/?page_id=904#breadcrumb"},"inLanguage":"de","potentialAction":[{"@type":"ReadAction","target":["https:\/\/www.almetalbahn-online.de\/?page_id=904"]}]},{"@type":"BreadcrumbList","@id":"https:\/\/www.almetalbahn-online.de\/?page_id=904#breadcrumb","itemListElement":[{"@type":"ListItem","position":1,"name":"Startseite","item":"https:\/\/www.almetalbahn-online.de\/"},{"@type":"ListItem","position":2,"name":"Fahrzeugsammlung","item":"https:\/\/www.almetalbahn-online.de\/?page_id=206"},{"@type":"ListItem","position":3,"name":"Dieselloks","item":"https:\/\/www.almetalbahn-online.de\/?page_id=554"},{"@type":"ListItem","position":4,"name":"Rangierlokomotive &#8222;Wirus&#8220;"}]},{"@type":"WebSite","@id":"https:\/\/www.almetalbahn-online.de\/#website","url":"https:\/\/www.almetalbahn-online.de\/","name":"Arbeitsgemeinschaft Historische Eisenbahn e.V.","description":"Almetalbahn","publisher":{"@id":"https:\/\/www.almetalbahn-online.de\/#organization"},"potentialAction":[{"@type":"SearchAction","target":{"@type":"EntryPoint","urlTemplate":"https:\/\/www.almetalbahn-online.de\/?s={search_term_string}"},"query-input":"required name=search_term_string"}],"inLanguage":"de"},{"@type":"Organization","@id":"https:\/\/www.almetalbahn-online.de\/#organization","name":"Arbeitsgemeinschaft Historische Eisenbahn e.V.","url":"https:\/\/www.almetalbahn-online.de\/","logo":{"@type":"ImageObject","inLanguage":"de","@id":"https:\/\/www.almetalbahn-online.de\/#\/schema\/logo\/image\/","url":"https:\/\/www.almetalbahn-online.de\/wp-content\/uploads\/2019\/12\/T3_Zeichnung-e1573062427353.png","contentUrl":"https:\/\/www.almetalbahn-online.de\/wp-content\/uploads\/2019\/12\/T3_Zeichnung-e1573062427353.png","width":200,"height":97,"caption":"Arbeitsgemeinschaft Historische Eisenbahn e.V."},"image":{"@id":"https:\/\/www.almetalbahn-online.de\/#\/schema\/logo\/image\/"},"sameAs":["https:\/\/www.facebook.com\/Almetalbahn\/","https:\/\/www.instagram.com\/almetalbahn\/"]}]}},"_links":{"self":[{"href":"https:\/\/www.almetalbahn-online.de\/index.php?rest_route=\/wp\/v2\/pages\/904"}],"collection":[{"href":"https:\/\/www.almetalbahn-online.de\/index.php?rest_route=\/wp\/v2\/pages"}],"about":[{"href":"https:\/\/www.almetalbahn-online.de\/index.php?rest_route=\/wp\/v2\/types\/page"}],"author":[{"embeddable":true,"href":"https:\/\/www.almetalbahn-online.de\/index.php?rest_route=\/wp\/v2\/users\/3"}],"replies":[{"embeddable":true,"href":"https:\/\/www.almetalbahn-online.de\/index.php?rest_route=%2Fwp%2Fv2%2Fcomments&post=904"}],"version-history":[{"count":5,"href":"https:\/\/www.almetalbahn-online.de\/index.php?rest_route=\/wp\/v2\/pages\/904\/revisions"}],"predecessor-version":[{"id":4732,"href":"https:\/\/www.almetalbahn-online.de\/index.php?rest_route=\/wp\/v2\/pages\/904\/revisions\/4732"}],"up":[{"embeddable":true,"href":"https:\/\/www.almetalbahn-online.de\/index.php?rest_route=\/wp\/v2\/pages\/554"}],"wp:attachment":[{"href":"https:\/\/www.almetalbahn-online.de\/index.php?rest_route=%2Fwp%2Fv2%2Fmedia&parent=904"}],"curies":[{"name":"wp","href":"https:\/\/api.w.org\/{rel}","templated":true}]}}