{"id":931,"date":"2019-11-22T23:13:18","date_gmt":"2019-11-22T22:13:18","guid":{"rendered":"https:\/\/www.almetalbahn-online.de\/?page_id=931"},"modified":"2021-03-01T15:01:31","modified_gmt":"2021-03-01T14:01:31","slug":"t3-schunter-dl16-2-25","status":"publish","type":"page","link":"https:\/\/www.almetalbahn-online.de\/?page_id=931","title":{"rendered":"MaK 450 C &#8211; der Endpunkt der Stangendiesellokomotiven"},"content":{"rendered":"\n<p>[vc_row][vc_column][vc_column_text  css=&#8220;.vc_custom_1575206934194{margin: 10px !important;}&#8220; ]<\/p>\n\n\n\n<div class=\"is-layout-flex wp-container-3 wp-block-columns\">\n<div class=\"is-layout-flow wp-block-column\" style=\"flex-basis:66.66%\">\n<figure class=\"wp-block-image size-large\"><img decoding=\"async\" loading=\"lazy\" width=\"496\" height=\"326\" src=\"https:\/\/www.almetalbahn-online.de\/wp-content\/uploads\/2019\/11\/esalzi.jpg\" alt=\"\" class=\"wp-image-936\" srcset=\"https:\/\/www.almetalbahn-online.de\/wp-content\/uploads\/2019\/11\/esalzi.jpg 496w, https:\/\/www.almetalbahn-online.de\/wp-content\/uploads\/2019\/11\/esalzi-300x197.jpg 300w\" sizes=\"(max-width: 496px) 100vw, 496px\" \/><figcaption>Unsere MaK 450C im Museumsbahnhof, C. Dieckow<\/figcaption><\/figure>\n<\/div>\n\n\n\n<div class=\"is-layout-flow wp-block-column\" style=\"flex-basis:33.33%\">\n<p><strong>Technische Daten<\/strong><br><!--StartFragment--><\/p>\n<p>Typ: 450C<br>Hersteller: MaK<br>Baujahr: 1964<br>Fabrik-Nr.: 400054<br>Motor: MS 301F<br>Leistung: 450 PS<br>Dienstgewicht: 43 t (urspr. 48t)<br>H\u00f6chstgeschw.: 60 km\/h<br>L\u00e4nge \u00fc. Puffer: 9100 mm<br>Bremse: Druckluftbremse Knorr<br>Getriebe: Voith-Turbogetriebe<br>Antriebsart: Kuppelst. \u00fc. Blindwelle<\/p>\n\n\n\n<p><!--EndFragment--><\/p>\n<\/div>\n<\/div>\n\n\n<p><strong>Lebenslauf unserer &#8222;Salzi&#8220; <\/strong><\/p>\n<p>Neben VL 9 existiert in der Sammlung der AHE noch eine zweite Maschine, die in direktem Bezug zu der Vereinsstrecke steht.<br \/>\nZwar war der MaK-Diesel als Nummer 3 fabrikneu an die Vereinigten Kaliwerke Bad Salzdetfurth geliefert worden und dort gemeinsam mit zwei anderen Maschinen und sp\u00e4ter einem Windhoff-Rangierrobot im Rangierdienst t\u00e4tig.<br \/>\nDie Salzdetfurther Maschinen waren jedoch zur Bedienung der Anschlu\u00dfgleise auch auf DB zugelassen. Um die einseitige Abnutzung der Radreifen durch die engen Kurvenradien zu verhindern, fuhren die Loks ab und an in den benachbarten Bf Bodenburg, um auf der dortigen Drehscheibe gedreht zu werden. Lok 3 war sogar mit einer Funkfernsteuerung ausger\u00fcstet, die es einem Lokf\u00fchrer erm\u00f6glichte, ohne Rangierer zu verschieben. Im Laufe des aufreibenden Verschubverkehrs trug die Lok mehrere schwere Blessuren davon. So liest man im Betriebsbuch mehrfach von Aufenthalten der Lokomotive in der Westf\u00e4lischen Lokomotivfabrik, Grund: &#8222;schwere Gewalteinwirkung&#8220;. Einmal wurde die Maschine sogar von einem beladenen Kalizug \u00fcber den Prellbock hinaus in einen dahinterliegenden Berg geschoben. Jedoch sind die Reparaturen derart fachm\u00e4nnisch ausgef\u00fchrt worden, dass man heute fast kaum mehr Sch\u00e4den erkennen kann.<br \/>\nAls Anfang der 90er Jahre die Werksanlagen stillgelegt wurden, gab es f\u00fcr die Lokomotiven keine Verwendung mehr, sie wurden abgestellt. Einzig der Rangierroboter erledigte weiterhin den Rangierverkehr eines nun auf dem Werksgel\u00e4nde ans\u00e4ssigen Katzenstreuherstellers.<br \/>\n1997 wurden der AHE die Lok 3 (die sp\u00e4tere VL 11) und eine Deutz-Stangenlok durch die Kali + Salz A.G. angeboten. Da von Vereinsseite zun\u00e4chst kein Interesse bestand, \u00fcbernahm der damalige erste Vorsitzende die Lokomotive. Sie wurde im Sommer 1997 mit eigener Kraft nach Almstedt \u00fcberf\u00fchrt. Dabei konnte sie auf der Strecke Bad Salzdetfurth &#8211; Bodenburg noch einmal zeigen, was an Geschwindigkeit in ihr steckt!<\/p>\n<p>Im Herbst 1997 wurden die zus\u00e4tzlichen Gewichte ausgebaut, um mit der Lok auch die vereinseigene Strecke (zumindest im Abschnitt Bodenburg &#8211; Almstedt &#8211; Segeste noch in der pr. Form 6 ausgef\u00fchrt) sicher befahren zu k\u00f6nnen. Das Gesamtgewicht verringerte sich durch diese Ma\u00dfnahme um etwa 5 t, so dass der zul\u00e4ssige H\u00f6chstachsdruck nun deutlich unterschritten wird.Die Lok ist nicht nur die kr\u00e4ftigste Maschine auf dem Museumsbahnhof, sie bietet auch den besten Ausblick aus dem F\u00fchrerhaus, sodass sie von Sommer 2002 bis zum Fristablauf im Sommer 2018 auf den Bahnhofsfesten f\u00fcr F\u00fchrerstandsmitfahrten genutzt wurde.<\/p>\n<p>VL 11 macht im Gesamtzusammenhang f\u00fcr die AHE durchaus Sinn, da sie als relativ junger (jedoch auch schon \u00fcber 50 Jahre alter) und starker Vertreter die Dieselloksammlung abrundet. Somit kann bei der AHE die Entwicklung von den Anf\u00e4ngen des (Diesel)Motorlokomotivbaus bis zu den letzten Stangendieselentwicklungen nachvollzogen werden.<\/p>\n<p>Eine Hauptuntersuchung ist derzeit nicht geplant. <\/p>\n<p>Das Seitenvorschaubild zeigt den Blick aus dem F\u00fchrerstand auf unseren Museumsbahnhof an ihrem vorerst letzten Einsatztag im Fahrdienst im Juli 2017.<\/p>\n\n\n\n<p>[\/vc_column_text][\/vc_column][\/vc_row]<\/p>\n","protected":false},"excerpt":{"rendered":"<p>[vc_row][vc_column][vc_column_text css=&#8220;.vc_custom_1575206934194{margin: 10px !important;}&#8220; ] Technische Daten Typ: 450CHersteller: MaKBaujahr: 1964Fabrik-Nr.: 400054Motor: MS 301FLeistung: 450 PSDienstgewicht: 43 t (urspr. 48t)H\u00f6chstgeschw.: 60 km\/hL\u00e4nge \u00fc. Puffer: 9100 mmBremse: Druckluftbremse KnorrGetriebe: Voith-TurbogetriebeAntriebsart: Kuppelst. [&hellip;]<\/p>\n","protected":false},"author":3,"featured_media":0,"parent":554,"menu_order":0,"comment_status":"closed","ping_status":"closed","template":"","meta":{"_links_to":"","_links_to_target":""},"yoast_head":"<!-- This site is optimized with the Yoast SEO plugin v21.0 - https:\/\/yoast.com\/wordpress\/plugins\/seo\/ -->\n<title>MaK 450 C - der Endpunkt der Stangendiesellokomotiven - Arbeitsgemeinschaft Historische Eisenbahn e.V.<\/title>\n<meta name=\"robots\" content=\"index, follow, max-snippet:-1, max-image-preview:large, max-video-preview:-1\" \/>\n<link rel=\"canonical\" href=\"https:\/\/www.almetalbahn-online.de\/?page_id=931\" \/>\n<meta property=\"og:locale\" content=\"de_DE\" \/>\n<meta property=\"og:type\" content=\"article\" \/>\n<meta property=\"og:title\" content=\"MaK 450 C - der Endpunkt der Stangendiesellokomotiven - Arbeitsgemeinschaft Historische Eisenbahn e.V.\" \/>\n<meta property=\"og:description\" content=\"[vc_row][vc_column][vc_column_text css=&#8220;.vc_custom_1575206934194{margin: 10px !important;}&#8220; ] Technische Daten Typ: 450CHersteller: MaKBaujahr: 1964Fabrik-Nr.: 400054Motor: MS 301FLeistung: 450 PSDienstgewicht: 43 t (urspr. 48t)H\u00f6chstgeschw.: 60 km\/hL\u00e4nge \u00fc. Puffer: 9100 mmBremse: Druckluftbremse KnorrGetriebe: Voith-TurbogetriebeAntriebsart: Kuppelst. [&hellip;]\" \/>\n<meta property=\"og:url\" content=\"https:\/\/www.almetalbahn-online.de\/?page_id=931\" \/>\n<meta property=\"og:site_name\" content=\"Arbeitsgemeinschaft Historische Eisenbahn e.V.\" \/>\n<meta property=\"article:publisher\" content=\"https:\/\/www.facebook.com\/Almetalbahn\/\" \/>\n<meta property=\"article:modified_time\" content=\"2021-03-01T14:01:31+00:00\" \/>\n<meta property=\"og:image\" content=\"https:\/\/www.almetalbahn-online.de\/wp-content\/uploads\/2019\/11\/esalzi.jpg\" \/>\n<meta name=\"twitter:card\" content=\"summary_large_image\" \/>\n<meta name=\"twitter:label1\" content=\"Gesch\u00e4tzte Lesezeit\" \/>\n\t<meta name=\"twitter:data1\" content=\"3\u00a0Minuten\" \/>\n<script type=\"application\/ld+json\" class=\"yoast-schema-graph\">{\"@context\":\"https:\/\/schema.org\",\"@graph\":[{\"@type\":\"WebPage\",\"@id\":\"https:\/\/www.almetalbahn-online.de\/?page_id=931\",\"url\":\"https:\/\/www.almetalbahn-online.de\/?page_id=931\",\"name\":\"MaK 450 C - der Endpunkt der Stangendiesellokomotiven - Arbeitsgemeinschaft Historische Eisenbahn e.V.\",\"isPartOf\":{\"@id\":\"https:\/\/www.almetalbahn-online.de\/#website\"},\"datePublished\":\"2019-11-22T22:13:18+00:00\",\"dateModified\":\"2021-03-01T14:01:31+00:00\",\"breadcrumb\":{\"@id\":\"https:\/\/www.almetalbahn-online.de\/?page_id=931#breadcrumb\"},\"inLanguage\":\"de\",\"potentialAction\":[{\"@type\":\"ReadAction\",\"target\":[\"https:\/\/www.almetalbahn-online.de\/?page_id=931\"]}]},{\"@type\":\"BreadcrumbList\",\"@id\":\"https:\/\/www.almetalbahn-online.de\/?page_id=931#breadcrumb\",\"itemListElement\":[{\"@type\":\"ListItem\",\"position\":1,\"name\":\"Startseite\",\"item\":\"https:\/\/www.almetalbahn-online.de\/\"},{\"@type\":\"ListItem\",\"position\":2,\"name\":\"Fahrzeugsammlung\",\"item\":\"https:\/\/www.almetalbahn-online.de\/?page_id=206\"},{\"@type\":\"ListItem\",\"position\":3,\"name\":\"Dieselloks\",\"item\":\"https:\/\/www.almetalbahn-online.de\/?page_id=554\"},{\"@type\":\"ListItem\",\"position\":4,\"name\":\"MaK 450 C &#8211; der Endpunkt der Stangendiesellokomotiven\"}]},{\"@type\":\"WebSite\",\"@id\":\"https:\/\/www.almetalbahn-online.de\/#website\",\"url\":\"https:\/\/www.almetalbahn-online.de\/\",\"name\":\"Arbeitsgemeinschaft Historische Eisenbahn e.V.\",\"description\":\"Almetalbahn\",\"publisher\":{\"@id\":\"https:\/\/www.almetalbahn-online.de\/#organization\"},\"potentialAction\":[{\"@type\":\"SearchAction\",\"target\":{\"@type\":\"EntryPoint\",\"urlTemplate\":\"https:\/\/www.almetalbahn-online.de\/?s={search_term_string}\"},\"query-input\":\"required name=search_term_string\"}],\"inLanguage\":\"de\"},{\"@type\":\"Organization\",\"@id\":\"https:\/\/www.almetalbahn-online.de\/#organization\",\"name\":\"Arbeitsgemeinschaft Historische Eisenbahn e.V.\",\"url\":\"https:\/\/www.almetalbahn-online.de\/\",\"logo\":{\"@type\":\"ImageObject\",\"inLanguage\":\"de\",\"@id\":\"https:\/\/www.almetalbahn-online.de\/#\/schema\/logo\/image\/\",\"url\":\"https:\/\/www.almetalbahn-online.de\/wp-content\/uploads\/2019\/12\/T3_Zeichnung-e1573062427353.png\",\"contentUrl\":\"https:\/\/www.almetalbahn-online.de\/wp-content\/uploads\/2019\/12\/T3_Zeichnung-e1573062427353.png\",\"width\":200,\"height\":97,\"caption\":\"Arbeitsgemeinschaft Historische Eisenbahn e.V.\"},\"image\":{\"@id\":\"https:\/\/www.almetalbahn-online.de\/#\/schema\/logo\/image\/\"},\"sameAs\":[\"https:\/\/www.facebook.com\/Almetalbahn\/\",\"https:\/\/www.instagram.com\/almetalbahn\/\"]}]}<\/script>\n<!-- \/ Yoast SEO plugin. -->","yoast_head_json":{"title":"MaK 450 C - der Endpunkt der Stangendiesellokomotiven - Arbeitsgemeinschaft Historische Eisenbahn e.V.","robots":{"index":"index","follow":"follow","max-snippet":"max-snippet:-1","max-image-preview":"max-image-preview:large","max-video-preview":"max-video-preview:-1"},"canonical":"https:\/\/www.almetalbahn-online.de\/?page_id=931","og_locale":"de_DE","og_type":"article","og_title":"MaK 450 C - der Endpunkt der Stangendiesellokomotiven - Arbeitsgemeinschaft Historische Eisenbahn e.V.","og_description":"[vc_row][vc_column][vc_column_text css=&#8220;.vc_custom_1575206934194{margin: 10px !important;}&#8220; ] Technische Daten Typ: 450CHersteller: MaKBaujahr: 1964Fabrik-Nr.: 400054Motor: MS 301FLeistung: 450 PSDienstgewicht: 43 t (urspr. 48t)H\u00f6chstgeschw.: 60 km\/hL\u00e4nge \u00fc. Puffer: 9100 mmBremse: Druckluftbremse KnorrGetriebe: Voith-TurbogetriebeAntriebsart: Kuppelst. [&hellip;]","og_url":"https:\/\/www.almetalbahn-online.de\/?page_id=931","og_site_name":"Arbeitsgemeinschaft Historische Eisenbahn e.V.","article_publisher":"https:\/\/www.facebook.com\/Almetalbahn\/","article_modified_time":"2021-03-01T14:01:31+00:00","og_image":[{"url":"https:\/\/www.almetalbahn-online.de\/wp-content\/uploads\/2019\/11\/esalzi.jpg"}],"twitter_card":"summary_large_image","twitter_misc":{"Gesch\u00e4tzte Lesezeit":"3\u00a0Minuten"},"schema":{"@context":"https:\/\/schema.org","@graph":[{"@type":"WebPage","@id":"https:\/\/www.almetalbahn-online.de\/?page_id=931","url":"https:\/\/www.almetalbahn-online.de\/?page_id=931","name":"MaK 450 C - der Endpunkt der Stangendiesellokomotiven - Arbeitsgemeinschaft Historische Eisenbahn e.V.","isPartOf":{"@id":"https:\/\/www.almetalbahn-online.de\/#website"},"datePublished":"2019-11-22T22:13:18+00:00","dateModified":"2021-03-01T14:01:31+00:00","breadcrumb":{"@id":"https:\/\/www.almetalbahn-online.de\/?page_id=931#breadcrumb"},"inLanguage":"de","potentialAction":[{"@type":"ReadAction","target":["https:\/\/www.almetalbahn-online.de\/?page_id=931"]}]},{"@type":"BreadcrumbList","@id":"https:\/\/www.almetalbahn-online.de\/?page_id=931#breadcrumb","itemListElement":[{"@type":"ListItem","position":1,"name":"Startseite","item":"https:\/\/www.almetalbahn-online.de\/"},{"@type":"ListItem","position":2,"name":"Fahrzeugsammlung","item":"https:\/\/www.almetalbahn-online.de\/?page_id=206"},{"@type":"ListItem","position":3,"name":"Dieselloks","item":"https:\/\/www.almetalbahn-online.de\/?page_id=554"},{"@type":"ListItem","position":4,"name":"MaK 450 C &#8211; der Endpunkt der Stangendiesellokomotiven"}]},{"@type":"WebSite","@id":"https:\/\/www.almetalbahn-online.de\/#website","url":"https:\/\/www.almetalbahn-online.de\/","name":"Arbeitsgemeinschaft Historische Eisenbahn e.V.","description":"Almetalbahn","publisher":{"@id":"https:\/\/www.almetalbahn-online.de\/#organization"},"potentialAction":[{"@type":"SearchAction","target":{"@type":"EntryPoint","urlTemplate":"https:\/\/www.almetalbahn-online.de\/?s={search_term_string}"},"query-input":"required name=search_term_string"}],"inLanguage":"de"},{"@type":"Organization","@id":"https:\/\/www.almetalbahn-online.de\/#organization","name":"Arbeitsgemeinschaft Historische Eisenbahn e.V.","url":"https:\/\/www.almetalbahn-online.de\/","logo":{"@type":"ImageObject","inLanguage":"de","@id":"https:\/\/www.almetalbahn-online.de\/#\/schema\/logo\/image\/","url":"https:\/\/www.almetalbahn-online.de\/wp-content\/uploads\/2019\/12\/T3_Zeichnung-e1573062427353.png","contentUrl":"https:\/\/www.almetalbahn-online.de\/wp-content\/uploads\/2019\/12\/T3_Zeichnung-e1573062427353.png","width":200,"height":97,"caption":"Arbeitsgemeinschaft Historische Eisenbahn e.V."},"image":{"@id":"https:\/\/www.almetalbahn-online.de\/#\/schema\/logo\/image\/"},"sameAs":["https:\/\/www.facebook.com\/Almetalbahn\/","https:\/\/www.instagram.com\/almetalbahn\/"]}]}},"_links":{"self":[{"href":"https:\/\/www.almetalbahn-online.de\/index.php?rest_route=\/wp\/v2\/pages\/931"}],"collection":[{"href":"https:\/\/www.almetalbahn-online.de\/index.php?rest_route=\/wp\/v2\/pages"}],"about":[{"href":"https:\/\/www.almetalbahn-online.de\/index.php?rest_route=\/wp\/v2\/types\/page"}],"author":[{"embeddable":true,"href":"https:\/\/www.almetalbahn-online.de\/index.php?rest_route=\/wp\/v2\/users\/3"}],"replies":[{"embeddable":true,"href":"https:\/\/www.almetalbahn-online.de\/index.php?rest_route=%2Fwp%2Fv2%2Fcomments&post=931"}],"version-history":[{"count":5,"href":"https:\/\/www.almetalbahn-online.de\/index.php?rest_route=\/wp\/v2\/pages\/931\/revisions"}],"predecessor-version":[{"id":3380,"href":"https:\/\/www.almetalbahn-online.de\/index.php?rest_route=\/wp\/v2\/pages\/931\/revisions\/3380"}],"up":[{"embeddable":true,"href":"https:\/\/www.almetalbahn-online.de\/index.php?rest_route=\/wp\/v2\/pages\/554"}],"wp:attachment":[{"href":"https:\/\/www.almetalbahn-online.de\/index.php?rest_route=%2Fwp%2Fv2%2Fmedia&parent=931"}],"curies":[{"name":"wp","href":"https:\/\/api.w.org\/{rel}","templated":true}]}}